{"id":8372,"date":"2025-02-19T12:57:01","date_gmt":"2025-02-19T09:57:01","guid":{"rendered":"https:\/\/birimler.atauni.edu.tr\/web-kilavuzu\/?page_id=8372"},"modified":"2025-03-12T11:45:42","modified_gmt":"2025-03-12T08:45:42","slug":"akordiyon-ekleme","status":"publish","type":"page","link":"https:\/\/atauni.edu.tr\/web-kilavuzu\/akordiyon-ekleme\/","title":{"rendered":"Akordiyon Ekleme"},"content":{"rendered":"\t\t<div data-elementor-type=\"wp-page\" data-elementor-id=\"8372\" class=\"elementor elementor-8372\" data-elementor-post-type=\"page\">\n\t\t\t\t\t\t<section class=\"elementor-section elementor-top-section elementor-element elementor-element-f3de08f elementor-section-boxed elementor-section-height-default elementor-section-height-default\" data-id=\"f3de08f\" data-element_type=\"section\">\n\t\t\t\t\t\t<div class=\"elementor-container elementor-column-gap-default\">\n\t\t\t\t\t<div class=\"elementor-column elementor-col-100 elementor-top-column elementor-element elementor-element-4b40160\" data-id=\"4b40160\" data-element_type=\"column\">\n\t\t\t<div class=\"elementor-widget-wrap elementor-element-populated\">\n\t\t\t\t\t\t<div class=\"elementor-element elementor-element-3196281 elementor-widget elementor-widget-spacer\" data-id=\"3196281\" data-element_type=\"widget\" data-widget_type=\"spacer.default\">\n\t\t\t\t<div class=\"elementor-widget-container\">\n\t\t\t\t\t\t\t<div class=\"elementor-spacer\">\n\t\t\t<div class=\"elementor-spacer-inner\"><\/div>\n\t\t<\/div>\n\t\t\t\t\t\t<\/div>\n\t\t\t\t<\/div>\n\t\t\t\t\t<\/div>\n\t\t<\/div>\n\t\t\t\t\t<\/div>\n\t\t<\/section>\n\t\t\t\t<section class=\"elementor-section elementor-top-section elementor-element elementor-element-a18945f elementor-section-boxed elementor-section-height-default elementor-section-height-default\" data-id=\"a18945f\" data-element_type=\"section\">\n\t\t\t\t\t\t<div class=\"elementor-container elementor-column-gap-default\">\n\t\t\t\t\t<div class=\"elementor-column elementor-col-100 elementor-top-column elementor-element elementor-element-cb6bba6\" data-id=\"cb6bba6\" data-element_type=\"column\">\n\t\t\t<div class=\"elementor-widget-wrap elementor-element-populated\">\n\t\t\t\t\t\t<div class=\"elementor-element elementor-element-f1ef833 elementor-widget elementor-widget-heading\" data-id=\"f1ef833\" data-element_type=\"widget\" data-widget_type=\"heading.default\">\n\t\t\t\t<div class=\"elementor-widget-container\">\n\t\t\t\t\t<h2 class=\"elementor-heading-title elementor-size-default\">Akordiyon Ekleme<\/h2>\t\t\t\t<\/div>\n\t\t\t\t<\/div>\n\t\t\t\t<div class=\"elementor-element elementor-element-855e917 elementor-widget-divider--view-line elementor-widget elementor-widget-divider\" data-id=\"855e917\" data-element_type=\"widget\" data-widget_type=\"divider.default\">\n\t\t\t\t<div class=\"elementor-widget-container\">\n\t\t\t\t\t\t\t<div class=\"elementor-divider\">\n\t\t\t<span class=\"elementor-divider-separator\">\n\t\t\t\t\t\t<\/span>\n\t\t<\/div>\n\t\t\t\t\t\t<\/div>\n\t\t\t\t<\/div>\n\t\t\t\t\t<\/div>\n\t\t<\/div>\n\t\t\t\t\t<\/div>\n\t\t<\/section>\n\t\t\t\t<section class=\"elementor-section elementor-top-section elementor-element elementor-element-98f4633 elementor-section-boxed elementor-section-height-default elementor-section-height-default\" data-id=\"98f4633\" data-element_type=\"section\">\n\t\t\t\t\t\t<div class=\"elementor-container elementor-column-gap-default\">\n\t\t\t\t\t<div class=\"elementor-column elementor-col-100 elementor-top-column elementor-element elementor-element-b763059\" data-id=\"b763059\" data-element_type=\"column\">\n\t\t\t<div class=\"elementor-widget-wrap elementor-element-populated\">\n\t\t\t\t\t\t<div class=\"elementor-element elementor-element-450adcd elementor-widget elementor-widget-accordion\" data-id=\"450adcd\" data-element_type=\"widget\" data-widget_type=\"accordion.default\">\n\t\t\t\t<div class=\"elementor-widget-container\">\n\t\t\t\t\t\t\t<div class=\"elementor-accordion\">\n\t\t\t\t\t\t\t<div class=\"elementor-accordion-item\">\n\t\t\t\t\t<div id=\"elementor-tab-title-7231\" class=\"elementor-tab-title\" data-tab=\"1\" role=\"button\" aria-controls=\"elementor-tab-content-7231\" aria-expanded=\"false\">\n\t\t\t\t\t\t\t\t\t\t\t\t\t<span class=\"elementor-accordion-icon elementor-accordion-icon-left\" aria-hidden=\"true\">\n\t\t\t\t\t\t\t\t\t\t\t\t\t\t\t<span class=\"elementor-accordion-icon-closed\"><i class=\"fas fa-plus\"><\/i><\/span>\n\t\t\t\t\t\t\t\t<span class=\"elementor-accordion-icon-opened\"><i class=\"fas fa-minus\"><\/i><\/span>\n\t\t\t\t\t\t\t\t\t\t\t\t\t\t<\/span>\n\t\t\t\t\t\t\t\t\t\t\t\t<a class=\"elementor-accordion-title\" tabindex=\"0\">Akordiyon ba\u015fl\u0131k 1<\/a>\n\t\t\t\t\t<\/div>\n\t\t\t\t\t<div id=\"elementor-tab-content-7231\" class=\"elementor-tab-content elementor-clearfix\" data-tab=\"1\" role=\"region\" aria-labelledby=\"elementor-tab-title-7231\"><p>Akordiyon i\u00e7eri\u011finizi bu k\u0131sma yaz\u0131n\u0131z.<\/p><\/div>\n\t\t\t\t<\/div>\n\t\t\t\t\t\t\t<div class=\"elementor-accordion-item\">\n\t\t\t\t\t<div id=\"elementor-tab-title-7232\" class=\"elementor-tab-title\" data-tab=\"2\" role=\"button\" aria-controls=\"elementor-tab-content-7232\" aria-expanded=\"false\">\n\t\t\t\t\t\t\t\t\t\t\t\t\t<span class=\"elementor-accordion-icon elementor-accordion-icon-left\" aria-hidden=\"true\">\n\t\t\t\t\t\t\t\t\t\t\t\t\t\t\t<span class=\"elementor-accordion-icon-closed\"><i class=\"fas fa-plus\"><\/i><\/span>\n\t\t\t\t\t\t\t\t<span class=\"elementor-accordion-icon-opened\"><i class=\"fas fa-minus\"><\/i><\/span>\n\t\t\t\t\t\t\t\t\t\t\t\t\t\t<\/span>\n\t\t\t\t\t\t\t\t\t\t\t\t<a class=\"elementor-accordion-title\" tabindex=\"0\">Akordiyon ba\u015fl\u0131k 1<\/a>\n\t\t\t\t\t<\/div>\n\t\t\t\t\t<div id=\"elementor-tab-content-7232\" class=\"elementor-tab-content elementor-clearfix\" data-tab=\"2\" role=\"region\" aria-labelledby=\"elementor-tab-title-7232\"><p>Akordiyon i\u00e7eri\u011finizi bu k\u0131sma yaz\u0131n\u0131z.<\/p><\/div>\n\t\t\t\t<\/div>\n\t\t\t\t\t\t\t\t<\/div>\n\t\t\t\t\t\t<\/div>\n\t\t\t\t<\/div>\n\t\t\t\t<div class=\"elementor-element elementor-element-495366d elementor-widget elementor-widget-text-editor\" data-id=\"495366d\" data-element_type=\"widget\" data-widget_type=\"text-editor.default\">\n\t\t\t\t<div class=\"elementor-widget-container\">\n\t\t\t\t\t\t\t\t\t<p>Web sitesine akordiyon eklemek, kullan\u0131c\u0131 deneyimini iyile\u015ftiren etkili bir aray\u00fcz tasar\u0131m y\u00f6ntemidir. \u00d6zellikle uzun ve detayl\u0131 i\u00e7eriklerin d\u00fczenli ve eri\u015filebilir hale getirilmesini sa\u011flayarak sayfa tasar\u0131m\u0131nda yal\u0131nl\u0131\u011f\u0131 korur. Kullan\u0131c\u0131lar, yaln\u0131zca ilgilendikleri b\u00f6l\u00fcmleri a\u00e7arak gereksiz bilgi karma\u015fas\u0131ndan ka\u00e7\u0131nabilir ve daha h\u0131zl\u0131 eri\u015fim sa\u011flayabilir. Bu, hem mobil hem de masa\u00fcst\u00fc cihazlarda okunabilirli\u011fi art\u0131r\u0131rken, sayfa y\u00fcklenme h\u0131z\u0131n\u0131 da optimize eder. Ayr\u0131ca, SEO a\u00e7\u0131s\u0131ndan da faydal\u0131d\u0131r; do\u011fru kullan\u0131ld\u0131\u011f\u0131nda i\u00e7eri\u011fin daha yap\u0131land\u0131r\u0131lm\u0131\u015f ve arama motorlar\u0131 taraf\u0131ndan daha iyi indekslenebilir olmas\u0131n\u0131 sa\u011flar.<\/p>\t\t\t\t\t\t\t\t<\/div>\n\t\t\t\t<\/div>\n\t\t\t\t\t<\/div>\n\t\t<\/div>\n\t\t\t\t\t<\/div>\n\t\t<\/section>\n\t\t\t\t<section class=\"elementor-section elementor-top-section elementor-element elementor-element-e1ca57a elementor-section-boxed elementor-section-height-default elementor-section-height-default\" data-id=\"e1ca57a\" data-element_type=\"section\">\n\t\t\t\t\t\t<div class=\"elementor-container elementor-column-gap-default\">\n\t\t\t\t\t<div class=\"elementor-column elementor-col-33 elementor-top-column elementor-element elementor-element-d2dbcd9\" data-id=\"d2dbcd9\" data-element_type=\"column\">\n\t\t\t<div class=\"elementor-widget-wrap elementor-element-populated\">\n\t\t\t\t\t\t<div class=\"elementor-element elementor-element-2cd01b7 elementor-widget elementor-widget-image\" data-id=\"2cd01b7\" data-element_type=\"widget\" data-widget_type=\"image.default\">\n\t\t\t\t<div class=\"elementor-widget-container\">\n\t\t\t\t\t\t\t\t\t\t\t\t\t\t\t<img fetchpriority=\"high\" decoding=\"async\" width=\"582\" height=\"692\" src=\"https:\/\/atauni.edu.tr\/web-kilavuzu\/wp-content\/uploads\/sites\/792\/2025\/02\/Ekran-Resmi-2025-02-19-12.03.30.png\" class=\"attachment-large size-large wp-image-8310\" alt=\"\" srcset=\"https:\/\/atauni.edu.tr\/web-kilavuzu\/wp-content\/uploads\/sites\/792\/2025\/02\/Ekran-Resmi-2025-02-19-12.03.30.png 582w, https:\/\/atauni.edu.tr\/web-kilavuzu\/wp-content\/uploads\/sites\/792\/2025\/02\/Ekran-Resmi-2025-02-19-12.03.30-252x300.png 252w, https:\/\/atauni.edu.tr\/web-kilavuzu\/wp-content\/uploads\/sites\/792\/2025\/02\/Ekran-Resmi-2025-02-19-12.03.30-505x600.png 505w, https:\/\/atauni.edu.tr\/web-kilavuzu\/wp-content\/uploads\/sites\/792\/2025\/02\/Ekran-Resmi-2025-02-19-12.03.30-471x560.png 471w\" sizes=\"(max-width: 582px) 100vw, 582px\" \/>\t\t\t\t\t\t\t\t\t\t\t\t\t\t\t<\/div>\n\t\t\t\t<\/div>\n\t\t\t\t<div class=\"elementor-element elementor-element-503ce1a elementor-widget elementor-widget-text-editor\" data-id=\"503ce1a\" data-element_type=\"widget\" data-widget_type=\"text-editor.default\">\n\t\t\t\t<div class=\"elementor-widget-container\">\n\t\t\t\t\t\t\t\t\t<p>Akordiyon kutucu\u011funu s\u00fcr\u00fckleyip\u00a0 konumland\u0131rmak istedi\u011finiz b\u00f6l\u00fcme b\u0131rak\u0131n\u0131z.\u00a0<\/p>\t\t\t\t\t\t\t\t<\/div>\n\t\t\t\t<\/div>\n\t\t\t\t\t<\/div>\n\t\t<\/div>\n\t\t\t\t<div class=\"elementor-column elementor-col-33 elementor-top-column elementor-element elementor-element-1c0cff9\" data-id=\"1c0cff9\" data-element_type=\"column\">\n\t\t\t<div class=\"elementor-widget-wrap elementor-element-populated\">\n\t\t\t\t\t\t<div class=\"elementor-element elementor-element-b28a0b7 elementor-widget elementor-widget-image\" data-id=\"b28a0b7\" data-element_type=\"widget\" data-widget_type=\"image.default\">\n\t\t\t\t<div class=\"elementor-widget-container\">\n\t\t\t\t\t\t\t\t\t\t\t\t\t\t\t<img decoding=\"async\" width=\"523\" height=\"1024\" src=\"https:\/\/atauni.edu.tr\/web-kilavuzu\/wp-content\/uploads\/sites\/792\/2025\/02\/Ekran-Resmi-2025-02-19-12.06.54-523x1024.png\" class=\"attachment-large size-large wp-image-8313\" alt=\"\" srcset=\"https:\/\/atauni.edu.tr\/web-kilavuzu\/wp-content\/uploads\/sites\/792\/2025\/02\/Ekran-Resmi-2025-02-19-12.06.54-523x1024.png 523w, https:\/\/atauni.edu.tr\/web-kilavuzu\/wp-content\/uploads\/sites\/792\/2025\/02\/Ekran-Resmi-2025-02-19-12.06.54-153x300.png 153w, https:\/\/atauni.edu.tr\/web-kilavuzu\/wp-content\/uploads\/sites\/792\/2025\/02\/Ekran-Resmi-2025-02-19-12.06.54-306x600.png 306w, https:\/\/atauni.edu.tr\/web-kilavuzu\/wp-content\/uploads\/sites\/792\/2025\/02\/Ekran-Resmi-2025-02-19-12.06.54-286x560.png 286w, https:\/\/atauni.edu.tr\/web-kilavuzu\/wp-content\/uploads\/sites\/792\/2025\/02\/Ekran-Resmi-2025-02-19-12.06.54.png 584w\" sizes=\"(max-width: 523px) 100vw, 523px\" \/>\t\t\t\t\t\t\t\t\t\t\t\t\t\t\t<\/div>\n\t\t\t\t<\/div>\n\t\t\t\t\t<\/div>\n\t\t<\/div>\n\t\t\t\t<div class=\"elementor-column elementor-col-33 elementor-top-column elementor-element elementor-element-638cfdc\" data-id=\"638cfdc\" data-element_type=\"column\">\n\t\t\t<div class=\"elementor-widget-wrap elementor-element-populated\">\n\t\t\t\t\t\t<div class=\"elementor-element elementor-element-31815d1 elementor-widget elementor-widget-image\" data-id=\"31815d1\" data-element_type=\"widget\" data-widget_type=\"image.default\">\n\t\t\t\t<div class=\"elementor-widget-container\">\n\t\t\t\t\t\t\t\t\t\t\t\t\t\t\t<img decoding=\"async\" width=\"355\" height=\"1024\" src=\"https:\/\/atauni.edu.tr\/web-kilavuzu\/wp-content\/uploads\/sites\/792\/2025\/02\/Ekran-Resmi-2025-02-19-12.06.41-355x1024.png\" class=\"attachment-large size-large wp-image-8312\" alt=\"\" srcset=\"https:\/\/atauni.edu.tr\/web-kilavuzu\/wp-content\/uploads\/sites\/792\/2025\/02\/Ekran-Resmi-2025-02-19-12.06.41-355x1024.png 355w, https:\/\/atauni.edu.tr\/web-kilavuzu\/wp-content\/uploads\/sites\/792\/2025\/02\/Ekran-Resmi-2025-02-19-12.06.41-104x300.png 104w, https:\/\/atauni.edu.tr\/web-kilavuzu\/wp-content\/uploads\/sites\/792\/2025\/02\/Ekran-Resmi-2025-02-19-12.06.41-533x1536.png 533w, https:\/\/atauni.edu.tr\/web-kilavuzu\/wp-content\/uploads\/sites\/792\/2025\/02\/Ekran-Resmi-2025-02-19-12.06.41-208x600.png 208w, https:\/\/atauni.edu.tr\/web-kilavuzu\/wp-content\/uploads\/sites\/792\/2025\/02\/Ekran-Resmi-2025-02-19-12.06.41-194x560.png 194w, https:\/\/atauni.edu.tr\/web-kilavuzu\/wp-content\/uploads\/sites\/792\/2025\/02\/Ekran-Resmi-2025-02-19-12.06.41.png 572w\" sizes=\"(max-width: 355px) 100vw, 355px\" \/>\t\t\t\t\t\t\t\t\t\t\t\t\t\t\t<\/div>\n\t\t\t\t<\/div>\n\t\t\t\t\t<\/div>\n\t\t<\/div>\n\t\t\t\t\t<\/div>\n\t\t<\/section>\n\t\t\t\t<section class=\"elementor-section elementor-top-section elementor-element elementor-element-c7c28ed elementor-section-boxed elementor-section-height-default elementor-section-height-default\" data-id=\"c7c28ed\" data-element_type=\"section\">\n\t\t\t\t\t\t<div class=\"elementor-container elementor-column-gap-default\">\n\t\t\t\t\t<div class=\"elementor-column elementor-col-100 elementor-top-column elementor-element elementor-element-7353ad9\" data-id=\"7353ad9\" data-element_type=\"column\">\n\t\t\t<div class=\"elementor-widget-wrap elementor-element-populated\">\n\t\t\t\t\t\t<div class=\"elementor-element elementor-element-2d07a11 elementor-widget elementor-widget-spacer\" data-id=\"2d07a11\" data-element_type=\"widget\" data-widget_type=\"spacer.default\">\n\t\t\t\t<div class=\"elementor-widget-container\">\n\t\t\t\t\t\t\t<div class=\"elementor-spacer\">\n\t\t\t<div class=\"elementor-spacer-inner\"><\/div>\n\t\t<\/div>\n\t\t\t\t\t\t<\/div>\n\t\t\t\t<\/div>\n\t\t\t\t\t<\/div>\n\t\t<\/div>\n\t\t\t\t\t<\/div>\n\t\t<\/section>\n\t\t\t\t<section class=\"elementor-section elementor-top-section elementor-element elementor-element-c08843d elementor-section-boxed elementor-section-height-default elementor-section-height-default\" data-id=\"c08843d\" data-element_type=\"section\">\n\t\t\t\t\t\t<div class=\"elementor-container elementor-column-gap-default\">\n\t\t\t\t\t<div class=\"elementor-column elementor-col-33 elementor-top-column elementor-element elementor-element-a049e2f\" data-id=\"a049e2f\" data-element_type=\"column\">\n\t\t\t<div class=\"elementor-widget-wrap elementor-element-populated\">\n\t\t\t\t\t\t<div class=\"elementor-element elementor-element-61cb506 elementor-widget elementor-widget-image\" data-id=\"61cb506\" data-element_type=\"widget\" data-widget_type=\"image.default\">\n\t\t\t\t<div class=\"elementor-widget-container\">\n\t\t\t\t\t\t\t\t\t\t\t\t\t\t\t<img loading=\"lazy\" decoding=\"async\" width=\"324\" height=\"1024\" src=\"https:\/\/atauni.edu.tr\/web-kilavuzu\/wp-content\/uploads\/sites\/792\/2025\/02\/Ekran-Resmi-2025-02-19-12.07.39-324x1024.png\" class=\"attachment-large size-large wp-image-8314\" alt=\"\" srcset=\"https:\/\/atauni.edu.tr\/web-kilavuzu\/wp-content\/uploads\/sites\/792\/2025\/02\/Ekran-Resmi-2025-02-19-12.07.39-324x1024.png 324w, https:\/\/atauni.edu.tr\/web-kilavuzu\/wp-content\/uploads\/sites\/792\/2025\/02\/Ekran-Resmi-2025-02-19-12.07.39-95x300.png 95w, https:\/\/atauni.edu.tr\/web-kilavuzu\/wp-content\/uploads\/sites\/792\/2025\/02\/Ekran-Resmi-2025-02-19-12.07.39-486x1536.png 486w, https:\/\/atauni.edu.tr\/web-kilavuzu\/wp-content\/uploads\/sites\/792\/2025\/02\/Ekran-Resmi-2025-02-19-12.07.39-190x600.png 190w, https:\/\/atauni.edu.tr\/web-kilavuzu\/wp-content\/uploads\/sites\/792\/2025\/02\/Ekran-Resmi-2025-02-19-12.07.39-177x560.png 177w, https:\/\/atauni.edu.tr\/web-kilavuzu\/wp-content\/uploads\/sites\/792\/2025\/02\/Ekran-Resmi-2025-02-19-12.07.39.png 574w\" sizes=\"(max-width: 324px) 100vw, 324px\" \/>\t\t\t\t\t\t\t\t\t\t\t\t\t\t\t<\/div>\n\t\t\t\t<\/div>\n\t\t\t\t<div class=\"elementor-element elementor-element-9d88755 elementor-widget elementor-widget-text-editor\" data-id=\"9d88755\" data-element_type=\"widget\" data-widget_type=\"text-editor.default\">\n\t\t\t\t<div class=\"elementor-widget-container\">\n\t\t\t\t\t\t\t\t\t<p>Bi\u00e7em sekmesinden ayarlar\u0131n\u0131z\u0131 e\u015fitleyiniz.<\/p>\t\t\t\t\t\t\t\t<\/div>\n\t\t\t\t<\/div>\n\t\t\t\t\t<\/div>\n\t\t<\/div>\n\t\t\t\t<div class=\"elementor-column elementor-col-33 elementor-top-column elementor-element elementor-element-6e17009\" data-id=\"6e17009\" data-element_type=\"column\">\n\t\t\t<div class=\"elementor-widget-wrap elementor-element-populated\">\n\t\t\t\t\t\t<div class=\"elementor-element elementor-element-7fa26c0 elementor-widget elementor-widget-image\" data-id=\"7fa26c0\" data-element_type=\"widget\" data-widget_type=\"image.default\">\n\t\t\t\t<div class=\"elementor-widget-container\">\n\t\t\t\t\t\t\t\t\t\t\t\t\t\t\t<img loading=\"lazy\" decoding=\"async\" width=\"554\" height=\"1024\" src=\"https:\/\/atauni.edu.tr\/web-kilavuzu\/wp-content\/uploads\/sites\/792\/2025\/02\/Ekran-Resmi-2025-02-19-12.08.07-554x1024.png\" class=\"attachment-large size-large wp-image-8315\" alt=\"\" srcset=\"https:\/\/atauni.edu.tr\/web-kilavuzu\/wp-content\/uploads\/sites\/792\/2025\/02\/Ekran-Resmi-2025-02-19-12.08.07-554x1024.png 554w, https:\/\/atauni.edu.tr\/web-kilavuzu\/wp-content\/uploads\/sites\/792\/2025\/02\/Ekran-Resmi-2025-02-19-12.08.07-162x300.png 162w, https:\/\/atauni.edu.tr\/web-kilavuzu\/wp-content\/uploads\/sites\/792\/2025\/02\/Ekran-Resmi-2025-02-19-12.08.07-324x600.png 324w, https:\/\/atauni.edu.tr\/web-kilavuzu\/wp-content\/uploads\/sites\/792\/2025\/02\/Ekran-Resmi-2025-02-19-12.08.07-303x560.png 303w, https:\/\/atauni.edu.tr\/web-kilavuzu\/wp-content\/uploads\/sites\/792\/2025\/02\/Ekran-Resmi-2025-02-19-12.08.07.png 572w\" sizes=\"(max-width: 554px) 100vw, 554px\" \/>\t\t\t\t\t\t\t\t\t\t\t\t\t\t\t<\/div>\n\t\t\t\t<\/div>\n\t\t\t\t<div class=\"elementor-element elementor-element-721585b elementor-widget elementor-widget-text-editor\" data-id=\"721585b\" data-element_type=\"widget\" data-widget_type=\"text-editor.default\">\n\t\t\t\t<div class=\"elementor-widget-container\">\n\t\t\t\t\t\t\t\t\t<p>Bi\u00e7em sekmesinden ayarlar\u0131n\u0131z\u0131 e\u015fitleyiniz.<\/p>\t\t\t\t\t\t\t\t<\/div>\n\t\t\t\t<\/div>\n\t\t\t\t\t<\/div>\n\t\t<\/div>\n\t\t\t\t<div class=\"elementor-column elementor-col-33 elementor-top-column elementor-element elementor-element-d6052fd\" data-id=\"d6052fd\" data-element_type=\"column\">\n\t\t\t<div class=\"elementor-widget-wrap elementor-element-populated\">\n\t\t\t\t\t\t<div class=\"elementor-element elementor-element-699dc4b elementor-widget elementor-widget-image\" data-id=\"699dc4b\" data-element_type=\"widget\" data-widget_type=\"image.default\">\n\t\t\t\t<div class=\"elementor-widget-container\">\n\t\t\t\t\t\t\t\t\t\t\t\t\t\t\t<img loading=\"lazy\" decoding=\"async\" width=\"304\" height=\"1024\" src=\"https:\/\/atauni.edu.tr\/web-kilavuzu\/wp-content\/uploads\/sites\/792\/2025\/02\/Ekran-Resmi-2025-02-19-12.10.31-304x1024.png\" class=\"attachment-large size-large wp-image-8323\" alt=\"\" srcset=\"https:\/\/atauni.edu.tr\/web-kilavuzu\/wp-content\/uploads\/sites\/792\/2025\/02\/Ekran-Resmi-2025-02-19-12.10.31-304x1024.png 304w, https:\/\/atauni.edu.tr\/web-kilavuzu\/wp-content\/uploads\/sites\/792\/2025\/02\/Ekran-Resmi-2025-02-19-12.10.31-89x300.png 89w, https:\/\/atauni.edu.tr\/web-kilavuzu\/wp-content\/uploads\/sites\/792\/2025\/02\/Ekran-Resmi-2025-02-19-12.10.31-178x600.png 178w, https:\/\/atauni.edu.tr\/web-kilavuzu\/wp-content\/uploads\/sites\/792\/2025\/02\/Ekran-Resmi-2025-02-19-12.10.31-166x560.png 166w, https:\/\/atauni.edu.tr\/web-kilavuzu\/wp-content\/uploads\/sites\/792\/2025\/02\/Ekran-Resmi-2025-02-19-12.10.31.png 582w\" sizes=\"(max-width: 304px) 100vw, 304px\" \/>\t\t\t\t\t\t\t\t\t\t\t\t\t\t\t<\/div>\n\t\t\t\t<\/div>\n\t\t\t\t<div class=\"elementor-element elementor-element-79c3f5b elementor-widget elementor-widget-text-editor\" data-id=\"79c3f5b\" data-element_type=\"widget\" data-widget_type=\"text-editor.default\">\n\t\t\t\t<div class=\"elementor-widget-container\">\n\t\t\t\t\t\t\t\t\t<p>Bi\u00e7em sekmesinden ayarlar\u0131n\u0131z\u0131 e\u015fitleyiniz.<\/p>\t\t\t\t\t\t\t\t<\/div>\n\t\t\t\t<\/div>\n\t\t\t\t\t<\/div>\n\t\t<\/div>\n\t\t\t\t\t<\/div>\n\t\t<\/section>\n\t\t\t\t<section class=\"elementor-section elementor-top-section elementor-element elementor-element-0de6ec4 elementor-section-boxed elementor-section-height-default elementor-section-height-default\" data-id=\"0de6ec4\" data-element_type=\"section\">\n\t\t\t\t\t\t<div class=\"elementor-container elementor-column-gap-default\">\n\t\t\t\t\t<div class=\"elementor-column elementor-col-100 elementor-top-column elementor-element elementor-element-bd5d265\" data-id=\"bd5d265\" data-element_type=\"column\">\n\t\t\t<div class=\"elementor-widget-wrap elementor-element-populated\">\n\t\t\t\t\t\t<div class=\"elementor-element elementor-element-e47f093 elementor-widget elementor-widget-spacer\" data-id=\"e47f093\" data-element_type=\"widget\" data-widget_type=\"spacer.default\">\n\t\t\t\t<div class=\"elementor-widget-container\">\n\t\t\t\t\t\t\t<div class=\"elementor-spacer\">\n\t\t\t<div class=\"elementor-spacer-inner\"><\/div>\n\t\t<\/div>\n\t\t\t\t\t\t<\/div>\n\t\t\t\t<\/div>\n\t\t\t\t\t<\/div>\n\t\t<\/div>\n\t\t\t\t\t<\/div>\n\t\t<\/section>\n\t\t\t\t<\/div>\n\t\t","protected":false},"excerpt":{"rendered":"<p>Akordiyon Ekleme Akordiyon ba\u015fl\u0131k 1 Akordiyon i\u00e7eri\u011finizi bu k\u0131sma yaz\u0131n\u0131z. Akordiyon ba\u015fl\u0131k 1 Akordiyon i\u00e7eri\u011finizi bu k\u0131sma yaz\u0131n\u0131z. Web sitesine akordiyon eklemek, kullan\u0131c\u0131 deneyimini iyile\u015ftiren etkili bir aray\u00fcz tasar\u0131m y\u00f6ntemidir. \u00d6zellikle uzun ve detayl\u0131 i\u00e7eriklerin d\u00fczenli ve eri\u015filebilir hale getirilmesini sa\u011flayarak sayfa tasar\u0131m\u0131nda yal\u0131nl\u0131\u011f\u0131 korur. Kullan\u0131c\u0131lar, yaln\u0131zca ilgilendikleri b\u00f6l\u00fcmleri a\u00e7arak gereksiz bilgi karma\u015fas\u0131ndan ka\u00e7\u0131nabilir ve [&hellip;]<\/p>\n","protected":false},"author":239,"featured_media":0,"parent":0,"menu_order":0,"comment_status":"closed","ping_status":"closed","template":"elementor_header_footer","meta":{"footnotes":""},"class_list":["post-8372","page","type-page","status-publish","hentry"],"_links":{"self":[{"href":"https:\/\/atauni.edu.tr\/web-kilavuzu\/wp-json\/wp\/v2\/pages\/8372","targetHints":{"allow":["GET"]}}],"collection":[{"href":"https:\/\/atauni.edu.tr\/web-kilavuzu\/wp-json\/wp\/v2\/pages"}],"about":[{"href":"https:\/\/atauni.edu.tr\/web-kilavuzu\/wp-json\/wp\/v2\/types\/page"}],"author":[{"embeddable":true,"href":"https:\/\/atauni.edu.tr\/web-kilavuzu\/wp-json\/wp\/v2\/users\/239"}],"replies":[{"embeddable":true,"href":"https:\/\/atauni.edu.tr\/web-kilavuzu\/wp-json\/wp\/v2\/comments?post=8372"}],"version-history":[{"count":7,"href":"https:\/\/atauni.edu.tr\/web-kilavuzu\/wp-json\/wp\/v2\/pages\/8372\/revisions"}],"predecessor-version":[{"id":8913,"href":"https:\/\/atauni.edu.tr\/web-kilavuzu\/wp-json\/wp\/v2\/pages\/8372\/revisions\/8913"}],"wp:attachment":[{"href":"https:\/\/atauni.edu.tr\/web-kilavuzu\/wp-json\/wp\/v2\/media?parent=8372"}],"curies":[{"name":"wp","href":"https:\/\/api.w.org\/{rel}","templated":true}]}}