{"id":8943,"date":"2025-03-12T11:57:22","date_gmt":"2025-03-12T08:57:22","guid":{"rendered":"https:\/\/birimler.atauni.edu.tr\/web-kilavuzu\/?page_id=8943"},"modified":"2025-03-26T09:52:29","modified_gmt":"2025-03-26T06:52:29","slug":"prestij-menu","status":"publish","type":"page","link":"https:\/\/atauni.edu.tr\/web-kilavuzu\/prestij-menu\/","title":{"rendered":"Prestij Men\u00fc"},"content":{"rendered":"\t\t<div data-elementor-type=\"wp-page\" data-elementor-id=\"8943\" class=\"elementor elementor-8943\" data-elementor-post-type=\"page\">\n\t\t\t\t\t\t<section class=\"elementor-section elementor-top-section elementor-element elementor-element-f3de08f elementor-section-boxed elementor-section-height-default elementor-section-height-default\" data-id=\"f3de08f\" data-element_type=\"section\">\n\t\t\t\t\t\t<div class=\"elementor-container elementor-column-gap-default\">\n\t\t\t\t\t<div class=\"elementor-column elementor-col-100 elementor-top-column elementor-element elementor-element-4b40160\" data-id=\"4b40160\" data-element_type=\"column\">\n\t\t\t<div class=\"elementor-widget-wrap elementor-element-populated\">\n\t\t\t\t\t\t<div class=\"elementor-element elementor-element-3196281 elementor-widget elementor-widget-spacer\" data-id=\"3196281\" data-element_type=\"widget\" data-widget_type=\"spacer.default\">\n\t\t\t\t<div class=\"elementor-widget-container\">\n\t\t\t\t\t\t\t<div class=\"elementor-spacer\">\n\t\t\t<div class=\"elementor-spacer-inner\"><\/div>\n\t\t<\/div>\n\t\t\t\t\t\t<\/div>\n\t\t\t\t<\/div>\n\t\t\t\t\t<\/div>\n\t\t<\/div>\n\t\t\t\t\t<\/div>\n\t\t<\/section>\n\t\t\t\t<section class=\"elementor-section elementor-top-section elementor-element elementor-element-a18945f elementor-section-boxed elementor-section-height-default elementor-section-height-default\" data-id=\"a18945f\" data-element_type=\"section\">\n\t\t\t\t\t\t<div class=\"elementor-container elementor-column-gap-default\">\n\t\t\t\t\t<div class=\"elementor-column elementor-col-100 elementor-top-column elementor-element elementor-element-cb6bba6\" data-id=\"cb6bba6\" data-element_type=\"column\">\n\t\t\t<div class=\"elementor-widget-wrap elementor-element-populated\">\n\t\t\t\t\t\t<div class=\"elementor-element elementor-element-f1ef833 elementor-widget elementor-widget-heading\" data-id=\"f1ef833\" data-element_type=\"widget\" data-widget_type=\"heading.default\">\n\t\t\t\t<div class=\"elementor-widget-container\">\n\t\t\t\t\t<h2 class=\"elementor-heading-title elementor-size-default\">Prestij Men\u00fc (Birim Anasayfa- Fak\u00fclte)<\/h2>\t\t\t\t<\/div>\n\t\t\t\t<\/div>\n\t\t\t\t<div class=\"elementor-element elementor-element-855e917 elementor-widget-divider--view-line elementor-widget elementor-widget-divider\" data-id=\"855e917\" data-element_type=\"widget\" data-widget_type=\"divider.default\">\n\t\t\t\t<div class=\"elementor-widget-container\">\n\t\t\t\t\t\t\t<div class=\"elementor-divider\">\n\t\t\t<span class=\"elementor-divider-separator\">\n\t\t\t\t\t\t<\/span>\n\t\t<\/div>\n\t\t\t\t\t\t<\/div>\n\t\t\t\t<\/div>\n\t\t\t\t\t<\/div>\n\t\t<\/div>\n\t\t\t\t\t<\/div>\n\t\t<\/section>\n\t\t\t\t<section class=\"elementor-section elementor-top-section elementor-element elementor-element-af3c204 elementor-section-boxed elementor-section-height-default elementor-section-height-default\" data-id=\"af3c204\" data-element_type=\"section\">\n\t\t\t\t\t\t<div class=\"elementor-container elementor-column-gap-default\">\n\t\t\t\t\t<div class=\"elementor-column elementor-col-100 elementor-top-column elementor-element elementor-element-bb3cc51\" data-id=\"bb3cc51\" data-element_type=\"column\">\n\t\t\t<div class=\"elementor-widget-wrap elementor-element-populated\">\n\t\t\t\t\t\t<div class=\"elementor-element elementor-element-c95914c elementor-widget elementor-widget-image\" data-id=\"c95914c\" data-element_type=\"widget\" data-widget_type=\"image.default\">\n\t\t\t\t<div class=\"elementor-widget-container\">\n\t\t\t\t\t\t\t\t\t\t\t\t\t\t\t<img fetchpriority=\"high\" decoding=\"async\" width=\"1024\" height=\"294\" src=\"https:\/\/atauni.edu.tr\/web-kilavuzu\/wp-content\/uploads\/sites\/792\/2025\/03\/Ekran-Resmi-2025-03-26-09.50.41-1024x294.png\" class=\"attachment-large size-large wp-image-9157\" alt=\"\" srcset=\"https:\/\/atauni.edu.tr\/web-kilavuzu\/wp-content\/uploads\/sites\/792\/2025\/03\/Ekran-Resmi-2025-03-26-09.50.41-1024x294.png 1024w, https:\/\/atauni.edu.tr\/web-kilavuzu\/wp-content\/uploads\/sites\/792\/2025\/03\/Ekran-Resmi-2025-03-26-09.50.41-300x86.png 300w, https:\/\/atauni.edu.tr\/web-kilavuzu\/wp-content\/uploads\/sites\/792\/2025\/03\/Ekran-Resmi-2025-03-26-09.50.41-768x220.png 768w, https:\/\/atauni.edu.tr\/web-kilavuzu\/wp-content\/uploads\/sites\/792\/2025\/03\/Ekran-Resmi-2025-03-26-09.50.41-1536x440.png 1536w, https:\/\/atauni.edu.tr\/web-kilavuzu\/wp-content\/uploads\/sites\/792\/2025\/03\/Ekran-Resmi-2025-03-26-09.50.41-2048x587.png 2048w, https:\/\/atauni.edu.tr\/web-kilavuzu\/wp-content\/uploads\/sites\/792\/2025\/03\/Ekran-Resmi-2025-03-26-09.50.41-600x172.png 600w, https:\/\/atauni.edu.tr\/web-kilavuzu\/wp-content\/uploads\/sites\/792\/2025\/03\/Ekran-Resmi-2025-03-26-09.50.41-560x161.png 560w\" sizes=\"(max-width: 1024px) 100vw, 1024px\" \/>\t\t\t\t\t\t\t\t\t\t\t\t\t\t\t<\/div>\n\t\t\t\t<\/div>\n\t\t\t\t\t<\/div>\n\t\t<\/div>\n\t\t\t\t\t<\/div>\n\t\t<\/section>\n\t\t\t\t<section class=\"elementor-section elementor-top-section elementor-element elementor-element-c7c28ed elementor-section-boxed elementor-section-height-default elementor-section-height-default\" data-id=\"c7c28ed\" data-element_type=\"section\">\n\t\t\t\t\t\t<div class=\"elementor-container elementor-column-gap-default\">\n\t\t\t\t\t<div class=\"elementor-column elementor-col-100 elementor-top-column elementor-element elementor-element-7353ad9\" data-id=\"7353ad9\" data-element_type=\"column\">\n\t\t\t<div class=\"elementor-widget-wrap elementor-element-populated\">\n\t\t\t\t\t\t<div class=\"elementor-element elementor-element-2d07a11 elementor-widget elementor-widget-spacer\" data-id=\"2d07a11\" data-element_type=\"widget\" data-widget_type=\"spacer.default\">\n\t\t\t\t<div class=\"elementor-widget-container\">\n\t\t\t\t\t\t\t<div class=\"elementor-spacer\">\n\t\t\t<div class=\"elementor-spacer-inner\"><\/div>\n\t\t<\/div>\n\t\t\t\t\t\t<\/div>\n\t\t\t\t<\/div>\n\t\t\t\t\t<\/div>\n\t\t<\/div>\n\t\t\t\t\t<\/div>\n\t\t<\/section>\n\t\t\t\t<section class=\"elementor-section elementor-top-section elementor-element elementor-element-61e98c5 elementor-section-boxed elementor-section-height-default elementor-section-height-default\" data-id=\"61e98c5\" data-element_type=\"section\">\n\t\t\t\t\t\t<div class=\"elementor-container elementor-column-gap-default\">\n\t\t\t\t\t<div class=\"elementor-column elementor-col-100 elementor-top-column elementor-element elementor-element-141319e\" data-id=\"141319e\" data-element_type=\"column\">\n\t\t\t<div class=\"elementor-widget-wrap elementor-element-populated\">\n\t\t\t\t\t\t<div class=\"elementor-element elementor-element-13b322c elementor-widget elementor-widget-heading\" data-id=\"13b322c\" data-element_type=\"widget\" data-widget_type=\"heading.default\">\n\t\t\t\t<div class=\"elementor-widget-container\">\n\t\t\t\t\t<h2 class=\"elementor-heading-title elementor-size-default\">Prestij Men\u00fc (Birim Alt Men\u00fc- B\u00f6l\u00fcm)<\/h2>\t\t\t\t<\/div>\n\t\t\t\t<\/div>\n\t\t\t\t<div class=\"elementor-element elementor-element-c36ca38 elementor-widget-divider--view-line elementor-widget elementor-widget-divider\" data-id=\"c36ca38\" data-element_type=\"widget\" data-widget_type=\"divider.default\">\n\t\t\t\t<div class=\"elementor-widget-container\">\n\t\t\t\t\t\t\t<div class=\"elementor-divider\">\n\t\t\t<span class=\"elementor-divider-separator\">\n\t\t\t\t\t\t<\/span>\n\t\t<\/div>\n\t\t\t\t\t\t<\/div>\n\t\t\t\t<\/div>\n\t\t\t\t\t<\/div>\n\t\t<\/div>\n\t\t\t\t\t<\/div>\n\t\t<\/section>\n\t\t\t\t<section class=\"elementor-section elementor-top-section elementor-element elementor-element-06fb20b elementor-section-boxed elementor-section-height-default elementor-section-height-default\" data-id=\"06fb20b\" data-element_type=\"section\">\n\t\t\t\t\t\t<div class=\"elementor-container elementor-column-gap-default\">\n\t\t\t\t\t<div class=\"elementor-column elementor-col-100 elementor-top-column elementor-element elementor-element-940466b\" data-id=\"940466b\" data-element_type=\"column\">\n\t\t\t<div class=\"elementor-widget-wrap elementor-element-populated\">\n\t\t\t\t\t\t<div class=\"elementor-element elementor-element-a11fa8a elementor-widget elementor-widget-image\" data-id=\"a11fa8a\" data-element_type=\"widget\" data-widget_type=\"image.default\">\n\t\t\t\t<div class=\"elementor-widget-container\">\n\t\t\t\t\t\t\t\t\t\t\t\t\t\t\t<img decoding=\"async\" width=\"1024\" height=\"103\" src=\"https:\/\/atauni.edu.tr\/web-kilavuzu\/wp-content\/uploads\/sites\/792\/2025\/03\/Ekran-Resmi-2025-03-26-09.50.55-1024x103.png\" class=\"attachment-large size-large wp-image-9158\" alt=\"\" srcset=\"https:\/\/atauni.edu.tr\/web-kilavuzu\/wp-content\/uploads\/sites\/792\/2025\/03\/Ekran-Resmi-2025-03-26-09.50.55-1024x103.png 1024w, https:\/\/atauni.edu.tr\/web-kilavuzu\/wp-content\/uploads\/sites\/792\/2025\/03\/Ekran-Resmi-2025-03-26-09.50.55-300x30.png 300w, https:\/\/atauni.edu.tr\/web-kilavuzu\/wp-content\/uploads\/sites\/792\/2025\/03\/Ekran-Resmi-2025-03-26-09.50.55-768x77.png 768w, https:\/\/atauni.edu.tr\/web-kilavuzu\/wp-content\/uploads\/sites\/792\/2025\/03\/Ekran-Resmi-2025-03-26-09.50.55-1536x154.png 1536w, https:\/\/atauni.edu.tr\/web-kilavuzu\/wp-content\/uploads\/sites\/792\/2025\/03\/Ekran-Resmi-2025-03-26-09.50.55-2048x205.png 2048w, https:\/\/atauni.edu.tr\/web-kilavuzu\/wp-content\/uploads\/sites\/792\/2025\/03\/Ekran-Resmi-2025-03-26-09.50.55-600x60.png 600w, https:\/\/atauni.edu.tr\/web-kilavuzu\/wp-content\/uploads\/sites\/792\/2025\/03\/Ekran-Resmi-2025-03-26-09.50.55-560x56.png 560w\" sizes=\"(max-width: 1024px) 100vw, 1024px\" \/>\t\t\t\t\t\t\t\t\t\t\t\t\t\t\t<\/div>\n\t\t\t\t<\/div>\n\t\t\t\t\t<\/div>\n\t\t<\/div>\n\t\t\t\t\t<\/div>\n\t\t<\/section>\n\t\t\t\t<section class=\"elementor-section elementor-top-section elementor-element elementor-element-1ecce8b elementor-section-boxed elementor-section-height-default elementor-section-height-default\" data-id=\"1ecce8b\" data-element_type=\"section\">\n\t\t\t\t\t\t<div class=\"elementor-container elementor-column-gap-default\">\n\t\t\t\t\t<div class=\"elementor-column elementor-col-100 elementor-top-column elementor-element elementor-element-62ac54b\" data-id=\"62ac54b\" data-element_type=\"column\">\n\t\t\t<div class=\"elementor-widget-wrap elementor-element-populated\">\n\t\t\t\t\t\t<div class=\"elementor-element elementor-element-127a9f1 elementor-widget elementor-widget-spacer\" data-id=\"127a9f1\" data-element_type=\"widget\" data-widget_type=\"spacer.default\">\n\t\t\t\t<div class=\"elementor-widget-container\">\n\t\t\t\t\t\t\t<div class=\"elementor-spacer\">\n\t\t\t<div class=\"elementor-spacer-inner\"><\/div>\n\t\t<\/div>\n\t\t\t\t\t\t<\/div>\n\t\t\t\t<\/div>\n\t\t\t\t\t<\/div>\n\t\t<\/div>\n\t\t\t\t\t<\/div>\n\t\t<\/section>\n\t\t\t\t<section class=\"elementor-section elementor-top-section elementor-element elementor-element-ef7c28b elementor-section-boxed elementor-section-height-default elementor-section-height-default\" data-id=\"ef7c28b\" data-element_type=\"section\">\n\t\t\t\t\t\t<div class=\"elementor-container elementor-column-gap-default\">\n\t\t\t\t\t<div class=\"elementor-column elementor-col-100 elementor-top-column elementor-element elementor-element-2aa288c\" data-id=\"2aa288c\" data-element_type=\"column\">\n\t\t\t<div class=\"elementor-widget-wrap elementor-element-populated\">\n\t\t\t\t\t\t<div class=\"elementor-element elementor-element-615d182 elementor-widget elementor-widget-heading\" data-id=\"615d182\" data-element_type=\"widget\" data-widget_type=\"heading.default\">\n\t\t\t\t<div class=\"elementor-widget-container\">\n\t\t\t\t\t<h2 class=\"elementor-heading-title elementor-size-default\">Prestij Men\u00fc (Birim Alt- Alt Men\u00fc- Ana Bilim Dal\u0131)<\/h2>\t\t\t\t<\/div>\n\t\t\t\t<\/div>\n\t\t\t\t<div class=\"elementor-element elementor-element-21eea4d elementor-widget-divider--view-line elementor-widget elementor-widget-divider\" data-id=\"21eea4d\" data-element_type=\"widget\" data-widget_type=\"divider.default\">\n\t\t\t\t<div class=\"elementor-widget-container\">\n\t\t\t\t\t\t\t<div class=\"elementor-divider\">\n\t\t\t<span class=\"elementor-divider-separator\">\n\t\t\t\t\t\t<\/span>\n\t\t<\/div>\n\t\t\t\t\t\t<\/div>\n\t\t\t\t<\/div>\n\t\t\t\t\t<\/div>\n\t\t<\/div>\n\t\t\t\t\t<\/div>\n\t\t<\/section>\n\t\t\t\t<section class=\"elementor-section elementor-top-section elementor-element elementor-element-d0ac245 elementor-section-boxed elementor-section-height-default elementor-section-height-default\" data-id=\"d0ac245\" data-element_type=\"section\">\n\t\t\t\t\t\t<div class=\"elementor-container elementor-column-gap-default\">\n\t\t\t\t\t<div class=\"elementor-column elementor-col-100 elementor-top-column elementor-element elementor-element-34a89a9\" data-id=\"34a89a9\" data-element_type=\"column\">\n\t\t\t<div class=\"elementor-widget-wrap elementor-element-populated\">\n\t\t\t\t\t\t<div class=\"elementor-element elementor-element-3560175 elementor-widget elementor-widget-image\" data-id=\"3560175\" data-element_type=\"widget\" data-widget_type=\"image.default\">\n\t\t\t\t<div class=\"elementor-widget-container\">\n\t\t\t\t\t\t\t\t\t\t\t\t\t\t\t<img decoding=\"async\" width=\"1024\" height=\"99\" src=\"https:\/\/atauni.edu.tr\/web-kilavuzu\/wp-content\/uploads\/sites\/792\/2025\/03\/Ekran-Resmi-2025-03-26-09.51.10-1024x99.png\" class=\"attachment-large size-large wp-image-9159\" alt=\"\" srcset=\"https:\/\/atauni.edu.tr\/web-kilavuzu\/wp-content\/uploads\/sites\/792\/2025\/03\/Ekran-Resmi-2025-03-26-09.51.10-1024x99.png 1024w, https:\/\/atauni.edu.tr\/web-kilavuzu\/wp-content\/uploads\/sites\/792\/2025\/03\/Ekran-Resmi-2025-03-26-09.51.10-300x29.png 300w, https:\/\/atauni.edu.tr\/web-kilavuzu\/wp-content\/uploads\/sites\/792\/2025\/03\/Ekran-Resmi-2025-03-26-09.51.10-768x74.png 768w, https:\/\/atauni.edu.tr\/web-kilavuzu\/wp-content\/uploads\/sites\/792\/2025\/03\/Ekran-Resmi-2025-03-26-09.51.10-1536x149.png 1536w, https:\/\/atauni.edu.tr\/web-kilavuzu\/wp-content\/uploads\/sites\/792\/2025\/03\/Ekran-Resmi-2025-03-26-09.51.10-2048x198.png 2048w, https:\/\/atauni.edu.tr\/web-kilavuzu\/wp-content\/uploads\/sites\/792\/2025\/03\/Ekran-Resmi-2025-03-26-09.51.10-600x58.png 600w, https:\/\/atauni.edu.tr\/web-kilavuzu\/wp-content\/uploads\/sites\/792\/2025\/03\/Ekran-Resmi-2025-03-26-09.51.10-560x54.png 560w\" sizes=\"(max-width: 1024px) 100vw, 1024px\" \/>\t\t\t\t\t\t\t\t\t\t\t\t\t\t\t<\/div>\n\t\t\t\t<\/div>\n\t\t\t\t\t<\/div>\n\t\t<\/div>\n\t\t\t\t\t<\/div>\n\t\t<\/section>\n\t\t\t\t<section class=\"elementor-section elementor-top-section elementor-element elementor-element-0de6ec4 elementor-section-boxed elementor-section-height-default elementor-section-height-default\" data-id=\"0de6ec4\" data-element_type=\"section\">\n\t\t\t\t\t\t<div class=\"elementor-container elementor-column-gap-default\">\n\t\t\t\t\t<div class=\"elementor-column elementor-col-100 elementor-top-column elementor-element elementor-element-bd5d265\" data-id=\"bd5d265\" data-element_type=\"column\">\n\t\t\t<div class=\"elementor-widget-wrap elementor-element-populated\">\n\t\t\t\t\t\t<div class=\"elementor-element elementor-element-e47f093 elementor-widget elementor-widget-spacer\" data-id=\"e47f093\" data-element_type=\"widget\" data-widget_type=\"spacer.default\">\n\t\t\t\t<div class=\"elementor-widget-container\">\n\t\t\t\t\t\t\t<div class=\"elementor-spacer\">\n\t\t\t<div class=\"elementor-spacer-inner\"><\/div>\n\t\t<\/div>\n\t\t\t\t\t\t<\/div>\n\t\t\t\t<\/div>\n\t\t\t\t\t<\/div>\n\t\t<\/div>\n\t\t\t\t\t<\/div>\n\t\t<\/section>\n\t\t\t\t<\/div>\n\t\t","protected":false},"excerpt":{"rendered":"<p>Prestij Men\u00fc (Birim Anasayfa- Fak\u00fclte) Prestij Men\u00fc (Birim Alt Men\u00fc- B\u00f6l\u00fcm) Prestij Men\u00fc (Birim Alt- Alt Men\u00fc- Ana Bilim Dal\u0131)<\/p>\n","protected":false},"author":239,"featured_media":0,"parent":0,"menu_order":0,"comment_status":"closed","ping_status":"closed","template":"elementor_header_footer","meta":{"footnotes":""},"class_list":["post-8943","page","type-page","status-publish","hentry"],"_links":{"self":[{"href":"https:\/\/atauni.edu.tr\/web-kilavuzu\/wp-json\/wp\/v2\/pages\/8943","targetHints":{"allow":["GET"]}}],"collection":[{"href":"https:\/\/atauni.edu.tr\/web-kilavuzu\/wp-json\/wp\/v2\/pages"}],"about":[{"href":"https:\/\/atauni.edu.tr\/web-kilavuzu\/wp-json\/wp\/v2\/types\/page"}],"author":[{"embeddable":true,"href":"https:\/\/atauni.edu.tr\/web-kilavuzu\/wp-json\/wp\/v2\/users\/239"}],"replies":[{"embeddable":true,"href":"https:\/\/atauni.edu.tr\/web-kilavuzu\/wp-json\/wp\/v2\/comments?post=8943"}],"version-history":[{"count":28,"href":"https:\/\/atauni.edu.tr\/web-kilavuzu\/wp-json\/wp\/v2\/pages\/8943\/revisions"}],"predecessor-version":[{"id":9162,"href":"https:\/\/atauni.edu.tr\/web-kilavuzu\/wp-json\/wp\/v2\/pages\/8943\/revisions\/9162"}],"wp:attachment":[{"href":"https:\/\/atauni.edu.tr\/web-kilavuzu\/wp-json\/wp\/v2\/media?parent=8943"}],"curies":[{"name":"wp","href":"https:\/\/api.w.org\/{rel}","templated":true}]}}