{"id":9108,"date":"2025-03-24T10:36:29","date_gmt":"2025-03-24T07:36:29","guid":{"rendered":"https:\/\/birimler.atauni.edu.tr\/web-kilavuzu\/?page_id=9108"},"modified":"2025-03-24T10:38:32","modified_gmt":"2025-03-24T07:38:32","slug":"tarihce","status":"publish","type":"page","link":"https:\/\/atauni.edu.tr\/web-kilavuzu\/tarihce\/","title":{"rendered":"Tarih\u00e7e"},"content":{"rendered":"\t\t<div data-elementor-type=\"wp-page\" data-elementor-id=\"9108\" class=\"elementor elementor-9108\" data-elementor-post-type=\"page\">\n\t\t\t\t\t\t<section class=\"elementor-section elementor-top-section elementor-element elementor-element-f3de08f elementor-section-boxed elementor-section-height-default elementor-section-height-default\" data-id=\"f3de08f\" data-element_type=\"section\">\n\t\t\t\t\t\t<div class=\"elementor-container elementor-column-gap-default\">\n\t\t\t\t\t<div class=\"elementor-column elementor-col-100 elementor-top-column elementor-element elementor-element-4b40160\" data-id=\"4b40160\" data-element_type=\"column\">\n\t\t\t<div class=\"elementor-widget-wrap elementor-element-populated\">\n\t\t\t\t\t\t<div class=\"elementor-element elementor-element-3196281 elementor-widget elementor-widget-spacer\" data-id=\"3196281\" data-element_type=\"widget\" data-widget_type=\"spacer.default\">\n\t\t\t\t<div class=\"elementor-widget-container\">\n\t\t\t\t\t\t\t<div class=\"elementor-spacer\">\n\t\t\t<div class=\"elementor-spacer-inner\"><\/div>\n\t\t<\/div>\n\t\t\t\t\t\t<\/div>\n\t\t\t\t<\/div>\n\t\t\t\t\t<\/div>\n\t\t<\/div>\n\t\t\t\t\t<\/div>\n\t\t<\/section>\n\t\t\t\t<section class=\"elementor-section elementor-top-section elementor-element elementor-element-9aecd03 elementor-section-boxed elementor-section-height-default elementor-section-height-default\" data-id=\"9aecd03\" data-element_type=\"section\">\n\t\t\t\t\t\t<div class=\"elementor-container elementor-column-gap-default\">\n\t\t\t\t\t<div class=\"elementor-column elementor-col-100 elementor-top-column elementor-element elementor-element-3009dfa\" data-id=\"3009dfa\" data-element_type=\"column\">\n\t\t\t<div class=\"elementor-widget-wrap elementor-element-populated\">\n\t\t\t\t\t\t<div class=\"elementor-element elementor-element-5c0dbde elementor-widget elementor-widget-heading\" data-id=\"5c0dbde\" data-element_type=\"widget\" data-widget_type=\"heading.default\">\n\t\t\t\t<div class=\"elementor-widget-container\">\n\t\t\t\t\t<h2 class=\"elementor-heading-title elementor-size-default\">Tarih\u00e7e<\/h2>\t\t\t\t<\/div>\n\t\t\t\t<\/div>\n\t\t\t\t<div class=\"elementor-element elementor-element-f791333 elementor-widget-divider--view-line elementor-widget elementor-widget-divider\" data-id=\"f791333\" data-element_type=\"widget\" data-widget_type=\"divider.default\">\n\t\t\t\t<div class=\"elementor-widget-container\">\n\t\t\t\t\t\t\t<div class=\"elementor-divider\">\n\t\t\t<span class=\"elementor-divider-separator\">\n\t\t\t\t\t\t<\/span>\n\t\t<\/div>\n\t\t\t\t\t\t<\/div>\n\t\t\t\t<\/div>\n\t\t\t\t\t<\/div>\n\t\t<\/div>\n\t\t\t\t\t<\/div>\n\t\t<\/section>\n\t\t\t\t<section class=\"elementor-section elementor-top-section elementor-element elementor-element-7c3d273 elementor-section-boxed elementor-section-height-default elementor-section-height-default\" data-id=\"7c3d273\" data-element_type=\"section\">\n\t\t\t\t\t\t<div class=\"elementor-container elementor-column-gap-default\">\n\t\t\t\t\t<div class=\"elementor-column elementor-col-100 elementor-top-column elementor-element elementor-element-7ae2802\" data-id=\"7ae2802\" data-element_type=\"column\">\n\t\t\t<div class=\"elementor-widget-wrap elementor-element-populated\">\n\t\t\t\t\t\t<div class=\"elementor-element elementor-element-2ec4585 elementor-widget elementor-widget-text-editor\" data-id=\"2ec4585\" data-element_type=\"widget\" data-widget_type=\"text-editor.default\">\n\t\t\t\t<div class=\"elementor-widget-container\">\n\t\t\t\t\t\t\t\t\t<p>Atat\u00fcrk \u00dcniversitesi E\u011fitim Bilimleri Enstit\u00fcs\u00fc, Bakanlar Kurulunun 01\/02\/2010 tarihinde alm\u0131\u015f oldu\u011fu karar ve bu karar\u0131n 26.02.2010 tarih 27505 say\u0131l\u0131 Resm\u00ee Gazete\u2019de yay\u0131nlanmas\u0131yla kurulmu\u015ftur &nbsp;Atat\u00fcrk \u00dcniversitesi b\u00fcnyesindeki lisans\u00fcst\u00fc \u00f6\u011frencilerin e\u011fitimi 2010 y\u0131l\u0131na kadar Sosyal Bilimler ve Fen Bilimleri Enstit\u00fcleri taraf\u0131ndan y\u00fcr\u00fct\u00fclmekteydi. Belirtilen tarihten itibaren,01\/07\/2010 tarihinde yap\u0131lan Y\u00fcksek\u00f6\u011fretim Genel Kurulu toplant\u0131s\u0131 ile \u201cLisans\u00fcst\u00fc E\u011fitim-\u00d6\u011fretim Enstit\u00fclerinin Te\u015fkilat ve \u0130\u015fleyi\u015f Y\u00f6netmeli\u011fi\u201dnin 4. ve 7. maddeleri uyar\u0131nca, Sosyal ve Fen Bilimleri Enstit\u00fcs\u00fc b\u00fcnyesinde faaliyetlerini s\u00fcrd\u00fcren t\u00fcm Ana Bilim Dallar\u0131 ve\/veya Bilim Dallar\u0131 Y\u00fcksek\u00f6\u011fretim Kurulunun 13\/07\/2010 tarih ve 23699 say\u0131l\u0131 yaz\u0131lar\u0131 do\u011frultusunda E\u011fitim Bilimleri Enstit\u00fcs\u00fcne aktar\u0131lm\u0131\u015ft\u0131r. Enstit\u00fcm\u00fczde e\u011fitim bilimleri (e\u011fitim programlar\u0131 ve \u00f6\u011fretim, psikolojik dan\u0131\u015fmanl\u0131k ve rehberlik, e\u011fitim y\u00f6netimi vb.) ve alan e\u011fitimi (matematik e\u011fitimi, kimya e\u011fitimi, fen bilgisi e\u011fitimi, sosyal bilgiler e\u011fitimi, T\u00fcrk\u00e7e e\u011fitimi, \u0130ngilizce e\u011fitimi vb.) konusunda lisans\u00fcst\u00fc programlar (tezsiz y\u00fcksek lisans, tezli y\u00fcksek lisans ve doktora) mevcuttur. Enstit\u00fcm\u00fczde mevcut programlar i\u00e7in Ana Bilim Dallar\u0131-Lisans\u00fcst\u00fc Programlar men\u00fcs\u00fcn\u00fc inceleyebilirsiniz.&nbsp;<\/p>\t\t\t\t\t\t\t\t<\/div>\n\t\t\t\t<\/div>\n\t\t\t\t\t<\/div>\n\t\t<\/div>\n\t\t\t\t\t<\/div>\n\t\t<\/section>\n\t\t\t\t<section class=\"elementor-section elementor-top-section elementor-element elementor-element-8cc76d6 elementor-section-boxed elementor-section-height-default elementor-section-height-default\" data-id=\"8cc76d6\" data-element_type=\"section\">\n\t\t\t\t\t\t<div class=\"elementor-container elementor-column-gap-default\">\n\t\t\t\t\t<div class=\"elementor-column elementor-col-100 elementor-top-column elementor-element elementor-element-fb191a5\" data-id=\"fb191a5\" data-element_type=\"column\">\n\t\t\t<div class=\"elementor-widget-wrap elementor-element-populated\">\n\t\t\t\t\t\t<div class=\"elementor-element elementor-element-9eaacc2 elementor-widget elementor-widget-spacer\" data-id=\"9eaacc2\" data-element_type=\"widget\" data-widget_type=\"spacer.default\">\n\t\t\t\t<div class=\"elementor-widget-container\">\n\t\t\t\t\t\t\t<div class=\"elementor-spacer\">\n\t\t\t<div class=\"elementor-spacer-inner\"><\/div>\n\t\t<\/div>\n\t\t\t\t\t\t<\/div>\n\t\t\t\t<\/div>\n\t\t\t\t\t<\/div>\n\t\t<\/div>\n\t\t\t\t\t<\/div>\n\t\t<\/section>\n\t\t\t\t<section class=\"elementor-section elementor-top-section elementor-element elementor-element-2217c3f elementor-section-boxed elementor-section-height-default elementor-section-height-default\" data-id=\"2217c3f\" data-element_type=\"section\">\n\t\t\t\t\t\t<div class=\"elementor-container elementor-column-gap-default\">\n\t\t\t\t\t<div class=\"elementor-column elementor-col-100 elementor-top-column elementor-element elementor-element-e465af6\" data-id=\"e465af6\" data-element_type=\"column\" data-settings=\"{&quot;background_background&quot;:&quot;classic&quot;}\">\n\t\t\t<div class=\"elementor-widget-wrap elementor-element-populated\">\n\t\t\t\t\t\t<section class=\"elementor-section elementor-inner-section elementor-element elementor-element-3fe13df elementor-section-boxed elementor-section-height-default elementor-section-height-default\" data-id=\"3fe13df\" data-element_type=\"section\" data-settings=\"{&quot;background_background&quot;:&quot;classic&quot;}\">\n\t\t\t\t\t\t<div class=\"elementor-container elementor-column-gap-default\">\n\t\t\t\t\t<div class=\"elementor-column elementor-col-100 elementor-inner-column elementor-element elementor-element-a2158af\" data-id=\"a2158af\" data-element_type=\"column\">\n\t\t\t<div class=\"elementor-widget-wrap elementor-element-populated\">\n\t\t\t\t\t\t<div class=\"elementor-element elementor-element-60dabbf elementor-widget elementor-widget-heading\" data-id=\"60dabbf\" data-element_type=\"widget\" data-widget_type=\"heading.default\">\n\t\t\t\t<div class=\"elementor-widget-container\">\n\t\t\t\t\t<h2 class=\"elementor-heading-title elementor-size-default\">\u0130\u00e7erik Haz\u0131rlama Uyar\u0131s\u0131 !<\/h2>\t\t\t\t<\/div>\n\t\t\t\t<\/div>\n\t\t\t\t<div class=\"elementor-element elementor-element-5801ad3 elementor-widget elementor-widget-text-editor\" data-id=\"5801ad3\" data-element_type=\"widget\" data-widget_type=\"text-editor.default\">\n\t\t\t\t<div class=\"elementor-widget-container\">\n\t\t\t\t\t\t\t\t\t<p style=\"margin-bottom: 1rem; line-height: 1.5em; text-align: justify;\">Kurumsal yap\u0131 i\u00e7erisinde b\u00fct\u00fcnc\u00fcl bir dil ve \u00fcslup birli\u011fi sa\u011flamak amac\u0131yla, tarih\u00e7e b\u00f6l\u00fcm\u00fc yukar\u0131daki \u00f6rnek gibi minimal sade, \u00f6z ve i\u015flevsel bir bi\u00e7imde ele al\u0131nmal\u0131d\u0131r. Bu ba\u011flamda, tarihsel bilgiler ne eksik ne de gere\u011finden fazla olacak \u015fekilde, kurumsal b\u00fct\u00fcnl\u00fc\u011f\u00fc koruyacak \u00f6l\u00e7\u00fcde sunulmal\u0131d\u0131r. Metnin fazlal\u0131klardan ar\u0131nd\u0131r\u0131lmas\u0131, ortak s\u00f6ylem bi\u00e7imini g\u00fc\u00e7lendirecek; ayn\u0131 zamanda kurumsal kimli\u011fin tutarl\u0131l\u0131\u011f\u0131n\u0131 da destekleyecektir. Bu nedenle, web sayfas\u0131 \u00fczerinde yer alan tarih\u00e7e i\u00e7eri\u011finde yaln\u0131zca gerekli bilgilere yer verilmeli, anlat\u0131mda akademik bir sadelik ve yal\u0131nl\u0131k tercih edilmelidir. Aksi h\u00e2lde, gereksiz ayr\u0131nt\u0131lara yer verilmesi ya da bilgi eksikli\u011fi, ortak dil olu\u015fturma \u00e7abas\u0131n\u0131 sekteye u\u011fratacakt\u0131r. Kurumsal yap\u0131y\u0131 ve i\u00e7erik b\u00fct\u00fcnl\u00fc\u011f\u00fcn\u00fc korumak ad\u0131na, sitenizde bu do\u011frultuda d\u00fczenleme yapman\u0131z \u00f6nem arz etmektedir.<\/p>\t\t\t\t\t\t\t\t<\/div>\n\t\t\t\t<\/div>\n\t\t\t\t\t<\/div>\n\t\t<\/div>\n\t\t\t\t\t<\/div>\n\t\t<\/section>\n\t\t\t\t\t<\/div>\n\t\t<\/div>\n\t\t\t\t\t<\/div>\n\t\t<\/section>\n\t\t\t\t<section class=\"elementor-section elementor-top-section elementor-element elementor-element-0de6ec4 elementor-section-boxed elementor-section-height-default elementor-section-height-default\" data-id=\"0de6ec4\" data-element_type=\"section\">\n\t\t\t\t\t\t<div class=\"elementor-container elementor-column-gap-default\">\n\t\t\t\t\t<div class=\"elementor-column elementor-col-100 elementor-top-column elementor-element elementor-element-bd5d265\" data-id=\"bd5d265\" data-element_type=\"column\">\n\t\t\t<div class=\"elementor-widget-wrap elementor-element-populated\">\n\t\t\t\t\t\t<div class=\"elementor-element elementor-element-e47f093 elementor-widget elementor-widget-spacer\" data-id=\"e47f093\" data-element_type=\"widget\" data-widget_type=\"spacer.default\">\n\t\t\t\t<div class=\"elementor-widget-container\">\n\t\t\t\t\t\t\t<div class=\"elementor-spacer\">\n\t\t\t<div class=\"elementor-spacer-inner\"><\/div>\n\t\t<\/div>\n\t\t\t\t\t\t<\/div>\n\t\t\t\t<\/div>\n\t\t\t\t\t<\/div>\n\t\t<\/div>\n\t\t\t\t\t<\/div>\n\t\t<\/section>\n\t\t\t\t<\/div>\n\t\t","protected":false},"excerpt":{"rendered":"<p>Tarih\u00e7e Atat\u00fcrk \u00dcniversitesi E\u011fitim Bilimleri Enstit\u00fcs\u00fc, Bakanlar Kurulunun 01\/02\/2010 tarihinde alm\u0131\u015f oldu\u011fu karar ve bu karar\u0131n 26.02.2010 tarih 27505 say\u0131l\u0131 Resm\u00ee Gazete\u2019de yay\u0131nlanmas\u0131yla kurulmu\u015ftur &nbsp;Atat\u00fcrk \u00dcniversitesi b\u00fcnyesindeki lisans\u00fcst\u00fc \u00f6\u011frencilerin e\u011fitimi 2010 y\u0131l\u0131na kadar Sosyal Bilimler ve Fen Bilimleri Enstit\u00fcleri taraf\u0131ndan y\u00fcr\u00fct\u00fclmekteydi. Belirtilen tarihten itibaren,01\/07\/2010 tarihinde yap\u0131lan Y\u00fcksek\u00f6\u011fretim Genel Kurulu toplant\u0131s\u0131 ile \u201cLisans\u00fcst\u00fc E\u011fitim-\u00d6\u011fretim Enstit\u00fclerinin Te\u015fkilat [&hellip;]<\/p>\n","protected":false},"author":239,"featured_media":0,"parent":0,"menu_order":0,"comment_status":"closed","ping_status":"closed","template":"elementor_header_footer","meta":{"footnotes":""},"class_list":["post-9108","page","type-page","status-publish","hentry"],"_links":{"self":[{"href":"https:\/\/atauni.edu.tr\/web-kilavuzu\/wp-json\/wp\/v2\/pages\/9108","targetHints":{"allow":["GET"]}}],"collection":[{"href":"https:\/\/atauni.edu.tr\/web-kilavuzu\/wp-json\/wp\/v2\/pages"}],"about":[{"href":"https:\/\/atauni.edu.tr\/web-kilavuzu\/wp-json\/wp\/v2\/types\/page"}],"author":[{"embeddable":true,"href":"https:\/\/atauni.edu.tr\/web-kilavuzu\/wp-json\/wp\/v2\/users\/239"}],"replies":[{"embeddable":true,"href":"https:\/\/atauni.edu.tr\/web-kilavuzu\/wp-json\/wp\/v2\/comments?post=9108"}],"version-history":[{"count":7,"href":"https:\/\/atauni.edu.tr\/web-kilavuzu\/wp-json\/wp\/v2\/pages\/9108\/revisions"}],"predecessor-version":[{"id":9115,"href":"https:\/\/atauni.edu.tr\/web-kilavuzu\/wp-json\/wp\/v2\/pages\/9108\/revisions\/9115"}],"wp:attachment":[{"href":"https:\/\/atauni.edu.tr\/web-kilavuzu\/wp-json\/wp\/v2\/media?parent=9108"}],"curies":[{"name":"wp","href":"https:\/\/api.w.org\/{rel}","templated":true}]}}