{"id":5751,"date":"2021-07-13T12:50:27","date_gmt":"2021-07-13T09:50:27","guid":{"rendered":"https:\/\/portaltest.atauni.edu.tr\/bilgisayar-muhendisligi\/?page_id=5751"},"modified":"2021-08-27T15:49:39","modified_gmt":"2021-08-27T12:49:39","slug":"lisansustu-ders-listesi","status":"publish","type":"page","link":"https:\/\/atauni.edu.tr\/yabanci-diller-egitimi-bolumu\/lisansustu-ders-listesi\/","title":{"rendered":"Ders Listesi"},"content":{"rendered":"\t\t<div data-elementor-type=\"wp-page\" data-elementor-id=\"5751\" class=\"elementor elementor-5751\" data-elementor-post-type=\"page\">\n\t\t\t\t\t\t<section class=\"elementor-section elementor-top-section elementor-element elementor-element-730d320 elementor-section-boxed elementor-section-height-default elementor-section-height-default\" data-id=\"730d320\" data-element_type=\"section\">\n\t\t\t\t\t\t<div class=\"elementor-container elementor-column-gap-default\">\n\t\t\t\t\t<div class=\"elementor-column elementor-col-100 elementor-top-column elementor-element elementor-element-753d0860\" data-id=\"753d0860\" data-element_type=\"column\">\n\t\t\t<div class=\"elementor-widget-wrap\">\n\t\t\t\t\t\t\t<\/div>\n\t\t<\/div>\n\t\t\t\t\t<\/div>\n\t\t<\/section>\n\t\t\t\t<section class=\"elementor-section elementor-top-section elementor-element elementor-element-9be811a elementor-section-boxed elementor-section-height-default elementor-section-height-default\" data-id=\"9be811a\" data-element_type=\"section\">\n\t\t\t\t\t\t<div class=\"elementor-container elementor-column-gap-default\">\n\t\t\t\t\t<div class=\"elementor-column elementor-col-100 elementor-top-column elementor-element elementor-element-1ed847b7\" data-id=\"1ed847b7\" data-element_type=\"column\">\n\t\t\t<div class=\"elementor-widget-wrap elementor-element-populated\">\n\t\t\t\t\t\t<div class=\"elementor-element elementor-element-4ce0d07f elementor-widget elementor-widget-heading\" data-id=\"4ce0d07f\" data-element_type=\"widget\" data-widget_type=\"heading.default\">\n\t\t\t\t<div class=\"elementor-widget-container\">\n\t\t\t\t\t<h2 class=\"elementor-heading-title elementor-size-default\">Lisans\u00fcst\u00fc Ders Listesi<\/h2>\t\t\t\t<\/div>\n\t\t\t\t<\/div>\n\t\t\t\t<div class=\"elementor-element elementor-element-63260862 elementor-widget-divider--view-line elementor-widget elementor-widget-divider\" data-id=\"63260862\" data-element_type=\"widget\" data-widget_type=\"divider.default\">\n\t\t\t\t<div class=\"elementor-widget-container\">\n\t\t\t\t\t\t\t<div class=\"elementor-divider\">\n\t\t\t<span class=\"elementor-divider-separator\">\n\t\t\t\t\t\t<\/span>\n\t\t<\/div>\n\t\t\t\t\t\t<\/div>\n\t\t\t\t<\/div>\n\t\t\t\t\t<\/div>\n\t\t<\/div>\n\t\t\t\t\t<\/div>\n\t\t<\/section>\n\t\t\t\t<section class=\"elementor-section elementor-top-section elementor-element elementor-element-6a5b7ef elementor-section-boxed elementor-section-height-default elementor-section-height-default\" data-id=\"6a5b7ef\" data-element_type=\"section\">\n\t\t\t\t\t\t<div class=\"elementor-container elementor-column-gap-default\">\n\t\t\t\t\t<div class=\"elementor-column elementor-col-100 elementor-top-column elementor-element elementor-element-ce70762\" data-id=\"ce70762\" data-element_type=\"column\">\n\t\t\t<div class=\"elementor-widget-wrap elementor-element-populated\">\n\t\t\t\t\t\t<div class=\"elementor-element elementor-element-b780842 elementor-widget elementor-widget-text-editor\" data-id=\"b780842\" data-element_type=\"widget\" data-widget_type=\"text-editor.default\">\n\t\t\t\t<div class=\"elementor-widget-container\">\n\t\t\t\t\t\t\t\t\t<p>Atat\u00fcrk \u00dcniversitesi Yabanc\u0131 Diller E\u011fitimi B\u00f6l\u00fcm\u00fc, \u00f6\u011frencilere geni\u015f bir yelpazede dil e\u011fitimi olanaklar\u0131 sunar. B\u00f6l\u00fcm\u00fcn ders listesi, yabanc\u0131 dil \u00f6\u011frenimi i\u00e7in temel ve ileri seviyelerde \u00e7e\u015fitli se\u00e7enekler i\u00e7erir.<\/p>\n<p>Dersler aras\u0131nda genel olarak \u0130ngilizce, Almanca, Frans\u0131zca gibi yayg\u0131n dillerin yan\u0131 s\u0131ra \u0130spanyolca, \u0130talyanca, \u00c7ince gibi daha \u00f6zel dillere y\u00f6nelik e\u011fitim bulunur. Ayr\u0131ca dil \u00f6\u011fretim metodolojisi, dil bilimi ve k\u00fclt\u00fcrler aras\u0131 ileti\u015fim konular\u0131nda dersler de mevcuttur.<\/p>\n<p>\u00d6\u011frenciler, ilgi ve yeteneklerine g\u00f6re farkl\u0131 seviyelerde ve t\u00fcrlerdeki dil derslerini se\u00e7ebilirler. B\u00f6ylece her \u00f6\u011frenci, kendi \u00f6\u011frenme hedefine uygun bir \u015fekilde dil becerilerini geli\u015ftirebilir. B\u00f6l\u00fcm\u00fcn amac\u0131, \u00f6\u011frencilere sadece dil bilgisi de\u011fil, ayn\u0131 zamanda k\u00fclt\u00fcrel fark\u0131ndal\u0131k ve ileti\u015fim becerileri kazand\u0131rmakt\u0131r.<\/p>\n<p>Ders listesinde genellikle a\u015fa\u011f\u0131daki gibi ba\u015fl\u0131klar bulunur:<\/p>\n<ul>\n  <li>Temel Dil Becerileri: Okuma, yazma, konu\u015fma ve dinleme becerilerini geli\u015ftiren dersler<\/li>\n  <li>Dil Bilgisi: Gramer kurallar\u0131, kelime hazinesi gibi dilin yap\u0131s\u0131n\u0131 anlatan dersler<\/li>\n  <li>Konu\u015fma ve \u0130leti\u015fim: Pratik konu\u015fma al\u0131\u015ft\u0131rmalar\u0131 ve ileti\u015fim teknikleri i\u00e7eren dersler<\/li>\n  <li>Dil ve K\u00fclt\u00fcr: Dil \u00f6\u011frenimiyle birlikte k\u00fclt\u00fcrel \u00f6zellikler ve gelenekleri tan\u0131tan dersler<\/li>\n  <li>\u00d6zel Ama\u00e7l\u0131 Dil Dersleri: \u0130\u015f, turizm, bilim gibi alanlara \u00f6zg\u00fc dil kullan\u0131m\u0131 dersleri<\/li>\n<\/ul>\n<p>Bu \u00e7e\u015fitlilik, \u00f6\u011frencilerin ihtiya\u00e7 ve ilgi duyduklar\u0131 alanlarda uzmanla\u015fmalar\u0131na olanak tan\u0131r. Atat\u00fcrk \u00dcniversitesi Yabanc\u0131 Diller E\u011fitimi B\u00f6l\u00fcm\u00fc, dil e\u011fitimi alan\u0131nda zengin bir i\u00e7erik sunarak \u00f6\u011frencilere geni\u015f bir yelpaze bietet.<\/p>\t\t\t\t\t\t\t\t<\/div>\n\t\t\t\t<\/div>\n\t\t\t\t\t<\/div>\n\t\t<\/div>\n\t\t\t\t\t<\/div>\n\t\t<\/section>\n\t\t\t\t<\/div>\n\t\t","protected":false},"excerpt":{"rendered":"<p>Lisans\u00fcst\u00fc Ders Listesi Lorem Ipsum Nedir? Lorem Ipsum, dizgi ve bask\u0131 end\u00fcstrisinde kullan\u0131lan m\u0131g\u0131r metinlerdir. Lorem Ipsum, ad\u0131 bilinmeyen bir matbaac\u0131n\u0131n bir hurufat numune kitab\u0131 olu\u015fturmak \u00fczere bir yaz\u0131 galerisini alarak kar\u0131\u015ft\u0131rd\u0131\u011f\u0131 1500&#8217;lerden beri end\u00fcstri standard\u0131 sahte metinler olarak kullan\u0131lm\u0131\u015ft\u0131r. Be\u015fy\u00fcz y\u0131l boyunca varl\u0131\u011f\u0131n\u0131 s\u00fcrd\u00fcrmekle kalmam\u0131\u015f, ayn\u0131 zamanda pek de\u011fi\u015fmeden elektronik dizgiye de s\u0131\u00e7ram\u0131\u015ft\u0131r. 1960&#8217;larda [&hellip;]<\/p>\n","protected":false},"author":1,"featured_media":0,"parent":0,"menu_order":0,"comment_status":"closed","ping_status":"closed","template":"elementor_header_footer","meta":{"footnotes":""},"class_list":["post-5751","page","type-page","status-publish","hentry"],"_links":{"self":[{"href":"https:\/\/atauni.edu.tr\/yabanci-diller-egitimi-bolumu\/wp-json\/wp\/v2\/pages\/5751","targetHints":{"allow":["GET"]}}],"collection":[{"href":"https:\/\/atauni.edu.tr\/yabanci-diller-egitimi-bolumu\/wp-json\/wp\/v2\/pages"}],"about":[{"href":"https:\/\/atauni.edu.tr\/yabanci-diller-egitimi-bolumu\/wp-json\/wp\/v2\/types\/page"}],"author":[{"embeddable":true,"href":"https:\/\/atauni.edu.tr\/yabanci-diller-egitimi-bolumu\/wp-json\/wp\/v2\/users\/1"}],"replies":[{"embeddable":true,"href":"https:\/\/atauni.edu.tr\/yabanci-diller-egitimi-bolumu\/wp-json\/wp\/v2\/comments?post=5751"}],"version-history":[{"count":11,"href":"https:\/\/atauni.edu.tr\/yabanci-diller-egitimi-bolumu\/wp-json\/wp\/v2\/pages\/5751\/revisions"}],"predecessor-version":[{"id":6097,"href":"https:\/\/atauni.edu.tr\/yabanci-diller-egitimi-bolumu\/wp-json\/wp\/v2\/pages\/5751\/revisions\/6097"}],"wp:attachment":[{"href":"https:\/\/atauni.edu.tr\/yabanci-diller-egitimi-bolumu\/wp-json\/wp\/v2\/media?parent=5751"}],"curies":[{"name":"wp","href":"https:\/\/api.w.org\/{rel}","templated":true}]}}