{"id":5791,"date":"2021-07-13T13:07:15","date_gmt":"2021-07-13T10:07:15","guid":{"rendered":"https:\/\/portaltest.atauni.edu.tr\/bilgisayar-muhendisligi\/?page_id=5791"},"modified":"2021-08-27T15:49:32","modified_gmt":"2021-08-27T12:49:32","slug":"staj","status":"publish","type":"page","link":"https:\/\/atauni.edu.tr\/yabanci-diller-egitimi-bolumu\/staj\/","title":{"rendered":"Staj"},"content":{"rendered":"\t\t<div data-elementor-type=\"wp-page\" data-elementor-id=\"5791\" class=\"elementor elementor-5791\" data-elementor-post-type=\"page\">\n\t\t\t\t\t\t<section class=\"elementor-section elementor-top-section elementor-element elementor-element-730d320 elementor-section-boxed elementor-section-height-default elementor-section-height-default\" data-id=\"730d320\" data-element_type=\"section\">\n\t\t\t\t\t\t<div class=\"elementor-container elementor-column-gap-default\">\n\t\t\t\t\t<div class=\"elementor-column elementor-col-100 elementor-top-column elementor-element elementor-element-753d0860\" data-id=\"753d0860\" data-element_type=\"column\">\n\t\t\t<div class=\"elementor-widget-wrap\">\n\t\t\t\t\t\t\t<\/div>\n\t\t<\/div>\n\t\t\t\t\t<\/div>\n\t\t<\/section>\n\t\t\t\t<section class=\"elementor-section elementor-top-section elementor-element elementor-element-9be811a elementor-section-boxed elementor-section-height-default elementor-section-height-default\" data-id=\"9be811a\" data-element_type=\"section\">\n\t\t\t\t\t\t<div class=\"elementor-container elementor-column-gap-default\">\n\t\t\t\t\t<div class=\"elementor-column elementor-col-100 elementor-top-column elementor-element elementor-element-1ed847b7\" data-id=\"1ed847b7\" data-element_type=\"column\">\n\t\t\t<div class=\"elementor-widget-wrap elementor-element-populated\">\n\t\t\t\t\t\t<div class=\"elementor-element elementor-element-4ce0d07f elementor-widget elementor-widget-heading\" data-id=\"4ce0d07f\" data-element_type=\"widget\" data-widget_type=\"heading.default\">\n\t\t\t\t<div class=\"elementor-widget-container\">\n\t\t\t\t\t<h2 class=\"elementor-heading-title elementor-size-default\">Staj<\/h2>\t\t\t\t<\/div>\n\t\t\t\t<\/div>\n\t\t\t\t<div class=\"elementor-element elementor-element-63260862 elementor-widget-divider--view-line elementor-widget elementor-widget-divider\" data-id=\"63260862\" data-element_type=\"widget\" data-widget_type=\"divider.default\">\n\t\t\t\t<div class=\"elementor-widget-container\">\n\t\t\t\t\t\t\t<div class=\"elementor-divider\">\n\t\t\t<span class=\"elementor-divider-separator\">\n\t\t\t\t\t\t<\/span>\n\t\t<\/div>\n\t\t\t\t\t\t<\/div>\n\t\t\t\t<\/div>\n\t\t\t\t\t<\/div>\n\t\t<\/div>\n\t\t\t\t\t<\/div>\n\t\t<\/section>\n\t\t\t\t<section class=\"elementor-section elementor-top-section elementor-element elementor-element-10e8347 elementor-section-boxed elementor-section-height-default elementor-section-height-default\" data-id=\"10e8347\" data-element_type=\"section\">\n\t\t\t\t\t\t<div class=\"elementor-container elementor-column-gap-default\">\n\t\t\t\t\t<div class=\"elementor-column elementor-col-100 elementor-top-column elementor-element elementor-element-795ab05\" data-id=\"795ab05\" data-element_type=\"column\">\n\t\t\t<div class=\"elementor-widget-wrap elementor-element-populated\">\n\t\t\t\t\t\t<div class=\"elementor-element elementor-element-4524745 elementor-widget elementor-widget-text-editor\" data-id=\"4524745\" data-element_type=\"widget\" data-widget_type=\"text-editor.default\">\n\t\t\t\t<div class=\"elementor-widget-container\">\n\t\t\t\t\t\t\t\t\t<html>\n<p>Atat\u00fcrk \u00dcniversitesi Yabanc\u0131 Diller E\u011fitimi B\u00f6l\u00fcm\u00fc \u00f6\u011frencileri i\u00e7in staj, mesleki deneyim kazanma ve \u00f6\u011fretim s\u00fcre\u00e7lerinde \u00f6nemli bir yer tutar. Staj programlar\u0131, \u00f6\u011frencilerin teorik bilgilerini pratikte uygulama f\u0131rsat\u0131 sunar ve gelecekteki meslek ya\u015famlar\u0131 i\u00e7in gerekli becerileri geli\u015ftirmelerine yard\u0131mc\u0131 olur.<\/p>\n\n<p>Staj s\u00fcresince \u00f6\u011frenciler, dil e\u011fitimine ili\u015fkin \u00e7e\u015fitli faaliyetlerde g\u00f6rev alabilirler. Bunlara \u00f6rnek olarak dil laboratuvarlar\u0131nda \u00e7al\u0131\u015fma, dil \u00f6\u011fretim materyallerinin haz\u0131rlanmas\u0131, dil s\u0131navlar\u0131n\u0131n d\u00fczenlenmesi ve yabanc\u0131 dil derslerine kat\u0131l\u0131m gibi activities g\u00f6sterilebilir. Bu deneyimler, \u00f6\u011frencilerin ileti\u015fim becerilerini g\u00fc\u00e7lendirir, tak\u0131m \u00e7al\u0131\u015fmas\u0131na yatk\u0131n olmalar\u0131n\u0131 sa\u011flar ve problem \u00e7\u00f6zme yeteneklerini geli\u015ftirir.<\/p>\n\n<p>Atat\u00fcrk \u00dcniversitesi Yabanc\u0131 Diller E\u011fitimi B\u00f6l\u00fcm\u00fc staj programlar\u0131n\u0131n amac\u0131, \u00f6\u011frencilere ger\u00e7ek bir e\u011fitim ortam\u0131nda deneyim kazand\u0131rmak ve onlar\u0131 gelecekteki rollerine haz\u0131rlamakt\u0131r. Bu ama\u00e7la, \u00fcniversite \u00e7e\u015fitli kurum ve kurulu\u015flar ile i\u015fbirlikleri yapabilir. \u00d6\u011frenciler busayede farkl\u0131 e\u011fitim ortamlar\u0131na adapte olma f\u0131rsat\u0131 bulurlar ve kendi alanlar\u0131nda uzmanla\u015farak kendilerini geli\u015ftirirler.<\/p>\n\n<p>Staj programlar\u0131 ayr\u0131ca \u00f6\u011frencilere, yabanc\u0131lara dil e\u011fitimi verirken kar\u015f\u0131la\u015f\u0131lan sorunlar\u0131 \u00e7\u00f6z\u00fcmleme ve\u521b\u65b0 yakla\u015f\u0131mlar geli\u015ftirme f\u0131rsat\u0131 tan\u0131r. Bu deneyimle birlikte, \u00f6\u011frencilerin e\u011fitimcilik becerileri artar ve yabanc\u0131 dil \u00f6\u011fretiminde etkili metotlar uygulamaya ba\u015flarlar.<\/p>\n\n<p>Sonu\u00e7 olarak, Atat\u00fcrk \u00dcniversitesi Yabanc\u0131 Diller E\u011fitimi B\u00f6l\u00fcm\u00fc staj programlar\u0131, \u00f6\u011frencilere mesleki growth ve ki\u015fisel geli\u015fim i\u00e7in de\u011ferli bir f\u0131rsat sunar. Bu deneyimler, \u00f6\u011frencilerin gelecekte ba\u015far\u0131l\u0131 yabanc\u0131 dil e\u011fitimcileri olmalar\u0131na \u00f6nemli katk\u0131 sa\u011flar.<\/p>\n<\/html>\t\t\t\t\t\t\t\t<\/div>\n\t\t\t\t<\/div>\n\t\t\t\t\t<\/div>\n\t\t<\/div>\n\t\t\t\t\t<\/div>\n\t\t<\/section>\n\t\t\t\t<\/div>\n\t\t","protected":false},"excerpt":{"rendered":"<p>Staj Lorem Ipsum Nedir? Lorem Ipsum, dizgi ve bask\u0131 end\u00fcstrisinde kullan\u0131lan m\u0131g\u0131r metinlerdir. Lorem Ipsum, ad\u0131 bilinmeyen bir matbaac\u0131n\u0131n bir hurufat numune kitab\u0131 olu\u015fturmak \u00fczere bir yaz\u0131 galerisini alarak kar\u0131\u015ft\u0131rd\u0131\u011f\u0131 1500&#8217;lerden beri end\u00fcstri standard\u0131 sahte metinler olarak kullan\u0131lm\u0131\u015ft\u0131r. Be\u015fy\u00fcz y\u0131l boyunca varl\u0131\u011f\u0131n\u0131 s\u00fcrd\u00fcrmekle kalmam\u0131\u015f, ayn\u0131 zamanda pek de\u011fi\u015fmeden elektronik dizgiye de s\u0131\u00e7ram\u0131\u015ft\u0131r. 1960&#8217;larda Lorem Ipsum [&hellip;]<\/p>\n","protected":false},"author":1,"featured_media":0,"parent":0,"menu_order":0,"comment_status":"closed","ping_status":"closed","template":"elementor_header_footer","meta":{"footnotes":""},"class_list":["post-5791","page","type-page","status-publish","hentry"],"_links":{"self":[{"href":"https:\/\/atauni.edu.tr\/yabanci-diller-egitimi-bolumu\/wp-json\/wp\/v2\/pages\/5791","targetHints":{"allow":["GET"]}}],"collection":[{"href":"https:\/\/atauni.edu.tr\/yabanci-diller-egitimi-bolumu\/wp-json\/wp\/v2\/pages"}],"about":[{"href":"https:\/\/atauni.edu.tr\/yabanci-diller-egitimi-bolumu\/wp-json\/wp\/v2\/types\/page"}],"author":[{"embeddable":true,"href":"https:\/\/atauni.edu.tr\/yabanci-diller-egitimi-bolumu\/wp-json\/wp\/v2\/users\/1"}],"replies":[{"embeddable":true,"href":"https:\/\/atauni.edu.tr\/yabanci-diller-egitimi-bolumu\/wp-json\/wp\/v2\/comments?post=5791"}],"version-history":[{"count":8,"href":"https:\/\/atauni.edu.tr\/yabanci-diller-egitimi-bolumu\/wp-json\/wp\/v2\/pages\/5791\/revisions"}],"predecessor-version":[{"id":6094,"href":"https:\/\/atauni.edu.tr\/yabanci-diller-egitimi-bolumu\/wp-json\/wp\/v2\/pages\/5791\/revisions\/6094"}],"wp:attachment":[{"href":"https:\/\/atauni.edu.tr\/yabanci-diller-egitimi-bolumu\/wp-json\/wp\/v2\/media?parent=5791"}],"curies":[{"name":"wp","href":"https:\/\/api.w.org\/{rel}","templated":true}]}}