{"id":5638,"date":"2021-07-13T09:49:25","date_gmt":"2021-07-13T06:49:25","guid":{"rendered":"https:\/\/portaltest.atauni.edu.tr\/bilgisayar-muhendisligi\/?page_id=5638"},"modified":"2022-12-02T15:40:51","modified_gmt":"2022-12-02T12:40:51","slug":"tarihce","status":"publish","type":"page","link":"https:\/\/atauni.edu.tr\/yabanci-diller-yuksekokulu\/tarihce\/","title":{"rendered":"Tarih\u00e7e"},"content":{"rendered":"\t\t<div data-elementor-type=\"wp-page\" data-elementor-id=\"5638\" class=\"elementor elementor-5638\" data-elementor-post-type=\"page\">\n\t\t\t\t\t\t<section class=\"elementor-section elementor-top-section elementor-element elementor-element-730d320 elementor-section-boxed elementor-section-height-default elementor-section-height-default\" data-id=\"730d320\" data-element_type=\"section\">\n\t\t\t\t\t\t<div class=\"elementor-container elementor-column-gap-default\">\n\t\t\t\t\t<div class=\"elementor-column elementor-col-100 elementor-top-column elementor-element elementor-element-753d0860\" data-id=\"753d0860\" data-element_type=\"column\">\n\t\t\t<div class=\"elementor-widget-wrap\">\n\t\t\t\t\t\t\t<\/div>\n\t\t<\/div>\n\t\t\t\t\t<\/div>\n\t\t<\/section>\n\t\t\t\t<section class=\"elementor-section elementor-top-section elementor-element elementor-element-9be811a elementor-section-boxed elementor-section-height-default elementor-section-height-default\" data-id=\"9be811a\" data-element_type=\"section\">\n\t\t\t\t\t\t<div class=\"elementor-container elementor-column-gap-default\">\n\t\t\t\t\t<div class=\"elementor-column elementor-col-100 elementor-top-column elementor-element elementor-element-1ed847b7\" data-id=\"1ed847b7\" data-element_type=\"column\">\n\t\t\t<div class=\"elementor-widget-wrap elementor-element-populated\">\n\t\t\t\t\t\t<div class=\"elementor-element elementor-element-4ce0d07f elementor-widget elementor-widget-heading\" data-id=\"4ce0d07f\" data-element_type=\"widget\" data-widget_type=\"heading.default\">\n\t\t\t\t<div class=\"elementor-widget-container\">\n\t\t\t\t\t<h2 class=\"elementor-heading-title elementor-size-default\">Genel Bilgi<\/h2>\t\t\t\t<\/div>\n\t\t\t\t<\/div>\n\t\t\t\t<div class=\"elementor-element elementor-element-63260862 elementor-widget-divider--view-line elementor-widget elementor-widget-divider\" data-id=\"63260862\" data-element_type=\"widget\" data-widget_type=\"divider.default\">\n\t\t\t\t<div class=\"elementor-widget-container\">\n\t\t\t\t\t\t\t<div class=\"elementor-divider\">\n\t\t\t<span class=\"elementor-divider-separator\">\n\t\t\t\t\t\t<\/span>\n\t\t<\/div>\n\t\t\t\t\t\t<\/div>\n\t\t\t\t<\/div>\n\t\t\t\t\t<\/div>\n\t\t<\/div>\n\t\t\t\t\t<\/div>\n\t\t<\/section>\n\t\t\t\t<section class=\"elementor-section elementor-top-section elementor-element elementor-element-681db8b elementor-section-boxed elementor-section-height-default elementor-section-height-default\" data-id=\"681db8b\" data-element_type=\"section\">\n\t\t\t\t\t\t<div class=\"elementor-container elementor-column-gap-default\">\n\t\t\t\t\t<div class=\"elementor-column elementor-col-100 elementor-top-column elementor-element elementor-element-ad4dac5\" data-id=\"ad4dac5\" data-element_type=\"column\">\n\t\t\t<div class=\"elementor-widget-wrap elementor-element-populated\">\n\t\t\t\t\t\t\t<\/div>\n\t\t<\/div>\n\t\t\t\t\t<\/div>\n\t\t<\/section>\n\t\t\t\t<section class=\"elementor-section elementor-top-section elementor-element elementor-element-b76a458 elementor-section-boxed elementor-section-height-default elementor-section-height-default\" data-id=\"b76a458\" data-element_type=\"section\">\n\t\t\t\t\t\t<div class=\"elementor-container elementor-column-gap-default\">\n\t\t\t\t\t<div class=\"elementor-column elementor-col-100 elementor-top-column elementor-element elementor-element-3f222fe\" data-id=\"3f222fe\" data-element_type=\"column\">\n\t\t\t<div class=\"elementor-widget-wrap elementor-element-populated\">\n\t\t\t\t\t\t<div class=\"elementor-element elementor-element-bfc88cb elementor-widget elementor-widget-text-editor\" data-id=\"bfc88cb\" data-element_type=\"widget\" data-widget_type=\"text-editor.default\">\n\t\t\t\t<div class=\"elementor-widget-container\">\n\t\t\t\t\t\t\t\t\t<p><strong><u>Tarih\u00e7e<\/u><\/strong>: Y\u00fcksekokulumuz 01 Mart 2006 tarihinde kurulmu\u015ftur. E\u011fitim-\u00d6\u011fretim faaliyetlerine 2007-2008 y\u0131l\u0131nda ba\u015flayan birimimiz b\u00fcnyesinde Yabanc\u0131 Diller ve M\u00fctercim-Terc\u00fcmanl\u0131k B\u00f6l\u00fcmleri bulunmaktad\u0131r. G\u00fcncel olarak, dil e\u011fitimine uygun olarak haz\u0131rlanm\u0131\u015f modern s\u0131n\u0131flar\u0131nda Lisans ve Lisans\u00fcst\u00fc dokuz farkl\u0131 \u0130ngilizce program\u0131n Zorunlu ve \u0130ste\u011fe Ba\u011fl\u0131 Haz\u0131rl\u0131k S\u0131n\u0131flar\u0131, \u00fc\u00e7 fak\u00fcltemizde ba\u015flat\u0131lan Temel \u0130ngilizce Program\u0131 ve t\u00fcm programlardaki zorunlu yabanc\u0131 dil (\u0130ngilizce) dersleri y\u00fcr\u00fct\u00fclmektedir.&nbsp; Akademik kadrosunda 3 Dr. \u00d6\u011fr. \u00dcyesi, 8 Dr. \u00d6\u011fr. G\u00f6r, 1 Ar\u015f. G\u00f6r, 25 \u00d6\u011fr. G\u00f6r. (\u0130ngilizce), 1 \u00d6\u011fr. G\u00f6r. (Frans\u0131zca), 5 s\u00f6zle\u015fmeli yabanc\u0131 uyruklu \u00d6\u011fr. G\u00f6r. (Arap\u00e7a) ve 1 misafir \u00d6\u011fr. G\u00f6r. (\u0130ngilizce) yer almaktad\u0131r. \u0130dari kadrosunda ise 1 Y\u00fcksekokul Sekreteri, 4 memur, 1 Teknisyen ve 1 Teknisyen Yrd.,&nbsp; 2 Hizmetli, 1 Bek\u00e7i, 3 S\u00fcrekli \u0130\u015f\u00e7i olmak \u00fczere 13 personeli bulunmaktad\u0131r.<\/p>\t\t\t\t\t\t\t\t<\/div>\n\t\t\t\t<\/div>\n\t\t\t\t\t<\/div>\n\t\t<\/div>\n\t\t\t\t\t<\/div>\n\t\t<\/section>\n\t\t\t\t<\/div>\n\t\t","protected":false},"excerpt":{"rendered":"<p>Genel Bilgi Tarih\u00e7e: Y\u00fcksekokulumuz 01 Mart 2006 tarihinde kurulmu\u015ftur. E\u011fitim-\u00d6\u011fretim faaliyetlerine 2007-2008 y\u0131l\u0131nda ba\u015flayan birimimiz b\u00fcnyesinde Yabanc\u0131 Diller ve M\u00fctercim-Terc\u00fcmanl\u0131k B\u00f6l\u00fcmleri bulunmaktad\u0131r. G\u00fcncel olarak, dil e\u011fitimine uygun olarak haz\u0131rlanm\u0131\u015f modern s\u0131n\u0131flar\u0131nda Lisans ve Lisans\u00fcst\u00fc dokuz farkl\u0131 \u0130ngilizce program\u0131n Zorunlu ve \u0130ste\u011fe Ba\u011fl\u0131 Haz\u0131rl\u0131k S\u0131n\u0131flar\u0131, \u00fc\u00e7 fak\u00fcltemizde ba\u015flat\u0131lan Temel \u0130ngilizce Program\u0131 ve t\u00fcm programlardaki zorunlu yabanc\u0131 [&hellip;]<\/p>\n","protected":false},"author":1,"featured_media":0,"parent":0,"menu_order":0,"comment_status":"closed","ping_status":"closed","template":"","meta":{"footnotes":""},"class_list":["post-5638","page","type-page","status-publish","hentry"],"_links":{"self":[{"href":"https:\/\/atauni.edu.tr\/yabanci-diller-yuksekokulu\/wp-json\/wp\/v2\/pages\/5638","targetHints":{"allow":["GET"]}}],"collection":[{"href":"https:\/\/atauni.edu.tr\/yabanci-diller-yuksekokulu\/wp-json\/wp\/v2\/pages"}],"about":[{"href":"https:\/\/atauni.edu.tr\/yabanci-diller-yuksekokulu\/wp-json\/wp\/v2\/types\/page"}],"author":[{"embeddable":true,"href":"https:\/\/atauni.edu.tr\/yabanci-diller-yuksekokulu\/wp-json\/wp\/v2\/users\/1"}],"replies":[{"embeddable":true,"href":"https:\/\/atauni.edu.tr\/yabanci-diller-yuksekokulu\/wp-json\/wp\/v2\/comments?post=5638"}],"version-history":[{"count":28,"href":"https:\/\/atauni.edu.tr\/yabanci-diller-yuksekokulu\/wp-json\/wp\/v2\/pages\/5638\/revisions"}],"predecessor-version":[{"id":6619,"href":"https:\/\/atauni.edu.tr\/yabanci-diller-yuksekokulu\/wp-json\/wp\/v2\/pages\/5638\/revisions\/6619"}],"wp:attachment":[{"href":"https:\/\/atauni.edu.tr\/yabanci-diller-yuksekokulu\/wp-json\/wp\/v2\/media?parent=5638"}],"curies":[{"name":"wp","href":"https:\/\/api.w.org\/{rel}","templated":true}]}}