{"id":5682,"date":"2021-07-13T10:10:01","date_gmt":"2021-07-13T07:10:01","guid":{"rendered":"https:\/\/portaltest.atauni.edu.tr\/bilgisayar-muhendisligi\/?page_id=5682"},"modified":"2022-12-05T09:24:32","modified_gmt":"2022-12-05T06:24:32","slug":"misyon-vizyon-ve-temel-degerler","status":"publish","type":"page","link":"https:\/\/atauni.edu.tr\/yabanci-diller-yuksekokulu\/misyon-vizyon-ve-temel-degerler\/","title":{"rendered":"Misyon, Vizyon ve Temel De\u011ferler"},"content":{"rendered":"\t\t<div data-elementor-type=\"wp-page\" data-elementor-id=\"5682\" class=\"elementor elementor-5682\" data-elementor-post-type=\"page\">\n\t\t\t\t\t\t<section class=\"elementor-section elementor-top-section elementor-element elementor-element-730d320 elementor-section-boxed elementor-section-height-default elementor-section-height-default\" data-id=\"730d320\" data-element_type=\"section\">\n\t\t\t\t\t\t<div class=\"elementor-container elementor-column-gap-default\">\n\t\t\t\t\t<div class=\"elementor-column elementor-col-100 elementor-top-column elementor-element elementor-element-753d0860\" data-id=\"753d0860\" data-element_type=\"column\">\n\t\t\t<div class=\"elementor-widget-wrap\">\n\t\t\t\t\t\t\t<\/div>\n\t\t<\/div>\n\t\t\t\t\t<\/div>\n\t\t<\/section>\n\t\t\t\t<section class=\"elementor-section elementor-top-section elementor-element elementor-element-9be811a elementor-section-boxed elementor-section-height-default elementor-section-height-default\" data-id=\"9be811a\" data-element_type=\"section\">\n\t\t\t\t\t\t<div class=\"elementor-container elementor-column-gap-default\">\n\t\t\t\t\t<div class=\"elementor-column elementor-col-100 elementor-top-column elementor-element elementor-element-1ed847b7\" data-id=\"1ed847b7\" data-element_type=\"column\">\n\t\t\t<div class=\"elementor-widget-wrap elementor-element-populated\">\n\t\t\t\t\t\t<div class=\"elementor-element elementor-element-4ce0d07f elementor-widget elementor-widget-heading\" data-id=\"4ce0d07f\" data-element_type=\"widget\" data-widget_type=\"heading.default\">\n\t\t\t\t<div class=\"elementor-widget-container\">\n\t\t\t\t\t<h2 class=\"elementor-heading-title elementor-size-default\">Misyon, Vizyon ve Temel De\u011ferler<\/h2>\t\t\t\t<\/div>\n\t\t\t\t<\/div>\n\t\t\t\t<div class=\"elementor-element elementor-element-63260862 elementor-widget-divider--view-line elementor-widget elementor-widget-divider\" data-id=\"63260862\" data-element_type=\"widget\" data-widget_type=\"divider.default\">\n\t\t\t\t<div class=\"elementor-widget-container\">\n\t\t\t\t\t\t\t<div class=\"elementor-divider\">\n\t\t\t<span class=\"elementor-divider-separator\">\n\t\t\t\t\t\t<\/span>\n\t\t<\/div>\n\t\t\t\t\t\t<\/div>\n\t\t\t\t<\/div>\n\t\t\t\t\t<\/div>\n\t\t<\/div>\n\t\t\t\t\t<\/div>\n\t\t<\/section>\n\t\t\t\t<section class=\"elementor-section elementor-top-section elementor-element elementor-element-9516170 elementor-section-boxed elementor-section-height-default elementor-section-height-default\" data-id=\"9516170\" data-element_type=\"section\">\n\t\t\t\t\t\t<div class=\"elementor-container elementor-column-gap-default\">\n\t\t\t\t\t<div class=\"elementor-column elementor-col-100 elementor-top-column elementor-element elementor-element-428087b\" data-id=\"428087b\" data-element_type=\"column\">\n\t\t\t<div class=\"elementor-widget-wrap elementor-element-populated\">\n\t\t\t\t\t\t<div class=\"elementor-element elementor-element-de51c41 elementor-widget elementor-widget-text-editor\" data-id=\"de51c41\" data-element_type=\"widget\" data-widget_type=\"text-editor.default\">\n\t\t\t\t<div class=\"elementor-widget-container\">\n\t\t\t\t\t\t\t\t\t<p><strong><u>Misyon<\/u><\/strong><strong>: <\/strong>Atat\u00fcrk \u00dcniversitesi \u00f6\u011frencilerinin, Avrupa Dilleri Ortak Dil \u00c7er\u00e7eve Program\u0131 (CEFR) \u00f6l\u00e7\u00fctlerine uygun bir dil e\u011fitimi almalar\u0131n\u0131 sa\u011flamakt\u0131r. \u00d6\u011frencilerimizin yabanc\u0131 bir dili s\u00f6zl\u00fc ve yaz\u0131l\u0131 olarak etkin bir bi\u00e7imde kullanabilecekleri bir seviyeye ula\u015fmalar\u0131 i\u00e7in gerekli e\u011fitim-\u00f6\u011fretim i\u00e7eriklerini tasarlamak, tasarlanan i\u00e7eriklerin y\u00fcr\u00fct\u00fclmesini sa\u011flamak, fiziki ve teknolojik altyap\u0131y\u0131 geli\u015ftirmek, \u00f6l\u00e7me-de\u011ferlendirmelerini yapmak ve b\u00f6ylelikle \u00f6\u011frencilerimizin ki\u015fisel, k\u00fclt\u00fcrel, toplumsal ve mesleki geli\u015fimlerine katk\u0131 sunmakt\u0131r.<\/p><p><strong><u>Vizyon<\/u><\/strong><strong>: <\/strong>Atat\u00fcrk \u00dcniversitesinin belirlemi\u015f oldu\u011fu, \u00f6nc\u00fc, yenilik\u00e7i, nitelikli, bilimsel ve \u00e7a\u011fda\u015f e\u011fitim-\u00f6\u011fretim ilkelerine uygun olarak yabanc\u0131 dil e\u011fitim ba\u011flam\u0131nda kurumsal k\u00fclt\u00fcr\u00fc ve kimli\u011fi g\u00fc\u00e7l\u00fc, ulusal ve uluslararas\u0131 alanlarda di\u011fer \u00fcniversitelerle yar\u0131\u015fabilen bir birim olmakt\u0131r.<\/p><p>\u00a0<\/p><p><strong>Y\u00fcksekokulumuzun Temel de\u011ferleri;<\/strong><br \/>-Bilimsellik,<br \/>-Yenilik\u00e7ilik ve Giri\u015fimcilik,<br \/>-Kat\u0131l\u0131mc\u0131l\u0131k ve Payla\u015f\u0131mc\u0131l\u0131k,<br \/>-\u00d6\u011frenme Odakl\u0131l\u0131k,<br \/>-Eme\u011fe sayg\u0131 g\u00f6sterme ve ba\u015far\u0131y\u0131 takdir etme, <br \/>-Ulusal ve evrensel de\u011ferlere ba\u011fl\u0131l\u0131k,<br \/>-Toplumsal, k\u00fclt\u00fcrel, \u00e7evresel ve sanatsal duyarl\u0131l\u0131k<\/p><h6>\u00a0<\/h6>\t\t\t\t\t\t\t\t<\/div>\n\t\t\t\t<\/div>\n\t\t\t\t\t<\/div>\n\t\t<\/div>\n\t\t\t\t\t<\/div>\n\t\t<\/section>\n\t\t\t\t<\/div>\n\t\t","protected":false},"excerpt":{"rendered":"<p>Misyon, Vizyon ve Temel De\u011ferler Misyon: Atat\u00fcrk \u00dcniversitesi \u00f6\u011frencilerinin, Avrupa Dilleri Ortak Dil \u00c7er\u00e7eve Program\u0131 (CEFR) \u00f6l\u00e7\u00fctlerine uygun bir dil e\u011fitimi almalar\u0131n\u0131 sa\u011flamakt\u0131r. \u00d6\u011frencilerimizin yabanc\u0131 bir dili s\u00f6zl\u00fc ve yaz\u0131l\u0131 olarak etkin bir bi\u00e7imde kullanabilecekleri bir seviyeye ula\u015fmalar\u0131 i\u00e7in gerekli e\u011fitim-\u00f6\u011fretim i\u00e7eriklerini tasarlamak, tasarlanan i\u00e7eriklerin y\u00fcr\u00fct\u00fclmesini sa\u011flamak, fiziki ve teknolojik altyap\u0131y\u0131 geli\u015ftirmek, \u00f6l\u00e7me-de\u011ferlendirmelerini yapmak ve [&hellip;]<\/p>\n","protected":false},"author":1,"featured_media":0,"parent":0,"menu_order":0,"comment_status":"closed","ping_status":"closed","template":"elementor_header_footer","meta":{"footnotes":""},"class_list":["post-5682","page","type-page","status-publish","hentry"],"_links":{"self":[{"href":"https:\/\/atauni.edu.tr\/yabanci-diller-yuksekokulu\/wp-json\/wp\/v2\/pages\/5682","targetHints":{"allow":["GET"]}}],"collection":[{"href":"https:\/\/atauni.edu.tr\/yabanci-diller-yuksekokulu\/wp-json\/wp\/v2\/pages"}],"about":[{"href":"https:\/\/atauni.edu.tr\/yabanci-diller-yuksekokulu\/wp-json\/wp\/v2\/types\/page"}],"author":[{"embeddable":true,"href":"https:\/\/atauni.edu.tr\/yabanci-diller-yuksekokulu\/wp-json\/wp\/v2\/users\/1"}],"replies":[{"embeddable":true,"href":"https:\/\/atauni.edu.tr\/yabanci-diller-yuksekokulu\/wp-json\/wp\/v2\/comments?post=5682"}],"version-history":[{"count":23,"href":"https:\/\/atauni.edu.tr\/yabanci-diller-yuksekokulu\/wp-json\/wp\/v2\/pages\/5682\/revisions"}],"predecessor-version":[{"id":6622,"href":"https:\/\/atauni.edu.tr\/yabanci-diller-yuksekokulu\/wp-json\/wp\/v2\/pages\/5682\/revisions\/6622"}],"wp:attachment":[{"href":"https:\/\/atauni.edu.tr\/yabanci-diller-yuksekokulu\/wp-json\/wp\/v2\/media?parent=5682"}],"curies":[{"name":"wp","href":"https:\/\/api.w.org\/{rel}","templated":true}]}}