{"id":6513,"date":"2022-09-07T07:05:58","date_gmt":"2022-09-07T04:05:58","guid":{"rendered":"https:\/\/birimler.atauni.edu.tr\/yabanci-diller-yuksekokulu\/?page_id=6513"},"modified":"2022-09-07T07:29:11","modified_gmt":"2022-09-07T04:29:11","slug":"formlar-ve-dilekceler","status":"publish","type":"page","link":"https:\/\/atauni.edu.tr\/yabanci-diller-yuksekokulu\/formlar-ve-dilekceler\/","title":{"rendered":"Formlar ve Dilek\u00e7eler"},"content":{"rendered":"\t\t<div data-elementor-type=\"wp-page\" data-elementor-id=\"6513\" class=\"elementor elementor-6513\" data-elementor-post-type=\"page\">\n\t\t\t\t\t\t<section class=\"elementor-section elementor-top-section elementor-element elementor-element-a051735 elementor-section-boxed elementor-section-height-default elementor-section-height-default\" data-id=\"a051735\" data-element_type=\"section\">\n\t\t\t\t\t\t<div class=\"elementor-container elementor-column-gap-default\">\n\t\t\t\t\t<div class=\"elementor-column elementor-col-100 elementor-top-column elementor-element elementor-element-d2fc6d6\" data-id=\"d2fc6d6\" data-element_type=\"column\">\n\t\t\t<div class=\"elementor-widget-wrap elementor-element-populated\">\n\t\t\t\t\t\t<div class=\"elementor-element elementor-element-9b0acc9 elementor-widget elementor-widget-text-editor\" data-id=\"9b0acc9\" data-element_type=\"widget\" data-widget_type=\"text-editor.default\">\n\t\t\t\t<div class=\"elementor-widget-container\">\n\t\t\t\t\t\t\t\t\t<p><a href=\"https:\/\/birimler.atauni.edu.tr\/yabanci-diller-yuksekokulu\/wp-content\/uploads\/sites\/34\/2020\/07\/SINAV-NOTU-ITIRAZI-DILEKCESI.docx\">SINAV-NOTU-ITIRAZI-DILEKCESI<\/a><\/p><p><a href=\"https:\/\/birimler.atauni.edu.tr\/yabanci-diller-yuksekokulu\/wp-content\/uploads\/sites\/34\/2020\/07\/MERKEZI-PUAN-ILE-KABUL-EDILEN-OGR.-KESIN-KAYIT-DILEKCESI.docx\">MERKEZ\u0130 PUAN \u0130LE KABUL ED\u0130LEN \u00d6\u011eR. KES\u0130N KAYIT D\u0130LEK\u00c7ES\u0130<\/a><\/p><p><a href=\"https:\/\/birimler.atauni.edu.tr\/yabanci-diller-yuksekokulu\/wp-content\/uploads\/sites\/34\/2020\/07\/MAZERET-SINAVI-BASVURU-DILEKCESI.docx\">MAZERET-SINAVI-BASVURU-DILEKCESI<\/a><\/p><p><a href=\"https:\/\/birimler.atauni.edu.tr\/yabanci-diller-yuksekokulu\/wp-content\/uploads\/sites\/34\/2020\/07\/KAYIT-SILDIRME-DILEKCESI.docx\">KAYIT-SILDIRME-DILEKCESI<\/a><\/p><p><a href=\"https:\/\/birimler.atauni.edu.tr\/yabanci-diller-yuksekokulu\/wp-content\/uploads\/sites\/34\/2020\/07\/KAYIT-DONDURMA-DILEKCESI.docx\">KAYIT-DONDURMA-DILEKCESI<\/a><\/p><p><a href=\"https:\/\/birimler.atauni.edu.tr\/yabanci-diller-yuksekokulu\/wp-content\/uploads\/sites\/34\/2020\/07\/DERS-MUAFIYET-BASVURU-DILEKCESI.docx\">DERS-MUAFIYET-BASVURU-DILEKCESI<\/a><\/p><p><a href=\"https:\/\/birimler.atauni.edu.tr\/yabanci-diller-yuksekokulu\/wp-content\/uploads\/sites\/34\/2020\/07\/AGNO-ILE-YATAY-GECIS-KABUL-EDILEN-OGR.-KESIN-KAYIT-DILEKCESI.docx\">AGNO \u0130LE YATAY GE\u00c7\u0130\u015e KABUL ED\u0130LEN \u00d6\u011eR. KES\u0130N KAYIT D\u0130LEK\u00c7ES\u0130<\/a><\/p>\t\t\t\t\t\t\t\t<\/div>\n\t\t\t\t<\/div>\n\t\t\t\t\t<\/div>\n\t\t<\/div>\n\t\t\t\t\t<\/div>\n\t\t<\/section>\n\t\t\t\t<\/div>\n\t\t","protected":false},"excerpt":{"rendered":"<p>SINAV-NOTU-ITIRAZI-DILEKCESI MERKEZ\u0130 PUAN \u0130LE KABUL ED\u0130LEN \u00d6\u011eR. KES\u0130N KAYIT D\u0130LEK\u00c7ES\u0130 MAZERET-SINAVI-BASVURU-DILEKCESI KAYIT-SILDIRME-DILEKCESI KAYIT-DONDURMA-DILEKCESI DERS-MUAFIYET-BASVURU-DILEKCESI AGNO \u0130LE YATAY GE\u00c7\u0130\u015e KABUL ED\u0130LEN \u00d6\u011eR. KES\u0130N KAYIT D\u0130LEK\u00c7ES\u0130<\/p>\n","protected":false},"author":19,"featured_media":0,"parent":0,"menu_order":0,"comment_status":"closed","ping_status":"closed","template":"","meta":{"footnotes":""},"class_list":["post-6513","page","type-page","status-publish","hentry"],"_links":{"self":[{"href":"https:\/\/atauni.edu.tr\/yabanci-diller-yuksekokulu\/wp-json\/wp\/v2\/pages\/6513","targetHints":{"allow":["GET"]}}],"collection":[{"href":"https:\/\/atauni.edu.tr\/yabanci-diller-yuksekokulu\/wp-json\/wp\/v2\/pages"}],"about":[{"href":"https:\/\/atauni.edu.tr\/yabanci-diller-yuksekokulu\/wp-json\/wp\/v2\/types\/page"}],"author":[{"embeddable":true,"href":"https:\/\/atauni.edu.tr\/yabanci-diller-yuksekokulu\/wp-json\/wp\/v2\/users\/19"}],"replies":[{"embeddable":true,"href":"https:\/\/atauni.edu.tr\/yabanci-diller-yuksekokulu\/wp-json\/wp\/v2\/comments?post=6513"}],"version-history":[{"count":4,"href":"https:\/\/atauni.edu.tr\/yabanci-diller-yuksekokulu\/wp-json\/wp\/v2\/pages\/6513\/revisions"}],"predecessor-version":[{"id":6529,"href":"https:\/\/atauni.edu.tr\/yabanci-diller-yuksekokulu\/wp-json\/wp\/v2\/pages\/6513\/revisions\/6529"}],"wp:attachment":[{"href":"https:\/\/atauni.edu.tr\/yabanci-diller-yuksekokulu\/wp-json\/wp\/v2\/media?parent=6513"}],"curies":[{"name":"wp","href":"https:\/\/api.w.org\/{rel}","templated":true}]}}