{"id":7054,"date":"2025-06-25T11:57:07","date_gmt":"2025-06-25T08:57:07","guid":{"rendered":"https:\/\/birimler.atauni.edu.tr\/yabanci-diller-yuksekokulu\/?page_id=7054"},"modified":"2025-08-13T13:32:30","modified_gmt":"2025-08-13T10:32:30","slug":"duyurular","status":"publish","type":"page","link":"https:\/\/atauni.edu.tr\/yabanci-diller-yuksekokulu\/duyurular\/","title":{"rendered":"Duyurular"},"content":{"rendered":"<form method=\"get\" class=\"row g-3\" style=\"margin-bottom: 20px;\"><div class=\"col-md-3\"><input type=\"text\" name=\"Duyuru_ara\" class=\"form-control\" placeholder=\"Duyuru ara...\" value=\"\"><\/div><div class=\"col-md-3\"><input type=\"date\" name=\"baslangic_tarihi\" class=\"form-control\" value=\"\"><\/div><div class=\"col-md-3\"><input type=\"date\" name=\"bitis_tarihi\" class=\"form-control\" value=\"\"><\/div><div class=\"col-md-3\"><button type=\"submit\" class=\"btn btn-secondary w-50\">Filtrele<\/button><\/div><\/form><ul class=\"kategori-yazilari-liste\"><li style=\"display: flex; margin-bottom: 10px; align-items: center;\"><div class=\"post-content\" style=\"flex-grow: 1;\"><span class=\"post-date Duyurutarih\" style=\"display: block; font-weight: bold; margin-bottom: 5px;\">22 Ekim 2025<\/span><a class=\"Duyurubaslik\" href=\"https:\/\/atauni.edu.tr\/yabanci-diller-yuksekokulu\/ek-yerlestirme-ortak-zorunlu-yabanci-dil-ingilizce-muafiyet-sinavi\/\">Ek Yerle\u015ftirme Ortak Zorunlu Yabanc\u0131 Dil (\u0130ngilizce) Muafiyet s\u0131nav\u0131<\/a><\/div><\/li><li style=\"display: flex; margin-bottom: 10px; align-items: center;\"><div class=\"post-content\" style=\"flex-grow: 1;\"><span class=\"post-date Duyurutarih\" style=\"display: block; font-weight: bold; margin-bottom: 5px;\">29 Eyl\u00fcl 2025<\/span><a class=\"Duyurubaslik\" href=\"https:\/\/atauni.edu.tr\/yabanci-diller-yuksekokulu\/ortak-zorunlu-yabanci-dil-dersi-muafiyet-sinavina-giremeyecek-fakulteler\/\">ORTAK ZORUNLU YABANCI D\u0130L DERS\u0130 MUAF\u0130YET SINAVINA G\u0130REMEYECEK FAK\u00dcLTELER<\/a><\/div><\/li><li style=\"display: flex; margin-bottom: 10px; align-items: center;\"><div class=\"post-content\" style=\"flex-grow: 1;\"><span class=\"post-date Duyurutarih\" style=\"display: block; font-weight: bold; margin-bottom: 5px;\">25 Eyl\u00fcl 2025<\/span><a class=\"Duyurubaslik\" href=\"https:\/\/atauni.edu.tr\/yabanci-diller-yuksekokulu\/2025-hazirlik-siniflari-muafiyet-butunleme-sinav-sonuclari\/\">2025 Haz\u0131rl\u0131k S\u0131n\u0131flar\u0131 Muafiyet\/B\u00fct\u00fcnleme S\u0131nav Sonu\u00e7lar\u0131<\/a><\/div><\/li><li style=\"display: flex; margin-bottom: 10px; align-items: center;\"><div class=\"post-content\" style=\"flex-grow: 1;\"><span class=\"post-date Duyurutarih\" style=\"display: block; font-weight: bold; margin-bottom: 5px;\">23 Eyl\u00fcl 2025<\/span><a class=\"Duyurubaslik\" href=\"https:\/\/atauni.edu.tr\/yabanci-diller-yuksekokulu\/2025-ingilizce-tip-hazirlik-muafiyet-sinav-sonuclari\/\">2025 \u0130ngilizce T\u0131p Haz\u0131rl\u0131k Muafiyet S\u0131nav Sonu\u00e7lar\u0131<\/a><\/div><\/li><\/ul>\n","protected":false},"excerpt":{"rendered":"","protected":false},"author":8,"featured_media":0,"parent":0,"menu_order":0,"comment_status":"closed","ping_status":"closed","template":"","meta":{"footnotes":""},"class_list":["post-7054","page","type-page","status-publish","hentry"],"_links":{"self":[{"href":"https:\/\/atauni.edu.tr\/yabanci-diller-yuksekokulu\/wp-json\/wp\/v2\/pages\/7054","targetHints":{"allow":["GET"]}}],"collection":[{"href":"https:\/\/atauni.edu.tr\/yabanci-diller-yuksekokulu\/wp-json\/wp\/v2\/pages"}],"about":[{"href":"https:\/\/atauni.edu.tr\/yabanci-diller-yuksekokulu\/wp-json\/wp\/v2\/types\/page"}],"author":[{"embeddable":true,"href":"https:\/\/atauni.edu.tr\/yabanci-diller-yuksekokulu\/wp-json\/wp\/v2\/users\/8"}],"replies":[{"embeddable":true,"href":"https:\/\/atauni.edu.tr\/yabanci-diller-yuksekokulu\/wp-json\/wp\/v2\/comments?post=7054"}],"version-history":[{"count":2,"href":"https:\/\/atauni.edu.tr\/yabanci-diller-yuksekokulu\/wp-json\/wp\/v2\/pages\/7054\/revisions"}],"predecessor-version":[{"id":7089,"href":"https:\/\/atauni.edu.tr\/yabanci-diller-yuksekokulu\/wp-json\/wp\/v2\/pages\/7054\/revisions\/7089"}],"wp:attachment":[{"href":"https:\/\/atauni.edu.tr\/yabanci-diller-yuksekokulu\/wp-json\/wp\/v2\/media?parent=7054"}],"curies":[{"name":"wp","href":"https:\/\/api.w.org\/{rel}","templated":true}]}}