{"id":7060,"date":"2025-06-25T11:58:22","date_gmt":"2025-06-25T08:58:22","guid":{"rendered":"https:\/\/birimler.atauni.edu.tr\/yabanci-diller-yuksekokulu\/?page_id=7060"},"modified":"2025-08-13T13:32:42","modified_gmt":"2025-08-13T10:32:42","slug":"haberler","status":"publish","type":"page","link":"https:\/\/atauni.edu.tr\/yabanci-diller-yuksekokulu\/haberler\/","title":{"rendered":"Haberler"},"content":{"rendered":"<form method=\"get\" class=\"row g-3\" style=\"margin-bottom: 20px;\"><div class=\"col-md-3\"><input type=\"text\" name=\"haber_ara\" class=\"form-control\" placeholder=\"Haber ara...\" value=\"\"><\/div><div class=\"col-md-3\"><input type=\"date\" name=\"baslangic_tarihi\" class=\"form-control\" value=\"\"><\/div><div class=\"col-md-3\"><input type=\"date\" name=\"bitis_tarihi\" class=\"form-control\" value=\"\"><\/div><div class=\"col-md-3\"><button type=\"submit\" class=\"btn btn-secondary w-50\">Filtrele<\/button><\/div><\/form><ul class=\"kategori-yazilari-liste\"><li style=\"display: flex; margin-bottom: 10px; align-items: center;\"><div class=\"post-content\" style=\"flex-grow: 1;\"><span class=\"post-date habertarih\" style=\"display: block; font-weight: bold; margin-bottom: 5px;\">1 Aral\u0131k 2025<\/span><a class=\"haberbaslik\" href=\"https:\/\/atauni.edu.tr\/yabanci-diller-yuksekokulu\/tip-fakultesi-dekani-prof-dr-meltem-alkan-melikoglu-yuksekokulumuzu-ziyaret-etti\/\">T\u0131p Fak\u00fcltesi Dekan\u0131 Prof. Dr. Meltem Alkan Meliko\u011flu, Y\u00fcksekokulumuzu Ziyaret Etti<\/a><\/div><\/li><li style=\"display: flex; margin-bottom: 10px; align-items: center;\"><div class=\"post-content\" style=\"flex-grow: 1;\"><span class=\"post-date habertarih\" style=\"display: block; font-weight: bold; margin-bottom: 5px;\">29 Eyl\u00fcl 2025<\/span><a class=\"haberbaslik\" href=\"https:\/\/atauni.edu.tr\/yabanci-diller-yuksekokulu\/melius-journal-of-narrative-and-language-studies-yeni-sayisi-yayinlandi\/\">&#8220;Melius: Journal of Narrative and Language Studies&#8221; Yeni Say\u0131s\u0131 Yay\u0131nland\u0131<\/a><\/div><\/li><\/ul>\n\n\n\n<p><\/p>\n","protected":false},"excerpt":{"rendered":"","protected":false},"author":8,"featured_media":0,"parent":0,"menu_order":0,"comment_status":"closed","ping_status":"closed","template":"","meta":{"footnotes":""},"class_list":["post-7060","page","type-page","status-publish","hentry"],"_links":{"self":[{"href":"https:\/\/atauni.edu.tr\/yabanci-diller-yuksekokulu\/wp-json\/wp\/v2\/pages\/7060","targetHints":{"allow":["GET"]}}],"collection":[{"href":"https:\/\/atauni.edu.tr\/yabanci-diller-yuksekokulu\/wp-json\/wp\/v2\/pages"}],"about":[{"href":"https:\/\/atauni.edu.tr\/yabanci-diller-yuksekokulu\/wp-json\/wp\/v2\/types\/page"}],"author":[{"embeddable":true,"href":"https:\/\/atauni.edu.tr\/yabanci-diller-yuksekokulu\/wp-json\/wp\/v2\/users\/8"}],"replies":[{"embeddable":true,"href":"https:\/\/atauni.edu.tr\/yabanci-diller-yuksekokulu\/wp-json\/wp\/v2\/comments?post=7060"}],"version-history":[{"count":2,"href":"https:\/\/atauni.edu.tr\/yabanci-diller-yuksekokulu\/wp-json\/wp\/v2\/pages\/7060\/revisions"}],"predecessor-version":[{"id":7091,"href":"https:\/\/atauni.edu.tr\/yabanci-diller-yuksekokulu\/wp-json\/wp\/v2\/pages\/7060\/revisions\/7091"}],"wp:attachment":[{"href":"https:\/\/atauni.edu.tr\/yabanci-diller-yuksekokulu\/wp-json\/wp\/v2\/media?parent=7060"}],"curies":[{"name":"wp","href":"https:\/\/api.w.org\/{rel}","templated":true}]}}