{"id":5638,"date":"2021-07-13T09:49:25","date_gmt":"2021-07-13T06:49:25","guid":{"rendered":"https:\/\/portaltest.atauni.edu.tr\/bilgisayar-muhendisligi\/?page_id=5638"},"modified":"2025-12-16T10:49:22","modified_gmt":"2025-12-16T07:49:22","slug":"tarihce","status":"publish","type":"page","link":"https:\/\/atauni.edu.tr\/yapay-zek-ve-makine-ogrenmesi-bolumu\/tarihce\/","title":{"rendered":"Tarih\u00e7e"},"content":{"rendered":"\t\t<div data-elementor-type=\"wp-page\" data-elementor-id=\"5638\" class=\"elementor elementor-5638\" data-elementor-post-type=\"page\">\n\t\t\t\t\t\t<section class=\"elementor-section elementor-top-section elementor-element elementor-element-730d320 elementor-section-boxed elementor-section-height-default elementor-section-height-default\" data-id=\"730d320\" data-element_type=\"section\">\n\t\t\t\t\t\t<div class=\"elementor-container elementor-column-gap-default\">\n\t\t\t\t\t<div class=\"elementor-column elementor-col-100 elementor-top-column elementor-element elementor-element-753d0860\" data-id=\"753d0860\" data-element_type=\"column\">\n\t\t\t<div class=\"elementor-widget-wrap\">\n\t\t\t\t\t\t\t<\/div>\n\t\t<\/div>\n\t\t\t\t\t<\/div>\n\t\t<\/section>\n\t\t\t\t<section class=\"elementor-section elementor-top-section elementor-element elementor-element-9be811a elementor-section-boxed elementor-section-height-default elementor-section-height-default\" data-id=\"9be811a\" data-element_type=\"section\">\n\t\t\t\t\t\t<div class=\"elementor-container elementor-column-gap-default\">\n\t\t\t\t\t<div class=\"elementor-column elementor-col-100 elementor-top-column elementor-element elementor-element-1ed847b7\" data-id=\"1ed847b7\" data-element_type=\"column\">\n\t\t\t<div class=\"elementor-widget-wrap elementor-element-populated\">\n\t\t\t\t\t\t<div class=\"elementor-element elementor-element-4ce0d07f elementor-widget elementor-widget-heading\" data-id=\"4ce0d07f\" data-element_type=\"widget\" data-widget_type=\"heading.default\">\n\t\t\t\t<div class=\"elementor-widget-container\">\n\t\t\t\t\t<h2 class=\"elementor-heading-title elementor-size-default\">Tarih\u00e7e<\/h2>\t\t\t\t<\/div>\n\t\t\t\t<\/div>\n\t\t\t\t<div class=\"elementor-element elementor-element-63260862 elementor-widget-divider--view-line elementor-widget elementor-widget-divider\" data-id=\"63260862\" data-element_type=\"widget\" data-widget_type=\"divider.default\">\n\t\t\t\t<div class=\"elementor-widget-container\">\n\t\t\t\t\t\t\t<div class=\"elementor-divider\">\n\t\t\t<span class=\"elementor-divider-separator\">\n\t\t\t\t\t\t<\/span>\n\t\t<\/div>\n\t\t\t\t\t\t<\/div>\n\t\t\t\t<\/div>\n\t\t\t\t\t<\/div>\n\t\t<\/div>\n\t\t\t\t\t<\/div>\n\t\t<\/section>\n\t\t\t\t<section class=\"elementor-section elementor-top-section elementor-element elementor-element-681db8b elementor-section-boxed elementor-section-height-default elementor-section-height-default\" data-id=\"681db8b\" data-element_type=\"section\">\n\t\t\t\t\t\t<div class=\"elementor-container elementor-column-gap-default\">\n\t\t\t\t\t<div class=\"elementor-column elementor-col-100 elementor-top-column elementor-element elementor-element-ad4dac5\" data-id=\"ad4dac5\" data-element_type=\"column\">\n\t\t\t<div class=\"elementor-widget-wrap elementor-element-populated\">\n\t\t\t\t\t\t<div class=\"elementor-element elementor-element-2f96b3d elementor-widget elementor-widget-text-editor\" data-id=\"2f96b3d\" data-element_type=\"widget\" data-widget_type=\"text-editor.default\">\n\t\t\t\t<div class=\"elementor-widget-container\">\n\t\t\t\t\t\t\t\t\t<p><strong>K\u00f6kl\u00fc \u00c7\u0131nar\u0131n En Yeni Filizi<\/strong><\/p><p>\u00a0 B\u00f6l\u00fcm\u00fcm\u00fcz, Atat\u00fcrk \u00dcniversitesi\u2019nin yar\u0131m asr\u0131 a\u015fan akademik birikimi ve disiplini \u00fczerine in\u015fa edilmi\u015ftir. \u00dcniversitemizin bilimsel miras\u0131n\u0131, 21. y\u00fczy\u0131l\u0131n en devrimsel teknolojisi olan Yapay Zeka ile birle\u015ftirerek kurulan b\u00f6l\u00fcm\u00fcm\u00fcz;\u00a0<\/p><p>\u00a0 Yapay zek\u00e2 ve makine \u00f6\u011frenmesinin h\u0131zl\u0131 geli\u015fimi ile paralel olarak \u015fekillenmi\u015ftir. \u00dcniversitesi i\u00e7erisinde di\u011fer b\u00f6l\u00fcmlerle i\u015fbirli\u011fi i\u00e7erisinde hareket etmeyi hedeflemi\u015ftir.<\/p><p>\u00a0 Yapay zek\u00e2 ve makine \u00f6\u011frenmesi alan\u0131ndaki geli\u015fmeleri yak\u0131ndan takip eden b\u00f6l\u00fcm, \u00f6\u011frencilerine teorik ve pratik e\u011fitim olanaklar\u0131 sunmaktad\u0131r. Bu sayede, mezunlar\u0131n sekt\u00f6rde ihtiya\u00e7 duyulan uzmanl\u0131klara sahip olmas\u0131 ama\u00e7lanmaktad\u0131r.<\/p><p>\u00a0 B\u00f6l\u00fcm\u00fcn \u00f6\u011fretim \u00fcyeleri, yapay zek\u00e2 ve makine \u00f6\u011frenmesi konular\u0131nda uzmanla\u015fm\u0131\u015f akademisyenlerden olu\u015fmaktad\u0131r. \u00d6\u011fretim \u00fcyeleri, alan\u0131ndaki g\u00fcncel geli\u015fmeleri takip etmeyi s\u00fcrd\u00fcrmekte ve \u00f6\u011frencilere en yeni bilgileri aktarmaya \u00f6zen g\u00f6stermektedir.<\/p><p>\u00a0 Erzurum&#8217;dan d\u00fcnyaya a\u00e7\u0131lan bir teknoloji k\u00f6pr\u00fcs\u00fc olma amac\u0131yla e\u011fitim hayat\u0131na ba\u015flam\u0131\u015ft\u0131r. <strong>Bizim tarihimiz hen\u00fcz yeni yaz\u0131l\u0131yor ve bu tarihi ilk \u00f6\u011frencilerimizle birlikte \u015fekillendiriyoruz.<\/strong><\/p><p>\u00a0<\/p>\t\t\t\t\t\t\t\t<\/div>\n\t\t\t\t<\/div>\n\t\t\t\t\t<\/div>\n\t\t<\/div>\n\t\t\t\t\t<\/div>\n\t\t<\/section>\n\t\t\t\t<\/div>\n\t\t","protected":false},"excerpt":{"rendered":"<p>Tarih\u00e7e K\u00f6kl\u00fc \u00c7\u0131nar\u0131n En Yeni Filizi \u00a0 B\u00f6l\u00fcm\u00fcm\u00fcz, Atat\u00fcrk \u00dcniversitesi\u2019nin yar\u0131m asr\u0131 a\u015fan akademik birikimi ve disiplini \u00fczerine in\u015fa edilmi\u015ftir. \u00dcniversitemizin bilimsel miras\u0131n\u0131, 21. y\u00fczy\u0131l\u0131n en devrimsel teknolojisi olan Yapay Zeka ile birle\u015ftirerek kurulan b\u00f6l\u00fcm\u00fcm\u00fcz;\u00a0 \u00a0 Yapay zek\u00e2 ve makine \u00f6\u011frenmesinin h\u0131zl\u0131 geli\u015fimi ile paralel olarak \u015fekillenmi\u015ftir. \u00dcniversitesi i\u00e7erisinde di\u011fer b\u00f6l\u00fcmlerle i\u015fbirli\u011fi i\u00e7erisinde hareket etmeyi [&hellip;]<\/p>\n","protected":false},"author":1,"featured_media":0,"parent":0,"menu_order":0,"comment_status":"closed","ping_status":"closed","template":"","meta":{"footnotes":""},"class_list":["post-5638","page","type-page","status-publish","hentry"],"_links":{"self":[{"href":"https:\/\/atauni.edu.tr\/yapay-zek-ve-makine-ogrenmesi-bolumu\/wp-json\/wp\/v2\/pages\/5638","targetHints":{"allow":["GET"]}}],"collection":[{"href":"https:\/\/atauni.edu.tr\/yapay-zek-ve-makine-ogrenmesi-bolumu\/wp-json\/wp\/v2\/pages"}],"about":[{"href":"https:\/\/atauni.edu.tr\/yapay-zek-ve-makine-ogrenmesi-bolumu\/wp-json\/wp\/v2\/types\/page"}],"author":[{"embeddable":true,"href":"https:\/\/atauni.edu.tr\/yapay-zek-ve-makine-ogrenmesi-bolumu\/wp-json\/wp\/v2\/users\/1"}],"replies":[{"embeddable":true,"href":"https:\/\/atauni.edu.tr\/yapay-zek-ve-makine-ogrenmesi-bolumu\/wp-json\/wp\/v2\/comments?post=5638"}],"version-history":[{"count":25,"href":"https:\/\/atauni.edu.tr\/yapay-zek-ve-makine-ogrenmesi-bolumu\/wp-json\/wp\/v2\/pages\/5638\/revisions"}],"predecessor-version":[{"id":6272,"href":"https:\/\/atauni.edu.tr\/yapay-zek-ve-makine-ogrenmesi-bolumu\/wp-json\/wp\/v2\/pages\/5638\/revisions\/6272"}],"wp:attachment":[{"href":"https:\/\/atauni.edu.tr\/yapay-zek-ve-makine-ogrenmesi-bolumu\/wp-json\/wp\/v2\/media?parent=5638"}],"curies":[{"name":"wp","href":"https:\/\/api.w.org\/{rel}","templated":true}]}}