{"id":5728,"date":"2021-07-13T11:33:38","date_gmt":"2021-07-13T08:33:38","guid":{"rendered":"https:\/\/portaltest.atauni.edu.tr\/bilgisayar-muhendisligi\/?page_id=5728"},"modified":"2025-01-14T16:06:29","modified_gmt":"2025-01-14T13:06:29","slug":"bolum-tanitimi","status":"publish","type":"page","link":"https:\/\/atauni.edu.tr\/yapay-zek-ve-makine-ogrenmesi-bolumu\/bolum-tanitimi\/","title":{"rendered":"B\u00f6l\u00fcm Tan\u0131t\u0131m\u0131"},"content":{"rendered":"\t\t<div data-elementor-type=\"wp-page\" data-elementor-id=\"5728\" class=\"elementor elementor-5728\" data-elementor-post-type=\"page\">\n\t\t\t\t\t\t<section class=\"elementor-section elementor-top-section elementor-element elementor-element-730d320 elementor-section-boxed elementor-section-height-default elementor-section-height-default\" data-id=\"730d320\" data-element_type=\"section\">\n\t\t\t\t\t\t<div class=\"elementor-container elementor-column-gap-default\">\n\t\t\t\t\t<div class=\"elementor-column elementor-col-100 elementor-top-column elementor-element elementor-element-753d0860\" data-id=\"753d0860\" data-element_type=\"column\">\n\t\t\t<div class=\"elementor-widget-wrap\">\n\t\t\t\t\t\t\t<\/div>\n\t\t<\/div>\n\t\t\t\t\t<\/div>\n\t\t<\/section>\n\t\t\t\t<section class=\"elementor-section elementor-top-section elementor-element elementor-element-9be811a elementor-section-boxed elementor-section-height-default elementor-section-height-default\" data-id=\"9be811a\" data-element_type=\"section\">\n\t\t\t\t\t\t<div class=\"elementor-container elementor-column-gap-default\">\n\t\t\t\t\t<div class=\"elementor-column elementor-col-100 elementor-top-column elementor-element elementor-element-1ed847b7\" data-id=\"1ed847b7\" data-element_type=\"column\">\n\t\t\t<div class=\"elementor-widget-wrap elementor-element-populated\">\n\t\t\t\t\t\t<div class=\"elementor-element elementor-element-4ce0d07f elementor-widget elementor-widget-heading\" data-id=\"4ce0d07f\" data-element_type=\"widget\" data-widget_type=\"heading.default\">\n\t\t\t\t<div class=\"elementor-widget-container\">\n\t\t\t\t\t<h2 class=\"elementor-heading-title elementor-size-default\">B\u00f6l\u00fcm Tan\u0131t\u0131m\u0131<\/h2>\t\t\t\t<\/div>\n\t\t\t\t<\/div>\n\t\t\t\t<div class=\"elementor-element elementor-element-63260862 elementor-widget-divider--view-line elementor-widget elementor-widget-divider\" data-id=\"63260862\" data-element_type=\"widget\" data-widget_type=\"divider.default\">\n\t\t\t\t<div class=\"elementor-widget-container\">\n\t\t\t\t\t\t\t<div class=\"elementor-divider\">\n\t\t\t<span class=\"elementor-divider-separator\">\n\t\t\t\t\t\t<\/span>\n\t\t<\/div>\n\t\t\t\t\t\t<\/div>\n\t\t\t\t<\/div>\n\t\t\t\t\t<\/div>\n\t\t<\/div>\n\t\t\t\t\t<\/div>\n\t\t<\/section>\n\t\t\t\t<section class=\"elementor-section elementor-top-section elementor-element elementor-element-681db8b elementor-section-boxed elementor-section-height-default elementor-section-height-default\" data-id=\"681db8b\" data-element_type=\"section\">\n\t\t\t\t\t\t<div class=\"elementor-container elementor-column-gap-default\">\n\t\t\t\t\t<div class=\"elementor-column elementor-col-100 elementor-top-column elementor-element elementor-element-ad4dac5\" data-id=\"ad4dac5\" data-element_type=\"column\">\n\t\t\t<div class=\"elementor-widget-wrap elementor-element-populated\">\n\t\t\t\t\t\t<div class=\"elementor-element elementor-element-2f96b3d elementor-widget elementor-widget-text-editor\" data-id=\"2f96b3d\" data-element_type=\"widget\" data-widget_type=\"text-editor.default\">\n\t\t\t\t<div class=\"elementor-widget-container\">\n\t\t\t\t\t\t\t\t\t<p>Atat\u00fcrk \u00dcniversitesi Yapay Zeka ve Makine \u00d6\u011frenmesi B\u00f6l\u00fcm\u00fc, h\u0131zla dijitalle\u015fen ve veri odakl\u0131 hale gelen d\u00fcnyam\u0131z\u0131n ihtiya\u00e7lar\u0131na yan\u0131t vermek amac\u0131yla kurulmu\u015ftur. B\u00f6l\u00fcm\u00fcm\u00fcz, yapay zeka teknolojileri ve makine \u00f6\u011frenmesi alan\u0131nda hem teorik hem de uygulamal\u0131 e\u011fitim sunarak, bu alanda uzman bireyler yeti\u015ftirmeyi hedeflemektedir.<\/p><p>Yapay zeka ve makine \u00f6\u011frenmesi, g\u00fcn\u00fcm\u00fczde sa\u011fl\u0131k, e\u011fitim, enerji, tar\u0131m, m\u00fchendislik ve sanayi gibi bir\u00e7ok sekt\u00f6rde devrim niteli\u011finde de\u011fi\u015fimlere \u00f6nc\u00fcl\u00fck etmektedir. Bu do\u011frultuda, b\u00f6l\u00fcm\u00fcm\u00fcz\u00fcn akademik programlar\u0131, \u00f6\u011frencilere geni\u015f bir bilgi taban\u0131 sunarken, ayn\u0131 zamanda ger\u00e7ek d\u00fcnya problemlerine yenilik\u00e7i \u00e7\u00f6z\u00fcmler geli\u015ftirme becerisi kazand\u0131rmay\u0131 ama\u00e7lamaktad\u0131r.<\/p><p>B\u00f6l\u00fcm\u00fcm\u00fcz, nitelikli akademik kadrosu ve geli\u015fmi\u015f laboratuvar altyap\u0131s\u0131yla \u00f6\u011frencilere g\u00fc\u00e7l\u00fc bir e\u011fitim deneyimi sa\u011flamaktad\u0131r. Multidisipliner yakla\u015f\u0131m\u0131m\u0131z sayesinde \u00f6\u011frenciler, yaln\u0131zca yapay zeka ve makine \u00f6\u011frenmesi algoritmalar\u0131n\u0131 \u00f6\u011frenmekle kalmaz, ayn\u0131 zamanda bu teknolojileri farkl\u0131 alanlarda etkili bir \u015fekilde kullanmay\u0131 da \u00f6\u011frenir.<\/p><p><strong>B\u00f6l\u00fcm\u00fcm\u00fcz\u00fcn \u00d6ne \u00c7\u0131kan \u00d6zellikleri:<\/strong><\/p><ul><li>Yapay zeka ve makine \u00f6\u011frenmesi alan\u0131nda ileri d\u00fczey e\u011fitim m\u00fcfredat\u0131.<\/li><li>Uygulamal\u0131 projeler ve sekt\u00f6rle i\u015f birli\u011fine dayal\u0131 \u00e7al\u0131\u015fma f\u0131rsatlar\u0131.<\/li><li>Ara\u015ft\u0131rma odakl\u0131 yakla\u015f\u0131m\u0131 destekleyen modern laboratuvar ve yaz\u0131l\u0131m altyap\u0131s\u0131.<\/li><li>\u00c7e\u015fitli sekt\u00f6rlerle i\u015f birli\u011fi yaparak \u00f6\u011frencilerin ger\u00e7ek d\u00fcnya deneyimi kazanmalar\u0131n\u0131 sa\u011flayan staj ve kariyer imkanlar\u0131.<\/li><li>Etik, \u00e7evresel ve sosyal sorumluluk bilinciyle teknoloji geli\u015ftirme vizyonu.<\/li><\/ul><p>Atat\u00fcrk \u00dcniversitesi Yapay Zeka ve Makine \u00d6\u011frenmesi B\u00f6l\u00fcm\u00fc, bilgiye dayal\u0131 bir gelecek in\u015fa etmek isteyen \u00f6\u011frenciler i\u00e7in ideal bir akademik ortam sunar. B\u00f6l\u00fcm\u00fcm\u00fczden mezun olan \u00f6\u011frenciler, yenilik\u00e7i \u00e7\u00f6z\u00fcmler \u00fcreten liderler ve k\u00fcresel \u00f6l\u00e7ekte rekabet edebilen uzmanlar olarak topluma de\u011fer katacakt\u0131r.<\/p>\t\t\t\t\t\t\t\t<\/div>\n\t\t\t\t<\/div>\n\t\t\t\t\t<\/div>\n\t\t<\/div>\n\t\t\t\t\t<\/div>\n\t\t<\/section>\n\t\t\t\t<\/div>\n\t\t","protected":false},"excerpt":{"rendered":"<p>B\u00f6l\u00fcm Tan\u0131t\u0131m\u0131 Atat\u00fcrk \u00dcniversitesi Yapay Zeka ve Makine \u00d6\u011frenmesi B\u00f6l\u00fcm\u00fc, h\u0131zla dijitalle\u015fen ve veri odakl\u0131 hale gelen d\u00fcnyam\u0131z\u0131n ihtiya\u00e7lar\u0131na yan\u0131t vermek amac\u0131yla kurulmu\u015ftur. B\u00f6l\u00fcm\u00fcm\u00fcz, yapay zeka teknolojileri ve makine \u00f6\u011frenmesi alan\u0131nda hem teorik hem de uygulamal\u0131 e\u011fitim sunarak, bu alanda uzman bireyler yeti\u015ftirmeyi hedeflemektedir. Yapay zeka ve makine \u00f6\u011frenmesi, g\u00fcn\u00fcm\u00fczde sa\u011fl\u0131k, e\u011fitim, enerji, tar\u0131m, m\u00fchendislik [&hellip;]<\/p>\n","protected":false},"author":1,"featured_media":0,"parent":0,"menu_order":0,"comment_status":"closed","ping_status":"closed","template":"elementor_header_footer","meta":{"footnotes":""},"class_list":["post-5728","page","type-page","status-publish","hentry"],"_links":{"self":[{"href":"https:\/\/atauni.edu.tr\/yapay-zek-ve-makine-ogrenmesi-bolumu\/wp-json\/wp\/v2\/pages\/5728","targetHints":{"allow":["GET"]}}],"collection":[{"href":"https:\/\/atauni.edu.tr\/yapay-zek-ve-makine-ogrenmesi-bolumu\/wp-json\/wp\/v2\/pages"}],"about":[{"href":"https:\/\/atauni.edu.tr\/yapay-zek-ve-makine-ogrenmesi-bolumu\/wp-json\/wp\/v2\/types\/page"}],"author":[{"embeddable":true,"href":"https:\/\/atauni.edu.tr\/yapay-zek-ve-makine-ogrenmesi-bolumu\/wp-json\/wp\/v2\/users\/1"}],"replies":[{"embeddable":true,"href":"https:\/\/atauni.edu.tr\/yapay-zek-ve-makine-ogrenmesi-bolumu\/wp-json\/wp\/v2\/comments?post=5728"}],"version-history":[{"count":11,"href":"https:\/\/atauni.edu.tr\/yapay-zek-ve-makine-ogrenmesi-bolumu\/wp-json\/wp\/v2\/pages\/5728\/revisions"}],"predecessor-version":[{"id":6189,"href":"https:\/\/atauni.edu.tr\/yapay-zek-ve-makine-ogrenmesi-bolumu\/wp-json\/wp\/v2\/pages\/5728\/revisions\/6189"}],"wp:attachment":[{"href":"https:\/\/atauni.edu.tr\/yapay-zek-ve-makine-ogrenmesi-bolumu\/wp-json\/wp\/v2\/media?parent=5728"}],"curies":[{"name":"wp","href":"https:\/\/api.w.org\/{rel}","templated":true}]}}