{"id":5751,"date":"2021-07-13T12:50:27","date_gmt":"2021-07-13T09:50:27","guid":{"rendered":"https:\/\/portaltest.atauni.edu.tr\/bilgisayar-muhendisligi\/?page_id=5751"},"modified":"2025-12-09T17:37:58","modified_gmt":"2025-12-09T14:37:58","slug":"lisansustu-ders-listesi","status":"publish","type":"page","link":"https:\/\/atauni.edu.tr\/yapay-zek-ve-makine-ogrenmesi-bolumu\/lisansustu-ders-listesi\/","title":{"rendered":"Ders Listesi"},"content":{"rendered":"\t\t<div data-elementor-type=\"wp-page\" data-elementor-id=\"5751\" class=\"elementor elementor-5751\" data-elementor-post-type=\"page\">\n\t\t\t\t\t\t<section class=\"elementor-section elementor-top-section elementor-element elementor-element-730d320 elementor-section-boxed elementor-section-height-default elementor-section-height-default\" data-id=\"730d320\" data-element_type=\"section\">\n\t\t\t\t\t\t<div class=\"elementor-container elementor-column-gap-default\">\n\t\t\t\t\t<div class=\"elementor-column elementor-col-100 elementor-top-column elementor-element elementor-element-753d0860\" data-id=\"753d0860\" data-element_type=\"column\">\n\t\t\t<div class=\"elementor-widget-wrap\">\n\t\t\t\t\t\t\t<\/div>\n\t\t<\/div>\n\t\t\t\t\t<\/div>\n\t\t<\/section>\n\t\t\t\t<section class=\"elementor-section elementor-top-section elementor-element elementor-element-9be811a elementor-section-boxed elementor-section-height-default elementor-section-height-default\" data-id=\"9be811a\" data-element_type=\"section\">\n\t\t\t\t\t\t<div class=\"elementor-container elementor-column-gap-default\">\n\t\t\t\t\t<div class=\"elementor-column elementor-col-100 elementor-top-column elementor-element elementor-element-1ed847b7\" data-id=\"1ed847b7\" data-element_type=\"column\">\n\t\t\t<div class=\"elementor-widget-wrap elementor-element-populated\">\n\t\t\t\t\t\t<div class=\"elementor-element elementor-element-4ce0d07f elementor-widget elementor-widget-heading\" data-id=\"4ce0d07f\" data-element_type=\"widget\" data-widget_type=\"heading.default\">\n\t\t\t\t<div class=\"elementor-widget-container\">\n\t\t\t\t\t<h2 class=\"elementor-heading-title elementor-size-default\">Lisans\u00fcst\u00fc Ders Listesi<\/h2>\t\t\t\t<\/div>\n\t\t\t\t<\/div>\n\t\t\t\t<div class=\"elementor-element elementor-element-63260862 elementor-widget-divider--view-line elementor-widget elementor-widget-divider\" data-id=\"63260862\" data-element_type=\"widget\" data-widget_type=\"divider.default\">\n\t\t\t\t<div class=\"elementor-widget-container\">\n\t\t\t\t\t\t\t<div class=\"elementor-divider\">\n\t\t\t<span class=\"elementor-divider-separator\">\n\t\t\t\t\t\t<\/span>\n\t\t<\/div>\n\t\t\t\t\t\t<\/div>\n\t\t\t\t<\/div>\n\t\t\t\t\t<\/div>\n\t\t<\/div>\n\t\t\t\t\t<\/div>\n\t\t<\/section>\n\t\t\t\t<section class=\"elementor-section elementor-top-section elementor-element elementor-element-6a5b7ef elementor-section-boxed elementor-section-height-default elementor-section-height-default\" data-id=\"6a5b7ef\" data-element_type=\"section\">\n\t\t\t\t\t\t<div class=\"elementor-container elementor-column-gap-default\">\n\t\t\t\t\t<div class=\"elementor-column elementor-col-100 elementor-top-column elementor-element elementor-element-ce70762\" data-id=\"ce70762\" data-element_type=\"column\">\n\t\t\t<div class=\"elementor-widget-wrap elementor-element-populated\">\n\t\t\t\t\t\t<div class=\"elementor-element elementor-element-b780842 elementor-widget elementor-widget-text-editor\" data-id=\"b780842\" data-element_type=\"widget\" data-widget_type=\"text-editor.default\">\n\t\t\t\t<div class=\"elementor-widget-container\">\n\t\t\t\t\t\t\t\t\t\n\n<h2>Ders Listesi<\/h2>\n<p>Atat\u00fcrk \u00dcniversitesi Yapay Zek\u00e2 ve Makine \u00d6\u011frenmesi B\u00f6l\u00fcm\u00fc, \u00f6\u011frencilerine geni\u015f bir yelpazede ders se\u00e7ene\u011fi sunar. B\u00f6l\u00fcm\u00fcn dersleri, teorik ve pratik bilgileri i\u00e7erecek \u015fekilde tasarlan\u0131r.<\/p>\n<p>Bu b\u00f6l\u00fcmde verilen baz\u0131 temel dersler aras\u0131nda:<\/p>\n<ul>\n  <li>Yapay Zek\u00e2 Temelleri<\/li>\n  <li>Makine \u00d6\u011frenmesi Algoritmalar\u0131<\/li>\n  <li>Derin \u00d6\u011frenme Teknikleri<\/li>\n  <li>Veri Madencili\u011fi ve Analizi<\/li>\n  <li>Bilgisayarl\u0131 G\u00f6r\u00fc ve \u0130\u015fleme<\/li>\n  <li>Dojan Ak\u0131\u015fkanlar\u0131 ve Uygulamalar\u0131<\/li>\n<\/ul>\n<p>Bu derslerin yan\u0131 s\u0131ra, \u00f6\u011frencilere b\u00f6l\u00fcm\u00fcn uzmanl\u0131k alanlar\u0131na g\u00f6re \u00e7e\u015fitli se\u00e7meli dersler de sunulur. \u00d6\u011frenciler, ilgi ve yeteneklerine g\u00f6re bu dersleri se\u00e7erek kendilerini geli\u015ftirebilir.<\/p>\n<p>Atat\u00fcrk \u00dcniversitesi Yapay Zek\u00e2 ve Makine \u00d6\u011frenmesi B\u00f6l\u00fcm\u00fc, \u00f6\u011frencilerinin e\u011fitimini desteklemek i\u00e7in laboratuvar \u00e7al\u0131\u015fmalar\u0131, proje bazl\u0131 \u00f6\u011frenme ve uygulamal\u0131 \u00f6\u011fretim y\u00f6nt\t\t\t\t\t\t\t\t<\/div>\n\t\t\t\t<\/div>\n\t\t\t\t\t<\/div>\n\t\t<\/div>\n\t\t\t\t\t<\/div>\n\t\t<\/section>\n\t\t\t\t<\/div>\n\t\t","protected":false},"excerpt":{"rendered":"<p>Lisans\u00fcst\u00fc Ders Listesi Ders Listesi Atat\u00fcrk \u00dcniversitesi Yapay Zek\u00e2 ve Makine \u00d6\u011frenmesi B\u00f6l\u00fcm\u00fc, \u00f6\u011frencilerine geni\u015f bir yelpazede ders se\u00e7ene\u011fi sunar. B\u00f6l\u00fcm\u00fcn dersleri, teorik ve pratik bilgileri i\u00e7erecek \u015fekilde tasarlan\u0131r. Bu b\u00f6l\u00fcmde verilen baz\u0131 temel dersler aras\u0131nda: Yapay Zek\u00e2 Temelleri Makine \u00d6\u011frenmesi Algoritmalar\u0131 Derin \u00d6\u011frenme Teknikleri Veri Madencili\u011fi ve Analizi Bilgisayarl\u0131 G\u00f6r\u00fc ve \u0130\u015fleme Dojan Ak\u0131\u015fkanlar\u0131 [&hellip;]<\/p>\n","protected":false},"author":1,"featured_media":0,"parent":0,"menu_order":0,"comment_status":"closed","ping_status":"closed","template":"elementor_header_footer","meta":{"footnotes":""},"class_list":["post-5751","page","type-page","status-publish","hentry"],"_links":{"self":[{"href":"https:\/\/atauni.edu.tr\/yapay-zek-ve-makine-ogrenmesi-bolumu\/wp-json\/wp\/v2\/pages\/5751","targetHints":{"allow":["GET"]}}],"collection":[{"href":"https:\/\/atauni.edu.tr\/yapay-zek-ve-makine-ogrenmesi-bolumu\/wp-json\/wp\/v2\/pages"}],"about":[{"href":"https:\/\/atauni.edu.tr\/yapay-zek-ve-makine-ogrenmesi-bolumu\/wp-json\/wp\/v2\/types\/page"}],"author":[{"embeddable":true,"href":"https:\/\/atauni.edu.tr\/yapay-zek-ve-makine-ogrenmesi-bolumu\/wp-json\/wp\/v2\/users\/1"}],"replies":[{"embeddable":true,"href":"https:\/\/atauni.edu.tr\/yapay-zek-ve-makine-ogrenmesi-bolumu\/wp-json\/wp\/v2\/comments?post=5751"}],"version-history":[{"count":17,"href":"https:\/\/atauni.edu.tr\/yapay-zek-ve-makine-ogrenmesi-bolumu\/wp-json\/wp\/v2\/pages\/5751\/revisions"}],"predecessor-version":[{"id":6255,"href":"https:\/\/atauni.edu.tr\/yapay-zek-ve-makine-ogrenmesi-bolumu\/wp-json\/wp\/v2\/pages\/5751\/revisions\/6255"}],"wp:attachment":[{"href":"https:\/\/atauni.edu.tr\/yapay-zek-ve-makine-ogrenmesi-bolumu\/wp-json\/wp\/v2\/media?parent=5751"}],"curies":[{"name":"wp","href":"https:\/\/api.w.org\/{rel}","templated":true}]}}