{"id":5762,"date":"2021-07-13T12:55:48","date_gmt":"2021-07-13T09:55:48","guid":{"rendered":"https:\/\/portaltest.atauni.edu.tr\/bilgisayar-muhendisligi\/?page_id=5762"},"modified":"2025-12-09T17:37:02","modified_gmt":"2025-12-09T14:37:02","slug":"lisans-ders-listesi","status":"publish","type":"page","link":"https:\/\/atauni.edu.tr\/yapay-zek-ve-makine-ogrenmesi-bolumu\/lisans-ders-listesi\/","title":{"rendered":"Ders Listesi"},"content":{"rendered":"\t\t<div data-elementor-type=\"wp-page\" data-elementor-id=\"5762\" class=\"elementor elementor-5762\" data-elementor-post-type=\"page\">\n\t\t\t\t\t\t<section class=\"elementor-section elementor-top-section elementor-element elementor-element-730d320 elementor-section-boxed elementor-section-height-default elementor-section-height-default\" data-id=\"730d320\" data-element_type=\"section\">\n\t\t\t\t\t\t<div class=\"elementor-container elementor-column-gap-default\">\n\t\t\t\t\t<div class=\"elementor-column elementor-col-100 elementor-top-column elementor-element elementor-element-753d0860\" data-id=\"753d0860\" data-element_type=\"column\">\n\t\t\t<div class=\"elementor-widget-wrap\">\n\t\t\t\t\t\t\t<\/div>\n\t\t<\/div>\n\t\t\t\t\t<\/div>\n\t\t<\/section>\n\t\t\t\t<section class=\"elementor-section elementor-top-section elementor-element elementor-element-9be811a elementor-section-boxed elementor-section-height-default elementor-section-height-default\" data-id=\"9be811a\" data-element_type=\"section\">\n\t\t\t\t\t\t<div class=\"elementor-container elementor-column-gap-default\">\n\t\t\t\t\t<div class=\"elementor-column elementor-col-100 elementor-top-column elementor-element elementor-element-1ed847b7\" data-id=\"1ed847b7\" data-element_type=\"column\">\n\t\t\t<div class=\"elementor-widget-wrap elementor-element-populated\">\n\t\t\t\t\t\t<div class=\"elementor-element elementor-element-4ce0d07f elementor-widget elementor-widget-heading\" data-id=\"4ce0d07f\" data-element_type=\"widget\" data-widget_type=\"heading.default\">\n\t\t\t\t<div class=\"elementor-widget-container\">\n\t\t\t\t\t<h2 class=\"elementor-heading-title elementor-size-default\">Lisans Ders Listesi<\/h2>\t\t\t\t<\/div>\n\t\t\t\t<\/div>\n\t\t\t\t<div class=\"elementor-element elementor-element-63260862 elementor-widget-divider--view-line elementor-widget elementor-widget-divider\" data-id=\"63260862\" data-element_type=\"widget\" data-widget_type=\"divider.default\">\n\t\t\t\t<div class=\"elementor-widget-container\">\n\t\t\t\t\t\t\t<div class=\"elementor-divider\">\n\t\t\t<span class=\"elementor-divider-separator\">\n\t\t\t\t\t\t<\/span>\n\t\t<\/div>\n\t\t\t\t\t\t<\/div>\n\t\t\t\t<\/div>\n\t\t\t\t\t<\/div>\n\t\t<\/div>\n\t\t\t\t\t<\/div>\n\t\t<\/section>\n\t\t\t\t<section class=\"elementor-section elementor-top-section elementor-element elementor-element-ff12562 elementor-section-boxed elementor-section-height-default elementor-section-height-default\" data-id=\"ff12562\" data-element_type=\"section\">\n\t\t\t\t\t\t<div class=\"elementor-container elementor-column-gap-default\">\n\t\t\t\t\t<div class=\"elementor-column elementor-col-100 elementor-top-column elementor-element elementor-element-2aa5f38\" data-id=\"2aa5f38\" data-element_type=\"column\">\n\t\t\t<div class=\"elementor-widget-wrap elementor-element-populated\">\n\t\t\t\t\t\t<div class=\"elementor-element elementor-element-3f6c81d elementor-widget elementor-widget-text-editor\" data-id=\"3f6c81d\" data-element_type=\"widget\" data-widget_type=\"text-editor.default\">\n\t\t\t\t<div class=\"elementor-widget-container\">\n\t\t\t\t\t\t\t\t\t<p>Atat\u00fcrk \u00dcniversitesi Yapay Zek\u00e2 ve Makine \u00d6\u011frenmesi B\u00f6l\u00fcm\u00fc, \u00f6\u011frencilere yapay zek\u00e2 ve makine \u00f6\u011frenmesi alan\u0131nda derinlemesine bir e\u011fitim vermeyi ama\u00e7lar. Ders listesi, bu amac\u0131n ger\u00e7ekle\u015ftirilmesine y\u00f6nelik olarak tasarlan\u0131r.<\/p>\n<p>Dersler, teorik ve pratik bilgilerin entegrasyonunu sa\u011flar. Temel dersler aras\u0131nda veri yap\u0131lar\u0131, algoritmalar, bilgisayar a\u011flar\u0131, veritaban\u0131 sistemleri gibi konular yer al\u0131r.<\/p>\n<p>Yapay zek\u00e2 ve makine \u00f6\u011frenmesi odakl\u0131 derslerde, \u00f6\u011frenciler derin \u00f6\u011frenme teknikleri, do\u011fal dil i\u015fleme, g\u00f6r\u00fcnt\u00fc i\u015fleme, robotik gibi g\u00fcncel ve \u00f6nemli konularda e\u011fitim al\u0131rlar.<\/p>\n<p>Ayr\u0131ca, b\u00f6l\u00fcm\u00fcn sundu\u011fu se\u00e7meli dersler ile \u00f6\u011frencilerin ilgi alanlar\u0131na g\u00f6re uzmanla\u015fmas\u0131na olanak tan\u0131n\u0131r. Proje tabanl\u0131 dersler, \u00f6\u011frencilere ger\u00e7ek d\u00fcnya sorunlar\u0131n\u0131 \u00e7\u00f6zme f\u0131rsat\u0131 tan\u0131yarak pratik deneyim kazand\u0131r\u0131r.<\/p>\n<p>\u00d6\u011frenciler, yapay zek\u00e2 ve makine \u00f6\u011frenmesi uygulamalar\u0131nda kullan\u0131lan programlama dilleri ve ara\u00e7lar\u0131 hakk\u0131nda da detayl\u0131 bilgi sahibi olurlar. B\u00f6l\u00fcm\u00fcn amac\u0131, sekt\u00f6r\u00fcn ihtiya\u00e7 duydu\u011fu donan\u0131ml\u0131 mezunlar yeti\u015ftirmektir.<\/p>\n<p>Ders listesinin i\u00e7eri\u011fi, alan\u0131n geli\u015fimi ve gereksinimleri do\u011frultusunda g\u00fcncellenerek \u00f6\u011frencilerin en g\u00fcncel bilgileri edinmeleri sa\u011flan\u0131r. Atat\u00fcrk \u00dcniversitesi Yapay Zek\u00e2 ve Makine \u00d6\u011frenmesi B\u00f6l\u00fcm\u00fc, bu sayede \u00f6\u011frencilerini futureProof bir \u015fekilde sekt\u00f6re haz\u0131rlar.<\/p>\t\t\t\t\t\t\t\t<\/div>\n\t\t\t\t<\/div>\n\t\t\t\t\t<\/div>\n\t\t<\/div>\n\t\t\t\t\t<\/div>\n\t\t<\/section>\n\t\t\t\t<section class=\"elementor-section elementor-top-section elementor-element elementor-element-f6dbbc4 elementor-section-boxed elementor-section-height-default elementor-section-height-default\" data-id=\"f6dbbc4\" data-element_type=\"section\">\n\t\t\t\t\t\t<div class=\"elementor-container elementor-column-gap-default\">\n\t\t\t\t\t<div class=\"elementor-column elementor-col-100 elementor-top-column elementor-element elementor-element-ffc2687\" data-id=\"ffc2687\" data-element_type=\"column\">\n\t\t\t<div class=\"elementor-widget-wrap elementor-element-populated\">\n\t\t\t\t\t\t<div class=\"elementor-element elementor-element-0a686e9 elementor-widget elementor-widget-pdf_viewer\" data-id=\"0a686e9\" data-element_type=\"widget\" data-widget_type=\"pdf_viewer.default\">\n\t\t\t\t<div class=\"elementor-widget-container\">\n\t\t\t\t\t<iframe src=\"https:\/\/docs.google.com\/viewer?url=https:\/\/birimler.atauni.edu.tr\/yapay-zek-ve-makine-ogrenmesi-bolumu\/wp-content\/uploads\/sites\/785\/2025\/12\/30-UYZ_YAPAY-ZEKA-VE-MAKINE-OGRENMESI_removed.pdf&amp;embedded=true\" style=\"display: block; margin-left: auto; margin-right: auto; width: 640px; height: 1020px;\" frameborder=\"1\" marginheight=\"0px\" marginwidth=\"0px\" allowfullscreen><\/iframe>\t\t\t\t<\/div>\n\t\t\t\t<\/div>\n\t\t\t\t\t<\/div>\n\t\t<\/div>\n\t\t\t\t\t<\/div>\n\t\t<\/section>\n\t\t\t\t<\/div>\n\t\t","protected":false},"excerpt":{"rendered":"<p>Lisans Ders Listesi Atat\u00fcrk \u00dcniversitesi Yapay Zek\u00e2 ve Makine \u00d6\u011frenmesi B\u00f6l\u00fcm\u00fc, \u00f6\u011frencilere yapay zek\u00e2 ve makine \u00f6\u011frenmesi alan\u0131nda derinlemesine bir e\u011fitim vermeyi ama\u00e7lar. Ders listesi, bu amac\u0131n ger\u00e7ekle\u015ftirilmesine y\u00f6nelik olarak tasarlan\u0131r. Dersler, teorik ve pratik bilgilerin entegrasyonunu sa\u011flar. Temel dersler aras\u0131nda veri yap\u0131lar\u0131, algoritmalar, bilgisayar a\u011flar\u0131, veritaban\u0131 sistemleri gibi konular yer al\u0131r. Yapay zek\u00e2 ve [&hellip;]<\/p>\n","protected":false},"author":1,"featured_media":0,"parent":0,"menu_order":0,"comment_status":"closed","ping_status":"closed","template":"elementor_header_footer","meta":{"footnotes":""},"class_list":["post-5762","page","type-page","status-publish","hentry"],"_links":{"self":[{"href":"https:\/\/atauni.edu.tr\/yapay-zek-ve-makine-ogrenmesi-bolumu\/wp-json\/wp\/v2\/pages\/5762","targetHints":{"allow":["GET"]}}],"collection":[{"href":"https:\/\/atauni.edu.tr\/yapay-zek-ve-makine-ogrenmesi-bolumu\/wp-json\/wp\/v2\/pages"}],"about":[{"href":"https:\/\/atauni.edu.tr\/yapay-zek-ve-makine-ogrenmesi-bolumu\/wp-json\/wp\/v2\/types\/page"}],"author":[{"embeddable":true,"href":"https:\/\/atauni.edu.tr\/yapay-zek-ve-makine-ogrenmesi-bolumu\/wp-json\/wp\/v2\/users\/1"}],"replies":[{"embeddable":true,"href":"https:\/\/atauni.edu.tr\/yapay-zek-ve-makine-ogrenmesi-bolumu\/wp-json\/wp\/v2\/comments?post=5762"}],"version-history":[{"count":14,"href":"https:\/\/atauni.edu.tr\/yapay-zek-ve-makine-ogrenmesi-bolumu\/wp-json\/wp\/v2\/pages\/5762\/revisions"}],"predecessor-version":[{"id":6252,"href":"https:\/\/atauni.edu.tr\/yapay-zek-ve-makine-ogrenmesi-bolumu\/wp-json\/wp\/v2\/pages\/5762\/revisions\/6252"}],"wp:attachment":[{"href":"https:\/\/atauni.edu.tr\/yapay-zek-ve-makine-ogrenmesi-bolumu\/wp-json\/wp\/v2\/media?parent=5762"}],"curies":[{"name":"wp","href":"https:\/\/api.w.org\/{rel}","templated":true}]}}