{"id":5800,"date":"2021-07-13T13:12:45","date_gmt":"2021-07-13T10:12:45","guid":{"rendered":"https:\/\/portaltest.atauni.edu.tr\/bilgisayar-muhendisligi\/?page_id=5800"},"modified":"2021-08-27T15:49:23","modified_gmt":"2021-08-27T12:49:23","slug":"bitirme-projeleri","status":"publish","type":"page","link":"https:\/\/atauni.edu.tr\/yapay-zek-ve-makine-ogrenmesi-bolumu\/bitirme-projeleri\/","title":{"rendered":"Bitirme Projeleri"},"content":{"rendered":"\t\t<div data-elementor-type=\"wp-page\" data-elementor-id=\"5800\" class=\"elementor elementor-5800\" data-elementor-post-type=\"page\">\n\t\t\t\t\t\t<section class=\"elementor-section elementor-top-section elementor-element elementor-element-730d320 elementor-section-boxed elementor-section-height-default elementor-section-height-default\" data-id=\"730d320\" data-element_type=\"section\">\n\t\t\t\t\t\t<div class=\"elementor-container elementor-column-gap-default\">\n\t\t\t\t\t<div class=\"elementor-column elementor-col-100 elementor-top-column elementor-element elementor-element-753d0860\" data-id=\"753d0860\" data-element_type=\"column\">\n\t\t\t<div class=\"elementor-widget-wrap\">\n\t\t\t\t\t\t\t<\/div>\n\t\t<\/div>\n\t\t\t\t\t<\/div>\n\t\t<\/section>\n\t\t\t\t<section class=\"elementor-section elementor-top-section elementor-element elementor-element-9be811a elementor-section-boxed elementor-section-height-default elementor-section-height-default\" data-id=\"9be811a\" data-element_type=\"section\">\n\t\t\t\t\t\t<div class=\"elementor-container elementor-column-gap-default\">\n\t\t\t\t\t<div class=\"elementor-column elementor-col-100 elementor-top-column elementor-element elementor-element-1ed847b7\" data-id=\"1ed847b7\" data-element_type=\"column\">\n\t\t\t<div class=\"elementor-widget-wrap elementor-element-populated\">\n\t\t\t\t\t\t<div class=\"elementor-element elementor-element-4ce0d07f elementor-widget elementor-widget-heading\" data-id=\"4ce0d07f\" data-element_type=\"widget\" data-widget_type=\"heading.default\">\n\t\t\t\t<div class=\"elementor-widget-container\">\n\t\t\t\t\t<h2 class=\"elementor-heading-title elementor-size-default\">Bitirme Projeleri<\/h2>\t\t\t\t<\/div>\n\t\t\t\t<\/div>\n\t\t\t\t<div class=\"elementor-element elementor-element-63260862 elementor-widget-divider--view-line elementor-widget elementor-widget-divider\" data-id=\"63260862\" data-element_type=\"widget\" data-widget_type=\"divider.default\">\n\t\t\t\t<div class=\"elementor-widget-container\">\n\t\t\t\t\t\t\t<div class=\"elementor-divider\">\n\t\t\t<span class=\"elementor-divider-separator\">\n\t\t\t\t\t\t<\/span>\n\t\t<\/div>\n\t\t\t\t\t\t<\/div>\n\t\t\t\t<\/div>\n\t\t\t\t\t<\/div>\n\t\t<\/div>\n\t\t\t\t\t<\/div>\n\t\t<\/section>\n\t\t\t\t<section class=\"elementor-section elementor-top-section elementor-element elementor-element-6c18d0b elementor-section-boxed elementor-section-height-default elementor-section-height-default\" data-id=\"6c18d0b\" data-element_type=\"section\">\n\t\t\t\t\t\t<div class=\"elementor-container elementor-column-gap-default\">\n\t\t\t\t\t<div class=\"elementor-column elementor-col-100 elementor-top-column elementor-element elementor-element-5a88ff5\" data-id=\"5a88ff5\" data-element_type=\"column\">\n\t\t\t<div class=\"elementor-widget-wrap elementor-element-populated\">\n\t\t\t\t\t\t<div class=\"elementor-element elementor-element-69d7a2b elementor-widget elementor-widget-accordion\" data-id=\"69d7a2b\" data-element_type=\"widget\" data-widget_type=\"accordion.default\">\n\t\t\t\t<div class=\"elementor-widget-container\">\n\t\t\t\t\t\t\t<div class=\"elementor-accordion\">\n\t\t\t\t\t\t\t<div class=\"elementor-accordion-item\">\n\t\t\t\t\t<div id=\"elementor-tab-title-1101\" class=\"elementor-tab-title\" data-tab=\"1\" role=\"button\" aria-controls=\"elementor-tab-content-1101\" aria-expanded=\"false\">\n\t\t\t\t\t\t\t\t\t\t\t\t\t<span class=\"elementor-accordion-icon elementor-accordion-icon-left\" aria-hidden=\"true\">\n\t\t\t\t\t\t\t\t\t\t\t\t\t\t\t<span class=\"elementor-accordion-icon-closed\"><i class=\"fas fa-plus\"><\/i><\/span>\n\t\t\t\t\t\t\t\t<span class=\"elementor-accordion-icon-opened\"><i class=\"fas fa-minus\"><\/i><\/span>\n\t\t\t\t\t\t\t\t\t\t\t\t\t\t<\/span>\n\t\t\t\t\t\t\t\t\t\t\t\t<a class=\"elementor-accordion-title\" tabindex=\"0\"><html>\n<body>\n<h2>Bitirme Projeleri<\/h2>\n<p>Yapay Zek\u00e2 ve Makine \u00d6\u011frenmesi B\u00f6l\u00fcm\u00fcm\u00fcz\u00fcn amac\u0131, \u00f6\u011frencilerin teorik bilgileri uygulamaya d\u00f6n\u00fc\u015ft\u00fcrebilmelerini sa\u011flamakt\u0131r. Bu ama\u00e7la, \u00f6\u011frencilerimiz \u00e7e\u015fitli bitirme projelerine y\u00f6nlendirilir.<\/p>\n<p>Bitirme projeleri, \u00f6\u011frencilere ger\u00e7ek d\u00fcnya sorunlar\u0131n\u0131 \u00e7\u00f6zme f\u0131rsat\u0131 sunar ve yapay zek\u00e2 ve makine \u00f6\u011frenmesi teknolojilerini uygulamal\u0131 olarak deneyimlemelerini sa\u011flar. Projeler, genellikle g\u00fcncel konulara odaklan\u0131r ve \u00f6\u011frencilerin yarat\u0131c\u0131l\u0131klar\u0131n\u0131 ve \u00e7\u00f6z\u00fcmleme becerilerini geli\u015ftirmelerine yard\u0131mc\u0131 olur.<\/p>\n<p>\u00d6\u011frencilerimiz, bitirme projelerinde \u00e7e\u015fitli ara\u00e7lar ve teknikler kullan\u0131r. Bu ara\u00e7 ve tekniklerin kullan\u0131m\u0131, \u00f6\u011frencilere yapay zek\u00e2 ve makine \u00f6\u011frenmesi alan\u0131ndaki son geli\u015fmeleri takip etme imkan\u0131 tan\u0131r.<\/p>\n<p>Bitirme projelerinin tamamlanmas\u0131, \u00f6\u011frencilerin akademik ve profesyonel geli\u015fimine katk\u0131da bulunur. \u00d6\u011frencilerimiz, bu projeler sayesinde edindikleri deneyim ve bilgilerle sekt\u00f6rde \u00e7al\u0131\u015fmaya haz\u0131r hale gelirler.<\/p>\n<\/body>\n<\/html><\/a>\n\t\t\t\t\t<\/div>\n\t\t\t\t\t<div id=\"elementor-tab-content-1101\" class=\"elementor-tab-content elementor-clearfix\" data-tab=\"1\" role=\"region\" aria-labelledby=\"elementor-tab-title-1101\"><html>\n<body>\n<h2>Bitirme Projeleri<\/h2>\n<p>Yapay Zek\u00e2 ve Makine \u00d6\u011frenmesi B\u00f6l\u00fcm\u00fcm\u00fcz\u00fcn amac\u0131, \u00f6\u011frencilerin teorik bilgileri uygulamaya d\u00f6n\u00fc\u015ft\u00fcrebilmelerini sa\u011flamakt\u0131r. Bu ama\u00e7la, \u00f6\u011frencilerimiz \u00e7e\u015fitli bitirme projelerine y\u00f6nlendirilir.<\/p>\n<p>Bitirme projeleri, \u00f6\u011frencilere ger\u00e7ek d\u00fcnya sorunlar\u0131n\u0131 \u00e7\u00f6zme f\u0131rsat\u0131 sunar ve yapay zek\u00e2 ve makine \u00f6\u011frenmesi teknolojilerini uygulamal\u0131 olarak deneyimlemelerini sa\u011flar. Projeler, genellikle g\u00fcncel konulara odaklan\u0131r ve \u00f6\u011frencilerin yarat\u0131c\u0131l\u0131klar\u0131n\u0131 ve \u00e7\u00f6z\u00fcmleme becerilerini geli\u015ftirmelerine yard\u0131mc\u0131 olur.<\/p>\n<p>\u00d6\u011frencilerimiz, bitirme projelerinde \u00e7e\u015fitli ara\u00e7lar ve teknikler kullan\u0131r. Bu ara\u00e7 ve tekniklerin kullan\u0131m\u0131, \u00f6\u011frencilere yapay zek\u00e2 ve makine \u00f6\u011frenmesi alan\u0131ndaki son geli\u015fmeleri takip etme imkan\u0131 tan\u0131r.<\/p>\n<p>Bitirme projelerinin tamamlanmas\u0131, \u00f6\u011frencilerin akademik ve profesyonel geli\u015fimine katk\u0131da bulunur. \u00d6\u011frencilerimiz, bu projeler sayesinde edindikleri deneyim ve bilgilerle sekt\u00f6rde \u00e7al\u0131\u015fmaya haz\u0131r hale gelirler.<\/p>\n<\/body>\n<\/html><\/div>\n\t\t\t\t<\/div>\n\t\t\t\t\t\t\t<div class=\"elementor-accordion-item\">\n\t\t\t\t\t<div id=\"elementor-tab-title-1102\" class=\"elementor-tab-title\" data-tab=\"2\" role=\"button\" aria-controls=\"elementor-tab-content-1102\" aria-expanded=\"false\">\n\t\t\t\t\t\t\t\t\t\t\t\t\t<span class=\"elementor-accordion-icon elementor-accordion-icon-left\" aria-hidden=\"true\">\n\t\t\t\t\t\t\t\t\t\t\t\t\t\t\t<span class=\"elementor-accordion-icon-closed\"><i class=\"fas fa-plus\"><\/i><\/span>\n\t\t\t\t\t\t\t\t<span class=\"elementor-accordion-icon-opened\"><i class=\"fas fa-minus\"><\/i><\/span>\n\t\t\t\t\t\t\t\t\t\t\t\t\t\t<\/span>\n\t\t\t\t\t\t\t\t\t\t\t\t<a class=\"elementor-accordion-title\" tabindex=\"0\"><html>\n<body>\n<h2>Bitirme Projeleri<\/h2>\n<p>Yapay Zek\u00e2 ve Makine \u00d6\u011frenmesi B\u00f6l\u00fcm\u00fcm\u00fcz\u00fcn amac\u0131, \u00f6\u011frencilerin teorik bilgileri uygulamaya d\u00f6n\u00fc\u015ft\u00fcrebilmelerini sa\u011flamakt\u0131r. Bu ama\u00e7la, \u00f6\u011frencilerimiz \u00e7e\u015fitli bitirme projelerine y\u00f6nlendirilir.<\/p>\n<p>Bitirme projeleri, \u00f6\u011frencilere ger\u00e7ek d\u00fcnya sorunlar\u0131n\u0131 \u00e7\u00f6zme f\u0131rsat\u0131 sunar ve yapay zek\u00e2 ve makine \u00f6\u011frenmesi teknolojilerini uygulamal\u0131 olarak deneyimlemelerini sa\u011flar. Projeler, genellikle g\u00fcncel konulara odaklan\u0131r ve \u00f6\u011frencilerin yarat\u0131c\u0131l\u0131klar\u0131n\u0131 ve \u00e7\u00f6z\u00fcmleme becerilerini geli\u015ftirmelerine yard\u0131mc\u0131 olur.<\/p>\n<p>\u00d6\u011frencilerimiz, bitirme projelerinde \u00e7e\u015fitli ara\u00e7lar ve teknikler kullan\u0131r. Bu ara\u00e7 ve tekniklerin kullan\u0131m\u0131, \u00f6\u011frencilere yapay zek\u00e2 ve makine \u00f6\u011frenmesi alan\u0131ndaki son geli\u015fmeleri takip etme imkan\u0131 tan\u0131r.<\/p>\n<p>Bitirme projelerinin tamamlanmas\u0131, \u00f6\u011frencilerin akademik ve profesyonel geli\u015fimine katk\u0131da bulunur. \u00d6\u011frencilerimiz, bu projeler sayesinde edindikleri deneyim ve bilgilerle sekt\u00f6rde \u00e7al\u0131\u015fmaya haz\u0131r hale gelirler.<\/p>\n<\/body>\n<\/html><\/a>\n\t\t\t\t\t<\/div>\n\t\t\t\t\t<div id=\"elementor-tab-content-1102\" class=\"elementor-tab-content elementor-clearfix\" data-tab=\"2\" role=\"region\" aria-labelledby=\"elementor-tab-title-1102\"><html>\n<body>\n<h2>Bitirme Projeleri<\/h2>\n<p>Yapay Zek\u00e2 ve Makine \u00d6\u011frenmesi B\u00f6l\u00fcm\u00fcm\u00fcz\u00fcn amac\u0131, \u00f6\u011frencilerin teorik bilgileri uygulamaya d\u00f6n\u00fc\u015ft\u00fcrebilmelerini sa\u011flamakt\u0131r. Bu ama\u00e7la, \u00f6\u011frencilerimiz \u00e7e\u015fitli bitirme projelerine y\u00f6nlendirilir.<\/p>\n<p>Bitirme projeleri, \u00f6\u011frencilere ger\u00e7ek d\u00fcnya sorunlar\u0131n\u0131 \u00e7\u00f6zme f\u0131rsat\u0131 sunar ve yapay zek\u00e2 ve makine \u00f6\u011frenmesi teknolojilerini uygulamal\u0131 olarak deneyimlemelerini sa\u011flar. Projeler, genellikle g\u00fcncel konulara odaklan\u0131r ve \u00f6\u011frencilerin yarat\u0131c\u0131l\u0131klar\u0131n\u0131 ve \u00e7\u00f6z\u00fcmleme becerilerini geli\u015ftirmelerine yard\u0131mc\u0131 olur.<\/p>\n<p>\u00d6\u011frencilerimiz, bitirme projelerinde \u00e7e\u015fitli ara\u00e7lar ve teknikler kullan\u0131r. Bu ara\u00e7 ve tekniklerin kullan\u0131m\u0131, \u00f6\u011frencilere yapay zek\u00e2 ve makine \u00f6\u011frenmesi alan\u0131ndaki son geli\u015fmeleri takip etme imkan\u0131 tan\u0131r.<\/p>\n<p>Bitirme projelerinin tamamlanmas\u0131, \u00f6\u011frencilerin akademik ve profesyonel geli\u015fimine katk\u0131da bulunur. \u00d6\u011frencilerimiz, bu projeler sayesinde edindikleri deneyim ve bilgilerle sekt\u00f6rde \u00e7al\u0131\u015fmaya haz\u0131r hale gelirler.<\/p>\n<\/body>\n<\/html><\/div>\n\t\t\t\t<\/div>\n\t\t\t\t\t\t\t\t<\/div>\n\t\t\t\t\t\t<\/div>\n\t\t\t\t<\/div>\n\t\t\t\t\t<\/div>\n\t\t<\/div>\n\t\t\t\t\t<\/div>\n\t\t<\/section>\n\t\t\t\t<\/div>\n\t\t","protected":false},"excerpt":{"rendered":"<p>Bitirme Projeleri Lorem Ipsum &#8211; 2021 Lorem Ipsum Nedir? Lorem Ipsum, dizgi ve bask\u0131 end\u00fcstrisinde kullan\u0131lan m\u0131g\u0131r metinlerdir. Lorem Ipsum, ad\u0131 bilinmeyen bir matbaac\u0131n\u0131n bir hurufat numune kitab\u0131 olu\u015fturmak \u00fczere bir yaz\u0131 galerisini alarak kar\u0131\u015ft\u0131rd\u0131\u011f\u0131 1500&#8217;lerden beri end\u00fcstri standard\u0131 sahte metinler olarak kullan\u0131lm\u0131\u015ft\u0131r. Be\u015fy\u00fcz y\u0131l boyunca varl\u0131\u011f\u0131n\u0131 s\u00fcrd\u00fcrmekle kalmam\u0131\u015f, ayn\u0131 zamanda pek de\u011fi\u015fmeden elektronik dizgiye [&hellip;]<\/p>\n","protected":false},"author":1,"featured_media":0,"parent":0,"menu_order":0,"comment_status":"closed","ping_status":"closed","template":"elementor_header_footer","meta":{"footnotes":""},"class_list":["post-5800","page","type-page","status-publish","hentry"],"_links":{"self":[{"href":"https:\/\/atauni.edu.tr\/yapay-zek-ve-makine-ogrenmesi-bolumu\/wp-json\/wp\/v2\/pages\/5800","targetHints":{"allow":["GET"]}}],"collection":[{"href":"https:\/\/atauni.edu.tr\/yapay-zek-ve-makine-ogrenmesi-bolumu\/wp-json\/wp\/v2\/pages"}],"about":[{"href":"https:\/\/atauni.edu.tr\/yapay-zek-ve-makine-ogrenmesi-bolumu\/wp-json\/wp\/v2\/types\/page"}],"author":[{"embeddable":true,"href":"https:\/\/atauni.edu.tr\/yapay-zek-ve-makine-ogrenmesi-bolumu\/wp-json\/wp\/v2\/users\/1"}],"replies":[{"embeddable":true,"href":"https:\/\/atauni.edu.tr\/yapay-zek-ve-makine-ogrenmesi-bolumu\/wp-json\/wp\/v2\/comments?post=5800"}],"version-history":[{"count":11,"href":"https:\/\/atauni.edu.tr\/yapay-zek-ve-makine-ogrenmesi-bolumu\/wp-json\/wp\/v2\/pages\/5800\/revisions"}],"predecessor-version":[{"id":6091,"href":"https:\/\/atauni.edu.tr\/yapay-zek-ve-makine-ogrenmesi-bolumu\/wp-json\/wp\/v2\/pages\/5800\/revisions\/6091"}],"wp:attachment":[{"href":"https:\/\/atauni.edu.tr\/yapay-zek-ve-makine-ogrenmesi-bolumu\/wp-json\/wp\/v2\/media?parent=5800"}],"curies":[{"name":"wp","href":"https:\/\/api.w.org\/{rel}","templated":true}]}}