{"id":5638,"date":"2021-07-13T09:49:25","date_gmt":"2021-07-13T06:49:25","guid":{"rendered":"https:\/\/portaltest.atauni.edu.tr\/bilgisayar-muhendisligi\/?page_id=5638"},"modified":"2025-07-10T11:05:57","modified_gmt":"2025-07-10T08:05:57","slug":"tarihce","status":"publish","type":"page","link":"https:\/\/atauni.edu.tr\/yapay-zeka-ve-veri-muhendisligi\/tarihce\/","title":{"rendered":"Tarih\u00e7e"},"content":{"rendered":"\t\t<div data-elementor-type=\"wp-page\" data-elementor-id=\"5638\" class=\"elementor elementor-5638\" data-elementor-post-type=\"page\">\n\t\t\t\t\t\t<section class=\"elementor-section elementor-top-section elementor-element elementor-element-730d320 elementor-section-boxed elementor-section-height-default elementor-section-height-default\" data-id=\"730d320\" data-element_type=\"section\">\n\t\t\t\t\t\t<div class=\"elementor-container elementor-column-gap-default\">\n\t\t\t\t\t<div class=\"elementor-column elementor-col-100 elementor-top-column elementor-element elementor-element-753d0860\" data-id=\"753d0860\" data-element_type=\"column\">\n\t\t\t<div class=\"elementor-widget-wrap\">\n\t\t\t\t\t\t\t<\/div>\n\t\t<\/div>\n\t\t\t\t\t<\/div>\n\t\t<\/section>\n\t\t\t\t<section class=\"elementor-section elementor-top-section elementor-element elementor-element-9be811a elementor-section-boxed elementor-section-height-default elementor-section-height-default\" data-id=\"9be811a\" data-element_type=\"section\">\n\t\t\t\t\t\t<div class=\"elementor-container elementor-column-gap-default\">\n\t\t\t\t\t<div class=\"elementor-column elementor-col-100 elementor-top-column elementor-element elementor-element-1ed847b7\" data-id=\"1ed847b7\" data-element_type=\"column\">\n\t\t\t<div class=\"elementor-widget-wrap elementor-element-populated\">\n\t\t\t\t\t\t<div class=\"elementor-element elementor-element-4ce0d07f elementor-widget elementor-widget-heading\" data-id=\"4ce0d07f\" data-element_type=\"widget\" data-widget_type=\"heading.default\">\n\t\t\t\t<div class=\"elementor-widget-container\">\n\t\t\t\t\t<h2 class=\"elementor-heading-title elementor-size-default\">Tarih\u00e7e<\/h2>\t\t\t\t<\/div>\n\t\t\t\t<\/div>\n\t\t\t\t<div class=\"elementor-element elementor-element-63260862 elementor-widget-divider--view-line elementor-widget elementor-widget-divider\" data-id=\"63260862\" data-element_type=\"widget\" data-widget_type=\"divider.default\">\n\t\t\t\t<div class=\"elementor-widget-container\">\n\t\t\t\t\t\t\t<div class=\"elementor-divider\">\n\t\t\t<span class=\"elementor-divider-separator\">\n\t\t\t\t\t\t<\/span>\n\t\t<\/div>\n\t\t\t\t\t\t<\/div>\n\t\t\t\t<\/div>\n\t\t\t\t\t<\/div>\n\t\t<\/div>\n\t\t\t\t\t<\/div>\n\t\t<\/section>\n\t\t\t\t<section class=\"elementor-section elementor-top-section elementor-element elementor-element-44fa27c elementor-section-boxed elementor-section-height-default elementor-section-height-default\" data-id=\"44fa27c\" data-element_type=\"section\">\n\t\t\t\t\t\t<div class=\"elementor-container elementor-column-gap-default\">\n\t\t\t\t\t<div class=\"elementor-column elementor-col-100 elementor-top-column elementor-element elementor-element-4d5254b\" data-id=\"4d5254b\" data-element_type=\"column\">\n\t\t\t<div class=\"elementor-widget-wrap elementor-element-populated\">\n\t\t\t\t\t\t<div class=\"elementor-element elementor-element-ce7aa26 elementor-widget elementor-widget-image\" data-id=\"ce7aa26\" data-element_type=\"widget\" data-widget_type=\"image.default\">\n\t\t\t\t<div class=\"elementor-widget-container\">\n\t\t\t\t\t\t\t\t\t\t\t\t\t\t\t<img fetchpriority=\"high\" decoding=\"async\" width=\"768\" height=\"512\" src=\"https:\/\/atauni.edu.tr\/yapay-zeka-ve-veri-muhendisligi\/wp-content\/uploads\/sites\/779\/2025\/07\/tarihceYeni-768x512.jpg\" class=\"attachment-medium_large size-medium_large wp-image-6975\" alt=\"\" srcset=\"https:\/\/atauni.edu.tr\/yapay-zeka-ve-veri-muhendisligi\/wp-content\/uploads\/sites\/779\/2025\/07\/tarihceYeni-768x512.jpg 768w, https:\/\/atauni.edu.tr\/yapay-zeka-ve-veri-muhendisligi\/wp-content\/uploads\/sites\/779\/2025\/07\/tarihceYeni-300x200.jpg 300w, https:\/\/atauni.edu.tr\/yapay-zeka-ve-veri-muhendisligi\/wp-content\/uploads\/sites\/779\/2025\/07\/tarihceYeni-1024x683.jpg 1024w, https:\/\/atauni.edu.tr\/yapay-zeka-ve-veri-muhendisligi\/wp-content\/uploads\/sites\/779\/2025\/07\/tarihceYeni-1200x800.jpg 1200w, https:\/\/atauni.edu.tr\/yapay-zeka-ve-veri-muhendisligi\/wp-content\/uploads\/sites\/779\/2025\/07\/tarihceYeni-600x400.jpg 600w, https:\/\/atauni.edu.tr\/yapay-zeka-ve-veri-muhendisligi\/wp-content\/uploads\/sites\/779\/2025\/07\/tarihceYeni-560x373.jpg 560w, https:\/\/atauni.edu.tr\/yapay-zeka-ve-veri-muhendisligi\/wp-content\/uploads\/sites\/779\/2025\/07\/tarihceYeni.jpg 1536w\" sizes=\"(max-width: 768px) 100vw, 768px\" \/>\t\t\t\t\t\t\t\t\t\t\t\t\t\t\t<\/div>\n\t\t\t\t<\/div>\n\t\t\t\t\t<\/div>\n\t\t<\/div>\n\t\t\t\t\t<\/div>\n\t\t<\/section>\n\t\t\t\t<section class=\"elementor-section elementor-top-section elementor-element elementor-element-681db8b elementor-section-boxed elementor-section-height-default elementor-section-height-default\" data-id=\"681db8b\" data-element_type=\"section\">\n\t\t\t\t\t\t<div class=\"elementor-container elementor-column-gap-default\">\n\t\t\t\t\t<div class=\"elementor-column elementor-col-100 elementor-top-column elementor-element elementor-element-ad4dac5\" data-id=\"ad4dac5\" data-element_type=\"column\">\n\t\t\t<div class=\"elementor-widget-wrap elementor-element-populated\">\n\t\t\t\t\t\t<div class=\"elementor-element elementor-element-2f96b3d elementor-widget elementor-widget-text-editor\" data-id=\"2f96b3d\" data-element_type=\"widget\" data-widget_type=\"text-editor.default\">\n\t\t\t\t<div class=\"elementor-widget-container\">\n\t\t\t\t\t\t\t\t\t<p data-start=\"139\" data-end=\"412\">Atat\u00fcrk \u00dcniversitesi, dijital \u00e7a\u011f\u0131n ihtiya\u00e7lar\u0131n\u0131 \u00f6ng\u00f6rerek ileri teknoloji alanlar\u0131nda yetkin bireyler yeti\u015ftirmek amac\u0131yla <strong>Yapay Zek\u00e2 ve Veri M\u00fchendisli\u011fi B\u00f6l\u00fcm\u00fcn\u00fc 2023 y\u0131l\u0131 itibar\u0131yla kurmu\u015f, ilk \u00f6\u011frencilerini ise 2024-2025 e\u011fitim-\u00f6\u011fretim y\u0131l\u0131nda kabul etmi\u015ftir.<\/strong><\/p><p data-start=\"414\" data-end=\"837\">B\u00f6l\u00fcm\u00fcm\u00fcz, yapay zek\u00e2 teknolojileri, veri m\u00fchendisli\u011fi, makine \u00f6\u011frenimi, b\u00fcy\u00fck veri analiti\u011fi ve algoritma tasar\u0131m\u0131 gibi g\u00fcncel ve gelece\u011fe d\u00f6n\u00fck alanlarda uzmanla\u015fmak isteyen \u00f6\u011frencilere y\u00f6nelik, disiplinler aras\u0131 bir e\u011fitim yakla\u015f\u0131m\u0131 sunmaktad\u0131r. \u015eu anda aktif olarak s\u00fcrd\u00fcr\u00fclen derslerde \u00f6\u011frenciler, teorik bilgiyle birlikte uygulamal\u0131 projeler ve laboratuvar \u00e7al\u0131\u015fmalar\u0131 arac\u0131l\u0131\u011f\u0131yla sekt\u00f6re haz\u0131r hale getirilmektedir.<\/p><p data-start=\"839\" data-end=\"1172\">Kuruldu\u011fu g\u00fcnden bu yana ama\u00e7, teknolojinin \u015fekillendirdi\u011fi d\u00fcnyada yaln\u0131zca takip eden de\u011fil, \u00e7\u00f6z\u00fcm \u00fcreten, analiz eden ve y\u00f6n veren m\u00fchendisler yeti\u015ftirmektir. Yapay zek\u00e2 ve veri m\u00fchendisli\u011fi gibi stratejik \u00f6neme sahip alanlarda e\u011fitim alan \u00f6\u011frencilerimiz, hem akademik alanda hem de \u00f6zel sekt\u00f6rde \u00f6nemli roller \u00fcstlenmeye adayd\u0131r.<\/p>\t\t\t\t\t\t\t\t<\/div>\n\t\t\t\t<\/div>\n\t\t\t\t\t<\/div>\n\t\t<\/div>\n\t\t\t\t\t<\/div>\n\t\t<\/section>\n\t\t\t\t<\/div>\n\t\t","protected":false},"excerpt":{"rendered":"<p>Tarih\u00e7e Atat\u00fcrk \u00dcniversitesi, dijital \u00e7a\u011f\u0131n ihtiya\u00e7lar\u0131n\u0131 \u00f6ng\u00f6rerek ileri teknoloji alanlar\u0131nda yetkin bireyler yeti\u015ftirmek amac\u0131yla Yapay Zek\u00e2 ve Veri M\u00fchendisli\u011fi B\u00f6l\u00fcm\u00fcn\u00fc 2023 y\u0131l\u0131 itibar\u0131yla kurmu\u015f, ilk \u00f6\u011frencilerini ise 2024-2025 e\u011fitim-\u00f6\u011fretim y\u0131l\u0131nda kabul etmi\u015ftir. B\u00f6l\u00fcm\u00fcm\u00fcz, yapay zek\u00e2 teknolojileri, veri m\u00fchendisli\u011fi, makine \u00f6\u011frenimi, b\u00fcy\u00fck veri analiti\u011fi ve algoritma tasar\u0131m\u0131 gibi g\u00fcncel ve gelece\u011fe d\u00f6n\u00fck alanlarda uzmanla\u015fmak isteyen \u00f6\u011frencilere [&hellip;]<\/p>\n","protected":false},"author":1,"featured_media":0,"parent":0,"menu_order":0,"comment_status":"closed","ping_status":"closed","template":"","meta":{"footnotes":""},"class_list":["post-5638","page","type-page","status-publish","hentry"],"_links":{"self":[{"href":"https:\/\/atauni.edu.tr\/yapay-zeka-ve-veri-muhendisligi\/wp-json\/wp\/v2\/pages\/5638","targetHints":{"allow":["GET"]}}],"collection":[{"href":"https:\/\/atauni.edu.tr\/yapay-zeka-ve-veri-muhendisligi\/wp-json\/wp\/v2\/pages"}],"about":[{"href":"https:\/\/atauni.edu.tr\/yapay-zeka-ve-veri-muhendisligi\/wp-json\/wp\/v2\/types\/page"}],"author":[{"embeddable":true,"href":"https:\/\/atauni.edu.tr\/yapay-zeka-ve-veri-muhendisligi\/wp-json\/wp\/v2\/users\/1"}],"replies":[{"embeddable":true,"href":"https:\/\/atauni.edu.tr\/yapay-zeka-ve-veri-muhendisligi\/wp-json\/wp\/v2\/comments?post=5638"}],"version-history":[{"count":28,"href":"https:\/\/atauni.edu.tr\/yapay-zeka-ve-veri-muhendisligi\/wp-json\/wp\/v2\/pages\/5638\/revisions"}],"predecessor-version":[{"id":6978,"href":"https:\/\/atauni.edu.tr\/yapay-zeka-ve-veri-muhendisligi\/wp-json\/wp\/v2\/pages\/5638\/revisions\/6978"}],"wp:attachment":[{"href":"https:\/\/atauni.edu.tr\/yapay-zeka-ve-veri-muhendisligi\/wp-json\/wp\/v2\/media?parent=5638"}],"curies":[{"name":"wp","href":"https:\/\/api.w.org\/{rel}","templated":true}]}}