{"id":5682,"date":"2021-07-13T10:10:01","date_gmt":"2021-07-13T07:10:01","guid":{"rendered":"https:\/\/portaltest.atauni.edu.tr\/bilgisayar-muhendisligi\/?page_id=5682"},"modified":"2021-08-27T15:48:11","modified_gmt":"2021-08-27T12:48:11","slug":"misyon-vizyon-ve-temel-degerler","status":"publish","type":"page","link":"https:\/\/atauni.edu.tr\/yapay-zeka-ve-veri-muhendisligi\/misyon-vizyon-ve-temel-degerler\/","title":{"rendered":"Misyon, Vizyon ve Temel De\u011ferler"},"content":{"rendered":"\t\t<div data-elementor-type=\"wp-page\" data-elementor-id=\"5682\" class=\"elementor elementor-5682\" data-elementor-post-type=\"page\">\n\t\t\t\t\t\t<section class=\"elementor-section elementor-top-section elementor-element elementor-element-730d320 elementor-section-boxed elementor-section-height-default elementor-section-height-default\" data-id=\"730d320\" data-element_type=\"section\">\n\t\t\t\t\t\t<div class=\"elementor-container elementor-column-gap-default\">\n\t\t\t\t\t<div class=\"elementor-column elementor-col-100 elementor-top-column elementor-element elementor-element-753d0860\" data-id=\"753d0860\" data-element_type=\"column\">\n\t\t\t<div class=\"elementor-widget-wrap\">\n\t\t\t\t\t\t\t<\/div>\n\t\t<\/div>\n\t\t\t\t\t<\/div>\n\t\t<\/section>\n\t\t\t\t<section class=\"elementor-section elementor-top-section elementor-element elementor-element-9be811a elementor-section-boxed elementor-section-height-default elementor-section-height-default\" data-id=\"9be811a\" data-element_type=\"section\">\n\t\t\t\t\t\t<div class=\"elementor-container elementor-column-gap-default\">\n\t\t\t\t\t<div class=\"elementor-column elementor-col-100 elementor-top-column elementor-element elementor-element-1ed847b7\" data-id=\"1ed847b7\" data-element_type=\"column\">\n\t\t\t<div class=\"elementor-widget-wrap elementor-element-populated\">\n\t\t\t\t\t\t<div class=\"elementor-element elementor-element-4ce0d07f elementor-widget elementor-widget-heading\" data-id=\"4ce0d07f\" data-element_type=\"widget\" data-widget_type=\"heading.default\">\n\t\t\t\t<div class=\"elementor-widget-container\">\n\t\t\t\t\t<h2 class=\"elementor-heading-title elementor-size-default\">Misyon, Vizyon ve Temel De\u011ferler<\/h2>\t\t\t\t<\/div>\n\t\t\t\t<\/div>\n\t\t\t\t<div class=\"elementor-element elementor-element-63260862 elementor-widget-divider--view-line elementor-widget elementor-widget-divider\" data-id=\"63260862\" data-element_type=\"widget\" data-widget_type=\"divider.default\">\n\t\t\t\t<div class=\"elementor-widget-container\">\n\t\t\t\t\t\t\t<div class=\"elementor-divider\">\n\t\t\t<span class=\"elementor-divider-separator\">\n\t\t\t\t\t\t<\/span>\n\t\t<\/div>\n\t\t\t\t\t\t<\/div>\n\t\t\t\t<\/div>\n\t\t\t\t\t<\/div>\n\t\t<\/div>\n\t\t\t\t\t<\/div>\n\t\t<\/section>\n\t\t\t\t<section class=\"elementor-section elementor-top-section elementor-element elementor-element-681db8b elementor-section-boxed elementor-section-height-default elementor-section-height-default\" data-id=\"681db8b\" data-element_type=\"section\">\n\t\t\t\t\t\t<div class=\"elementor-container elementor-column-gap-default\">\n\t\t\t\t\t<div class=\"elementor-column elementor-col-100 elementor-top-column elementor-element elementor-element-ad4dac5\" data-id=\"ad4dac5\" data-element_type=\"column\">\n\t\t\t<div class=\"elementor-widget-wrap elementor-element-populated\">\n\t\t\t\t\t\t<div class=\"elementor-element elementor-element-2f96b3d elementor-widget elementor-widget-text-editor\" data-id=\"2f96b3d\" data-element_type=\"widget\" data-widget_type=\"text-editor.default\">\n\t\t\t\t<div class=\"elementor-widget-container\">\n\t\t\t\t\t\t\t\t\t<p>Misyonumuz, \u00f6\u011frencilere yapay zeka ve veri m\u00fchendisli\u011fi alan\u0131nda g\u00fc\u00e7l\u00fc bir temel sa\u011flamak ve onlar\u0131 g\u00fcn\u00fcm\u00fcz\u00fcn h\u0131zl\u0131 de\u011fi\u015fen teknoloji d\u00fcnyas\u0131na haz\u0131rlamakt\u0131r. \u00d6\u011frencilerimizi, yarat\u0131c\u0131 ve yenilik\u00e7i d\u00fc\u015f\u00fcnme yetenekleriyle donatarak, sekt\u00f6rde liderlik edebilecek individuals yeti\u015ftiriyoruz.<\/p>\n<p>Vizyonumuz, yapay zeka ve veri m\u00fchendisli\u011fi alan\u0131nda \u00f6nde gelen bir b\u00f6l\u00fcm olmak ve \u00f6\u011frencilerimize d\u00fcnya \u00e7ap\u0131nda kabul g\u00f6rm\u00fc\u015f bir e\u011fitim sunmakt\u0131r. \u00d6\u011frencilerimizi, gelece\u011fin teknolojik geli\u015fmelerine y\u00f6n verebilecek yetkinliklerle donatmak istiyoruz.<\/p>\n<p>Temel de\u011ferlerimiz aras\u0131nda akademik m\u00fckemmellik, yarat\u0131c\u0131l\u0131k, i\u015fbirli\u011fi ve toplum hizmeti yer almaktad\u0131r. \u00d6\u011frencilerimize, yaln\u0131zca teknik becerilerin \u00f6tesinde, etik consciousness ve toplumsal sorumluluk bilinci kazand\u0131rmay\u0131 ama\u00e7l\u0131yoruz. B\u00f6l\u00fcm olarak, \u00f6\u011frencilerimizi desteklemek ve y\u00f6nlendirmek i\u00e7in g\u00fc\u00e7l\u00fc bir akademik ortam olu\u015fturmay\u0131 hedefliyoruz.<\/p>\t\t\t\t\t\t\t\t<\/div>\n\t\t\t\t<\/div>\n\t\t\t\t\t<\/div>\n\t\t<\/div>\n\t\t\t\t\t<\/div>\n\t\t<\/section>\n\t\t\t\t<\/div>\n\t\t","protected":false},"excerpt":{"rendered":"<p>Misyon, Vizyon ve Temel De\u011ferler Lorem Ipsum Nedir? Lorem Ipsum, dizgi ve bask\u0131 end\u00fcstrisinde kullan\u0131lan m\u0131g\u0131r metinlerdir. Lorem Ipsum, ad\u0131 bilinmeyen bir matbaac\u0131n\u0131n bir hurufat numune kitab\u0131 olu\u015fturmak \u00fczere bir yaz\u0131 galerisini alarak kar\u0131\u015ft\u0131rd\u0131\u011f\u0131 1500&#8217;lerden beri end\u00fcstri standard\u0131 sahte metinler olarak kullan\u0131lm\u0131\u015ft\u0131r. Be\u015fy\u00fcz y\u0131l boyunca varl\u0131\u011f\u0131n\u0131 s\u00fcrd\u00fcrmekle kalmam\u0131\u015f, ayn\u0131 zamanda pek de\u011fi\u015fmeden elektronik dizgiye de [&hellip;]<\/p>\n","protected":false},"author":1,"featured_media":0,"parent":0,"menu_order":0,"comment_status":"closed","ping_status":"closed","template":"elementor_header_footer","meta":{"footnotes":""},"class_list":["post-5682","page","type-page","status-publish","hentry"],"_links":{"self":[{"href":"https:\/\/atauni.edu.tr\/yapay-zeka-ve-veri-muhendisligi\/wp-json\/wp\/v2\/pages\/5682","targetHints":{"allow":["GET"]}}],"collection":[{"href":"https:\/\/atauni.edu.tr\/yapay-zeka-ve-veri-muhendisligi\/wp-json\/wp\/v2\/pages"}],"about":[{"href":"https:\/\/atauni.edu.tr\/yapay-zeka-ve-veri-muhendisligi\/wp-json\/wp\/v2\/types\/page"}],"author":[{"embeddable":true,"href":"https:\/\/atauni.edu.tr\/yapay-zeka-ve-veri-muhendisligi\/wp-json\/wp\/v2\/users\/1"}],"replies":[{"embeddable":true,"href":"https:\/\/atauni.edu.tr\/yapay-zeka-ve-veri-muhendisligi\/wp-json\/wp\/v2\/comments?post=5682"}],"version-history":[{"count":8,"href":"https:\/\/atauni.edu.tr\/yapay-zeka-ve-veri-muhendisligi\/wp-json\/wp\/v2\/pages\/5682\/revisions"}],"predecessor-version":[{"id":6079,"href":"https:\/\/atauni.edu.tr\/yapay-zeka-ve-veri-muhendisligi\/wp-json\/wp\/v2\/pages\/5682\/revisions\/6079"}],"wp:attachment":[{"href":"https:\/\/atauni.edu.tr\/yapay-zeka-ve-veri-muhendisligi\/wp-json\/wp\/v2\/media?parent=5682"}],"curies":[{"name":"wp","href":"https:\/\/api.w.org\/{rel}","templated":true}]}}