{"id":5791,"date":"2021-07-13T13:07:15","date_gmt":"2021-07-13T10:07:15","guid":{"rendered":"https:\/\/portaltest.atauni.edu.tr\/bilgisayar-muhendisligi\/?page_id=5791"},"modified":"2021-08-27T15:49:32","modified_gmt":"2021-08-27T12:49:32","slug":"staj","status":"publish","type":"page","link":"https:\/\/atauni.edu.tr\/yapay-zeka-ve-veri-muhendisligi\/staj\/","title":{"rendered":"Staj"},"content":{"rendered":"\t\t<div data-elementor-type=\"wp-page\" data-elementor-id=\"5791\" class=\"elementor elementor-5791\" data-elementor-post-type=\"page\">\n\t\t\t\t\t\t<section class=\"elementor-section elementor-top-section elementor-element elementor-element-730d320 elementor-section-boxed elementor-section-height-default elementor-section-height-default\" data-id=\"730d320\" data-element_type=\"section\">\n\t\t\t\t\t\t<div class=\"elementor-container elementor-column-gap-default\">\n\t\t\t\t\t<div class=\"elementor-column elementor-col-100 elementor-top-column elementor-element elementor-element-753d0860\" data-id=\"753d0860\" data-element_type=\"column\">\n\t\t\t<div class=\"elementor-widget-wrap\">\n\t\t\t\t\t\t\t<\/div>\n\t\t<\/div>\n\t\t\t\t\t<\/div>\n\t\t<\/section>\n\t\t\t\t<section class=\"elementor-section elementor-top-section elementor-element elementor-element-9be811a elementor-section-boxed elementor-section-height-default elementor-section-height-default\" data-id=\"9be811a\" data-element_type=\"section\">\n\t\t\t\t\t\t<div class=\"elementor-container elementor-column-gap-default\">\n\t\t\t\t\t<div class=\"elementor-column elementor-col-100 elementor-top-column elementor-element elementor-element-1ed847b7\" data-id=\"1ed847b7\" data-element_type=\"column\">\n\t\t\t<div class=\"elementor-widget-wrap elementor-element-populated\">\n\t\t\t\t\t\t<div class=\"elementor-element elementor-element-4ce0d07f elementor-widget elementor-widget-heading\" data-id=\"4ce0d07f\" data-element_type=\"widget\" data-widget_type=\"heading.default\">\n\t\t\t\t<div class=\"elementor-widget-container\">\n\t\t\t\t\t<h2 class=\"elementor-heading-title elementor-size-default\">Staj<\/h2>\t\t\t\t<\/div>\n\t\t\t\t<\/div>\n\t\t\t\t<div class=\"elementor-element elementor-element-63260862 elementor-widget-divider--view-line elementor-widget elementor-widget-divider\" data-id=\"63260862\" data-element_type=\"widget\" data-widget_type=\"divider.default\">\n\t\t\t\t<div class=\"elementor-widget-container\">\n\t\t\t\t\t\t\t<div class=\"elementor-divider\">\n\t\t\t<span class=\"elementor-divider-separator\">\n\t\t\t\t\t\t<\/span>\n\t\t<\/div>\n\t\t\t\t\t\t<\/div>\n\t\t\t\t<\/div>\n\t\t\t\t\t<\/div>\n\t\t<\/div>\n\t\t\t\t\t<\/div>\n\t\t<\/section>\n\t\t\t\t<section class=\"elementor-section elementor-top-section elementor-element elementor-element-10e8347 elementor-section-boxed elementor-section-height-default elementor-section-height-default\" data-id=\"10e8347\" data-element_type=\"section\">\n\t\t\t\t\t\t<div class=\"elementor-container elementor-column-gap-default\">\n\t\t\t\t\t<div class=\"elementor-column elementor-col-100 elementor-top-column elementor-element elementor-element-795ab05\" data-id=\"795ab05\" data-element_type=\"column\">\n\t\t\t<div class=\"elementor-widget-wrap elementor-element-populated\">\n\t\t\t\t\t\t<div class=\"elementor-element elementor-element-4524745 elementor-widget elementor-widget-text-editor\" data-id=\"4524745\" data-element_type=\"widget\" data-widget_type=\"text-editor.default\">\n\t\t\t\t<div class=\"elementor-widget-container\">\n\t\t\t\t\t\t\t\t\t<p>Yapay Zeka ve Veri M\u00fchendisli\u011fi b\u00f6l\u00fcm\u00fc \u00f6\u011frencileri, e\u011fitimleri s\u00fcresince teorik bilgileri peki\u015ftirmek ve sekt\u00f6rde deneyim kazanmak amac\u0131yla staj yapma olanaklar\u0131na sahiptirler. Bu stajlar, \u00f6\u011frencilerin mesleki becerilerini geli\u015ftirmesine ve ger\u00e7ek hayat uygulamalar\u0131na kat\u0131l\u0131m\u0131n\u0131 sa\u011flamaya y\u00f6nelik olarak tasarlan\u0131r.<\/p>\n<p>Stajlar arac\u0131l\u0131\u011f\u0131yla \u00f6\u011frenciler, yapay zeka ve veri m\u00fchendisli\u011fi alan\u0131ndaki son teknolojileri ve y\u00f6ntemleri yak\u0131ndan tan\u0131yarak, sekt\u00f6r\u00fcn \u00f6nde gelen firmalar\u0131yla i\u015f birli\u011fi i\u00e7inde deneyim kazan\u0131rlar. Bu deneyimler, mezun olduklar\u0131nda kendilerine daha geni\u015f i\u015f M\u00f6glichkeiten sunar ve sekt\u00f6rde daha h\u0131zl\u0131 adapte olmalar\u0131n\u0131 sa\u011flar.<\/p>\n<p>Yapay Zeka ve Veri M\u00fchendisli\u011fi \u00f6\u011frencilerinin staj olanaklar\u0131, \u00e7e\u015fitli end\u00fcstri kollar\u0131nda mevcuttur. \u00d6\u011frenciler, sa\u011fl\u0131k, finans, ula\u015f\u0131m gibi farkl\u0131 sekt\u00f6rlerde veri analizi, makine \u00f6\u011frenimi ve yapay zeka uygulamalar\u0131 gibi konularda deneyim kazanabilirler.<\/p>\n<p>Staj programlar\u0131n\u0131n y\u00f6netimi, \u00f6\u011frencilerin ilgi alanlar\u0131na uygun \u015fekilde ger\u00e7ekle\u015ftirilir. \u00d6\u011fretim \u00fcyeleri ve b\u00f6l\u00fcm koordinat\u00f6rleri, \u00f6\u011frencilere rehberlik yaparak onlar\u0131n en uygun staj pozisyonlar\u0131n\u0131 bulmalar\u0131na yard\u0131mc\u0131 olurlar. Ayr\u0131ca, staj s\u00fcresince \u00f6\u011frencilerin Performanslar\u0131 de\u011ferlendirilir ve gereken destek verilir.<\/p>\n<p>Staj melakukan, \u00f6\u011frencilerin kendi becerilerini geli\u015ftirmelerine ve yeni beceriler kazanmalar\u0131na olanak tan\u0131r. Ayn\u0131 zamanda, sekt\u00f6rle akademik d\u00fcnya aras\u0131ndaki ba\u011f\u0131n g\u00fc\u00e7lendirilmesine katk\u0131da bulunur. B\u00f6ylece, mezunlar i\u015f d\u00fcnyas\u0131na daha haz\u0131r bir \u015fekilde ad\u0131m atarlar.<\/p>\n<p>Yapay Zeka ve Veri M\u00fchendisli\u011fi b\u00f6l\u00fcm\u00fcn\u00fcn staj olanaklar\u0131, \u00f6\u011frencilere sadece teknik becerilerini de\u011fil, ayn\u0131 zamanda ileti\u015fim, problem \u00e7\u00f6zme ve tak\u0131m \u00e7al\u0131\u015fma gibi \u00f6nemli.soft habilite kazand\u0131rmay\u0131 da ama\u00e7lar. Bu sayede, mezunlar\u0131n i\u015f hayat\u0131nda ba\u015far\u0131l\u0131 olmalar\u0131 i\u00e7in gereken t\u00fcm ara\u00e7lara sahip olmalar\u0131 hedeflenir.<\/p>\t\t\t\t\t\t\t\t<\/div>\n\t\t\t\t<\/div>\n\t\t\t\t\t<\/div>\n\t\t<\/div>\n\t\t\t\t\t<\/div>\n\t\t<\/section>\n\t\t\t\t<\/div>\n\t\t","protected":false},"excerpt":{"rendered":"<p>Staj Lorem Ipsum Nedir? Lorem Ipsum, dizgi ve bask\u0131 end\u00fcstrisinde kullan\u0131lan m\u0131g\u0131r metinlerdir. Lorem Ipsum, ad\u0131 bilinmeyen bir matbaac\u0131n\u0131n bir hurufat numune kitab\u0131 olu\u015fturmak \u00fczere bir yaz\u0131 galerisini alarak kar\u0131\u015ft\u0131rd\u0131\u011f\u0131 1500&#8217;lerden beri end\u00fcstri standard\u0131 sahte metinler olarak kullan\u0131lm\u0131\u015ft\u0131r. Be\u015fy\u00fcz y\u0131l boyunca varl\u0131\u011f\u0131n\u0131 s\u00fcrd\u00fcrmekle kalmam\u0131\u015f, ayn\u0131 zamanda pek de\u011fi\u015fmeden elektronik dizgiye de s\u0131\u00e7ram\u0131\u015ft\u0131r. 1960&#8217;larda Lorem Ipsum [&hellip;]<\/p>\n","protected":false},"author":1,"featured_media":0,"parent":0,"menu_order":0,"comment_status":"closed","ping_status":"closed","template":"elementor_header_footer","meta":{"footnotes":""},"class_list":["post-5791","page","type-page","status-publish","hentry"],"_links":{"self":[{"href":"https:\/\/atauni.edu.tr\/yapay-zeka-ve-veri-muhendisligi\/wp-json\/wp\/v2\/pages\/5791","targetHints":{"allow":["GET"]}}],"collection":[{"href":"https:\/\/atauni.edu.tr\/yapay-zeka-ve-veri-muhendisligi\/wp-json\/wp\/v2\/pages"}],"about":[{"href":"https:\/\/atauni.edu.tr\/yapay-zeka-ve-veri-muhendisligi\/wp-json\/wp\/v2\/types\/page"}],"author":[{"embeddable":true,"href":"https:\/\/atauni.edu.tr\/yapay-zeka-ve-veri-muhendisligi\/wp-json\/wp\/v2\/users\/1"}],"replies":[{"embeddable":true,"href":"https:\/\/atauni.edu.tr\/yapay-zeka-ve-veri-muhendisligi\/wp-json\/wp\/v2\/comments?post=5791"}],"version-history":[{"count":8,"href":"https:\/\/atauni.edu.tr\/yapay-zeka-ve-veri-muhendisligi\/wp-json\/wp\/v2\/pages\/5791\/revisions"}],"predecessor-version":[{"id":6094,"href":"https:\/\/atauni.edu.tr\/yapay-zeka-ve-veri-muhendisligi\/wp-json\/wp\/v2\/pages\/5791\/revisions\/6094"}],"wp:attachment":[{"href":"https:\/\/atauni.edu.tr\/yapay-zeka-ve-veri-muhendisligi\/wp-json\/wp\/v2\/media?parent=5791"}],"curies":[{"name":"wp","href":"https:\/\/api.w.org\/{rel}","templated":true}]}}