{"id":6071,"date":"2021-08-27T15:45:02","date_gmt":"2021-08-27T12:45:02","guid":{"rendered":"https:\/\/birimler.atauni.edu.tr\/yapay-zeka-ve-veri-muhendisligi\/?page_id=6071"},"modified":"2021-09-13T10:22:11","modified_gmt":"2021-09-13T07:22:11","slug":"bolum-kurulu-kararlari","status":"publish","type":"page","link":"https:\/\/atauni.edu.tr\/yapay-zeka-ve-veri-muhendisligi\/bolum-kurulu-kararlari\/","title":{"rendered":"B\u00f6l\u00fcm Kurulu Kararlar\u0131"},"content":{"rendered":"\t\t<div data-elementor-type=\"wp-page\" data-elementor-id=\"6071\" class=\"elementor elementor-6071\" data-elementor-post-type=\"page\">\n\t\t\t\t\t\t<section class=\"elementor-section elementor-top-section elementor-element elementor-element-730d320 elementor-section-boxed elementor-section-height-default elementor-section-height-default\" data-id=\"730d320\" data-element_type=\"section\">\n\t\t\t\t\t\t<div class=\"elementor-container elementor-column-gap-default\">\n\t\t\t\t\t<div class=\"elementor-column elementor-col-100 elementor-top-column elementor-element elementor-element-753d0860\" data-id=\"753d0860\" data-element_type=\"column\">\n\t\t\t<div class=\"elementor-widget-wrap\">\n\t\t\t\t\t\t\t<\/div>\n\t\t<\/div>\n\t\t\t\t\t<\/div>\n\t\t<\/section>\n\t\t\t\t<section class=\"elementor-section elementor-top-section elementor-element elementor-element-9be811a elementor-section-boxed elementor-section-height-default elementor-section-height-default\" data-id=\"9be811a\" data-element_type=\"section\">\n\t\t\t\t\t\t<div class=\"elementor-container elementor-column-gap-default\">\n\t\t\t\t\t<div class=\"elementor-column elementor-col-100 elementor-top-column elementor-element elementor-element-1ed847b7\" data-id=\"1ed847b7\" data-element_type=\"column\">\n\t\t\t<div class=\"elementor-widget-wrap elementor-element-populated\">\n\t\t\t\t\t\t<div class=\"elementor-element elementor-element-4ce0d07f elementor-widget elementor-widget-heading\" data-id=\"4ce0d07f\" data-element_type=\"widget\" data-widget_type=\"heading.default\">\n\t\t\t\t<div class=\"elementor-widget-container\">\n\t\t\t\t\t<h2 class=\"elementor-heading-title elementor-size-default\">B\u00f6l\u00fcm Kurulu Kararlar\u0131<\/h2>\t\t\t\t<\/div>\n\t\t\t\t<\/div>\n\t\t\t\t<div class=\"elementor-element elementor-element-63260862 elementor-widget-divider--view-line elementor-widget elementor-widget-divider\" data-id=\"63260862\" data-element_type=\"widget\" data-widget_type=\"divider.default\">\n\t\t\t\t<div class=\"elementor-widget-container\">\n\t\t\t\t\t\t\t<div class=\"elementor-divider\">\n\t\t\t<span class=\"elementor-divider-separator\">\n\t\t\t\t\t\t<\/span>\n\t\t<\/div>\n\t\t\t\t\t\t<\/div>\n\t\t\t\t<\/div>\n\t\t\t\t\t<\/div>\n\t\t<\/div>\n\t\t\t\t\t<\/div>\n\t\t<\/section>\n\t\t\t\t<section class=\"elementor-section elementor-top-section elementor-element elementor-element-681db8b elementor-section-boxed elementor-section-height-default elementor-section-height-default\" data-id=\"681db8b\" data-element_type=\"section\">\n\t\t\t\t\t\t<div class=\"elementor-container elementor-column-gap-default\">\n\t\t\t\t\t<div class=\"elementor-column elementor-col-100 elementor-top-column elementor-element elementor-element-ad4dac5\" data-id=\"ad4dac5\" data-element_type=\"column\">\n\t\t\t<div class=\"elementor-widget-wrap elementor-element-populated\">\n\t\t\t\t\t\t<div class=\"elementor-element elementor-element-2f96b3d elementor-widget elementor-widget-text-editor\" data-id=\"2f96b3d\" data-element_type=\"widget\" data-widget_type=\"text-editor.default\">\n\t\t\t\t<div class=\"elementor-widget-container\">\n\t\t\t\t\t\t\t\t\t<p>B\u00f6l\u00fcm Kurulu Kararlar\u0131<\/p>\n<p>Atat\u00fcrk \u00dcniversitesi Yapay Zeka ve Veri M\u00fchendisli\u011fi b\u00f6l\u00fcm\u00fcnde al\u0131nan kararlar, b\u00f6l\u00fcm\u00fcn akademik ve idari i\u015fleyi\u015fini \u015fekillendirir. Bu kararlar, e\u011fitim-\u00f6\u011fretim faaliyetlerinden ara\u015ft\u0131rmalara kadar geni\u015f bir yelpazeyi kapsar.<\/p>\n<p>B\u00f6l\u00fcm kurulu toplant\u0131lar\u0131nda al\u0131nan kararlar, \u00f6\u011fretim \u00fcyelerinin, \u00f6\u011frencilerin ve b\u00f6l\u00fcm\u00fcn genel \u00e7\u0131karlar\u0131n\u0131 g\u00f6zetecek \u015fekilde belirlenir. \u00d6\u011frenci kay\u0131tlar\u0131, ders i\u00e7erikleri, proje dan\u0131\u015fmanl\u0131klar\u0131 gibi konulara ili\u015fkin kararlar bu kapsamda ele al\u0131n\u0131r.<\/p>\n<p>Ayr\u0131ca, b\u00f6l\u00fcm i\u00e7i organizasyonlardan, seminerlere ve konferanslara kat\u0131l\u0131m ile ilgili hususlar da b\u00f6l\u00fcm kurulu taraf\u0131ndan de\u011ferlendirilir. \u00d6\u011fretim \u00fcyelerinin ve \u00f6\u011frencilerin akademik geli\u015fimlerini destekleyici kararlar\u0131n al\u0131nmas\u0131 da \u00f6nde gelen hedefler aras\u0131ndad\u0131r.<\/p>\n<p>Her bir karar, b\u00f6l\u00fcm\u00fcn vizyonu ve misyonuna uygun olarak olu\u015fturulur ve uygulan\u0131r. B\u00f6l\u00fcm kurulunun karar\u0131 ile yap\u0131lan planlamalar, Atat\u00fcrk \u00dcniversitesi Yapay Zeka ve Veri M\u00fchendisli\u011fi b\u00f6l\u00fcm\u00fcn\u00fcn ileriye d\u00f6n\u00fck hedeflerine ula\u015fmas\u0131na katk\u0131da bulunur.<\/p>\t\t\t\t\t\t\t\t<\/div>\n\t\t\t\t<\/div>\n\t\t\t\t\t<\/div>\n\t\t<\/div>\n\t\t\t\t\t<\/div>\n\t\t<\/section>\n\t\t\t\t<\/div>\n\t\t","protected":false},"excerpt":{"rendered":"<p>B\u00f6l\u00fcm Kurulu Kararlar\u0131 Lorem Ipsum Nedir? Lorem Ipsum, dizgi ve bask\u0131 end\u00fcstrisinde kullan\u0131lan m\u0131g\u0131r metinlerdir. Lorem Ipsum, ad\u0131 bilinmeyen bir matbaac\u0131n\u0131n bir hurufat numune kitab\u0131 olu\u015fturmak \u00fczere bir yaz\u0131 galerisini alarak kar\u0131\u015ft\u0131rd\u0131\u011f\u0131 1500&#8217;lerden beri end\u00fcstri standard\u0131 sahte metinler olarak kullan\u0131lm\u0131\u015ft\u0131r. Be\u015fy\u00fcz y\u0131l boyunca varl\u0131\u011f\u0131n\u0131 s\u00fcrd\u00fcrmekle kalmam\u0131\u015f, ayn\u0131 zamanda pek de\u011fi\u015fmeden elektronik dizgiye de s\u0131\u00e7ram\u0131\u015ft\u0131r. 1960&#8217;larda [&hellip;]<\/p>\n","protected":false},"author":1,"featured_media":0,"parent":0,"menu_order":0,"comment_status":"closed","ping_status":"closed","template":"elementor_header_footer","meta":{"footnotes":""},"class_list":["post-6071","page","type-page","status-publish","hentry"],"_links":{"self":[{"href":"https:\/\/atauni.edu.tr\/yapay-zeka-ve-veri-muhendisligi\/wp-json\/wp\/v2\/pages\/6071","targetHints":{"allow":["GET"]}}],"collection":[{"href":"https:\/\/atauni.edu.tr\/yapay-zeka-ve-veri-muhendisligi\/wp-json\/wp\/v2\/pages"}],"about":[{"href":"https:\/\/atauni.edu.tr\/yapay-zeka-ve-veri-muhendisligi\/wp-json\/wp\/v2\/types\/page"}],"author":[{"embeddable":true,"href":"https:\/\/atauni.edu.tr\/yapay-zeka-ve-veri-muhendisligi\/wp-json\/wp\/v2\/users\/1"}],"replies":[{"embeddable":true,"href":"https:\/\/atauni.edu.tr\/yapay-zeka-ve-veri-muhendisligi\/wp-json\/wp\/v2\/comments?post=6071"}],"version-history":[{"count":7,"href":"https:\/\/atauni.edu.tr\/yapay-zeka-ve-veri-muhendisligi\/wp-json\/wp\/v2\/pages\/6071\/revisions"}],"predecessor-version":[{"id":6120,"href":"https:\/\/atauni.edu.tr\/yapay-zeka-ve-veri-muhendisligi\/wp-json\/wp\/v2\/pages\/6071\/revisions\/6120"}],"wp:attachment":[{"href":"https:\/\/atauni.edu.tr\/yapay-zeka-ve-veri-muhendisligi\/wp-json\/wp\/v2\/media?parent=6071"}],"curies":[{"name":"wp","href":"https:\/\/api.w.org\/{rel}","templated":true}]}}