{"id":7225,"date":"2025-09-30T00:20:18","date_gmt":"2025-09-29T21:20:18","guid":{"rendered":"https:\/\/birimler.atauni.edu.tr\/yapay-zeka-ve-veri-muhendisligi\/?page_id=7225"},"modified":"2025-09-30T00:24:35","modified_gmt":"2025-09-29T21:24:35","slug":"koordinatorlukler","status":"publish","type":"page","link":"https:\/\/atauni.edu.tr\/yapay-zeka-ve-veri-muhendisligi\/koordinatorlukler\/","title":{"rendered":"Koordinat\u00f6rl\u00fckler"},"content":{"rendered":"\t\t<div data-elementor-type=\"wp-page\" data-elementor-id=\"7225\" class=\"elementor elementor-7225\" data-elementor-post-type=\"page\">\n\t\t\t\t\t\t<section class=\"elementor-section elementor-top-section elementor-element elementor-element-730d320 elementor-section-boxed elementor-section-height-default elementor-section-height-default\" data-id=\"730d320\" data-element_type=\"section\">\n\t\t\t\t\t\t<div class=\"elementor-container elementor-column-gap-default\">\n\t\t\t\t\t<div class=\"elementor-column elementor-col-100 elementor-top-column elementor-element elementor-element-753d0860\" data-id=\"753d0860\" data-element_type=\"column\">\n\t\t\t<div class=\"elementor-widget-wrap\">\n\t\t\t\t\t\t\t<\/div>\n\t\t<\/div>\n\t\t\t\t\t<\/div>\n\t\t<\/section>\n\t\t\t\t<section class=\"elementor-section elementor-top-section elementor-element elementor-element-9be811a elementor-section-boxed elementor-section-height-default elementor-section-height-default\" data-id=\"9be811a\" data-element_type=\"section\">\n\t\t\t\t\t\t<div class=\"elementor-container elementor-column-gap-default\">\n\t\t\t\t\t<div class=\"elementor-column elementor-col-100 elementor-top-column elementor-element elementor-element-1ed847b7\" data-id=\"1ed847b7\" data-element_type=\"column\">\n\t\t\t<div class=\"elementor-widget-wrap elementor-element-populated\">\n\t\t\t\t\t\t<div class=\"elementor-element elementor-element-4ce0d07f elementor-widget elementor-widget-heading\" data-id=\"4ce0d07f\" data-element_type=\"widget\" data-widget_type=\"heading.default\">\n\t\t\t\t<div class=\"elementor-widget-container\">\n\t\t\t\t\t<h2 class=\"elementor-heading-title elementor-size-default\">Personel G\u00f6rev Da\u011f\u0131l\u0131mlar\u0131<\/h2>\t\t\t\t<\/div>\n\t\t\t\t<\/div>\n\t\t\t\t<div class=\"elementor-element elementor-element-63260862 elementor-widget-divider--view-line elementor-widget elementor-widget-divider\" data-id=\"63260862\" data-element_type=\"widget\" data-widget_type=\"divider.default\">\n\t\t\t\t<div class=\"elementor-widget-container\">\n\t\t\t\t\t\t\t<div class=\"elementor-divider\">\n\t\t\t<span class=\"elementor-divider-separator\">\n\t\t\t\t\t\t<\/span>\n\t\t<\/div>\n\t\t\t\t\t\t<\/div>\n\t\t\t\t<\/div>\n\t\t\t\t\t<\/div>\n\t\t<\/div>\n\t\t\t\t\t<\/div>\n\t\t<\/section>\n\t\t\t\t<section class=\"elementor-section elementor-top-section elementor-element elementor-element-681db8b elementor-section-boxed elementor-section-height-default elementor-section-height-default\" data-id=\"681db8b\" data-element_type=\"section\">\n\t\t\t\t\t\t<div class=\"elementor-container elementor-column-gap-default\">\n\t\t\t\t\t<div class=\"elementor-column elementor-col-100 elementor-top-column elementor-element elementor-element-ad4dac5\" data-id=\"ad4dac5\" data-element_type=\"column\">\n\t\t\t<div class=\"elementor-widget-wrap elementor-element-populated\">\n\t\t\t\t\t\t<div class=\"elementor-element elementor-element-2f96b3d elementor-widget elementor-widget-text-editor\" data-id=\"2f96b3d\" data-element_type=\"widget\" data-widget_type=\"text-editor.default\">\n\t\t\t\t<div class=\"elementor-widget-container\">\n\t\t\t\t\t\t\t\t\t<p>ATAT\u00dcRK \u00dcN\u0130VERS\u0130TES\u0130 M\u00dcHEND\u0130SL\u0130K FAK\u00dcLTES\u0130<\/p>\n<p>YAPAY ZEKA VE VER\u0130 M\u00dcHEND\u0130SL\u0130\u011e\u0130 B\u00d6L\u00dcM\u00dc PERSONEL G\u00d6REV DA\u011eILIMLARI<\/p>\n<p><\/p>\n<table width=\"619\">\n<tbody>\n<tr>\n<td width=\"340\">\n<p>B\u00f6l\u00fcm Ba\u015fkan\u0131<\/p>\n<\/td>\n<td width=\"280\">\n<p>Prof. Dr. \u0130brahim Y\u00fccel \u00d6ZBEK<\/p>\n<\/td>\n<\/tr>\n<tr>\n<td width=\"340\">\n<p>B\u00f6l\u00fcm Ba\u015fkan Yard\u0131mc\u0131lar\u0131<\/p>\n<\/td>\n<td width=\"280\">\n<p>Dr. \u00d6\u011fr. \u00dcyesi Mustafa Furkan KESKENLER<\/p>\n<\/td>\n<\/tr>\n<\/tbody>\n<\/table>\n<p>DERS PROGRAMI ve SINAV KOORD\u0130NAT\u00d6R\u00dc<\/p>\n<table width=\"626\">\n<tbody>\n<tr>\n<td width=\"342\">\n<p>Ar\u015f. G\u00f6r. Muratcan YILMAZ (S\u0131nav Program\u0131)<\/p>\n<p>Ar\u015f. G\u00f6r. Muhammed Berat \u00d6ZG\u00dcNG\u00d6RD\u00dc (Ders Program\u0131)<\/p>\n<p><\/p>\n<\/td>\n<td width=\"283\">\n<p>yilmaz.muratcan@atauni.edu.tr<\/p>\n<p>beratozgungordu@atauni.edu.tr<\/p>\n<\/td>\n<\/tr>\n<\/tbody>\n<\/table>\n<p>DANI\u015eMANLIKLAR<\/p>\n<table>\n<tbody>\n<tr>\n<td width=\"340\">\n<p>Prof. Dr. \u0130brahim Y\u00fccel \u00d6ZBEK<\/p>\n<\/td>\n<td width=\"283\">\n<p>2024 Giri\u015fli \u00d6\u011frenciler (I. S\u0131n\u0131flar)<\/p>\n<\/td>\n<\/tr>\n<\/tbody>\n<\/table>\n<p><\/p>\n<table width=\"622\">\n<tbody>\n<tr>\n<td width=\"368\">\n<p>E\u011e\u0130T\u0130M KOM\u0130SYONU<\/p>\n<\/td>\n<td width=\"254\">\n<p>Prof. Dr. \u0130brahim Y\u00fccel \u00d6ZBEK (B\u015fk)<\/p>\n<p>Do\u00e7. Dr. Emin Argun ORAL<\/p>\n<p>Dr. \u00d6\u011fr. \u00dcyesi Mustafa Furkan KESKENLER<\/p>\n<p>Dr. \u00d6\u011fr. \u00dcyesi Resul TUGAY<\/p>\n<p>Ar\u015f. G\u00f6r. Muhammed Berat \u00d6ZG\u00dcNG\u00d6RD\u00dc<\/p>\n<p>Ar\u015f. G\u00f6r. Muratcan YILMAZ<\/p>\n<\/td>\n<\/tr>\n<tr>\n<td width=\"368\">\n<p>BURS KOM\u0130SYONU<\/p>\n<\/td>\n<td width=\"254\">\n<p>Prof. Dr. \u0130brahim Y\u00fccel \u00d6ZBEK (B\u015fk)<\/p>\n<p>Do\u00e7. Dr. Emin Argun ORAL<\/p>\n<p>Dr. \u00d6\u011fr. \u00dcyesi Mustafa Furkan KESKENLER<\/p>\n<\/td>\n<\/tr>\n<\/tbody>\n<\/table>\n<table width=\"623\">\n<tbody>\n<tr>\n<td width=\"413\">\n<p>MEVLANA \/ ERASMUS DE\u011e\u0130\u015e\u0130M PROGRAMI KOORD\u0130NAT\u00d6R\u00dc<\/p>\n<\/td>\n<td width=\"211\">\n<p>Dr. \u00d6\u011fr. \u00dcyesi Resul TUGAY<\/p>\n<p>Ar\u015f. G\u00f6r. Muratcan YILMAZ<\/p>\n<\/td>\n<\/tr>\n<tr>\n<td width=\"413\">\n<p>FARAB\u0130 DE\u011e\u0130\u015e\u0130M PROGRAMI KOORD\u0130NAT\u00d6R\u00dc<\/p>\n<\/td>\n<td width=\"211\">\n<p>Dr. \u00d6\u011fr. \u00dcyesi Resul TUGAY<\/p>\n<p>Ar\u015f. G\u00f6r. Muhammed Berat \u00d6ZG\u00dcNG\u00d6RD\u00dc<\/p>\n<\/td>\n<\/tr>\n<tr>\n<td width=\"413\">\n<p>BOLOGNA TEMS\u0130LC\u0130S\u0130&nbsp;<\/p>\n<\/td>\n<td width=\"211\">\n<p>Do\u00e7. Dr. Emin Argun ORAL<\/p>\n<p>Ar\u015f. G\u00f6r. Muhammed Berat \u00d6ZG\u00dcNG\u00d6RD\u00dc<\/p>\n<\/td>\n<\/tr>\n<tr>\n<td width=\"413\">\n<p>FAK\u00dcLTE \/ B\u00d6L\u00dcM \u0130\u015e SA\u011eLI\u011eI VE G\u00dcVENL\u0130\u011e\u0130 \u00dcYES\u0130<\/p>\n<\/td>\n<td width=\"211\">\n<p>Ar\u015f. G\u00f6r. Muratcan YILMAZ<\/p>\n<\/td>\n<\/tr>\n<tr>\n<td width=\"413\">\n<p>B\u00d6L\u00dcM \u0130\u015e SA\u011eLI\u011eI VE G\u00dcVENL\u0130\u011e\u0130 LABORATUVAR SORUMLUSU<\/p>\n<\/td>\n<td width=\"211\">\n<p>Ar\u015f. G\u00f6r. Muratcan YILMAZ<\/p>\n<\/td>\n<\/tr>\n<tr>\n<td width=\"413\">\n<p>B\u00d6L\u00dcM WEB SAYFASI SORUMLUSU<\/p>\n<\/td>\n<td width=\"211\">\n<p>Ar\u015f. G\u00f6r. Muhammed Berat \u00d6ZG\u00dcNG\u00d6RD\u00dc<\/p>\n<\/td>\n<\/tr>\n<tr>\n<td width=\"413\">\n<p>B\u00d6L\u00dcM DERS B\u0130LG\u0130 PAKET\u0130 SORUMLUSU<\/p>\n<\/td>\n<td width=\"211\">\n<p>Dr. \u00d6\u011fr. \u00dcyesi Mustafa Furkan KESKENLER<\/p>\n<\/td>\n<\/tr>\n<tr>\n<td width=\"413\">\n<p>M\u00dcHEND\u0130SL\u0130K FAK\u00dcLTES\u0130 YATAY GE\u00c7\u0130\u015e KOM\u0130SYONU \u00dcYES\u0130<\/p>\n<\/td>\n<td width=\"211\">\n<p>Do\u00e7. Dr. Emin Argun ORAL<\/p>\n<\/td>\n<\/tr>\n<tr>\n<td width=\"413\">\n<p>M\u00dcHEND\u0130SL\u0130K FAK\u00dcLTES\u0130 ATAMA Y\u00dcKSELTME VE PERFORMANS KR\u0130TERLER\u0130 DE\u011eERLEND\u0130RME KOM\u0130SYONU \u00dcYES\u0130<\/p>\n<\/td>\n<td width=\"211\">\n<p>Dr. \u00d6\u011fr. \u00dcyesi Mustafa Furkan KESKENLER<\/p>\n<\/td>\n<\/tr>\n<tr>\n<td width=\"413\">\n<p>MUAF\u0130YET ve \u0130NT\u0130BAK KOM\u0130SYONU<\/p>\n<p><\/p>\n<p><\/p>\n<p>MK Yrd. Asistan\u0131<\/p>\n<\/td>\n<td width=\"211\">\n<p>Prof. Dr. \u0130brahim Y\u00fccel \u00d6ZBEK (B\u015fk)<\/p>\n<p>Do\u00e7. Dr. Emin Argun ORAL<\/p>\n<p>Dr. \u00d6\u011fr. \u00dcyesi Mustafa Furkan KESKENLER<\/p>\n<p>Ar\u015f. G\u00f6r. Muratcan YILMAZ<\/p>\n<\/td>\n<\/tr>\n<tr>\n<td width=\"413\">\n<p>\u00c7\u0130FT ANADAL \/ YANDAL PROGRAM KOORD\u0130NAT\u00d6R\u00dc<\/p>\n<\/td>\n<td width=\"211\">\n<p>Dr. \u00d6\u011fr. \u00dcyesi Resul TUGAY<\/p>\n<\/td>\n<\/tr>\n<tr>\n<td width=\"413\">\n<p>AKADEM\u0130K PERFORMANS DE\u011eERLEND\u0130RME KOM\u0130SYONU<\/p>\n<\/td>\n<td width=\"211\">\n<p>Prof. Dr. \u0130brahim Y\u00fccel \u00d6ZBEK (B\u015fk)<\/p>\n<p>Do\u00e7. Dr. Emin Argun ORAL<\/p>\n<p>Dr. \u00d6\u011fr. \u00dcyesi Mustafa Furkan KESKENLER<\/p>\n<\/td>\n<\/tr>\n<tr>\n<td width=\"413\">\n<p>TOPLUMSAL DUYARLILIK PROJE TAK\u0130P SORUMLULARI<\/p>\n<\/td>\n<td width=\"211\">\n<p>Ar\u015f. G\u00f6r. Muhammed Berat \u00d6ZG\u00dcNG\u00d6RD\u00dc<\/p>\n<p>Ar\u015f. G\u00f6r. Muratcan YILMAZ<\/p>\n<\/td>\n<\/tr>\n<tr>\n<td width=\"413\">\n<p>B\u00d6L\u00dcM STAJ KOM\u0130SYONU<\/p>\n<p><\/p>\n<\/td>\n<td width=\"211\">\n<p>Dr. \u00d6\u011fr. \u00dcyesi Resul TUGAY (B\u015fk)<\/p>\n<p>Ar\u015f. G\u00f6r. Muratcan YILMAZ<\/p>\n<p>Ar\u015f. G\u00f6r. Muhammed Berat \u00d6ZG\u00dcNG\u00d6RD\u00dc<\/p>\n<\/td>\n<\/tr>\n<tr>\n<td width=\"413\">\n<p>SDG KOM\u0130SYONU<\/p>\n<\/td>\n<td width=\"211\">\n<p>Dr. \u00d6\u011fr. \u00dcyesi Resul TUGAY (B\u015fk)<\/p>\n<p>Ar\u015f. G\u00f6r. Muratcan YILMAZ<\/p>\n<p>Ar\u015f. G\u00f6r. Muhammed Berat \u00d6ZG\u00dcNG\u00d6RD\u00dc<\/p>\n<\/td>\n<\/tr>\n<tr>\n<td width=\"413\">\n<p>YABANCI UYRUKLU \u00d6\u011eRET\u0130M ELEMANI \u00c7ALI\u015eTIRMA DE\u011eERLEND\u0130RME KOM\u0130SYONU<\/p>\n<\/td>\n<td width=\"211\">\n<p>Prof. Dr. \u0130brahim Y\u00fccel \u00d6ZBEK (B\u015fk)<\/p>\n<p>Do\u00e7. Dr. Emin Argun ORAL<\/p>\n<p>Dr. \u00d6\u011fr. \u00dcyesi Mustafa Furkan KESKENLER<\/p>\n<\/td>\n<\/tr>\n<\/tbody>\n<\/table>\n<table width=\"623\">\n<tbody>\n<tr>\n<td width=\"413\">\n<p>YAPAY ZEKA KUL\u00dcP DANI\u015eMANI<\/p>\n<p><\/p>\n<\/td>\n<td width=\"211\">\n<p>Ar\u015f. G\u00f6r. Muhammed Berat \u00d6ZG\u00dcNG\u00d6RD\u00dc<\/p>\n<\/td>\n<\/tr>\n<tr>\n<td width=\"413\">\n<p>B\u00d6L\u00dcM MEZUN\u0130YET KOORD\u0130NAT\u00d6R\u00dc&nbsp;&nbsp;&nbsp;&nbsp;&nbsp;&nbsp;&nbsp;&nbsp;&nbsp;&nbsp;&nbsp;&nbsp;&nbsp;&nbsp;&nbsp;&nbsp;&nbsp;&nbsp;&nbsp;&nbsp;&nbsp;&nbsp;&nbsp;&nbsp;&nbsp;&nbsp;&nbsp;&nbsp;&nbsp;&nbsp;&nbsp;&nbsp;&nbsp;&nbsp;&nbsp;&nbsp;&nbsp;&nbsp;&nbsp;&nbsp;&nbsp;&nbsp;&nbsp;&nbsp;&nbsp;&nbsp;&nbsp;&nbsp;&nbsp;&nbsp;&nbsp;&nbsp;&nbsp;&nbsp;&nbsp;&nbsp;&nbsp;&nbsp;&nbsp;&nbsp;&nbsp;&nbsp;&nbsp;&nbsp;&nbsp;<\/p>\n<\/td>\n<td width=\"211\">\n<p>Ar\u015f. G\u00f6r. Muhammed Berat \u00d6ZG\u00dcNG\u00d6RD\u00dc<\/p>\n<\/td>\n<\/tr>\n<tr>\n<td width=\"413\">\n<p>B\u00d6L\u00dcM MAL\u0130 SORUMLUSU<\/p>\n<\/td>\n<td width=\"211\">\n<p>Ar\u015f. G\u00f6r. Muhammed Berat \u00d6ZG\u00dcNG\u00d6RD\u00dc<\/p>\n<\/td>\n<\/tr>\n<tr>\n<td width=\"413\">\n<p>ANKET KOM\u0130SYONU<\/p>\n<\/td>\n<td width=\"211\">\n<p>Dr. \u00d6\u011fr. \u00dcyesi Resul TUGAY (B\u015fk)<\/p>\n<p>Ar\u015f. G\u00f6r. Muhammed Berat \u00d6ZG\u00dcNG\u00d6RD\u00dc<\/p>\n<p>Ar\u015f. G\u00f6r. Muratcan YILMAZ<\/p>\n<\/td>\n<\/tr>\n<tr>\n<td width=\"413\">\n<p>M\u00dcDEK KOORD\u0130NAT\u00d6RL\u00dc\u011e\u00dc VE KAL\u0130TE G\u00dcVENCE VE AKRED\u0130TASYON KOM\u0130SYONU<\/p>\n<p><\/p>\n<p>M\u00dcDEK Yrd. Asistanlar\u0131<\/p>\n<\/td>\n<td width=\"211\">\n<p>Dr. \u00d6\u011fr. \u00dcyesi Resul TUGAY (B\u015fk)<\/p>\n<p>Prof. Dr. \u0130brahim Y\u00fccel \u00d6ZBEK<\/p>\n<p>Dr. \u00d6\u011fr. \u00dcyesi Mustafa Furkan KESKENLER<\/p>\n<p><\/p>\n<p>Ar\u015f. G\u00f6r. Muratcan YILMAZ<\/p>\n<p>Ar\u015f. G\u00f6r. Muhammed Berat \u00d6ZG\u00dcNG\u00d6RD\u00dc<\/p>\n<\/td>\n<\/tr>\n<tr>\n<td width=\"413\">\n<p>B\u00d6L\u00dcM SPOR KOORD\u0130NAT\u00d6R\u00dc<\/p>\n<\/td>\n<td width=\"211\">\n<p>Ar\u015f. G\u00f6r. Muratcan YILMAZ<\/p>\n<\/td>\n<\/tr>\n<tr>\n<td width=\"413\">\n<p>B\u0130LG\u0130SAYAR M\u00dcH. B\u00d6L\u00dcM SEKRETERL\u0130\u011e\u0130 \u0130\u015eLEV SORUMLUSU<\/p>\n<\/td>\n<td width=\"211\">\n<p>Ar\u015f. G\u00f6r. Muhammed Berat \u00d6ZG\u00dcNG\u00d6RD\u00dc<\/p>\n<\/td>\n<\/tr>\n<tr>\n<td width=\"413\">\n<p>AVES\u0130S Program\u0131 Takip Komisyonu<\/p>\n<\/td>\n<td width=\"211\">\n<p>Dr. \u00d6\u011fr. \u00dcyesi Mustafa Furkan KESKENLER (B\u015fk)<\/p>\n<p>Ar\u015f. G\u00f6r. Muratcan YILMAZ<\/p>\n<\/td>\n<\/tr>\n<tr>\n<td width=\"413\">\n<p>\u0130ME Komisyonu<\/p>\n<p><\/p>\n<p>&nbsp;\u0130ME Yrd. Asistan\u0131<\/p>\n<\/td>\n<td width=\"211\">\n<p>Prof. Dr. \u0130brahim Y\u00fccel \u00d6ZBEK (B\u015fk)<\/p>\n<p>Do\u00e7. Dr. Emin Argun ORAL<\/p>\n<p>Dr. \u00d6\u011fr. \u00dcyesi Resul TUGAY<\/p>\n<p>Ar\u015f. G\u00f6r. Muhammed Berat \u00d6ZG\u00dcNG\u00d6RD\u00dc<\/p>\n<\/td>\n<\/tr>\n<tr>\n<td width=\"413\">\n<p>B\u00f6l\u00fcm Veri ve KVKK Sorumlusu<\/p>\n<\/td>\n<td width=\"211\">\n<p>Ar\u015f. G\u00f6r. Muratcan YILMAZ<\/p>\n<\/td>\n<\/tr>\n<\/tbody>\n<\/table>\n<p><\/p>\n<p>&nbsp;<\/p>\t\t\t\t\t\t\t\t<\/div>\n\t\t\t\t<\/div>\n\t\t\t\t\t<\/div>\n\t\t<\/div>\n\t\t\t\t\t<\/div>\n\t\t<\/section>\n\t\t\t\t<\/div>\n\t\t","protected":false},"excerpt":{"rendered":"<p>Personel G\u00f6rev Da\u011f\u0131l\u0131mlar\u0131 ATAT\u00dcRK \u00dcN\u0130VERS\u0130TES\u0130 M\u00dcHEND\u0130SL\u0130K FAK\u00dcLTES\u0130 YAPAY ZEKA VE VER\u0130 M\u00dcHEND\u0130SL\u0130\u011e\u0130 B\u00d6L\u00dcM\u00dc PERSONEL G\u00d6REV DA\u011eILIMLARI B\u00f6l\u00fcm Ba\u015fkan\u0131 Prof. Dr. \u0130brahim Y\u00fccel \u00d6ZBEK B\u00f6l\u00fcm Ba\u015fkan Yard\u0131mc\u0131lar\u0131 Dr. \u00d6\u011fr. \u00dcyesi Mustafa Furkan KESKENLER DERS PROGRAMI ve SINAV KOORD\u0130NAT\u00d6R\u00dc Ar\u015f. G\u00f6r. Muratcan YILMAZ (S\u0131nav Program\u0131) Ar\u015f. G\u00f6r. Muhammed Berat \u00d6ZG\u00dcNG\u00d6RD\u00dc (Ders Program\u0131) yilmaz.muratcan@atauni.edu.tr beratozgungordu@atauni.edu.tr DANI\u015eMANLIKLAR Prof. Dr. [&hellip;]<\/p>\n","protected":false},"author":655,"featured_media":0,"parent":0,"menu_order":0,"comment_status":"closed","ping_status":"closed","template":"elementor_header_footer","meta":{"footnotes":""},"class_list":["post-7225","page","type-page","status-publish","hentry"],"_links":{"self":[{"href":"https:\/\/atauni.edu.tr\/yapay-zeka-ve-veri-muhendisligi\/wp-json\/wp\/v2\/pages\/7225","targetHints":{"allow":["GET"]}}],"collection":[{"href":"https:\/\/atauni.edu.tr\/yapay-zeka-ve-veri-muhendisligi\/wp-json\/wp\/v2\/pages"}],"about":[{"href":"https:\/\/atauni.edu.tr\/yapay-zeka-ve-veri-muhendisligi\/wp-json\/wp\/v2\/types\/page"}],"author":[{"embeddable":true,"href":"https:\/\/atauni.edu.tr\/yapay-zeka-ve-veri-muhendisligi\/wp-json\/wp\/v2\/users\/655"}],"replies":[{"embeddable":true,"href":"https:\/\/atauni.edu.tr\/yapay-zeka-ve-veri-muhendisligi\/wp-json\/wp\/v2\/comments?post=7225"}],"version-history":[{"count":4,"href":"https:\/\/atauni.edu.tr\/yapay-zeka-ve-veri-muhendisligi\/wp-json\/wp\/v2\/pages\/7225\/revisions"}],"predecessor-version":[{"id":7230,"href":"https:\/\/atauni.edu.tr\/yapay-zeka-ve-veri-muhendisligi\/wp-json\/wp\/v2\/pages\/7225\/revisions\/7230"}],"wp:attachment":[{"href":"https:\/\/atauni.edu.tr\/yapay-zeka-ve-veri-muhendisligi\/wp-json\/wp\/v2\/media?parent=7225"}],"curies":[{"name":"wp","href":"https:\/\/api.w.org\/{rel}","templated":true}]}}