{"id":5682,"date":"2021-07-13T10:10:01","date_gmt":"2021-07-13T07:10:01","guid":{"rendered":"https:\/\/portaltest.atauni.edu.tr\/bilgisayar-muhendisligi\/?page_id=5682"},"modified":"2025-05-23T11:31:26","modified_gmt":"2025-05-23T08:31:26","slug":"misyon-vizyon-ve-temel-degerler","status":"publish","type":"page","link":"https:\/\/atauni.edu.tr\/yapi-isleri-ve-teknik-daire-baskanligi\/misyon-vizyon-ve-temel-degerler\/","title":{"rendered":"Misyon, Vizyon ve Temel De\u011ferler"},"content":{"rendered":"\t\t<div data-elementor-type=\"wp-page\" data-elementor-id=\"5682\" class=\"elementor elementor-5682\" data-elementor-post-type=\"page\">\n\t\t\t\t\t\t<section class=\"elementor-section elementor-top-section elementor-element elementor-element-730d320 elementor-section-boxed elementor-section-height-default elementor-section-height-default\" data-id=\"730d320\" data-element_type=\"section\">\n\t\t\t\t\t\t<div class=\"elementor-container elementor-column-gap-default\">\n\t\t\t\t\t<div class=\"elementor-column elementor-col-100 elementor-top-column elementor-element elementor-element-753d0860\" data-id=\"753d0860\" data-element_type=\"column\">\n\t\t\t<div class=\"elementor-widget-wrap\">\n\t\t\t\t\t\t\t<\/div>\n\t\t<\/div>\n\t\t\t\t\t<\/div>\n\t\t<\/section>\n\t\t\t\t<section class=\"elementor-section elementor-top-section elementor-element elementor-element-9be811a elementor-section-boxed elementor-section-height-default elementor-section-height-default\" data-id=\"9be811a\" data-element_type=\"section\">\n\t\t\t\t\t\t<div class=\"elementor-container elementor-column-gap-default\">\n\t\t\t\t\t<div class=\"elementor-column elementor-col-100 elementor-top-column elementor-element elementor-element-1ed847b7\" data-id=\"1ed847b7\" data-element_type=\"column\">\n\t\t\t<div class=\"elementor-widget-wrap elementor-element-populated\">\n\t\t\t\t\t\t<div class=\"elementor-element elementor-element-4ce0d07f elementor-widget elementor-widget-heading\" data-id=\"4ce0d07f\" data-element_type=\"widget\" data-widget_type=\"heading.default\">\n\t\t\t\t<div class=\"elementor-widget-container\">\n\t\t\t\t\t<h2 class=\"elementor-heading-title elementor-size-default\">Misyon, Vizyon ve Temel De\u011ferler<\/h2>\t\t\t\t<\/div>\n\t\t\t\t<\/div>\n\t\t\t\t<div class=\"elementor-element elementor-element-63260862 elementor-widget-divider--view-line elementor-widget elementor-widget-divider\" data-id=\"63260862\" data-element_type=\"widget\" data-widget_type=\"divider.default\">\n\t\t\t\t<div class=\"elementor-widget-container\">\n\t\t\t\t\t\t\t<div class=\"elementor-divider\">\n\t\t\t<span class=\"elementor-divider-separator\">\n\t\t\t\t\t\t<\/span>\n\t\t<\/div>\n\t\t\t\t\t\t<\/div>\n\t\t\t\t<\/div>\n\t\t\t\t\t<\/div>\n\t\t<\/div>\n\t\t\t\t\t<\/div>\n\t\t<\/section>\n\t\t\t\t<section class=\"elementor-section elementor-top-section elementor-element elementor-element-681db8b elementor-section-boxed elementor-section-height-default elementor-section-height-default\" data-id=\"681db8b\" data-element_type=\"section\">\n\t\t\t\t\t\t<div class=\"elementor-container elementor-column-gap-default\">\n\t\t\t\t\t<div class=\"elementor-column elementor-col-100 elementor-top-column elementor-element elementor-element-ad4dac5\" data-id=\"ad4dac5\" data-element_type=\"column\">\n\t\t\t<div class=\"elementor-widget-wrap elementor-element-populated\">\n\t\t\t\t\t\t<div class=\"elementor-element elementor-element-2f96b3d elementor-widget elementor-widget-text-editor\" data-id=\"2f96b3d\" data-element_type=\"widget\" data-widget_type=\"text-editor.default\">\n\t\t\t\t<div class=\"elementor-widget-container\">\n\t\t\t\t\t\t\t\t\t<p style=\"margin-bottom: 1rem;padding: 0px;clear: both;font-size: 15px;, sans-serif\"><span style=\"margin: 0px;padding: 0px;font-weight: bolder\">M\u0130SYON<\/span><\/p><p style=\"margin-bottom: 1rem;padding: 0px;clear: both;font-size: 15px;, sans-serif\">\u00dcniversitemizde toplumsal geli\u015fmenin sa\u011flanmas\u0131 amac\u0131yla; alg\u0131lama ve sorun \u00e7\u00f6zme yetene\u011fi geli\u015fmi\u015f, milli ve manevi de\u011ferleri \u00f6z\u00fcmsemi\u015f, yeni fikirlere a\u00e7\u0131k, ki\u015fisel sorumluluk duygusuna sahip, \u00e7a\u011fda\u015f uygarl\u0131\u011fa katk\u0131da bulunabilen, bilim ve teknoloji kullan\u0131m\u0131na ve \u00fcretimine yatk\u0131n, sanata de\u011fer veren, beceri d\u00fczeyi y\u00fcksek, \u00fcretken ve yarat\u0131c\u0131 bilgi \u00e7a\u011f\u0131 insan\u0131 yeti\u015ftirilmesi i\u00e7in \u00dclkemizin ekonomik ko\u015fullar\u0131n\u0131 g\u00f6z \u00f6n\u00fcnde bulundurarak d\u00fcnyadaki geli\u015fmeleri en verimli \u015fekilde de\u011ferlendirip, \u00dcniversitemizin \u00fcretkenli\u011fini ve toplumsal hizmetlerini artt\u0131rarak s\u00fcrd\u00fcrmesini sa\u011flayabilecek her t\u00fcrl\u00fc teknik destek hizmeti vermeyi g\u00f6rev edinmi\u015ftir.<\/p><p style=\"margin-bottom: 1rem;padding: 0px;clear: both;font-size: 15px;, sans-serif\">&nbsp;<\/p><p style=\"margin-bottom: 1rem;padding: 0px;clear: both;font-size: 15px;, sans-serif\"><span style=\"margin: 0px;padding: 0px;font-weight: bolder\">V\u0130ZYON<\/span><\/p><p style=\"margin-bottom: 1rem;padding: 0px;clear: both;font-size: 15px;, sans-serif\">\u00dcniversitemizin ihtiya\u00e7lar\u0131 ve vizyonu do\u011frultusunda, t\u00fcm birimlerin ihtiyac\u0131 olan yap\u0131la\u015fmay\u0131, altyap\u0131y\u0131, teknolojiyi, konforu, esteti\u011fi, donan\u0131m\u0131 ve teknik deste\u011fi sa\u011flayabilmek, t\u00fcm d\u00fcnyadaki ve \u00fclkemizdeki geli\u015fmeleri yak\u0131ndan takip ederek \u00dcniversitemizi ve dolay\u0131s\u0131yla \u00dclkemizi gelece\u011fe en iyi, en do\u011fru, en ekonomik \u015fekilde haz\u0131rlayabilmek, t\u00fcm payda\u015flar\u0131m\u0131z\u0131n g\u00fcvenini kazan\u0131p mutlulu\u011funu art\u0131rmak ve \u00dcniversitemizi Ulusal ve Uluslararas\u0131 \u00f6l\u00e7ekte bir \u00fcniversite konumuna getirmektir.<\/p><p style=\"margin-bottom: 1rem;padding: 0px;clear: both;font-size: 15px;, sans-serif\">&nbsp;<\/p><p style=\"margin-bottom: 1rem;padding: 0px;clear: both;font-size: 15px;, sans-serif\"><span style=\"margin: 0px;padding: 0px;font-weight: bolder\">TEMEL DE\u011eERLER<\/span><\/p><p style=\"margin-bottom: 1rem;padding: 0px;clear: both;font-size: 15px;, sans-serif\">Tak\u0131m \u00e7al\u0131\u015fmas\u0131,<\/p><p style=\"margin-bottom: 1rem;padding: 0px;clear: both;font-size: 15px;, sans-serif\">\u00d6zg\u00fcven,<\/p><p style=\"margin-bottom: 1rem;padding: 0px;clear: both;font-size: 15px;, sans-serif\">Hizmette s\u00fcreklilik ve \u015feffafl\u0131k anlay\u0131\u015f\u0131,<\/p><p style=\"margin-bottom: 1rem;padding: 0px;clear: both;font-size: 15px;, sans-serif\">Hizmette kalite bilincine sahip olmak,<\/p><p style=\"margin-bottom: 1rem;padding: 0px;clear: both;font-size: 15px;, sans-serif\">Payda\u015flar\u0131n memnuniyeti,<\/p><p style=\"margin-bottom: 1rem;padding: 0px;clear: both;font-size: 15px;, sans-serif\">Bilimsel ve etik kurallar\u0131.<\/p>\t\t\t\t\t\t\t\t<\/div>\n\t\t\t\t<\/div>\n\t\t\t\t\t<\/div>\n\t\t<\/div>\n\t\t\t\t\t<\/div>\n\t\t<\/section>\n\t\t\t\t<\/div>\n\t\t","protected":false},"excerpt":{"rendered":"<p>Misyon, Vizyon ve Temel De\u011ferler M\u0130SYON \u00dcniversitemizde toplumsal geli\u015fmenin sa\u011flanmas\u0131 amac\u0131yla; alg\u0131lama ve sorun \u00e7\u00f6zme yetene\u011fi geli\u015fmi\u015f, milli ve manevi de\u011ferleri \u00f6z\u00fcmsemi\u015f, yeni fikirlere a\u00e7\u0131k, ki\u015fisel sorumluluk duygusuna sahip, \u00e7a\u011fda\u015f uygarl\u0131\u011fa katk\u0131da bulunabilen, bilim ve teknoloji kullan\u0131m\u0131na ve \u00fcretimine yatk\u0131n, sanata de\u011fer veren, beceri d\u00fczeyi y\u00fcksek, \u00fcretken ve yarat\u0131c\u0131 bilgi \u00e7a\u011f\u0131 insan\u0131 yeti\u015ftirilmesi i\u00e7in \u00dclkemizin [&hellip;]<\/p>\n","protected":false},"author":1,"featured_media":0,"parent":0,"menu_order":0,"comment_status":"closed","ping_status":"closed","template":"elementor_header_footer","meta":{"footnotes":""},"class_list":["post-5682","page","type-page","status-publish","hentry"],"_links":{"self":[{"href":"https:\/\/atauni.edu.tr\/yapi-isleri-ve-teknik-daire-baskanligi\/wp-json\/wp\/v2\/pages\/5682","targetHints":{"allow":["GET"]}}],"collection":[{"href":"https:\/\/atauni.edu.tr\/yapi-isleri-ve-teknik-daire-baskanligi\/wp-json\/wp\/v2\/pages"}],"about":[{"href":"https:\/\/atauni.edu.tr\/yapi-isleri-ve-teknik-daire-baskanligi\/wp-json\/wp\/v2\/types\/page"}],"author":[{"embeddable":true,"href":"https:\/\/atauni.edu.tr\/yapi-isleri-ve-teknik-daire-baskanligi\/wp-json\/wp\/v2\/users\/1"}],"replies":[{"embeddable":true,"href":"https:\/\/atauni.edu.tr\/yapi-isleri-ve-teknik-daire-baskanligi\/wp-json\/wp\/v2\/comments?post=5682"}],"version-history":[{"count":12,"href":"https:\/\/atauni.edu.tr\/yapi-isleri-ve-teknik-daire-baskanligi\/wp-json\/wp\/v2\/pages\/5682\/revisions"}],"predecessor-version":[{"id":6269,"href":"https:\/\/atauni.edu.tr\/yapi-isleri-ve-teknik-daire-baskanligi\/wp-json\/wp\/v2\/pages\/5682\/revisions\/6269"}],"wp:attachment":[{"href":"https:\/\/atauni.edu.tr\/yapi-isleri-ve-teknik-daire-baskanligi\/wp-json\/wp\/v2\/media?parent=5682"}],"curies":[{"name":"wp","href":"https:\/\/api.w.org\/{rel}","templated":true}]}}