{"id":6218,"date":"2025-05-22T13:33:21","date_gmt":"2025-05-22T10:33:21","guid":{"rendered":"https:\/\/birimler.atauni.edu.tr\/yapi-isleri-ve-teknik-daire-baskanligi\/?page_id=6218"},"modified":"2025-05-25T23:15:44","modified_gmt":"2025-05-25T20:15:44","slug":"gerekli-dokumanlar","status":"publish","type":"page","link":"https:\/\/atauni.edu.tr\/yapi-isleri-ve-teknik-daire-baskanligi\/gerekli-dokumanlar\/","title":{"rendered":"Gerekli D\u00f6k\u00fcmanlar"},"content":{"rendered":"\n<div class=\"wp-block-file\"><a id=\"wp-block-file--media-e7128c65-20f6-4cce-abf7-2d80a20f7a28\" href=\"https:\/\/birimler.atauni.edu.tr\/yapi-isleri-ve-teknik-daire-baskanligi\/wp-content\/uploads\/sites\/222\/2025\/05\/1-Teknik-Personel-Bildirim-Dilekcesi-1.docx\">1-Teknik Personel Bildirim Dilek\u00e7esi<\/a><a href=\"https:\/\/birimler.atauni.edu.tr\/yapi-isleri-ve-teknik-daire-baskanligi\/wp-content\/uploads\/sites\/222\/2025\/05\/1-Teknik-Personel-Bildirim-Dilekcesi-1.docx\" class=\"wp-block-file__button wp-element-button\" download aria-describedby=\"wp-block-file--media-e7128c65-20f6-4cce-abf7-2d80a20f7a28\">\u0130ndir<\/a><\/div>\n\n\n\n<div class=\"wp-block-file\"><a id=\"wp-block-file--media-7b05e226-f200-47b8-b9d7-e0b7ea27b2f1\" href=\"http:\/\/birimler.atauni.edu.tr\/yapi-isleri-ve-teknik-daire-baskanligi\/wp-content\/uploads\/sites\/222\/2025\/05\/2-All-risk-sigorta-Policesi-Bildirim-Dilekcesi.docx\">2-All risk sigorta Poli\u00e7esi Bildirim Dilek\u00e7esi<\/a><a href=\"http:\/\/birimler.atauni.edu.tr\/yapi-isleri-ve-teknik-daire-baskanligi\/wp-content\/uploads\/sites\/222\/2025\/05\/2-All-risk-sigorta-Policesi-Bildirim-Dilekcesi.docx\" class=\"wp-block-file__button wp-element-button\" download aria-describedby=\"wp-block-file--media-7b05e226-f200-47b8-b9d7-e0b7ea27b2f1\">\u0130ndir<\/a><\/div>\n\n\n\n<div class=\"wp-block-file\"><a id=\"wp-block-file--media-3fac3a8a-7683-44cc-9aeb-2c9916a3313c\" href=\"https:\/\/birimler.atauni.edu.tr\/yapi-isleri-ve-teknik-daire-baskanligi\/wp-content\/uploads\/sites\/222\/2025\/05\/3-Is-Programi-Dilekcesi.docx\">3-\u0130\u015f Program\u0131 Dilek\u00e7esi<\/a><a href=\"https:\/\/birimler.atauni.edu.tr\/yapi-isleri-ve-teknik-daire-baskanligi\/wp-content\/uploads\/sites\/222\/2025\/05\/3-Is-Programi-Dilekcesi.docx\" class=\"wp-block-file__button wp-element-button\" download aria-describedby=\"wp-block-file--media-3fac3a8a-7683-44cc-9aeb-2c9916a3313c\">\u0130ndir<\/a><\/div>\n\n\n\n<div class=\"wp-block-file\"><a id=\"wp-block-file--media-b9c755a0-087f-469e-80b1-ac26d96c2e57\" href=\"https:\/\/birimler.atauni.edu.tr\/yapi-isleri-ve-teknik-daire-baskanligi\/wp-content\/uploads\/sites\/222\/2025\/05\/4-Ara-Hakedis-Duzenlenmesi-Talep-Dilekcesi.docx\">4-Ara Hakedi\u015f D\u00fczenlenmesi Talep Dilekcesi<\/a><a href=\"https:\/\/birimler.atauni.edu.tr\/yapi-isleri-ve-teknik-daire-baskanligi\/wp-content\/uploads\/sites\/222\/2025\/05\/4-Ara-Hakedis-Duzenlenmesi-Talep-Dilekcesi.docx\" class=\"wp-block-file__button wp-element-button\" download aria-describedby=\"wp-block-file--media-b9c755a0-087f-469e-80b1-ac26d96c2e57\">\u0130ndir<\/a><\/div>\n\n\n\n<div class=\"wp-block-file\"><a id=\"wp-block-file--media-32066589-e8a6-4dbb-b299-950caf5eae07\" href=\"https:\/\/birimler.atauni.edu.tr\/yapi-isleri-ve-teknik-daire-baskanligi\/wp-content\/uploads\/sites\/222\/2025\/05\/5-Gecici-Kabul-Dilekcesi.docx\">5-Ge\u00e7ici Kabul Dilek\u00e7esi<\/a><a href=\"https:\/\/birimler.atauni.edu.tr\/yapi-isleri-ve-teknik-daire-baskanligi\/wp-content\/uploads\/sites\/222\/2025\/05\/5-Gecici-Kabul-Dilekcesi.docx\" class=\"wp-block-file__button wp-element-button\" download aria-describedby=\"wp-block-file--media-32066589-e8a6-4dbb-b299-950caf5eae07\">\u0130ndir<\/a><\/div>\n\n\n\n<div class=\"wp-block-file\"><a id=\"wp-block-file--media-b2e4a26f-f44c-45bf-855c-43148af9a8cb\" href=\"https:\/\/birimler.atauni.edu.tr\/yapi-isleri-ve-teknik-daire-baskanligi\/wp-content\/uploads\/sites\/222\/2025\/05\/6-Mukayeseli-Kesif-Dilekcesi.docx\">6-Mukayeseli Ke\u015fif Dilek\u00e7esi<\/a><a href=\"https:\/\/birimler.atauni.edu.tr\/yapi-isleri-ve-teknik-daire-baskanligi\/wp-content\/uploads\/sites\/222\/2025\/05\/6-Mukayeseli-Kesif-Dilekcesi.docx\" class=\"wp-block-file__button wp-element-button\" download aria-describedby=\"wp-block-file--media-b2e4a26f-f44c-45bf-855c-43148af9a8cb\">\u0130ndir<\/a><\/div>\n\n\n\n<div class=\"wp-block-file\"><a id=\"wp-block-file--media-9edcbf22-f45c-4cbd-a5c1-d5ee6a35ebb1\" href=\"https:\/\/birimler.atauni.edu.tr\/yapi-isleri-ve-teknik-daire-baskanligi\/wp-content\/uploads\/sites\/222\/2025\/05\/7-All-risk-sigorta-Policesi-Bildirim-Dilekcesi-zeyilname.docx\">7-All risk sigorta Poli\u00e7esi Bildirim Dilek\u00e7esi (zeyilname)<\/a><a href=\"https:\/\/birimler.atauni.edu.tr\/yapi-isleri-ve-teknik-daire-baskanligi\/wp-content\/uploads\/sites\/222\/2025\/05\/7-All-risk-sigorta-Policesi-Bildirim-Dilekcesi-zeyilname.docx\" class=\"wp-block-file__button wp-element-button\" download aria-describedby=\"wp-block-file--media-9edcbf22-f45c-4cbd-a5c1-d5ee6a35ebb1\">\u0130ndir<\/a><\/div>\n\n\n\n<div class=\"wp-block-file\"><a id=\"wp-block-file--media-e87b265f-eb23-464a-8e30-e34bc034ff4e\" href=\"https:\/\/birimler.atauni.edu.tr\/yapi-isleri-ve-teknik-daire-baskanligi\/wp-content\/uploads\/sites\/222\/2025\/05\/8-Kesin-Hakedis-Duzenlenmesi-Talep-Dilekcesi.docx\">8-Kesin Hakedi\u015f D\u00fczenlenmesi Talep Dilek\u00e7esi<\/a><a href=\"https:\/\/birimler.atauni.edu.tr\/yapi-isleri-ve-teknik-daire-baskanligi\/wp-content\/uploads\/sites\/222\/2025\/05\/8-Kesin-Hakedis-Duzenlenmesi-Talep-Dilekcesi.docx\" class=\"wp-block-file__button wp-element-button\" download aria-describedby=\"wp-block-file--media-e87b265f-eb23-464a-8e30-e34bc034ff4e\">\u0130ndir<\/a><\/div>\n\n\n\n<div class=\"wp-block-file\"><a id=\"wp-block-file--media-1ee158df-0370-4da5-bf58-ed38d3b10493\" href=\"https:\/\/birimler.atauni.edu.tr\/yapi-isleri-ve-teknik-daire-baskanligi\/wp-content\/uploads\/sites\/222\/2025\/05\/9-Is-bitirme-Belgesi-Dilekcesi.docx\">9- \u0130\u015f bitirme Belgesi Dilek\u00e7esi<\/a><a href=\"https:\/\/birimler.atauni.edu.tr\/yapi-isleri-ve-teknik-daire-baskanligi\/wp-content\/uploads\/sites\/222\/2025\/05\/9-Is-bitirme-Belgesi-Dilekcesi.docx\" class=\"wp-block-file__button wp-element-button\" download aria-describedby=\"wp-block-file--media-1ee158df-0370-4da5-bf58-ed38d3b10493\">\u0130ndir<\/a><\/div>\n\n\n\n<div class=\"wp-block-file\"><a id=\"wp-block-file--media-a38adf75-e0c7-42cd-a66c-f072f51fa043\" href=\"https:\/\/birimler.atauni.edu.tr\/yapi-isleri-ve-teknik-daire-baskanligi\/wp-content\/uploads\/sites\/222\/2025\/05\/10-Sure-Uzatim-Talep-Dilekcesi.docx\">10-S\u00fcre Uzat\u0131m Talep Dilek\u00e7esi<\/a><a href=\"https:\/\/birimler.atauni.edu.tr\/yapi-isleri-ve-teknik-daire-baskanligi\/wp-content\/uploads\/sites\/222\/2025\/05\/10-Sure-Uzatim-Talep-Dilekcesi.docx\" class=\"wp-block-file__button wp-element-button\" download aria-describedby=\"wp-block-file--media-a38adf75-e0c7-42cd-a66c-f072f51fa043\">\u0130ndir<\/a><\/div>\n\n\n\n<div class=\"wp-block-file\"><a id=\"wp-block-file--media-a516b9c4-4b90-4502-b091-07461917f970\" href=\"https:\/\/birimler.atauni.edu.tr\/yapi-isleri-ve-teknik-daire-baskanligi\/wp-content\/uploads\/sites\/222\/2025\/05\/11-Is-Programi-DilekcesiRevize.docx\">11-\u0130\u015f Program\u0131 Dilek\u00e7esi(Revize)<\/a><a href=\"https:\/\/birimler.atauni.edu.tr\/yapi-isleri-ve-teknik-daire-baskanligi\/wp-content\/uploads\/sites\/222\/2025\/05\/11-Is-Programi-DilekcesiRevize.docx\" class=\"wp-block-file__button wp-element-button\" download aria-describedby=\"wp-block-file--media-a516b9c4-4b90-4502-b091-07461917f970\">\u0130ndir<\/a><\/div>\n\n\n\n<div class=\"wp-block-file\"><a id=\"wp-block-file--media-4427dbde-22f2-43e2-ac37-bce1b1d4239f\" href=\"https:\/\/birimler.atauni.edu.tr\/yapi-isleri-ve-teknik-daire-baskanligi\/wp-content\/uploads\/sites\/222\/2025\/05\/12-Kesin-kabul-Dilekcesi.docx\">12-Kesin kabul Dilek\u00e7esi<\/a><a href=\"https:\/\/birimler.atauni.edu.tr\/yapi-isleri-ve-teknik-daire-baskanligi\/wp-content\/uploads\/sites\/222\/2025\/05\/12-Kesin-kabul-Dilekcesi.docx\" class=\"wp-block-file__button wp-element-button\" download aria-describedby=\"wp-block-file--media-4427dbde-22f2-43e2-ac37-bce1b1d4239f\">\u0130ndir<\/a><\/div>\n\n\n\n<div class=\"wp-block-file\"><a id=\"wp-block-file--media-89b21561-2886-464f-a815-a3ca3a47df64\" href=\"https:\/\/birimler.atauni.edu.tr\/yapi-isleri-ve-teknik-daire-baskanligi\/wp-content\/uploads\/sites\/222\/2025\/05\/13-Teminat-Iade-Dilekcesi.docx\">13-Teminat \u0130ade Dilek\u00e7esi<\/a><a href=\"https:\/\/birimler.atauni.edu.tr\/yapi-isleri-ve-teknik-daire-baskanligi\/wp-content\/uploads\/sites\/222\/2025\/05\/13-Teminat-Iade-Dilekcesi.docx\" class=\"wp-block-file__button wp-element-button\" download aria-describedby=\"wp-block-file--media-89b21561-2886-464f-a815-a3ca3a47df64\">\u0130ndir<\/a><\/div>\n\n\n\n<p><\/p>\n","protected":false},"excerpt":{"rendered":"","protected":false},"author":660,"featured_media":0,"parent":0,"menu_order":0,"comment_status":"closed","ping_status":"closed","template":"","meta":{"footnotes":""},"class_list":["post-6218","page","type-page","status-publish","hentry"],"_links":{"self":[{"href":"https:\/\/atauni.edu.tr\/yapi-isleri-ve-teknik-daire-baskanligi\/wp-json\/wp\/v2\/pages\/6218","targetHints":{"allow":["GET"]}}],"collection":[{"href":"https:\/\/atauni.edu.tr\/yapi-isleri-ve-teknik-daire-baskanligi\/wp-json\/wp\/v2\/pages"}],"about":[{"href":"https:\/\/atauni.edu.tr\/yapi-isleri-ve-teknik-daire-baskanligi\/wp-json\/wp\/v2\/types\/page"}],"author":[{"embeddable":true,"href":"https:\/\/atauni.edu.tr\/yapi-isleri-ve-teknik-daire-baskanligi\/wp-json\/wp\/v2\/users\/660"}],"replies":[{"embeddable":true,"href":"https:\/\/atauni.edu.tr\/yapi-isleri-ve-teknik-daire-baskanligi\/wp-json\/wp\/v2\/comments?post=6218"}],"version-history":[{"count":3,"href":"https:\/\/atauni.edu.tr\/yapi-isleri-ve-teknik-daire-baskanligi\/wp-json\/wp\/v2\/pages\/6218\/revisions"}],"predecessor-version":[{"id":6389,"href":"https:\/\/atauni.edu.tr\/yapi-isleri-ve-teknik-daire-baskanligi\/wp-json\/wp\/v2\/pages\/6218\/revisions\/6389"}],"wp:attachment":[{"href":"https:\/\/atauni.edu.tr\/yapi-isleri-ve-teknik-daire-baskanligi\/wp-json\/wp\/v2\/media?parent=6218"}],"curies":[{"name":"wp","href":"https:\/\/api.w.org\/{rel}","templated":true}]}}