{"id":6311,"date":"2025-05-23T21:56:57","date_gmt":"2025-05-23T18:56:57","guid":{"rendered":"https:\/\/birimler.atauni.edu.tr\/yapi-isleri-ve-teknik-daire-baskanligi\/?page_id=6311"},"modified":"2025-05-23T22:47:03","modified_gmt":"2025-05-23T19:47:03","slug":"faaliyetlerimiz-2","status":"publish","type":"page","link":"https:\/\/atauni.edu.tr\/yapi-isleri-ve-teknik-daire-baskanligi\/faaliyetlerimiz-2\/","title":{"rendered":"Faaliyetlerimiz"},"content":{"rendered":"\t\t<div data-elementor-type=\"wp-page\" data-elementor-id=\"6311\" class=\"elementor elementor-6311\" data-elementor-post-type=\"page\">\n\t\t\t\t\t\t<section class=\"elementor-section elementor-top-section elementor-element elementor-element-4e4fa458 elementor-section-boxed elementor-section-height-default elementor-section-height-default\" data-id=\"4e4fa458\" data-element_type=\"section\">\n\t\t\t\t\t\t<div class=\"elementor-container elementor-column-gap-default\">\n\t\t\t\t\t<div class=\"elementor-column elementor-col-100 elementor-top-column elementor-element elementor-element-31996681\" data-id=\"31996681\" data-element_type=\"column\">\n\t\t\t<div class=\"elementor-widget-wrap elementor-element-populated\">\n\t\t\t\t\t\t<div class=\"elementor-element elementor-element-924aa1f elementor-widget elementor-widget-text-editor\" data-id=\"924aa1f\" data-element_type=\"widget\" data-widget_type=\"text-editor.default\">\n\t\t\t\t<div class=\"elementor-widget-container\">\n\t\t\t\t\t\t\t\t\t<p><\/p>\n<ul>\n<li class=\"wp-block-heading\">Bak\u0131m-Onar\u0131mlar<\/li>\n<li class=\"wp-block-heading\">Et\u00fcd-Proje<\/li>\n<\/ul>\n<p><\/p>\t\t\t\t\t\t\t\t<\/div>\n\t\t\t\t<\/div>\n\t\t\t\t\t<\/div>\n\t\t<\/div>\n\t\t\t\t\t<\/div>\n\t\t<\/section>\n\t\t\t\t<section class=\"elementor-section elementor-top-section elementor-element elementor-element-0248c9b elementor-section-boxed elementor-section-height-default elementor-section-height-default\" data-id=\"0248c9b\" data-element_type=\"section\">\n\t\t\t\t\t\t<div class=\"elementor-container elementor-column-gap-default\">\n\t\t\t\t\t<div class=\"elementor-column elementor-col-33 elementor-top-column elementor-element elementor-element-6ed96fe\" data-id=\"6ed96fe\" data-element_type=\"column\">\n\t\t\t<div class=\"elementor-widget-wrap elementor-element-populated\">\n\t\t\t\t\t\t<div class=\"elementor-element elementor-element-10ee555 elementor-widget elementor-widget-image\" data-id=\"10ee555\" data-element_type=\"widget\" data-widget_type=\"image.default\">\n\t\t\t\t<div class=\"elementor-widget-container\">\n\t\t\t\t\t\t\t\t\t\t\t\t\t\t\t<img fetchpriority=\"high\" decoding=\"async\" width=\"1024\" height=\"683\" src=\"https:\/\/atauni.edu.tr\/yapi-isleri-ve-teknik-daire-baskanligi\/wp-content\/uploads\/sites\/222\/2025\/05\/ATA-4-1024x683.jpg\" class=\"attachment-large size-large wp-image-6315\" alt=\"\" srcset=\"https:\/\/atauni.edu.tr\/yapi-isleri-ve-teknik-daire-baskanligi\/wp-content\/uploads\/sites\/222\/2025\/05\/ATA-4-1024x683.jpg 1024w, https:\/\/atauni.edu.tr\/yapi-isleri-ve-teknik-daire-baskanligi\/wp-content\/uploads\/sites\/222\/2025\/05\/ATA-4-300x200.jpg 300w, https:\/\/atauni.edu.tr\/yapi-isleri-ve-teknik-daire-baskanligi\/wp-content\/uploads\/sites\/222\/2025\/05\/ATA-4-768x512.jpg 768w, https:\/\/atauni.edu.tr\/yapi-isleri-ve-teknik-daire-baskanligi\/wp-content\/uploads\/sites\/222\/2025\/05\/ATA-4-1536x1024.jpg 1536w, https:\/\/atauni.edu.tr\/yapi-isleri-ve-teknik-daire-baskanligi\/wp-content\/uploads\/sites\/222\/2025\/05\/ATA-4-2048x1365.jpg 2048w, https:\/\/atauni.edu.tr\/yapi-isleri-ve-teknik-daire-baskanligi\/wp-content\/uploads\/sites\/222\/2025\/05\/ATA-4-1200x800.jpg 1200w, https:\/\/atauni.edu.tr\/yapi-isleri-ve-teknik-daire-baskanligi\/wp-content\/uploads\/sites\/222\/2025\/05\/ATA-4-600x400.jpg 600w, https:\/\/atauni.edu.tr\/yapi-isleri-ve-teknik-daire-baskanligi\/wp-content\/uploads\/sites\/222\/2025\/05\/ATA-4-560x373.jpg 560w\" sizes=\"(max-width: 1024px) 100vw, 1024px\" \/>\t\t\t\t\t\t\t\t\t\t\t\t\t\t\t<\/div>\n\t\t\t\t<\/div>\n\t\t\t\t<div class=\"elementor-element elementor-element-b3cdcb2 elementor-widget elementor-widget-image\" data-id=\"b3cdcb2\" data-element_type=\"widget\" data-widget_type=\"image.default\">\n\t\t\t\t<div class=\"elementor-widget-container\">\n\t\t\t\t\t\t\t\t\t\t\t\t\t\t\t<img decoding=\"async\" width=\"1024\" height=\"576\" src=\"https:\/\/atauni.edu.tr\/yapi-isleri-ve-teknik-daire-baskanligi\/wp-content\/uploads\/sites\/222\/2025\/05\/ATA-8-1024x576.jpg\" class=\"attachment-large size-large wp-image-6316\" alt=\"\" srcset=\"https:\/\/atauni.edu.tr\/yapi-isleri-ve-teknik-daire-baskanligi\/wp-content\/uploads\/sites\/222\/2025\/05\/ATA-8-1024x576.jpg 1024w, https:\/\/atauni.edu.tr\/yapi-isleri-ve-teknik-daire-baskanligi\/wp-content\/uploads\/sites\/222\/2025\/05\/ATA-8-300x169.jpg 300w, https:\/\/atauni.edu.tr\/yapi-isleri-ve-teknik-daire-baskanligi\/wp-content\/uploads\/sites\/222\/2025\/05\/ATA-8-768x432.jpg 768w, https:\/\/atauni.edu.tr\/yapi-isleri-ve-teknik-daire-baskanligi\/wp-content\/uploads\/sites\/222\/2025\/05\/ATA-8-1536x864.jpg 1536w, https:\/\/atauni.edu.tr\/yapi-isleri-ve-teknik-daire-baskanligi\/wp-content\/uploads\/sites\/222\/2025\/05\/ATA-8-2048x1152.jpg 2048w, https:\/\/atauni.edu.tr\/yapi-isleri-ve-teknik-daire-baskanligi\/wp-content\/uploads\/sites\/222\/2025\/05\/ATA-8-600x338.jpg 600w, https:\/\/atauni.edu.tr\/yapi-isleri-ve-teknik-daire-baskanligi\/wp-content\/uploads\/sites\/222\/2025\/05\/ATA-8-560x315.jpg 560w\" sizes=\"(max-width: 1024px) 100vw, 1024px\" \/>\t\t\t\t\t\t\t\t\t\t\t\t\t\t\t<\/div>\n\t\t\t\t<\/div>\n\t\t\t\t\t<\/div>\n\t\t<\/div>\n\t\t\t\t<div class=\"elementor-column elementor-col-33 elementor-top-column elementor-element elementor-element-0860789\" data-id=\"0860789\" data-element_type=\"column\">\n\t\t\t<div class=\"elementor-widget-wrap elementor-element-populated\">\n\t\t\t\t\t\t<div class=\"elementor-element elementor-element-f5b8313 elementor-widget elementor-widget-image\" data-id=\"f5b8313\" data-element_type=\"widget\" data-widget_type=\"image.default\">\n\t\t\t\t<div class=\"elementor-widget-container\">\n\t\t\t\t\t\t\t\t\t\t\t\t\t\t\t<img decoding=\"async\" width=\"1024\" height=\"682\" src=\"https:\/\/atauni.edu.tr\/yapi-isleri-ve-teknik-daire-baskanligi\/wp-content\/uploads\/sites\/222\/2025\/05\/ATA-26-1024x682.jpg\" class=\"attachment-large size-large wp-image-6317\" alt=\"\" srcset=\"https:\/\/atauni.edu.tr\/yapi-isleri-ve-teknik-daire-baskanligi\/wp-content\/uploads\/sites\/222\/2025\/05\/ATA-26-1024x682.jpg 1024w, https:\/\/atauni.edu.tr\/yapi-isleri-ve-teknik-daire-baskanligi\/wp-content\/uploads\/sites\/222\/2025\/05\/ATA-26-300x200.jpg 300w, https:\/\/atauni.edu.tr\/yapi-isleri-ve-teknik-daire-baskanligi\/wp-content\/uploads\/sites\/222\/2025\/05\/ATA-26-768x512.jpg 768w, https:\/\/atauni.edu.tr\/yapi-isleri-ve-teknik-daire-baskanligi\/wp-content\/uploads\/sites\/222\/2025\/05\/ATA-26-1536x1023.jpg 1536w, https:\/\/atauni.edu.tr\/yapi-isleri-ve-teknik-daire-baskanligi\/wp-content\/uploads\/sites\/222\/2025\/05\/ATA-26-2048x1364.jpg 2048w, https:\/\/atauni.edu.tr\/yapi-isleri-ve-teknik-daire-baskanligi\/wp-content\/uploads\/sites\/222\/2025\/05\/ATA-26-1200x800.jpg 1200w, https:\/\/atauni.edu.tr\/yapi-isleri-ve-teknik-daire-baskanligi\/wp-content\/uploads\/sites\/222\/2025\/05\/ATA-26-600x400.jpg 600w, https:\/\/atauni.edu.tr\/yapi-isleri-ve-teknik-daire-baskanligi\/wp-content\/uploads\/sites\/222\/2025\/05\/ATA-26-560x373.jpg 560w\" sizes=\"(max-width: 1024px) 100vw, 1024px\" \/>\t\t\t\t\t\t\t\t\t\t\t\t\t\t\t<\/div>\n\t\t\t\t<\/div>\n\t\t\t\t\t<\/div>\n\t\t<\/div>\n\t\t\t\t<div class=\"elementor-column elementor-col-33 elementor-top-column elementor-element elementor-element-1b85126\" data-id=\"1b85126\" data-element_type=\"column\">\n\t\t\t<div class=\"elementor-widget-wrap elementor-element-populated\">\n\t\t\t\t\t\t<div class=\"elementor-element elementor-element-7100ca0 elementor-widget elementor-widget-image\" data-id=\"7100ca0\" data-element_type=\"widget\" data-widget_type=\"image.default\">\n\t\t\t\t<div class=\"elementor-widget-container\">\n\t\t\t\t\t\t\t\t\t\t\t\t\t\t\t<img loading=\"lazy\" decoding=\"async\" width=\"1024\" height=\"576\" src=\"https:\/\/atauni.edu.tr\/yapi-isleri-ve-teknik-daire-baskanligi\/wp-content\/uploads\/sites\/222\/2025\/05\/ATA-15-1024x576.jpg\" class=\"attachment-large size-large wp-image-6318\" alt=\"\" srcset=\"https:\/\/atauni.edu.tr\/yapi-isleri-ve-teknik-daire-baskanligi\/wp-content\/uploads\/sites\/222\/2025\/05\/ATA-15-1024x576.jpg 1024w, https:\/\/atauni.edu.tr\/yapi-isleri-ve-teknik-daire-baskanligi\/wp-content\/uploads\/sites\/222\/2025\/05\/ATA-15-300x169.jpg 300w, https:\/\/atauni.edu.tr\/yapi-isleri-ve-teknik-daire-baskanligi\/wp-content\/uploads\/sites\/222\/2025\/05\/ATA-15-768x432.jpg 768w, https:\/\/atauni.edu.tr\/yapi-isleri-ve-teknik-daire-baskanligi\/wp-content\/uploads\/sites\/222\/2025\/05\/ATA-15-1536x864.jpg 1536w, https:\/\/atauni.edu.tr\/yapi-isleri-ve-teknik-daire-baskanligi\/wp-content\/uploads\/sites\/222\/2025\/05\/ATA-15-2048x1152.jpg 2048w, https:\/\/atauni.edu.tr\/yapi-isleri-ve-teknik-daire-baskanligi\/wp-content\/uploads\/sites\/222\/2025\/05\/ATA-15-600x338.jpg 600w, https:\/\/atauni.edu.tr\/yapi-isleri-ve-teknik-daire-baskanligi\/wp-content\/uploads\/sites\/222\/2025\/05\/ATA-15-560x315.jpg 560w\" sizes=\"(max-width: 1024px) 100vw, 1024px\" \/>\t\t\t\t\t\t\t\t\t\t\t\t\t\t\t<\/div>\n\t\t\t\t<\/div>\n\t\t\t\t\t<\/div>\n\t\t<\/div>\n\t\t\t\t\t<\/div>\n\t\t<\/section>\n\t\t\t\t<section class=\"elementor-section elementor-top-section elementor-element elementor-element-4996647 elementor-section-boxed elementor-section-height-default elementor-section-height-default\" data-id=\"4996647\" data-element_type=\"section\">\n\t\t\t\t\t\t<div class=\"elementor-container elementor-column-gap-default\">\n\t\t\t\t\t<div class=\"elementor-column elementor-col-100 elementor-top-column elementor-element elementor-element-bb655d0\" data-id=\"bb655d0\" data-element_type=\"column\">\n\t\t\t<div class=\"elementor-widget-wrap elementor-element-populated\">\n\t\t\t\t\t\t<div class=\"elementor-element elementor-element-8a05627 elementor-widget elementor-widget-google_maps\" data-id=\"8a05627\" data-element_type=\"widget\" data-widget_type=\"google_maps.default\">\n\t\t\t\t<div class=\"elementor-widget-container\">\n\t\t\t\t\t\t\t<div class=\"elementor-custom-embed\">\n\t\t\t<iframe loading=\"lazy\"\n\t\t\t\t\tsrc=\"https:\/\/maps.google.com\/maps?q=Atat%C3%BCrk%20%C3%9Cniversitesi%20Yap%C4%B1%20%C4%B0%C5%9Fleri%20ve%20Teknik%20Daire%20Ba%C5%9Fkanl%C4%B1%C4%9F%C4%B1&#038;t=m&#038;z=16&#038;output=embed&#038;iwloc=near\"\n\t\t\t\t\ttitle=\"Atat\u00fcrk \u00dcniversitesi Yap\u0131 \u0130\u015fleri ve Teknik Daire Ba\u015fkanl\u0131\u011f\u0131\"\n\t\t\t\t\taria-label=\"Atat\u00fcrk \u00dcniversitesi Yap\u0131 \u0130\u015fleri ve Teknik Daire Ba\u015fkanl\u0131\u011f\u0131\"\n\t\t\t><\/iframe>\n\t\t<\/div>\n\t\t\t\t\t\t<\/div>\n\t\t\t\t<\/div>\n\t\t\t\t\t<\/div>\n\t\t<\/div>\n\t\t\t\t\t<\/div>\n\t\t<\/section>\n\t\t\t\t<\/div>\n\t\t","protected":false},"excerpt":{"rendered":"<p>Bak\u0131m-Onar\u0131mlar Et\u00fcd-Proje<\/p>\n","protected":false},"author":660,"featured_media":0,"parent":0,"menu_order":0,"comment_status":"closed","ping_status":"closed","template":"","meta":{"footnotes":""},"class_list":["post-6311","page","type-page","status-publish","hentry"],"_links":{"self":[{"href":"https:\/\/atauni.edu.tr\/yapi-isleri-ve-teknik-daire-baskanligi\/wp-json\/wp\/v2\/pages\/6311","targetHints":{"allow":["GET"]}}],"collection":[{"href":"https:\/\/atauni.edu.tr\/yapi-isleri-ve-teknik-daire-baskanligi\/wp-json\/wp\/v2\/pages"}],"about":[{"href":"https:\/\/atauni.edu.tr\/yapi-isleri-ve-teknik-daire-baskanligi\/wp-json\/wp\/v2\/types\/page"}],"author":[{"embeddable":true,"href":"https:\/\/atauni.edu.tr\/yapi-isleri-ve-teknik-daire-baskanligi\/wp-json\/wp\/v2\/users\/660"}],"replies":[{"embeddable":true,"href":"https:\/\/atauni.edu.tr\/yapi-isleri-ve-teknik-daire-baskanligi\/wp-json\/wp\/v2\/comments?post=6311"}],"version-history":[{"count":11,"href":"https:\/\/atauni.edu.tr\/yapi-isleri-ve-teknik-daire-baskanligi\/wp-json\/wp\/v2\/pages\/6311\/revisions"}],"predecessor-version":[{"id":6348,"href":"https:\/\/atauni.edu.tr\/yapi-isleri-ve-teknik-daire-baskanligi\/wp-json\/wp\/v2\/pages\/6311\/revisions\/6348"}],"wp:attachment":[{"href":"https:\/\/atauni.edu.tr\/yapi-isleri-ve-teknik-daire-baskanligi\/wp-json\/wp\/v2\/media?parent=6311"}],"curies":[{"name":"wp","href":"https:\/\/api.w.org\/{rel}","templated":true}]}}