{"id":6352,"date":"2025-05-23T22:53:10","date_gmt":"2025-05-23T19:53:10","guid":{"rendered":"https:\/\/birimler.atauni.edu.tr\/yapi-isleri-ve-teknik-daire-baskanligi\/?page_id=6352"},"modified":"2025-05-26T14:19:18","modified_gmt":"2025-05-26T11:19:18","slug":"mevzuatlar-2","status":"publish","type":"page","link":"https:\/\/atauni.edu.tr\/yapi-isleri-ve-teknik-daire-baskanligi\/mevzuatlar-2\/","title":{"rendered":"Faaliyetlerimiz"},"content":{"rendered":"\n<figure class=\"wp-block-gallery has-nested-images columns-default is-cropped wp-block-gallery-1 is-layout-flex wp-block-gallery-is-layout-flex\">\n<figure class=\"wp-block-image size-large\"><img fetchpriority=\"high\" decoding=\"async\" width=\"1024\" height=\"576\" data-id=\"6316\" src=\"https:\/\/birimler.atauni.edu.tr\/yapi-isleri-ve-teknik-daire-baskanligi\/wp-content\/uploads\/sites\/222\/2025\/05\/ATA-8-1024x576.jpg\" alt=\"\" class=\"wp-image-6316\" srcset=\"https:\/\/atauni.edu.tr\/yapi-isleri-ve-teknik-daire-baskanligi\/wp-content\/uploads\/sites\/222\/2025\/05\/ATA-8-1024x576.jpg 1024w, https:\/\/atauni.edu.tr\/yapi-isleri-ve-teknik-daire-baskanligi\/wp-content\/uploads\/sites\/222\/2025\/05\/ATA-8-300x169.jpg 300w, https:\/\/atauni.edu.tr\/yapi-isleri-ve-teknik-daire-baskanligi\/wp-content\/uploads\/sites\/222\/2025\/05\/ATA-8-768x432.jpg 768w, https:\/\/atauni.edu.tr\/yapi-isleri-ve-teknik-daire-baskanligi\/wp-content\/uploads\/sites\/222\/2025\/05\/ATA-8-1536x864.jpg 1536w, https:\/\/atauni.edu.tr\/yapi-isleri-ve-teknik-daire-baskanligi\/wp-content\/uploads\/sites\/222\/2025\/05\/ATA-8-2048x1152.jpg 2048w, https:\/\/atauni.edu.tr\/yapi-isleri-ve-teknik-daire-baskanligi\/wp-content\/uploads\/sites\/222\/2025\/05\/ATA-8-600x338.jpg 600w, https:\/\/atauni.edu.tr\/yapi-isleri-ve-teknik-daire-baskanligi\/wp-content\/uploads\/sites\/222\/2025\/05\/ATA-8-560x315.jpg 560w\" sizes=\"(max-width: 1024px) 100vw, 1024px\" \/><figcaption class=\"wp-element-caption\">Di\u015f Hekimli\u011fi Fak\u00fcltesi<\/figcaption><\/figure>\n\n\n\n<figure class=\"wp-block-image size-large\"><img decoding=\"async\" width=\"1024\" height=\"682\" data-id=\"6317\" src=\"https:\/\/birimler.atauni.edu.tr\/yapi-isleri-ve-teknik-daire-baskanligi\/wp-content\/uploads\/sites\/222\/2025\/05\/ATA-26-1024x682.jpg\" alt=\"\" class=\"wp-image-6317\" srcset=\"https:\/\/atauni.edu.tr\/yapi-isleri-ve-teknik-daire-baskanligi\/wp-content\/uploads\/sites\/222\/2025\/05\/ATA-26-1024x682.jpg 1024w, https:\/\/atauni.edu.tr\/yapi-isleri-ve-teknik-daire-baskanligi\/wp-content\/uploads\/sites\/222\/2025\/05\/ATA-26-300x200.jpg 300w, https:\/\/atauni.edu.tr\/yapi-isleri-ve-teknik-daire-baskanligi\/wp-content\/uploads\/sites\/222\/2025\/05\/ATA-26-768x512.jpg 768w, https:\/\/atauni.edu.tr\/yapi-isleri-ve-teknik-daire-baskanligi\/wp-content\/uploads\/sites\/222\/2025\/05\/ATA-26-1536x1023.jpg 1536w, https:\/\/atauni.edu.tr\/yapi-isleri-ve-teknik-daire-baskanligi\/wp-content\/uploads\/sites\/222\/2025\/05\/ATA-26-2048x1364.jpg 2048w, https:\/\/atauni.edu.tr\/yapi-isleri-ve-teknik-daire-baskanligi\/wp-content\/uploads\/sites\/222\/2025\/05\/ATA-26-1200x800.jpg 1200w, https:\/\/atauni.edu.tr\/yapi-isleri-ve-teknik-daire-baskanligi\/wp-content\/uploads\/sites\/222\/2025\/05\/ATA-26-600x400.jpg 600w, https:\/\/atauni.edu.tr\/yapi-isleri-ve-teknik-daire-baskanligi\/wp-content\/uploads\/sites\/222\/2025\/05\/ATA-26-560x373.jpg 560w\" sizes=\"(max-width: 1024px) 100vw, 1024px\" \/><figcaption class=\"wp-element-caption\">Biyo\u00e7e\u015fitlilik M\u00fczesi<\/figcaption><\/figure>\n\n\n\n<figure class=\"wp-block-image size-large\"><img decoding=\"async\" width=\"1024\" height=\"576\" data-id=\"6318\" src=\"https:\/\/birimler.atauni.edu.tr\/yapi-isleri-ve-teknik-daire-baskanligi\/wp-content\/uploads\/sites\/222\/2025\/05\/ATA-15-1024x576.jpg\" alt=\"\" class=\"wp-image-6318\" srcset=\"https:\/\/atauni.edu.tr\/yapi-isleri-ve-teknik-daire-baskanligi\/wp-content\/uploads\/sites\/222\/2025\/05\/ATA-15-1024x576.jpg 1024w, https:\/\/atauni.edu.tr\/yapi-isleri-ve-teknik-daire-baskanligi\/wp-content\/uploads\/sites\/222\/2025\/05\/ATA-15-300x169.jpg 300w, https:\/\/atauni.edu.tr\/yapi-isleri-ve-teknik-daire-baskanligi\/wp-content\/uploads\/sites\/222\/2025\/05\/ATA-15-768x432.jpg 768w, https:\/\/atauni.edu.tr\/yapi-isleri-ve-teknik-daire-baskanligi\/wp-content\/uploads\/sites\/222\/2025\/05\/ATA-15-1536x864.jpg 1536w, https:\/\/atauni.edu.tr\/yapi-isleri-ve-teknik-daire-baskanligi\/wp-content\/uploads\/sites\/222\/2025\/05\/ATA-15-2048x1152.jpg 2048w, https:\/\/atauni.edu.tr\/yapi-isleri-ve-teknik-daire-baskanligi\/wp-content\/uploads\/sites\/222\/2025\/05\/ATA-15-600x338.jpg 600w, https:\/\/atauni.edu.tr\/yapi-isleri-ve-teknik-daire-baskanligi\/wp-content\/uploads\/sites\/222\/2025\/05\/ATA-15-560x315.jpg 560w\" sizes=\"(max-width: 1024px) 100vw, 1024px\" \/><figcaption class=\"wp-element-caption\">Edebiyat Fak\u00fcltesi<\/figcaption><\/figure>\n\n\n\n<figure class=\"wp-block-image size-large\"><img loading=\"lazy\" decoding=\"async\" width=\"1024\" height=\"683\" data-id=\"6326\" src=\"https:\/\/birimler.atauni.edu.tr\/yapi-isleri-ve-teknik-daire-baskanligi\/wp-content\/uploads\/sites\/222\/2025\/05\/ATA-3-1024x683.jpg\" alt=\"\" class=\"wp-image-6326\" srcset=\"https:\/\/atauni.edu.tr\/yapi-isleri-ve-teknik-daire-baskanligi\/wp-content\/uploads\/sites\/222\/2025\/05\/ATA-3-1024x683.jpg 1024w, https:\/\/atauni.edu.tr\/yapi-isleri-ve-teknik-daire-baskanligi\/wp-content\/uploads\/sites\/222\/2025\/05\/ATA-3-300x200.jpg 300w, https:\/\/atauni.edu.tr\/yapi-isleri-ve-teknik-daire-baskanligi\/wp-content\/uploads\/sites\/222\/2025\/05\/ATA-3-768x512.jpg 768w, https:\/\/atauni.edu.tr\/yapi-isleri-ve-teknik-daire-baskanligi\/wp-content\/uploads\/sites\/222\/2025\/05\/ATA-3-1536x1024.jpg 1536w, https:\/\/atauni.edu.tr\/yapi-isleri-ve-teknik-daire-baskanligi\/wp-content\/uploads\/sites\/222\/2025\/05\/ATA-3-2048x1365.jpg 2048w, https:\/\/atauni.edu.tr\/yapi-isleri-ve-teknik-daire-baskanligi\/wp-content\/uploads\/sites\/222\/2025\/05\/ATA-3-1200x800.jpg 1200w, https:\/\/atauni.edu.tr\/yapi-isleri-ve-teknik-daire-baskanligi\/wp-content\/uploads\/sites\/222\/2025\/05\/ATA-3-600x400.jpg 600w, https:\/\/atauni.edu.tr\/yapi-isleri-ve-teknik-daire-baskanligi\/wp-content\/uploads\/sites\/222\/2025\/05\/ATA-3-560x373.jpg 560w\" sizes=\"(max-width: 1024px) 100vw, 1024px\" \/><figcaption class=\"wp-element-caption\">Hukuk Fak\u00fcltesi<\/figcaption><\/figure>\n\n\n\n<figure class=\"wp-block-image size-large\"><img loading=\"lazy\" decoding=\"async\" width=\"1024\" height=\"576\" data-id=\"6327\" src=\"https:\/\/birimler.atauni.edu.tr\/yapi-isleri-ve-teknik-daire-baskanligi\/wp-content\/uploads\/sites\/222\/2025\/05\/ATA-5-1024x576.jpg\" alt=\"\" class=\"wp-image-6327\" srcset=\"https:\/\/atauni.edu.tr\/yapi-isleri-ve-teknik-daire-baskanligi\/wp-content\/uploads\/sites\/222\/2025\/05\/ATA-5-1024x576.jpg 1024w, https:\/\/atauni.edu.tr\/yapi-isleri-ve-teknik-daire-baskanligi\/wp-content\/uploads\/sites\/222\/2025\/05\/ATA-5-300x169.jpg 300w, https:\/\/atauni.edu.tr\/yapi-isleri-ve-teknik-daire-baskanligi\/wp-content\/uploads\/sites\/222\/2025\/05\/ATA-5-768x432.jpg 768w, https:\/\/atauni.edu.tr\/yapi-isleri-ve-teknik-daire-baskanligi\/wp-content\/uploads\/sites\/222\/2025\/05\/ATA-5-1536x864.jpg 1536w, https:\/\/atauni.edu.tr\/yapi-isleri-ve-teknik-daire-baskanligi\/wp-content\/uploads\/sites\/222\/2025\/05\/ATA-5-2048x1152.jpg 2048w, https:\/\/atauni.edu.tr\/yapi-isleri-ve-teknik-daire-baskanligi\/wp-content\/uploads\/sites\/222\/2025\/05\/ATA-5-600x338.jpg 600w, https:\/\/atauni.edu.tr\/yapi-isleri-ve-teknik-daire-baskanligi\/wp-content\/uploads\/sites\/222\/2025\/05\/ATA-5-560x315.jpg 560w\" sizes=\"(max-width: 1024px) 100vw, 1024px\" \/><\/figure>\n\n\n\n<figure class=\"wp-block-image size-large\"><img loading=\"lazy\" decoding=\"async\" width=\"1024\" height=\"683\" data-id=\"6329\" src=\"https:\/\/birimler.atauni.edu.tr\/yapi-isleri-ve-teknik-daire-baskanligi\/wp-content\/uploads\/sites\/222\/2025\/05\/ATA-9-1024x683.jpg\" alt=\"\" class=\"wp-image-6329\" srcset=\"https:\/\/atauni.edu.tr\/yapi-isleri-ve-teknik-daire-baskanligi\/wp-content\/uploads\/sites\/222\/2025\/05\/ATA-9-1024x683.jpg 1024w, https:\/\/atauni.edu.tr\/yapi-isleri-ve-teknik-daire-baskanligi\/wp-content\/uploads\/sites\/222\/2025\/05\/ATA-9-300x200.jpg 300w, https:\/\/atauni.edu.tr\/yapi-isleri-ve-teknik-daire-baskanligi\/wp-content\/uploads\/sites\/222\/2025\/05\/ATA-9-768x512.jpg 768w, https:\/\/atauni.edu.tr\/yapi-isleri-ve-teknik-daire-baskanligi\/wp-content\/uploads\/sites\/222\/2025\/05\/ATA-9-1536x1024.jpg 1536w, https:\/\/atauni.edu.tr\/yapi-isleri-ve-teknik-daire-baskanligi\/wp-content\/uploads\/sites\/222\/2025\/05\/ATA-9-2048x1365.jpg 2048w, https:\/\/atauni.edu.tr\/yapi-isleri-ve-teknik-daire-baskanligi\/wp-content\/uploads\/sites\/222\/2025\/05\/ATA-9-1200x800.jpg 1200w, https:\/\/atauni.edu.tr\/yapi-isleri-ve-teknik-daire-baskanligi\/wp-content\/uploads\/sites\/222\/2025\/05\/ATA-9-600x400.jpg 600w, https:\/\/atauni.edu.tr\/yapi-isleri-ve-teknik-daire-baskanligi\/wp-content\/uploads\/sites\/222\/2025\/05\/ATA-9-560x373.jpg 560w\" sizes=\"(max-width: 1024px) 100vw, 1024px\" \/><figcaption class=\"wp-element-caption\">M\u00fchendislik Fak. Ek Binas\u0131<\/figcaption><\/figure>\n\n\n\n<figure class=\"wp-block-image size-large\"><img loading=\"lazy\" decoding=\"async\" width=\"1024\" height=\"576\" data-id=\"6330\" src=\"https:\/\/birimler.atauni.edu.tr\/yapi-isleri-ve-teknik-daire-baskanligi\/wp-content\/uploads\/sites\/222\/2025\/05\/ATA-12-1024x576.jpg\" alt=\"\" class=\"wp-image-6330\" srcset=\"https:\/\/atauni.edu.tr\/yapi-isleri-ve-teknik-daire-baskanligi\/wp-content\/uploads\/sites\/222\/2025\/05\/ATA-12-1024x576.jpg 1024w, https:\/\/atauni.edu.tr\/yapi-isleri-ve-teknik-daire-baskanligi\/wp-content\/uploads\/sites\/222\/2025\/05\/ATA-12-300x169.jpg 300w, https:\/\/atauni.edu.tr\/yapi-isleri-ve-teknik-daire-baskanligi\/wp-content\/uploads\/sites\/222\/2025\/05\/ATA-12-768x432.jpg 768w, https:\/\/atauni.edu.tr\/yapi-isleri-ve-teknik-daire-baskanligi\/wp-content\/uploads\/sites\/222\/2025\/05\/ATA-12-1536x864.jpg 1536w, https:\/\/atauni.edu.tr\/yapi-isleri-ve-teknik-daire-baskanligi\/wp-content\/uploads\/sites\/222\/2025\/05\/ATA-12-2048x1152.jpg 2048w, https:\/\/atauni.edu.tr\/yapi-isleri-ve-teknik-daire-baskanligi\/wp-content\/uploads\/sites\/222\/2025\/05\/ATA-12-600x338.jpg 600w, https:\/\/atauni.edu.tr\/yapi-isleri-ve-teknik-daire-baskanligi\/wp-content\/uploads\/sites\/222\/2025\/05\/ATA-12-560x315.jpg 560w\" sizes=\"(max-width: 1024px) 100vw, 1024px\" \/><figcaption class=\"wp-element-caption\">A\u00e7\u0131k ve Uzaktan \u00d6\u011fr. Fak. Operasyon Merkezi<\/figcaption><\/figure>\n\n\n\n<figure class=\"wp-block-image size-large\"><img loading=\"lazy\" decoding=\"async\" width=\"1024\" height=\"682\" data-id=\"6331\" src=\"https:\/\/birimler.atauni.edu.tr\/yapi-isleri-ve-teknik-daire-baskanligi\/wp-content\/uploads\/sites\/222\/2025\/05\/ATA-13-1024x682.jpg\" alt=\"\" class=\"wp-image-6331\" srcset=\"https:\/\/atauni.edu.tr\/yapi-isleri-ve-teknik-daire-baskanligi\/wp-content\/uploads\/sites\/222\/2025\/05\/ATA-13-1024x682.jpg 1024w, https:\/\/atauni.edu.tr\/yapi-isleri-ve-teknik-daire-baskanligi\/wp-content\/uploads\/sites\/222\/2025\/05\/ATA-13-300x200.jpg 300w, https:\/\/atauni.edu.tr\/yapi-isleri-ve-teknik-daire-baskanligi\/wp-content\/uploads\/sites\/222\/2025\/05\/ATA-13-768x512.jpg 768w, https:\/\/atauni.edu.tr\/yapi-isleri-ve-teknik-daire-baskanligi\/wp-content\/uploads\/sites\/222\/2025\/05\/ATA-13-1536x1023.jpg 1536w, https:\/\/atauni.edu.tr\/yapi-isleri-ve-teknik-daire-baskanligi\/wp-content\/uploads\/sites\/222\/2025\/05\/ATA-13-2048x1364.jpg 2048w, https:\/\/atauni.edu.tr\/yapi-isleri-ve-teknik-daire-baskanligi\/wp-content\/uploads\/sites\/222\/2025\/05\/ATA-13-1200x800.jpg 1200w, https:\/\/atauni.edu.tr\/yapi-isleri-ve-teknik-daire-baskanligi\/wp-content\/uploads\/sites\/222\/2025\/05\/ATA-13-600x400.jpg 600w, https:\/\/atauni.edu.tr\/yapi-isleri-ve-teknik-daire-baskanligi\/wp-content\/uploads\/sites\/222\/2025\/05\/ATA-13-560x373.jpg 560w\" sizes=\"(max-width: 1024px) 100vw, 1024px\" \/><figcaption class=\"wp-element-caption\">Buz M\u00fczesi ve At\u00f6lyeler<\/figcaption><\/figure>\n\n\n\n<figure class=\"wp-block-image size-large\"><img loading=\"lazy\" decoding=\"async\" width=\"1024\" height=\"682\" data-id=\"6332\" src=\"https:\/\/birimler.atauni.edu.tr\/yapi-isleri-ve-teknik-daire-baskanligi\/wp-content\/uploads\/sites\/222\/2025\/05\/ATA-14-1024x682.jpg\" alt=\"\" class=\"wp-image-6332\" srcset=\"https:\/\/atauni.edu.tr\/yapi-isleri-ve-teknik-daire-baskanligi\/wp-content\/uploads\/sites\/222\/2025\/05\/ATA-14-1024x682.jpg 1024w, https:\/\/atauni.edu.tr\/yapi-isleri-ve-teknik-daire-baskanligi\/wp-content\/uploads\/sites\/222\/2025\/05\/ATA-14-300x200.jpg 300w, https:\/\/atauni.edu.tr\/yapi-isleri-ve-teknik-daire-baskanligi\/wp-content\/uploads\/sites\/222\/2025\/05\/ATA-14-768x512.jpg 768w, https:\/\/atauni.edu.tr\/yapi-isleri-ve-teknik-daire-baskanligi\/wp-content\/uploads\/sites\/222\/2025\/05\/ATA-14-1536x1023.jpg 1536w, https:\/\/atauni.edu.tr\/yapi-isleri-ve-teknik-daire-baskanligi\/wp-content\/uploads\/sites\/222\/2025\/05\/ATA-14-2048x1364.jpg 2048w, https:\/\/atauni.edu.tr\/yapi-isleri-ve-teknik-daire-baskanligi\/wp-content\/uploads\/sites\/222\/2025\/05\/ATA-14-1200x800.jpg 1200w, https:\/\/atauni.edu.tr\/yapi-isleri-ve-teknik-daire-baskanligi\/wp-content\/uploads\/sites\/222\/2025\/05\/ATA-14-600x400.jpg 600w, https:\/\/atauni.edu.tr\/yapi-isleri-ve-teknik-daire-baskanligi\/wp-content\/uploads\/sites\/222\/2025\/05\/ATA-14-560x373.jpg 560w\" sizes=\"(max-width: 1024px) 100vw, 1024px\" \/><figcaption class=\"wp-element-caption\">Ara\u00e7 \u0130\u015fletme-Garaj<\/figcaption><\/figure>\n\n\n\n<figure class=\"wp-block-image size-large\"><img loading=\"lazy\" decoding=\"async\" width=\"1024\" height=\"683\" data-id=\"6333\" src=\"https:\/\/birimler.atauni.edu.tr\/yapi-isleri-ve-teknik-daire-baskanligi\/wp-content\/uploads\/sites\/222\/2025\/05\/ATA-19-1024x683.jpg\" alt=\"\" class=\"wp-image-6333\" srcset=\"https:\/\/atauni.edu.tr\/yapi-isleri-ve-teknik-daire-baskanligi\/wp-content\/uploads\/sites\/222\/2025\/05\/ATA-19-1024x683.jpg 1024w, https:\/\/atauni.edu.tr\/yapi-isleri-ve-teknik-daire-baskanligi\/wp-content\/uploads\/sites\/222\/2025\/05\/ATA-19-300x200.jpg 300w, https:\/\/atauni.edu.tr\/yapi-isleri-ve-teknik-daire-baskanligi\/wp-content\/uploads\/sites\/222\/2025\/05\/ATA-19-768x512.jpg 768w, https:\/\/atauni.edu.tr\/yapi-isleri-ve-teknik-daire-baskanligi\/wp-content\/uploads\/sites\/222\/2025\/05\/ATA-19-1536x1024.jpg 1536w, https:\/\/atauni.edu.tr\/yapi-isleri-ve-teknik-daire-baskanligi\/wp-content\/uploads\/sites\/222\/2025\/05\/ATA-19-2048x1365.jpg 2048w, https:\/\/atauni.edu.tr\/yapi-isleri-ve-teknik-daire-baskanligi\/wp-content\/uploads\/sites\/222\/2025\/05\/ATA-19-1200x800.jpg 1200w, https:\/\/atauni.edu.tr\/yapi-isleri-ve-teknik-daire-baskanligi\/wp-content\/uploads\/sites\/222\/2025\/05\/ATA-19-600x400.jpg 600w, https:\/\/atauni.edu.tr\/yapi-isleri-ve-teknik-daire-baskanligi\/wp-content\/uploads\/sites\/222\/2025\/05\/ATA-19-560x373.jpg 560w\" sizes=\"(max-width: 1024px) 100vw, 1024px\" \/><figcaption class=\"wp-element-caption\">Yar\u0131 Olimpik Y\u00fczme Havuzu <\/figcaption><\/figure>\n\n\n\n<figure class=\"wp-block-image size-large\"><img loading=\"lazy\" decoding=\"async\" width=\"1024\" height=\"683\" data-id=\"6334\" src=\"https:\/\/birimler.atauni.edu.tr\/yapi-isleri-ve-teknik-daire-baskanligi\/wp-content\/uploads\/sites\/222\/2025\/05\/ATA-20-1024x683.jpg\" alt=\"\" class=\"wp-image-6334\" srcset=\"https:\/\/atauni.edu.tr\/yapi-isleri-ve-teknik-daire-baskanligi\/wp-content\/uploads\/sites\/222\/2025\/05\/ATA-20-1024x683.jpg 1024w, https:\/\/atauni.edu.tr\/yapi-isleri-ve-teknik-daire-baskanligi\/wp-content\/uploads\/sites\/222\/2025\/05\/ATA-20-300x200.jpg 300w, https:\/\/atauni.edu.tr\/yapi-isleri-ve-teknik-daire-baskanligi\/wp-content\/uploads\/sites\/222\/2025\/05\/ATA-20-768x512.jpg 768w, https:\/\/atauni.edu.tr\/yapi-isleri-ve-teknik-daire-baskanligi\/wp-content\/uploads\/sites\/222\/2025\/05\/ATA-20-1536x1024.jpg 1536w, https:\/\/atauni.edu.tr\/yapi-isleri-ve-teknik-daire-baskanligi\/wp-content\/uploads\/sites\/222\/2025\/05\/ATA-20-2048x1366.jpg 2048w, https:\/\/atauni.edu.tr\/yapi-isleri-ve-teknik-daire-baskanligi\/wp-content\/uploads\/sites\/222\/2025\/05\/ATA-20-1200x800.jpg 1200w, https:\/\/atauni.edu.tr\/yapi-isleri-ve-teknik-daire-baskanligi\/wp-content\/uploads\/sites\/222\/2025\/05\/ATA-20-600x400.jpg 600w, https:\/\/atauni.edu.tr\/yapi-isleri-ve-teknik-daire-baskanligi\/wp-content\/uploads\/sites\/222\/2025\/05\/ATA-20-560x373.jpg 560w\" sizes=\"(max-width: 1024px) 100vw, 1024px\" \/><figcaption class=\"wp-element-caption\">Is\u0131 Kanallar\u0131<\/figcaption><\/figure>\n\n\n\n<figure class=\"wp-block-image size-large\"><img loading=\"lazy\" decoding=\"async\" width=\"1024\" height=\"575\" data-id=\"6328\" src=\"https:\/\/birimler.atauni.edu.tr\/yapi-isleri-ve-teknik-daire-baskanligi\/wp-content\/uploads\/sites\/222\/2025\/05\/ATA-6-1024x575.jpg\" alt=\"\" class=\"wp-image-6328\" srcset=\"https:\/\/atauni.edu.tr\/yapi-isleri-ve-teknik-daire-baskanligi\/wp-content\/uploads\/sites\/222\/2025\/05\/ATA-6-1024x575.jpg 1024w, https:\/\/atauni.edu.tr\/yapi-isleri-ve-teknik-daire-baskanligi\/wp-content\/uploads\/sites\/222\/2025\/05\/ATA-6-300x169.jpg 300w, https:\/\/atauni.edu.tr\/yapi-isleri-ve-teknik-daire-baskanligi\/wp-content\/uploads\/sites\/222\/2025\/05\/ATA-6-768x432.jpg 768w, https:\/\/atauni.edu.tr\/yapi-isleri-ve-teknik-daire-baskanligi\/wp-content\/uploads\/sites\/222\/2025\/05\/ATA-6-1536x863.jpg 1536w, https:\/\/atauni.edu.tr\/yapi-isleri-ve-teknik-daire-baskanligi\/wp-content\/uploads\/sites\/222\/2025\/05\/ATA-6-2048x1151.jpg 2048w, https:\/\/atauni.edu.tr\/yapi-isleri-ve-teknik-daire-baskanligi\/wp-content\/uploads\/sites\/222\/2025\/05\/ATA-6-600x337.jpg 600w, https:\/\/atauni.edu.tr\/yapi-isleri-ve-teknik-daire-baskanligi\/wp-content\/uploads\/sites\/222\/2025\/05\/ATA-6-560x315.jpg 560w\" sizes=\"(max-width: 1024px) 100vw, 1024px\" \/><\/figure>\n\n\n\n<figure class=\"wp-block-image size-large\"><img loading=\"lazy\" decoding=\"async\" width=\"1024\" height=\"683\" data-id=\"6315\" src=\"https:\/\/birimler.atauni.edu.tr\/yapi-isleri-ve-teknik-daire-baskanligi\/wp-content\/uploads\/sites\/222\/2025\/05\/ATA-4-1024x683.jpg\" alt=\"\" class=\"wp-image-6315\" srcset=\"https:\/\/atauni.edu.tr\/yapi-isleri-ve-teknik-daire-baskanligi\/wp-content\/uploads\/sites\/222\/2025\/05\/ATA-4-1024x683.jpg 1024w, https:\/\/atauni.edu.tr\/yapi-isleri-ve-teknik-daire-baskanligi\/wp-content\/uploads\/sites\/222\/2025\/05\/ATA-4-300x200.jpg 300w, https:\/\/atauni.edu.tr\/yapi-isleri-ve-teknik-daire-baskanligi\/wp-content\/uploads\/sites\/222\/2025\/05\/ATA-4-768x512.jpg 768w, https:\/\/atauni.edu.tr\/yapi-isleri-ve-teknik-daire-baskanligi\/wp-content\/uploads\/sites\/222\/2025\/05\/ATA-4-1536x1024.jpg 1536w, https:\/\/atauni.edu.tr\/yapi-isleri-ve-teknik-daire-baskanligi\/wp-content\/uploads\/sites\/222\/2025\/05\/ATA-4-2048x1365.jpg 2048w, https:\/\/atauni.edu.tr\/yapi-isleri-ve-teknik-daire-baskanligi\/wp-content\/uploads\/sites\/222\/2025\/05\/ATA-4-1200x800.jpg 1200w, https:\/\/atauni.edu.tr\/yapi-isleri-ve-teknik-daire-baskanligi\/wp-content\/uploads\/sites\/222\/2025\/05\/ATA-4-600x400.jpg 600w, https:\/\/atauni.edu.tr\/yapi-isleri-ve-teknik-daire-baskanligi\/wp-content\/uploads\/sites\/222\/2025\/05\/ATA-4-560x373.jpg 560w\" sizes=\"(max-width: 1024px) 100vw, 1024px\" \/><\/figure>\n<\/figure>\n","protected":false},"excerpt":{"rendered":"","protected":false},"author":660,"featured_media":0,"parent":0,"menu_order":0,"comment_status":"closed","ping_status":"closed","template":"","meta":{"footnotes":""},"class_list":["post-6352","page","type-page","status-publish","hentry"],"_links":{"self":[{"href":"https:\/\/atauni.edu.tr\/yapi-isleri-ve-teknik-daire-baskanligi\/wp-json\/wp\/v2\/pages\/6352","targetHints":{"allow":["GET"]}}],"collection":[{"href":"https:\/\/atauni.edu.tr\/yapi-isleri-ve-teknik-daire-baskanligi\/wp-json\/wp\/v2\/pages"}],"about":[{"href":"https:\/\/atauni.edu.tr\/yapi-isleri-ve-teknik-daire-baskanligi\/wp-json\/wp\/v2\/types\/page"}],"author":[{"embeddable":true,"href":"https:\/\/atauni.edu.tr\/yapi-isleri-ve-teknik-daire-baskanligi\/wp-json\/wp\/v2\/users\/660"}],"replies":[{"embeddable":true,"href":"https:\/\/atauni.edu.tr\/yapi-isleri-ve-teknik-daire-baskanligi\/wp-json\/wp\/v2\/comments?post=6352"}],"version-history":[{"count":3,"href":"https:\/\/atauni.edu.tr\/yapi-isleri-ve-teknik-daire-baskanligi\/wp-json\/wp\/v2\/pages\/6352\/revisions"}],"predecessor-version":[{"id":6472,"href":"https:\/\/atauni.edu.tr\/yapi-isleri-ve-teknik-daire-baskanligi\/wp-json\/wp\/v2\/pages\/6352\/revisions\/6472"}],"wp:attachment":[{"href":"https:\/\/atauni.edu.tr\/yapi-isleri-ve-teknik-daire-baskanligi\/wp-json\/wp\/v2\/media?parent=6352"}],"curies":[{"name":"wp","href":"https:\/\/api.w.org\/{rel}","templated":true}]}}