{"id":6357,"date":"2025-05-23T23:06:20","date_gmt":"2025-05-23T20:06:20","guid":{"rendered":"https:\/\/birimler.atauni.edu.tr\/yapi-isleri-ve-teknik-daire-baskanligi\/?page_id=6357"},"modified":"2025-05-26T10:01:35","modified_gmt":"2025-05-26T07:01:35","slug":"mevzuatlar-3","status":"publish","type":"page","link":"https:\/\/atauni.edu.tr\/yapi-isleri-ve-teknik-daire-baskanligi\/mevzuatlar-3\/","title":{"rendered":"Mevzuatlar"},"content":{"rendered":"\n<ul class=\"wp-block-list\">\n<li><a href=\"https:\/\/www.hakedis.org\/wp-content\/uploads\/2020\/02\/yapim-isleri-genel-sartnamesi-20191102.pdf\">YAPIM \u0130\u015eLER\u0130 GENEL \u015eARTNAMES\u0130<\/a><\/li>\n\n\n\n<li><a href=\"https:\/\/www.mevzuat.gov.tr\/File\/GeneratePdf?mevzuatNo=12916&amp;mevzuatTur=KurumVeKurulusYonetmeligi&amp;mevzuatTertip=5\">YAPIM \u0130\u015eLER\u0130 \u0130HALELER\u0130 UYGULAMA Y\u00d6NETMEL\u0130\u011e\u0130<\/a><\/li>\n\n\n\n<li><a href=\"https:\/\/www.mevzuat.gov.tr\/mevzuat?MevzuatNo=4734&amp;MevzuatTur=1&amp;MevzuatTertip=5\" target=\"_blank\" rel=\"noreferrer noopener\">KAMU \u0130HALE KANUNU<\/a><\/li>\n\n\n\n<li><a href=\"https:\/\/www.mevzuat.gov.tr\/mevzuat?MevzuatNo=4735&amp;MevzuatTur=1&amp;MevzuatTertip=5\" target=\"_blank\" rel=\"noreferrer noopener\">KAMU \u0130HALE S\u00d6ZLE\u015eMELER\u0130 KANUNU<\/a><\/li>\n\n\n\n<li><a href=\"https:\/\/yfk.csb.gov.tr\" target=\"_blank\" rel=\"noreferrer noopener\">Y\u00fcksek Fen Kurulu Ba\u015fkanl\u0131\u011f\u0131<\/a><\/li>\n\n\n\n<li><a href=\"https:\/\/www.resmigazete.gov.tr\/eskiler\/2009\/03\/20090304m1-4.htm\" target=\"_blank\" rel=\"noreferrer noopener\">H\u0130ZMET ALIMI \u0130HALELER\u0130 UYGULAMA Y\u00d6NETMEL\u0130\u011e\u0130<\/a><\/li>\n\n\n\n<li><a href=\"https:\/\/www.resmigazete.gov.tr\/eskiler\/2009\/03\/20090304M1-3.htm\">MAL ALIMI \u0130HALELER\u0130 UYGULAMA Y\u00d6NETMEL\u0130\u011e\u0130<\/a><\/li>\n<\/ul>\n","protected":false},"excerpt":{"rendered":"","protected":false},"author":660,"featured_media":0,"parent":0,"menu_order":0,"comment_status":"closed","ping_status":"closed","template":"","meta":{"footnotes":""},"class_list":["post-6357","page","type-page","status-publish","hentry"],"_links":{"self":[{"href":"https:\/\/atauni.edu.tr\/yapi-isleri-ve-teknik-daire-baskanligi\/wp-json\/wp\/v2\/pages\/6357","targetHints":{"allow":["GET"]}}],"collection":[{"href":"https:\/\/atauni.edu.tr\/yapi-isleri-ve-teknik-daire-baskanligi\/wp-json\/wp\/v2\/pages"}],"about":[{"href":"https:\/\/atauni.edu.tr\/yapi-isleri-ve-teknik-daire-baskanligi\/wp-json\/wp\/v2\/types\/page"}],"author":[{"embeddable":true,"href":"https:\/\/atauni.edu.tr\/yapi-isleri-ve-teknik-daire-baskanligi\/wp-json\/wp\/v2\/users\/660"}],"replies":[{"embeddable":true,"href":"https:\/\/atauni.edu.tr\/yapi-isleri-ve-teknik-daire-baskanligi\/wp-json\/wp\/v2\/comments?post=6357"}],"version-history":[{"count":4,"href":"https:\/\/atauni.edu.tr\/yapi-isleri-ve-teknik-daire-baskanligi\/wp-json\/wp\/v2\/pages\/6357\/revisions"}],"predecessor-version":[{"id":6415,"href":"https:\/\/atauni.edu.tr\/yapi-isleri-ve-teknik-daire-baskanligi\/wp-json\/wp\/v2\/pages\/6357\/revisions\/6415"}],"wp:attachment":[{"href":"https:\/\/atauni.edu.tr\/yapi-isleri-ve-teknik-daire-baskanligi\/wp-json\/wp\/v2\/media?parent=6357"}],"curies":[{"name":"wp","href":"https:\/\/api.w.org\/{rel}","templated":true}]}}