{"id":6359,"date":"2025-05-23T23:06:56","date_gmt":"2025-05-23T20:06:56","guid":{"rendered":"https:\/\/birimler.atauni.edu.tr\/yapi-isleri-ve-teknik-daire-baskanligi\/?page_id=6359"},"modified":"2025-06-25T11:04:30","modified_gmt":"2025-06-25T08:04:30","slug":"yonergeler","status":"publish","type":"page","link":"https:\/\/atauni.edu.tr\/yapi-isleri-ve-teknik-daire-baskanligi\/yonergeler\/","title":{"rendered":"Y\u00f6nergeler"},"content":{"rendered":"\t\t<div data-elementor-type=\"wp-page\" data-elementor-id=\"6359\" class=\"elementor elementor-6359\" data-elementor-post-type=\"page\">\n\t\t\t\t\t\t<section class=\"elementor-section elementor-top-section elementor-element elementor-element-89f0653 elementor-section-boxed elementor-section-height-default elementor-section-height-default\" data-id=\"89f0653\" data-element_type=\"section\">\n\t\t\t\t\t\t<div class=\"elementor-container elementor-column-gap-default\">\n\t\t\t\t\t<div class=\"elementor-column elementor-col-100 elementor-top-column elementor-element elementor-element-5020fd46\" data-id=\"5020fd46\" data-element_type=\"column\">\n\t\t\t<div class=\"elementor-widget-wrap elementor-element-populated\">\n\t\t\t\t\t\t<div class=\"elementor-element elementor-element-762e3256 elementor-widget elementor-widget-text-editor\" data-id=\"762e3256\" data-element_type=\"widget\" data-widget_type=\"text-editor.default\">\n\t\t\t\t<div class=\"elementor-widget-container\">\n\t\t\t\t\t\t\t\t\t<p><\/p>\n<ul class=\"wp-block-list\"><p><\/p>\n<li><a href=\"https:\/\/www.google.com\/url?sa=t&amp;rct=j&amp;q=&amp;esrc=s&amp;source=web&amp;cd=&amp;ved=2ahUKEwiT1I2Pur-NAxUzBdsEHaDKEcwQFnoECCoQAQ&amp;url=https%3A%2F%2Fwebdosya.csb.gov.tr%2Fdb%2Fyapiisleri%2Ficerikler%2Fyapim-isler--ihaleler--uygulama-yonetmel-g--20210505173125.docx&amp;usg=AOvVaw2keXVGiWW6QcbI7OTLSgSC&amp;opi=89978449\">YAPIM \u0130\u015eLER\u0130 \u0130HALELER\u0130 UYGULAMA Y\u00d6NETMEL\u0130\u011e\u0130<\/a><\/li>\n<p><\/p>\n<li><a href=\"http:\/\/birimler.atauni.edu.tr\/yapi-isleri-ve-teknik-daire-baskanligi\/wp-content\/uploads\/sites\/222\/2025\/06\/YAPI-ISLERI-CALISMA-USUL-ESAS-YONERGESI.docx\">YAPI \u0130\u015eLER\u0130 \u00c7ALI\u015eMA USUL ESAS Y\u00d6NERGES\u0130<\/a><\/li>\n<p><\/p>\n<li><br><\/li>\n<p><\/p>\n<li><br><\/li>\n<p><\/p>\n<li>&nbsp;<\/li>\n<p><\/p><\/ul>\n<p><\/p>\n<p><\/p>\t\t\t\t\t\t\t\t<\/div>\n\t\t\t\t<\/div>\n\t\t\t\t\t<\/div>\n\t\t<\/div>\n\t\t\t\t\t<\/div>\n\t\t<\/section>\n\t\t\t\t<\/div>\n\t\t","protected":false},"excerpt":{"rendered":"","protected":false},"author":660,"featured_media":0,"parent":0,"menu_order":0,"comment_status":"closed","ping_status":"closed","template":"","meta":{"footnotes":""},"class_list":["post-6359","page","type-page","status-publish","hentry"],"_links":{"self":[{"href":"https:\/\/atauni.edu.tr\/yapi-isleri-ve-teknik-daire-baskanligi\/wp-json\/wp\/v2\/pages\/6359","targetHints":{"allow":["GET"]}}],"collection":[{"href":"https:\/\/atauni.edu.tr\/yapi-isleri-ve-teknik-daire-baskanligi\/wp-json\/wp\/v2\/pages"}],"about":[{"href":"https:\/\/atauni.edu.tr\/yapi-isleri-ve-teknik-daire-baskanligi\/wp-json\/wp\/v2\/types\/page"}],"author":[{"embeddable":true,"href":"https:\/\/atauni.edu.tr\/yapi-isleri-ve-teknik-daire-baskanligi\/wp-json\/wp\/v2\/users\/660"}],"replies":[{"embeddable":true,"href":"https:\/\/atauni.edu.tr\/yapi-isleri-ve-teknik-daire-baskanligi\/wp-json\/wp\/v2\/comments?post=6359"}],"version-history":[{"count":8,"href":"https:\/\/atauni.edu.tr\/yapi-isleri-ve-teknik-daire-baskanligi\/wp-json\/wp\/v2\/pages\/6359\/revisions"}],"predecessor-version":[{"id":6503,"href":"https:\/\/atauni.edu.tr\/yapi-isleri-ve-teknik-daire-baskanligi\/wp-json\/wp\/v2\/pages\/6359\/revisions\/6503"}],"wp:attachment":[{"href":"https:\/\/atauni.edu.tr\/yapi-isleri-ve-teknik-daire-baskanligi\/wp-json\/wp\/v2\/media?parent=6359"}],"curies":[{"name":"wp","href":"https:\/\/api.w.org\/{rel}","templated":true}]}}