{"id":6401,"date":"2025-05-26T09:25:35","date_gmt":"2025-05-26T06:25:35","guid":{"rendered":"https:\/\/birimler.atauni.edu.tr\/yapi-isleri-ve-teknik-daire-baskanligi\/?page_id=6401"},"modified":"2025-05-26T09:43:31","modified_gmt":"2025-05-26T06:43:31","slug":"2025-yatirim-plani","status":"publish","type":"page","link":"https:\/\/atauni.edu.tr\/yapi-isleri-ve-teknik-daire-baskanligi\/2025-yatirim-plani\/","title":{"rendered":"2025 Yat\u0131r\u0131m Plan\u0131"},"content":{"rendered":"\n<ul class=\"wp-block-list\">\n<li>Milli Teknoloji At\u00f6lyesi Yap\u0131m \u0130\u015fi<\/li>\n\n\n\n<li>T\u0131p Fak\u00fcltesi Farmakoloji A.B.D. Lab. ile \u00d6\u011frenci Amfilerinde B\u00fcy\u00fck Onar\u0131m \u0130\u015fi<\/li>\n\n\n\n<li>Ara\u015ft\u0131rma Hastanesi Cildiye Poliklini\u011fi ve Uyku Laboratuvar\u0131nda B\u00fcy\u00fck Onar\u0131m \u0130\u015fi<\/li>\n\n\n\n<li>Veri Merkezi Binas\u0131 Faz-II Onar\u0131m \u0130\u015fi<\/li>\n\n\n\n<li>\u00c7e\u015fitli Birimlerde B\u00fcy\u00fck Onar\u0131m \u0130\u015fi<\/li>\n\n\n\n<li>Islak Hacimlerde B\u00fcy\u00fck Onar\u0131m \u0130\u015fi<\/li>\n\n\n\n<li>Di\u015f Hekimli\u011fi Fak\u00fcltesi B\u00fcy\u00fck Onar\u0131m \u0130\u015fi<\/li>\n\n\n\n<li>Ba\u015fkanl\u0131\u011f\u0131m\u0131za ba\u011fl\u0131 birimlerde \u0130SG raporlar\u0131na istinaden Onar\u0131m \u0130\u015fi<\/li>\n\n\n\n<li>\u00dcniversitemiz Lojman \u00c7at\u0131lar\u0131 ve Balkonlarda Onar\u0131m \u0130\u015fi<\/li>\n\n\n\n<li>Merkez Yerle\u015fke ve \u0130l\u00e7e Hizmet Binalar\u0131nda \u00c7at\u0131 Onar\u0131m \u0130\u015fi<\/li>\n\n\n\n<li>E\u015fanj\u00f6r Dairelerinde B\u00fcy\u00fck Onar\u0131m \u0130\u015fi<\/li>\n\n\n\n<li>\u00dcniveristemize Ait Birimlerde Bodrum Perdeleri Yal\u0131t\u0131m\u0131 ve Altyap\u0131 Yenilenmesi<\/li>\n\n\n\n<li>Merkez Yerle\u015fkede Peyzaj ile Yaya Yollar\u0131nda Ta\u015f Kaplama ve Bord\u00fcr Yap\u0131m \u0130\u015fi<\/li>\n\n\n\n<li>Merkez Yerle\u015fkedeki Ta\u015f\u0131t Yollar\u0131nda Asfalt Kaplama \u0130\u015fi<\/li>\n\n\n\n<li>Ar\u0131zal\u0131 Trafo, Jenerat\u00f6r ve UPS&#8217;lerin Tamir Edilmesi<\/li>\n\n\n\n<li>Merkez Yerle\u015fkede Jenerat\u00f6r ve UPS&#8217;lerin Periyodik Bak\u0131m ve Onar\u0131m \u0130\u015fleri    <\/li>\n<\/ul>\n\n\n\n<pre class=\"wp-block-preformatted\"><\/pre>\n\n\n\n<p><\/p>\n","protected":false},"excerpt":{"rendered":"","protected":false},"author":660,"featured_media":0,"parent":0,"menu_order":0,"comment_status":"closed","ping_status":"closed","template":"","meta":{"footnotes":""},"class_list":["post-6401","page","type-page","status-publish","hentry"],"_links":{"self":[{"href":"https:\/\/atauni.edu.tr\/yapi-isleri-ve-teknik-daire-baskanligi\/wp-json\/wp\/v2\/pages\/6401","targetHints":{"allow":["GET"]}}],"collection":[{"href":"https:\/\/atauni.edu.tr\/yapi-isleri-ve-teknik-daire-baskanligi\/wp-json\/wp\/v2\/pages"}],"about":[{"href":"https:\/\/atauni.edu.tr\/yapi-isleri-ve-teknik-daire-baskanligi\/wp-json\/wp\/v2\/types\/page"}],"author":[{"embeddable":true,"href":"https:\/\/atauni.edu.tr\/yapi-isleri-ve-teknik-daire-baskanligi\/wp-json\/wp\/v2\/users\/660"}],"replies":[{"embeddable":true,"href":"https:\/\/atauni.edu.tr\/yapi-isleri-ve-teknik-daire-baskanligi\/wp-json\/wp\/v2\/comments?post=6401"}],"version-history":[{"count":3,"href":"https:\/\/atauni.edu.tr\/yapi-isleri-ve-teknik-daire-baskanligi\/wp-json\/wp\/v2\/pages\/6401\/revisions"}],"predecessor-version":[{"id":6408,"href":"https:\/\/atauni.edu.tr\/yapi-isleri-ve-teknik-daire-baskanligi\/wp-json\/wp\/v2\/pages\/6401\/revisions\/6408"}],"wp:attachment":[{"href":"https:\/\/atauni.edu.tr\/yapi-isleri-ve-teknik-daire-baskanligi\/wp-json\/wp\/v2\/media?parent=6401"}],"curies":[{"name":"wp","href":"https:\/\/api.w.org\/{rel}","templated":true}]}}