{"id":5638,"date":"2021-07-13T09:49:25","date_gmt":"2021-07-13T06:49:25","guid":{"rendered":"https:\/\/portaltest.atauni.edu.tr\/bilgisayar-muhendisligi\/?page_id=5638"},"modified":"2026-05-07T16:00:14","modified_gmt":"2026-05-07T13:00:14","slug":"tarihce","status":"publish","type":"page","link":"https:\/\/atauni.edu.tr\/yasli-bakimi\/tarihce\/","title":{"rendered":"Tarih\u00e7e"},"content":{"rendered":"\t\t<div data-elementor-type=\"wp-page\" data-elementor-id=\"5638\" class=\"elementor elementor-5638\" data-elementor-post-type=\"page\">\n\t\t\t\t\t\t<section class=\"elementor-section elementor-top-section elementor-element elementor-element-730d320 elementor-section-boxed elementor-section-height-default elementor-section-height-default\" data-id=\"730d320\" data-element_type=\"section\">\n\t\t\t\t\t\t<div class=\"elementor-container elementor-column-gap-default\">\n\t\t\t\t\t<div class=\"elementor-column elementor-col-100 elementor-top-column elementor-element elementor-element-753d0860\" data-id=\"753d0860\" data-element_type=\"column\">\n\t\t\t<div class=\"elementor-widget-wrap\">\n\t\t\t\t\t\t\t<\/div>\n\t\t<\/div>\n\t\t\t\t\t<\/div>\n\t\t<\/section>\n\t\t\t\t<section class=\"elementor-section elementor-top-section elementor-element elementor-element-9be811a elementor-section-boxed elementor-section-height-default elementor-section-height-default\" data-id=\"9be811a\" data-element_type=\"section\">\n\t\t\t\t\t\t<div class=\"elementor-container elementor-column-gap-default\">\n\t\t\t\t\t<div class=\"elementor-column elementor-col-100 elementor-top-column elementor-element elementor-element-1ed847b7\" data-id=\"1ed847b7\" data-element_type=\"column\">\n\t\t\t<div class=\"elementor-widget-wrap elementor-element-populated\">\n\t\t\t\t\t\t<div class=\"elementor-element elementor-element-4ce0d07f elementor-widget elementor-widget-heading\" data-id=\"4ce0d07f\" data-element_type=\"widget\" data-widget_type=\"heading.default\">\n\t\t\t\t<div class=\"elementor-widget-container\">\n\t\t\t\t\t<h2 class=\"elementor-heading-title elementor-size-default\">Genel Bilgi\/Tarih\u00e7e<\/h2>\t\t\t\t<\/div>\n\t\t\t\t<\/div>\n\t\t\t\t<div class=\"elementor-element elementor-element-63260862 elementor-widget-divider--view-line elementor-widget elementor-widget-divider\" data-id=\"63260862\" data-element_type=\"widget\" data-widget_type=\"divider.default\">\n\t\t\t\t<div class=\"elementor-widget-container\">\n\t\t\t\t\t\t\t<div class=\"elementor-divider\">\n\t\t\t<span class=\"elementor-divider-separator\">\n\t\t\t\t\t\t<\/span>\n\t\t<\/div>\n\t\t\t\t\t\t<\/div>\n\t\t\t\t<\/div>\n\t\t\t\t\t<\/div>\n\t\t<\/div>\n\t\t\t\t\t<\/div>\n\t\t<\/section>\n\t\t\t\t<section class=\"elementor-section elementor-top-section elementor-element elementor-element-681db8b elementor-section-boxed elementor-section-height-default elementor-section-height-default\" data-id=\"681db8b\" data-element_type=\"section\">\n\t\t\t\t\t\t<div class=\"elementor-container elementor-column-gap-default\">\n\t\t\t\t\t<div class=\"elementor-column elementor-col-100 elementor-top-column elementor-element elementor-element-ad4dac5\" data-id=\"ad4dac5\" data-element_type=\"column\">\n\t\t\t<div class=\"elementor-widget-wrap elementor-element-populated\">\n\t\t\t\t\t\t<div class=\"elementor-element elementor-element-2f96b3d elementor-widget elementor-widget-text-editor\" data-id=\"2f96b3d\" data-element_type=\"widget\" data-widget_type=\"text-editor.default\">\n\t\t\t\t<div class=\"elementor-widget-container\">\n\t\t\t\t\t\t\t\t\t<p>Atat\u00fcrk \u00dcniversitesi Sa\u011fl\u0131k Hizmetleri Meslek Y\u00fcksekokulu b\u00fcnyesinde yer alan Ya\u015fl\u0131 Bak\u0131m\u0131 Program\u0131, 2010\u20132011 e\u011fitim-\u00f6\u011fretim y\u0131l\u0131nda a\u00e7\u0131lm\u0131\u015ft\u0131r. Program, ya\u015fl\u0131 bireylerin bak\u0131m, destek, izlem ve rehabilitasyon s\u00fcre\u00e7lerinde g\u00f6rev alabilecek nitelikli sa\u011fl\u0131k teknikeri yeti\u015ftirmek amac\u0131yla kurulmu\u015ftur.<\/p><p>Ya\u015fl\u0131 n\u00fcfusun artmas\u0131, kronik hastal\u0131klar\u0131n yayg\u0131nla\u015fmas\u0131, uzun s\u00fcreli bak\u0131m hizmetlerine duyulan gereksinimin artmas\u0131 ve ya\u015fl\u0131 bireylerin ya\u015fam kalitesinin korunmas\u0131na y\u00f6nelik toplumsal ihtiya\u00e7lar, program\u0131n kurulu\u015f ve geli\u015fim s\u00fcrecinde temel belirleyici olmu\u015ftur. Program\u0131m\u0131z, ya\u015fl\u0131 bireyin fiziksel, ruhsal, sosyal ve bili\u015fsel gereksinimlerini b\u00fct\u00fcnc\u00fcl bir yakla\u015f\u0131mla ele alan \u00e7a\u011fda\u015f bir e\u011fitim anlay\u0131\u015f\u0131n\u0131 benimsemektedir.<\/p><p>Programda e\u011fitim-\u00f6\u011fretim faaliyetleri; bilimsel bilgiye dayal\u0131, etik de\u011ferlere ba\u011fl\u0131, insan onurunu \u00f6nceleyen, bak\u0131m kalitesini y\u00fckseltmeyi hedefleyen ve uygulama becerisini g\u00fc\u00e7lendiren bir anlay\u0131\u015fla y\u00fcr\u00fct\u00fclmektedir. \u00d6\u011frencilerin yaln\u0131zca mesleki bilgi edinmeleri de\u011fil; ileti\u015fim becerileri geli\u015fmi\u015f, ekip \u00e7al\u0131\u015fmas\u0131na uyumlu, sorumluluk bilinci y\u00fcksek ve ya\u015fam boyu \u00f6\u011frenmeyi benimseyen bireyler olarak yeti\u015fmeleri hedeflenmektedir.<\/p><p>Ya\u015fl\u0131 Bak\u0131m\u0131 Program\u0131 m\u00fcfredat\u0131; sa\u011fl\u0131k alan\u0131ndaki g\u00fcncel geli\u015fmeler, bak\u0131m hizmetlerinde dijitalle\u015fme, ya\u015fl\u0131 bireylerin de\u011fi\u015fen bak\u0131m gereksinimleri, sekt\u00f6r beklentileri, i\u00e7 ve d\u0131\u015f payda\u015f g\u00f6r\u00fc\u015fleri ile ulusal yeterlilikler dikkate al\u0131narak d\u00fczenli bi\u00e7imde de\u011ferlendirilmektedir. Bu do\u011frultuda program \u00e7\u0131kt\u0131lar\u0131, ders i\u00e7erikleri ve uygulama s\u00fcre\u00e7leri s\u00fcrekli iyile\u015ftirme anlay\u0131\u015f\u0131yla g\u00fcncellenmektedir.<\/p><p>Program\u0131m\u0131zda uygulama becerisini g\u00fc\u00e7lendirmek ve \u00f6\u011frencilerin mezuniyet \u00f6ncesinde mesleki deneyim kazanmalar\u0131n\u0131 sa\u011flamak amac\u0131yla 3+1 e\u011fitim modeli esas al\u0131nmaktad\u0131r. Bu model kapsam\u0131nda \u00f6\u011frenciler, \u00fc\u00e7 d\u00f6nem boyunca teorik ve uygulamal\u0131 derslerle mesleki bilgi ve becerilerini geli\u015ftirirken, bir d\u00f6nem boyunca alan uygulamalar\u0131 ve i\u015f yeri e\u011fitimi arac\u0131l\u0131\u011f\u0131yla ger\u00e7ek hizmet ortamlar\u0131nda deneyim kazan\u0131rlar.<\/p><p>Kalite g\u00fcvencesi ve akreditasyon \u00e7al\u0131\u015fmalar\u0131 kapsam\u0131nda Ya\u015fl\u0131 Bak\u0131m\u0131 Program\u0131; e\u011fitim-\u00f6\u011fretim s\u00fcre\u00e7lerini \u00f6l\u00e7\u00fclebilir program \u00e7\u0131kt\u0131lar\u0131, payda\u015f kat\u0131l\u0131m\u0131, \u00f6\u011frenci merkezli yakla\u015f\u0131m, uygulama yeterlili\u011fi ve s\u00fcrekli iyile\u015ftirme ilkeleri do\u011frultusunda y\u00fcr\u00fctmektedir. Program\u0131m\u0131z, ya\u015fl\u0131 bak\u0131m hizmetlerinin ihtiya\u00e7 duydu\u011fu nitelikli, etik sorumluluk sahibi, donan\u0131ml\u0131 ve mesleki yeterlili\u011fi g\u00fc\u00e7l\u00fc sa\u011fl\u0131k teknikerleri yeti\u015ftirmeyi ama\u00e7lamaktad\u0131r.<\/p><p>Sa\u011fl\u0131k Bak\u0131m Hizmetleri B\u00f6l\u00fcm Ba\u015fkan\u0131<br \/>Do\u00e7. Dr. G\u00fcl\u015fah Y\u0131ld\u0131z Deniz<\/p>\t\t\t\t\t\t\t\t<\/div>\n\t\t\t\t<\/div>\n\t\t\t\t\t<\/div>\n\t\t<\/div>\n\t\t\t\t\t<\/div>\n\t\t<\/section>\n\t\t\t\t<\/div>\n\t\t","protected":false},"excerpt":{"rendered":"<p>Genel Bilgi\/Tarih\u00e7e Atat\u00fcrk \u00dcniversitesi Sa\u011fl\u0131k Hizmetleri Meslek Y\u00fcksekokulu b\u00fcnyesinde yer alan Ya\u015fl\u0131 Bak\u0131m\u0131 Program\u0131, 2010\u20132011 e\u011fitim-\u00f6\u011fretim y\u0131l\u0131nda a\u00e7\u0131lm\u0131\u015ft\u0131r. Program, ya\u015fl\u0131 bireylerin bak\u0131m, destek, izlem ve rehabilitasyon s\u00fcre\u00e7lerinde g\u00f6rev alabilecek nitelikli sa\u011fl\u0131k teknikeri yeti\u015ftirmek amac\u0131yla kurulmu\u015ftur. Ya\u015fl\u0131 n\u00fcfusun artmas\u0131, kronik hastal\u0131klar\u0131n yayg\u0131nla\u015fmas\u0131, uzun s\u00fcreli bak\u0131m hizmetlerine duyulan gereksinimin artmas\u0131 ve ya\u015fl\u0131 bireylerin ya\u015fam kalitesinin korunmas\u0131na y\u00f6nelik [&hellip;]<\/p>\n","protected":false},"author":1,"featured_media":0,"parent":0,"menu_order":0,"comment_status":"closed","ping_status":"closed","template":"","meta":{"footnotes":""},"class_list":["post-5638","page","type-page","status-publish","hentry"],"_links":{"self":[{"href":"https:\/\/atauni.edu.tr\/yasli-bakimi\/wp-json\/wp\/v2\/pages\/5638","targetHints":{"allow":["GET"]}}],"collection":[{"href":"https:\/\/atauni.edu.tr\/yasli-bakimi\/wp-json\/wp\/v2\/pages"}],"about":[{"href":"https:\/\/atauni.edu.tr\/yasli-bakimi\/wp-json\/wp\/v2\/types\/page"}],"author":[{"embeddable":true,"href":"https:\/\/atauni.edu.tr\/yasli-bakimi\/wp-json\/wp\/v2\/users\/1"}],"replies":[{"embeddable":true,"href":"https:\/\/atauni.edu.tr\/yasli-bakimi\/wp-json\/wp\/v2\/comments?post=5638"}],"version-history":[{"count":46,"href":"https:\/\/atauni.edu.tr\/yasli-bakimi\/wp-json\/wp\/v2\/pages\/5638\/revisions"}],"predecessor-version":[{"id":6548,"href":"https:\/\/atauni.edu.tr\/yasli-bakimi\/wp-json\/wp\/v2\/pages\/5638\/revisions\/6548"}],"wp:attachment":[{"href":"https:\/\/atauni.edu.tr\/yasli-bakimi\/wp-json\/wp\/v2\/media?parent=5638"}],"curies":[{"name":"wp","href":"https:\/\/api.w.org\/{rel}","templated":true}]}}