{"id":5682,"date":"2021-07-13T10:10:01","date_gmt":"2021-07-13T07:10:01","guid":{"rendered":"https:\/\/portaltest.atauni.edu.tr\/bilgisayar-muhendisligi\/?page_id=5682"},"modified":"2022-02-28T09:10:54","modified_gmt":"2022-02-28T06:10:54","slug":"misyon-vizyon-ve-temel-degerler","status":"publish","type":"page","link":"https:\/\/atauni.edu.tr\/yasli-bakimi\/misyon-vizyon-ve-temel-degerler\/","title":{"rendered":"Misyon, Vizyon ve Temel De\u011ferler"},"content":{"rendered":"\t\t<div data-elementor-type=\"wp-page\" data-elementor-id=\"5682\" class=\"elementor elementor-5682\" data-elementor-post-type=\"page\">\n\t\t\t\t\t\t<section class=\"elementor-section elementor-top-section elementor-element elementor-element-730d320 elementor-section-boxed elementor-section-height-default elementor-section-height-default\" data-id=\"730d320\" data-element_type=\"section\">\n\t\t\t\t\t\t<div class=\"elementor-container elementor-column-gap-default\">\n\t\t\t\t\t<div class=\"elementor-column elementor-col-100 elementor-top-column elementor-element elementor-element-753d0860\" data-id=\"753d0860\" data-element_type=\"column\">\n\t\t\t<div class=\"elementor-widget-wrap\">\n\t\t\t\t\t\t\t<\/div>\n\t\t<\/div>\n\t\t\t\t\t<\/div>\n\t\t<\/section>\n\t\t\t\t<section class=\"elementor-section elementor-top-section elementor-element elementor-element-9be811a elementor-section-boxed elementor-section-height-default elementor-section-height-default\" data-id=\"9be811a\" data-element_type=\"section\">\n\t\t\t\t\t\t<div class=\"elementor-container elementor-column-gap-default\">\n\t\t\t\t\t<div class=\"elementor-column elementor-col-100 elementor-top-column elementor-element elementor-element-1ed847b7\" data-id=\"1ed847b7\" data-element_type=\"column\">\n\t\t\t<div class=\"elementor-widget-wrap elementor-element-populated\">\n\t\t\t\t\t\t<div class=\"elementor-element elementor-element-4ce0d07f elementor-widget elementor-widget-heading\" data-id=\"4ce0d07f\" data-element_type=\"widget\" data-widget_type=\"heading.default\">\n\t\t\t\t<div class=\"elementor-widget-container\">\n\t\t\t\t\t<h2 class=\"elementor-heading-title elementor-size-default\">Misyon, Vizyon ve Temel De\u011ferler<\/h2>\t\t\t\t<\/div>\n\t\t\t\t<\/div>\n\t\t\t\t<div class=\"elementor-element elementor-element-63260862 elementor-widget-divider--view-line elementor-widget elementor-widget-divider\" data-id=\"63260862\" data-element_type=\"widget\" data-widget_type=\"divider.default\">\n\t\t\t\t<div class=\"elementor-widget-container\">\n\t\t\t\t\t\t\t<div class=\"elementor-divider\">\n\t\t\t<span class=\"elementor-divider-separator\">\n\t\t\t\t\t\t<\/span>\n\t\t<\/div>\n\t\t\t\t\t\t<\/div>\n\t\t\t\t<\/div>\n\t\t\t\t\t<\/div>\n\t\t<\/div>\n\t\t\t\t\t<\/div>\n\t\t<\/section>\n\t\t\t\t<section class=\"elementor-section elementor-top-section elementor-element elementor-element-681db8b elementor-section-boxed elementor-section-height-default elementor-section-height-default\" data-id=\"681db8b\" data-element_type=\"section\">\n\t\t\t\t\t\t<div class=\"elementor-container elementor-column-gap-default\">\n\t\t\t\t\t<div class=\"elementor-column elementor-col-100 elementor-top-column elementor-element elementor-element-ad4dac5\" data-id=\"ad4dac5\" data-element_type=\"column\">\n\t\t\t<div class=\"elementor-widget-wrap elementor-element-populated\">\n\t\t\t\t\t\t<div class=\"elementor-element elementor-element-2f96b3d elementor-widget elementor-widget-text-editor\" data-id=\"2f96b3d\" data-element_type=\"widget\" data-widget_type=\"text-editor.default\">\n\t\t\t\t<div class=\"elementor-widget-container\">\n\t\t\t\t\t\t\t\t\t<p><strong>\u00a0Misyonumuz:<\/strong>21. y\u00fczy\u0131l\u0131n de\u011fi\u015fen bilimsel ve sosyal ko\u015fullar\u0131na kolayca adapte olabilen, ya\u015fam boyu \u00f6\u011frenmeyi ve kendini yenilemeyi ilke edinmi\u015f, \u00fclke ve d\u00fcnya sorunlar\u0131na duyarl\u0131, tak\u0131m \u00e7al\u0131\u015fmas\u0131na ve payla\u015f\u0131m k\u00fclt\u00fcr\u00fcne yatk\u0131n, bili\u015fim ve e\u011fitim teknolojilerini kullanabilen, \u00fcst d\u00fczey bilgi ve beceri d\u00fczeyine sahip, halk sa\u011fl\u0131\u011f\u0131na ve sorumluluklar\u0131na duyarl\u0131, mesle\u011fini ulusal ve uluslararas\u0131 d\u00fczeyde yerine getirebilecek inisiyatif sahibi sa\u011fl\u0131k sekt\u00f6r\u00fcnde hasta ile hekim aras\u0131nda g\u00f6rev alacak ara elemanlar yeti\u015ftirerek, alan\u0131nda lider bir e\u011fitim kurumu olmakt\u0131r.<\/p><p><strong>\u00a0Vizyonumuz<\/strong>; sa\u011fl\u0131k sekt\u00f6r\u00fcndeki kurum\/kurulu\u015flar taraf\u0131ndan \u00f6ncelikli olarak tercih edilen insan kayna\u011f\u0131n\u0131n yeti\u015ftirilerek sekt\u00f6re kazand\u0131r\u0131lmas\u0131 hedefi do\u011frultusunda, e\u011fitim-\u00f6\u011fretim kalitesinin en \u00fcst d\u00fczeye \u00e7\u0131kart\u0131lmas\u0131 i\u00e7in g\u00fcncel geli\u015fmelerin ve meslek ile ilgili de\u011fi\u015fimlerin s\u00fcrekli takip edilmesi, sekt\u00f6r ihtiyac\u0131 do\u011frultusunda gerekli olan yeti\u015fmi\u015f insan kayna\u011f\u0131n\u0131n en iyi \u015fekilde haz\u0131rlanmas\u0131, b\u00f6lgesel, ulusal ve uluslar aras\u0131 \u00f6\u011frenci tercihlerinde ilk s\u0131rada yer alan Meslek Y\u00fcksekolulu olmakt\u0131r.<\/p>\t\t\t\t\t\t\t\t<\/div>\n\t\t\t\t<\/div>\n\t\t\t\t\t<\/div>\n\t\t<\/div>\n\t\t\t\t\t<\/div>\n\t\t<\/section>\n\t\t\t\t<\/div>\n\t\t","protected":false},"excerpt":{"rendered":"<p>Misyon, Vizyon ve Temel De\u011ferler \u00a0Misyonumuz:21. y\u00fczy\u0131l\u0131n de\u011fi\u015fen bilimsel ve sosyal ko\u015fullar\u0131na kolayca adapte olabilen, ya\u015fam boyu \u00f6\u011frenmeyi ve kendini yenilemeyi ilke edinmi\u015f, \u00fclke ve d\u00fcnya sorunlar\u0131na duyarl\u0131, tak\u0131m \u00e7al\u0131\u015fmas\u0131na ve payla\u015f\u0131m k\u00fclt\u00fcr\u00fcne yatk\u0131n, bili\u015fim ve e\u011fitim teknolojilerini kullanabilen, \u00fcst d\u00fczey bilgi ve beceri d\u00fczeyine sahip, halk sa\u011fl\u0131\u011f\u0131na ve sorumluluklar\u0131na duyarl\u0131, mesle\u011fini ulusal ve uluslararas\u0131 [&hellip;]<\/p>\n","protected":false},"author":1,"featured_media":0,"parent":0,"menu_order":0,"comment_status":"closed","ping_status":"closed","template":"elementor_header_footer","meta":{"footnotes":""},"class_list":["post-5682","page","type-page","status-publish","hentry"],"_links":{"self":[{"href":"https:\/\/atauni.edu.tr\/yasli-bakimi\/wp-json\/wp\/v2\/pages\/5682","targetHints":{"allow":["GET"]}}],"collection":[{"href":"https:\/\/atauni.edu.tr\/yasli-bakimi\/wp-json\/wp\/v2\/pages"}],"about":[{"href":"https:\/\/atauni.edu.tr\/yasli-bakimi\/wp-json\/wp\/v2\/types\/page"}],"author":[{"embeddable":true,"href":"https:\/\/atauni.edu.tr\/yasli-bakimi\/wp-json\/wp\/v2\/users\/1"}],"replies":[{"embeddable":true,"href":"https:\/\/atauni.edu.tr\/yasli-bakimi\/wp-json\/wp\/v2\/comments?post=5682"}],"version-history":[{"count":11,"href":"https:\/\/atauni.edu.tr\/yasli-bakimi\/wp-json\/wp\/v2\/pages\/5682\/revisions"}],"predecessor-version":[{"id":6200,"href":"https:\/\/atauni.edu.tr\/yasli-bakimi\/wp-json\/wp\/v2\/pages\/5682\/revisions\/6200"}],"wp:attachment":[{"href":"https:\/\/atauni.edu.tr\/yasli-bakimi\/wp-json\/wp\/v2\/media?parent=5682"}],"curies":[{"name":"wp","href":"https:\/\/api.w.org\/{rel}","templated":true}]}}