{"id":6458,"date":"2025-08-09T23:29:03","date_gmt":"2025-08-09T20:29:03","guid":{"rendered":"https:\/\/birimler.atauni.edu.tr\/yasli-bakimi\/?page_id=6458"},"modified":"2025-08-09T23:29:03","modified_gmt":"2025-08-09T20:29:03","slug":"duyurular","status":"publish","type":"page","link":"https:\/\/atauni.edu.tr\/yasli-bakimi\/duyurular\/","title":{"rendered":"Duyurular"},"content":{"rendered":"<form method=\"get\" class=\"row g-3\" style=\"margin-bottom: 20px;\"><div class=\"col-md-3\"><input type=\"text\" name=\"Duyuru_ara\" class=\"form-control\" placeholder=\"Duyuru ara...\" value=\"\"><\/div><div class=\"col-md-3\"><input type=\"date\" name=\"baslangic_tarihi\" class=\"form-control\" value=\"\"><\/div><div class=\"col-md-3\"><input type=\"date\" name=\"bitis_tarihi\" class=\"form-control\" value=\"\"><\/div><div class=\"col-md-3\"><button type=\"submit\" class=\"btn btn-secondary w-50\">Filtrele<\/button><\/div><\/form><ul class=\"kategori-yazilari-liste\"><li style=\"display: flex; margin-bottom: 10px; align-items: center;\"><div class=\"post-content\" style=\"flex-grow: 1;\"><span class=\"post-date Duyurutarih\" style=\"display: block; font-weight: bold; margin-bottom: 5px;\">27 Mart 2026<\/span><a class=\"Duyurubaslik\" href=\"https:\/\/atauni.edu.tr\/yasli-bakimi\/2026\/03\/27\/yasli-bakimi-programi-akreditasyon-sureci-devam-etmektedir\/\">Ya\u015fl\u0131 Bak\u0131m\u0131 Program\u0131 Akreditasyon S\u00fcreci Devam Etmektedir<\/a><\/div><\/li><\/ul>\n\n\n\n<p><\/p>\n","protected":false},"excerpt":{"rendered":"","protected":false},"author":1,"featured_media":0,"parent":0,"menu_order":0,"comment_status":"closed","ping_status":"closed","template":"","meta":{"footnotes":""},"class_list":["post-6458","page","type-page","status-publish","hentry"],"_links":{"self":[{"href":"https:\/\/atauni.edu.tr\/yasli-bakimi\/wp-json\/wp\/v2\/pages\/6458","targetHints":{"allow":["GET"]}}],"collection":[{"href":"https:\/\/atauni.edu.tr\/yasli-bakimi\/wp-json\/wp\/v2\/pages"}],"about":[{"href":"https:\/\/atauni.edu.tr\/yasli-bakimi\/wp-json\/wp\/v2\/types\/page"}],"author":[{"embeddable":true,"href":"https:\/\/atauni.edu.tr\/yasli-bakimi\/wp-json\/wp\/v2\/users\/1"}],"replies":[{"embeddable":true,"href":"https:\/\/atauni.edu.tr\/yasli-bakimi\/wp-json\/wp\/v2\/comments?post=6458"}],"version-history":[{"count":1,"href":"https:\/\/atauni.edu.tr\/yasli-bakimi\/wp-json\/wp\/v2\/pages\/6458\/revisions"}],"predecessor-version":[{"id":6468,"href":"https:\/\/atauni.edu.tr\/yasli-bakimi\/wp-json\/wp\/v2\/pages\/6458\/revisions\/6468"}],"wp:attachment":[{"href":"https:\/\/atauni.edu.tr\/yasli-bakimi\/wp-json\/wp\/v2\/media?parent=6458"}],"curies":[{"name":"wp","href":"https:\/\/api.w.org\/{rel}","templated":true}]}}