{"id":5638,"date":"2021-07-13T09:49:25","date_gmt":"2021-07-13T06:49:25","guid":{"rendered":"https:\/\/portaltest.atauni.edu.tr\/bilgisayar-muhendisligi\/?page_id=5638"},"modified":"2022-04-22T14:12:17","modified_gmt":"2022-04-22T11:12:17","slug":"tarihce","status":"publish","type":"page","link":"https:\/\/atauni.edu.tr\/yazilim-muhendisligi\/tarihce\/","title":{"rendered":"Tarih\u00e7e"},"content":{"rendered":"\t\t<div data-elementor-type=\"wp-page\" data-elementor-id=\"5638\" class=\"elementor elementor-5638\" data-elementor-post-type=\"page\">\n\t\t\t\t\t\t<section class=\"elementor-section elementor-top-section elementor-element elementor-element-730d320 elementor-section-boxed elementor-section-height-default elementor-section-height-default\" data-id=\"730d320\" data-element_type=\"section\">\n\t\t\t\t\t\t<div class=\"elementor-container elementor-column-gap-default\">\n\t\t\t\t\t<div class=\"elementor-column elementor-col-100 elementor-top-column elementor-element elementor-element-753d0860\" data-id=\"753d0860\" data-element_type=\"column\">\n\t\t\t<div class=\"elementor-widget-wrap\">\n\t\t\t\t\t\t\t<\/div>\n\t\t<\/div>\n\t\t\t\t\t<\/div>\n\t\t<\/section>\n\t\t\t\t<section class=\"elementor-section elementor-top-section elementor-element elementor-element-9be811a elementor-section-boxed elementor-section-height-default elementor-section-height-default\" data-id=\"9be811a\" data-element_type=\"section\">\n\t\t\t\t\t\t<div class=\"elementor-container elementor-column-gap-default\">\n\t\t\t\t\t<div class=\"elementor-column elementor-col-100 elementor-top-column elementor-element elementor-element-1ed847b7\" data-id=\"1ed847b7\" data-element_type=\"column\">\n\t\t\t<div class=\"elementor-widget-wrap elementor-element-populated\">\n\t\t\t\t\t\t<div class=\"elementor-element elementor-element-4ce0d07f elementor-widget elementor-widget-heading\" data-id=\"4ce0d07f\" data-element_type=\"widget\" data-widget_type=\"heading.default\">\n\t\t\t\t<div class=\"elementor-widget-container\">\n\t\t\t\t\t<h2 class=\"elementor-heading-title elementor-size-default\">Tarih\u00e7e<\/h2>\t\t\t\t<\/div>\n\t\t\t\t<\/div>\n\t\t\t\t<div class=\"elementor-element elementor-element-63260862 elementor-widget-divider--view-line elementor-widget elementor-widget-divider\" data-id=\"63260862\" data-element_type=\"widget\" data-widget_type=\"divider.default\">\n\t\t\t\t<div class=\"elementor-widget-container\">\n\t\t\t\t\t\t\t<div class=\"elementor-divider\">\n\t\t\t<span class=\"elementor-divider-separator\">\n\t\t\t\t\t\t<\/span>\n\t\t<\/div>\n\t\t\t\t\t\t<\/div>\n\t\t\t\t<\/div>\n\t\t\t\t\t<\/div>\n\t\t<\/div>\n\t\t\t\t\t<\/div>\n\t\t<\/section>\n\t\t\t\t<section class=\"elementor-section elementor-top-section elementor-element elementor-element-681db8b elementor-section-boxed elementor-section-height-default elementor-section-height-default\" data-id=\"681db8b\" data-element_type=\"section\">\n\t\t\t\t\t\t<div class=\"elementor-container elementor-column-gap-default\">\n\t\t\t\t\t<div class=\"elementor-column elementor-col-100 elementor-top-column elementor-element elementor-element-ad4dac5\" data-id=\"ad4dac5\" data-element_type=\"column\">\n\t\t\t<div class=\"elementor-widget-wrap elementor-element-populated\">\n\t\t\t\t\t\t<div class=\"elementor-element elementor-element-2f96b3d elementor-widget elementor-widget-text-editor\" data-id=\"2f96b3d\" data-element_type=\"widget\" data-widget_type=\"text-editor.default\">\n\t\t\t\t<div class=\"elementor-widget-container\">\n\t\t\t\t\t\t\t\t\t<p><span style=\"color: #000000\">\u00dclkemizde her ge\u00e7en g\u00fcn geli\u015fen sanayi ve teknolojiye paralel olarak yaz\u0131l\u0131m alan\u0131nda yetkin, bilin\u00e7li birey ve personellere ihtiya\u00e7 artmaktad\u0131r. Bu ihtiya\u00e7 do\u011frultusunda Atat\u00fcrk \u00dcniversitesi Yaz\u0131l\u0131m M\u00fchendisli\u011fi B\u00f6l\u00fcm\u00fc, yaz\u0131l\u0131m alanda yeterli bilgi ve yetkinli\u011fe ula\u015fm\u0131\u015f, nitelikli yaz\u0131l\u0131m m\u00fchendisleri yeti\u015ftirmek amac\u0131yla 2020-2021 d\u00f6nemlerinde kurulmu\u015f olup, 2021-2022 d\u00f6nemlerinde ilk \u00f6\u011frencilerini alarak e\u011fitim \u00f6\u011fretim hayat\u0131na ba\u015flam\u0131\u015ft\u0131r. Yaz\u0131l\u0131m M\u00fchendisli\u011fi olarak hedefimiz,&nbsp;<span style=\"letter-spacing: 0px\">yaz\u0131l\u0131m ve bili\u015fim alan\u0131ndaki g\u00fcncel geli\u015fmeleri yak\u0131ndan takip edip, e\u011fitim \u00f6\u011fretim y\u00f6ntemleri ile derslerde kullan\u0131lan kaynak ve teknolojileri<\/span><span style=\"letter-spacing: 0px\">&nbsp;s\u00fcrekli g\u00fcncel tutarak&nbsp;<\/span><span style=\"letter-spacing: 0px\">kamu ve \u00f6zel sekt\u00f6r ihtiya\u00e7lar\u0131n\u0131 kar\u015f\u0131layabilecek nitelikte,<\/span><span style=\"letter-spacing: 0px\">&nbsp;ba\u015far\u0131l\u0131, giri\u015fimci, sosyal ve sorumluluk sahibi m\u00fchendisler yeti\u015ftirmektir. Bu amaca ba\u011fl\u0131 olarak b\u00f6l\u00fcm\u00fcm\u00fczde bulunan t\u00fcm \u00f6\u011fretim elemanlar\u0131 b\u00fcy\u00fck bir \u00f6zveri ile \u00e7al\u0131\u015fmaktad\u0131r.<\/span><\/span><\/p>\t\t\t\t\t\t\t\t<\/div>\n\t\t\t\t<\/div>\n\t\t\t\t\t<\/div>\n\t\t<\/div>\n\t\t\t\t\t<\/div>\n\t\t<\/section>\n\t\t\t\t<section class=\"elementor-section elementor-top-section elementor-element elementor-element-d42f8f3 elementor-section-boxed elementor-section-height-default elementor-section-height-default\" data-id=\"d42f8f3\" data-element_type=\"section\">\n\t\t\t\t\t\t<div class=\"elementor-container elementor-column-gap-default\">\n\t\t\t\t\t<div class=\"elementor-column elementor-col-100 elementor-top-column elementor-element elementor-element-d8615a9\" data-id=\"d8615a9\" data-element_type=\"column\">\n\t\t\t<div class=\"elementor-widget-wrap elementor-element-populated\">\n\t\t\t\t\t\t<div class=\"elementor-element elementor-element-fca984c elementor-widget elementor-widget-spacer\" data-id=\"fca984c\" data-element_type=\"widget\" data-widget_type=\"spacer.default\">\n\t\t\t\t<div class=\"elementor-widget-container\">\n\t\t\t\t\t\t\t<div class=\"elementor-spacer\">\n\t\t\t<div class=\"elementor-spacer-inner\"><\/div>\n\t\t<\/div>\n\t\t\t\t\t\t<\/div>\n\t\t\t\t<\/div>\n\t\t\t\t\t<\/div>\n\t\t<\/div>\n\t\t\t\t\t<\/div>\n\t\t<\/section>\n\t\t\t\t<\/div>\n\t\t","protected":false},"excerpt":{"rendered":"<p>Tarih\u00e7e \u00dclkemizde her ge\u00e7en g\u00fcn geli\u015fen sanayi ve teknolojiye paralel olarak yaz\u0131l\u0131m alan\u0131nda yetkin, bilin\u00e7li birey ve personellere ihtiya\u00e7 artmaktad\u0131r. Bu ihtiya\u00e7 do\u011frultusunda Atat\u00fcrk \u00dcniversitesi Yaz\u0131l\u0131m M\u00fchendisli\u011fi B\u00f6l\u00fcm\u00fc, yaz\u0131l\u0131m alanda yeterli bilgi ve yetkinli\u011fe ula\u015fm\u0131\u015f, nitelikli yaz\u0131l\u0131m m\u00fchendisleri yeti\u015ftirmek amac\u0131yla 2020-2021 d\u00f6nemlerinde kurulmu\u015f olup, 2021-2022 d\u00f6nemlerinde ilk \u00f6\u011frencilerini alarak e\u011fitim \u00f6\u011fretim hayat\u0131na ba\u015flam\u0131\u015ft\u0131r. Yaz\u0131l\u0131m M\u00fchendisli\u011fi [&hellip;]<\/p>\n","protected":false},"author":1,"featured_media":0,"parent":0,"menu_order":0,"comment_status":"closed","ping_status":"closed","template":"","meta":{"footnotes":""},"class_list":["post-5638","page","type-page","status-publish","hentry"],"_links":{"self":[{"href":"https:\/\/atauni.edu.tr\/yazilim-muhendisligi\/wp-json\/wp\/v2\/pages\/5638","targetHints":{"allow":["GET"]}}],"collection":[{"href":"https:\/\/atauni.edu.tr\/yazilim-muhendisligi\/wp-json\/wp\/v2\/pages"}],"about":[{"href":"https:\/\/atauni.edu.tr\/yazilim-muhendisligi\/wp-json\/wp\/v2\/types\/page"}],"author":[{"embeddable":true,"href":"https:\/\/atauni.edu.tr\/yazilim-muhendisligi\/wp-json\/wp\/v2\/users\/1"}],"replies":[{"embeddable":true,"href":"https:\/\/atauni.edu.tr\/yazilim-muhendisligi\/wp-json\/wp\/v2\/comments?post=5638"}],"version-history":[{"count":46,"href":"https:\/\/atauni.edu.tr\/yazilim-muhendisligi\/wp-json\/wp\/v2\/pages\/5638\/revisions"}],"predecessor-version":[{"id":6597,"href":"https:\/\/atauni.edu.tr\/yazilim-muhendisligi\/wp-json\/wp\/v2\/pages\/5638\/revisions\/6597"}],"wp:attachment":[{"href":"https:\/\/atauni.edu.tr\/yazilim-muhendisligi\/wp-json\/wp\/v2\/media?parent=5638"}],"curies":[{"name":"wp","href":"https:\/\/api.w.org\/{rel}","templated":true}]}}