{"id":5662,"date":"2021-07-13T10:01:45","date_gmt":"2021-07-13T07:01:45","guid":{"rendered":"https:\/\/portaltest.atauni.edu.tr\/bilgisayar-muhendisligi\/?page_id=5662"},"modified":"2022-04-22T14:14:07","modified_gmt":"2022-04-22T11:14:07","slug":"yonetim","status":"publish","type":"page","link":"https:\/\/atauni.edu.tr\/yazilim-muhendisligi\/yonetim\/","title":{"rendered":"Y\u00f6netim"},"content":{"rendered":"\t\t<div data-elementor-type=\"wp-page\" data-elementor-id=\"5662\" class=\"elementor elementor-5662\" data-elementor-post-type=\"page\">\n\t\t\t\t\t\t<section class=\"elementor-section elementor-top-section elementor-element elementor-element-22b96024 elementor-section-boxed elementor-section-height-default elementor-section-height-default\" data-id=\"22b96024\" data-element_type=\"section\">\n\t\t\t\t\t\t<div class=\"elementor-container elementor-column-gap-default\">\n\t\t\t\t\t<div class=\"elementor-column elementor-col-100 elementor-top-column elementor-element elementor-element-5a1f7769\" data-id=\"5a1f7769\" data-element_type=\"column\">\n\t\t\t<div class=\"elementor-widget-wrap elementor-element-populated\">\n\t\t\t\t\t\t<div class=\"elementor-element elementor-element-3b3e2d4a elementor-widget elementor-widget-heading\" data-id=\"3b3e2d4a\" data-element_type=\"widget\" data-widget_type=\"heading.default\">\n\t\t\t\t<div class=\"elementor-widget-container\">\n\t\t\t\t\t<h2 class=\"elementor-heading-title elementor-size-default\">Y\u00f6netim<\/h2>\t\t\t\t<\/div>\n\t\t\t\t<\/div>\n\t\t\t\t<div class=\"elementor-element elementor-element-35223868 elementor-widget-divider--view-line elementor-widget elementor-widget-divider\" data-id=\"35223868\" data-element_type=\"widget\" data-widget_type=\"divider.default\">\n\t\t\t\t<div class=\"elementor-widget-container\">\n\t\t\t\t\t\t\t<div class=\"elementor-divider\">\n\t\t\t<span class=\"elementor-divider-separator\">\n\t\t\t\t\t\t<\/span>\n\t\t<\/div>\n\t\t\t\t\t\t<\/div>\n\t\t\t\t<\/div>\n\t\t\t\t\t<\/div>\n\t\t<\/div>\n\t\t\t\t\t<\/div>\n\t\t<\/section>\n\t\t\t\t<section class=\"elementor-section elementor-top-section elementor-element elementor-element-fd99295 elementor-section-boxed elementor-section-height-default elementor-section-height-default\" data-id=\"fd99295\" data-element_type=\"section\">\n\t\t\t\t\t\t<div class=\"elementor-container elementor-column-gap-default\">\n\t\t\t\t\t<div class=\"elementor-column elementor-col-100 elementor-top-column elementor-element elementor-element-3da5c24\" data-id=\"3da5c24\" data-element_type=\"column\">\n\t\t\t<div class=\"elementor-widget-wrap elementor-element-populated\">\n\t\t\t\t\t\t<div class=\"elementor-element elementor-element-4c952f1 elementor-widget elementor-widget-shortcode\" data-id=\"4c952f1\" data-element_type=\"widget\" data-widget_type=\"shortcode.default\">\n\t\t\t\t<div class=\"elementor-widget-container\">\n\t\t\t\t\t            <div class=\"accordion\" id=\"personel-kart\">\n                <div class=\"card p-liste\">\n                    <div class=\"card-header \" id=\"p-0\">\n                        <h2 class=\"mb-0\">\n                            <button class=\"btn btn-link collapsed\" type=\"button\" data-toggle=\"collapse\"\n                                    data-target=\"#k-0\"\n                                    aria-expanded=\"false\" aria-controls=\"collapseOne\">\n                                <span class=\"unvan\">B\u00f6l\u00fcm Ba\u015fkan\u0131<\/span>\n                                Prof. Dr. Rabia Meryem Y\u0131lmaz                            <\/button>\n                        <\/h2>\n                    <\/div>\n                    <div id=\"k-0\" class=\"collapse\" aria-labelledby=\"p-0\"\n                         data-parent=\"#personel-kart\" style=\"\">\n                        <div class=\"card-body\">\n                            <div class=\"row\">\n                                <div class=\"col-3 kart-resim\">\n                                    <img decoding=\"async\" src=\"\/\/eski.atauni.edu.tr\/resizer.php?w=189&amp;h=228&amp;zc=1&amp;src=\/uploads\/profilResimleriSha1\/4bdb7a1e6fe56e14289bfc6ee041f5ea.png\"\n                                         class=\"img-fluid\">\n                                <\/div>\n                                <div class=\"col-7\">\n                                    <h3 class=\"kart-baslik kart-baslik-yonetim\">B\u00f6l\u00fcm Ba\u015fkan\u0131<\/h3>\n                                    <div class=\"row\">\n                                        <div class=\"ad-soyad\">Prof. Dr. Rabia Meryem Y\u0131lmaz<\/div>\n                                        <div class=\"birim\">Yaz\u0131l\u0131m M\u00fchendisli\u011fi<\/div>\n                                        <div class=\"bilgiler\">\n                                            <strong>E-Posta<\/strong>rkufrevi@atauni.edu.tr                                        <\/div>\n                                                                                <div class=\"bilgiler\"><strong>Profil<\/strong> <a target=\"_blank\"\n                                         href=\"http:\/\/avesis.atauni.edu.tr\/rkufrevi\">https:\/\/avesis.atauni.edu.tr\/rkufrevi<\/a>\n                                        <\/div>\n                                        <div class=\"bilgiler\">\n                                            <strong>Telefon<\/strong>\n                                            +90 442 231                                           ()&nbsp;\n                                        <\/div>\n                                        <div class=\"bilgiler\"><strong>Posta Adresi<\/strong> \n                                        <span class=\"posta\">\n                                                                                                Atat\u00fcrk \u00dcniversitesi M\u00fchendislik Fak\u00fcltesi 25240 Erzurum                                                                                                                                                                                                                                                                                                                                                                                                                                                                                                                                                                                                                                                                                                                                                                                                                                                                                <\/span>\n                                        <\/div>\n                                    <\/div>\n                                <\/div>\n                                <div class=\"col-10 kart-egitim\">\n                                    <h3>E\u011fitim<\/h3>\n                                    <ul>\n\n                                                                                        <li>B\u00fct\u00fcnle\u015fik Doktora, Atat\u00fcrk \u00dcniversitesi, Bilgisayar Ve \u00d6\u011fretim Teknolojileri E\u011fitimi (Dr), 2014 <\/li>\n\n\n                                                                                                <li>Lisans, Atat\u00fcrk \u00dcniversitesi, Bilgisayar Ve \u00d6\u011fretim Teknolojileri E\u011fitimi B\u00f6l\u00fcm\u00fc, 2009 <\/li>\n\n\n                                                \n                                    <\/ul>\n                                <\/div>\n                                 <!--<div class=\"col-2 qr\">\n                                    <img decoding=\"async\" src=\"https:\/\/chart.googleapis.com\/chart?chs=100x100&amp;cht=qr&amp;chl=BEGIN:VCARD%0AVERSION:3.0%0ATITLE:%0AN:Rabia Meryem%20Y\u0131lmaz%0ATEL;type=WORK:%2B90442231%0AEMAIL:rkufrevi@atauni.edu.tr%0AEND:VCARD\"\n                                         class=\"img-fluid qr\">\n                                <\/div>-->\n                            <\/div>\n                        <\/div>\n                    <\/div>\n                <\/div>\n            <\/div>\n\n\n                        <div class=\"accordion\" id=\"personel-kart\">\n                <div class=\"card p-liste\">\n                    <div class=\"card-header \" id=\"p-1\">\n                        <h2 class=\"mb-0\">\n                            <button class=\"btn btn-link collapsed\" type=\"button\" data-toggle=\"collapse\"\n                                    data-target=\"#k-1\"\n                                    aria-expanded=\"false\" aria-controls=\"collapseOne\">\n                                <span class=\"unvan\">B\u00f6l\u00fcm Ba\u015fkan\u0131 Yard\u0131mc\u0131s\u0131<\/span>\n                                Dr. \u00d6\u011fr. \u00dcyesi Abdullah Ammar Karc\u0131o\u011flu                            <\/button>\n                        <\/h2>\n                    <\/div>\n                    <div id=\"k-1\" class=\"collapse\" aria-labelledby=\"p-1\"\n                         data-parent=\"#personel-kart\" style=\"\">\n                        <div class=\"card-body\">\n                            <div class=\"row\">\n                                <div class=\"col-3 kart-resim\">\n                                    <img decoding=\"async\" src=\"\/\/eski.atauni.edu.tr\/resizer.php?w=189&amp;h=228&amp;zc=1&amp;src=\/uploads\/profilResimleriSha1\/488cef67e383bc2e28376c6296d50aab.png\"\n                                         class=\"img-fluid\">\n                                <\/div>\n                                <div class=\"col-7\">\n                                    <h3 class=\"kart-baslik kart-baslik-yonetim\">B\u00f6l\u00fcm Ba\u015fkan\u0131 Yard\u0131mc\u0131s\u0131<\/h3>\n                                    <div class=\"row\">\n                                        <div class=\"ad-soyad\">Dr. \u00d6\u011fr. \u00dcyesi Abdullah Ammar Karc\u0131o\u011flu<\/div>\n                                        <div class=\"birim\">Yaz\u0131l\u0131m M\u00fchendisli\u011fi<\/div>\n                                        <div class=\"bilgiler\">\n                                            <strong>E-Posta<\/strong>ammar.karcioglu@atauni.edu.tr                                        <\/div>\n                                                                                <div class=\"bilgiler\"><strong>Profil<\/strong> <a target=\"_blank\"\n                                         href=\"http:\/\/avesis.atauni.edu.tr\/ammar.karcioglu\">https:\/\/avesis.atauni.edu.tr\/ammar.karcioglu<\/a>\n                                        <\/div>\n                                        <div class=\"bilgiler\">\n                                            <strong>Telefon<\/strong>\n                                            +90 442 231                                           (1861)&nbsp;\n                                        <\/div>\n                                        <div class=\"bilgiler\"><strong>Posta Adresi<\/strong> \n                                        <span class=\"posta\">\n                                                                                                Atat\u00fcrk \u00dcniversitesi M\u00fchendislik Fak\u00fcltesi 25240 Erzurum                                                                                                                                                                                                                                                                                                                                                                                                                                                                                                                                                                                                                                                                                                                                                                                                                                                                                <\/span>\n                                        <\/div>\n                                    <\/div>\n                                <\/div>\n                                <div class=\"col-10 kart-egitim\">\n                                    <h3>E\u011fitim<\/h3>\n                                    <ul>\n\n                                        \n                                    <\/ul>\n                                <\/div>\n                                 <!--<div class=\"col-2 qr\">\n                                    <img decoding=\"async\" src=\"https:\/\/chart.googleapis.com\/chart?chs=100x100&amp;cht=qr&amp;chl=BEGIN:VCARD%0AVERSION:3.0%0ATITLE:%0AN:Abdullah Ammar%20Karc\u0131o\u011flu%0ATEL;type=WORK:%2B904422311861%0AEMAIL:ammar.karcioglu@atauni.edu.tr%0AEND:VCARD\"\n                                         class=\"img-fluid qr\">\n                                <\/div>-->\n                            <\/div>\n                        <\/div>\n                    <\/div>\n                <\/div>\n            <\/div>\n\n\n                        <div class=\"accordion\" id=\"personel-kart\">\n                <div class=\"card p-liste\">\n                    <div class=\"card-header \" id=\"p-2\">\n                        <h2 class=\"mb-0\">\n                            <button class=\"btn btn-link collapsed\" type=\"button\" data-toggle=\"collapse\"\n                                    data-target=\"#k-2\"\n                                    aria-expanded=\"false\" aria-controls=\"collapseOne\">\n                                <span class=\"unvan\">B\u00f6l\u00fcm Ba\u015fkan\u0131 Yard\u0131mc\u0131s\u0131<\/span>\n                                Dr. \u00d6\u011fr. \u00dcyesi \u015eeyma Y\u00fccel Altay                            <\/button>\n                        <\/h2>\n                    <\/div>\n                    <div id=\"k-2\" class=\"collapse\" aria-labelledby=\"p-2\"\n                         data-parent=\"#personel-kart\" style=\"\">\n                        <div class=\"card-body\">\n                            <div class=\"row\">\n                                <div class=\"col-3 kart-resim\">\n                                    <img decoding=\"async\" src=\"\/\/eski.atauni.edu.tr\/resizer.php?w=189&amp;h=228&amp;zc=1&amp;src=\/uploads\/profilResimleriSha1\/806852bf130139e1ada6cbe825cd2c58.png\"\n                                         class=\"img-fluid\">\n                                <\/div>\n                                <div class=\"col-7\">\n                                    <h3 class=\"kart-baslik kart-baslik-yonetim\">B\u00f6l\u00fcm Ba\u015fkan\u0131 Yard\u0131mc\u0131s\u0131<\/h3>\n                                    <div class=\"row\">\n                                        <div class=\"ad-soyad\">Dr. \u00d6\u011fr. \u00dcyesi \u015eeyma Y\u00fccel Altay<\/div>\n                                        <div class=\"birim\">Yaz\u0131l\u0131m M\u00fchendisli\u011fi<\/div>\n                                        <div class=\"bilgiler\">\n                                            <strong>E-Posta<\/strong>seyma.yucel@atauni.edu.tr                                        <\/div>\n                                                                                <div class=\"bilgiler\"><strong>Profil<\/strong> <a target=\"_blank\"\n                                         href=\"http:\/\/avesis.atauni.edu.tr\/seyma.yucel\">https:\/\/avesis.atauni.edu.tr\/seyma.yucel<\/a>\n                                        <\/div>\n                                        <div class=\"bilgiler\">\n                                            <strong>Telefon<\/strong>\n                                            +90 442 231                                           (1862)&nbsp;\n                                        <\/div>\n                                        <div class=\"bilgiler\"><strong>Posta Adresi<\/strong> \n                                        <span class=\"posta\">\n                                                                                                Atat\u00fcrk \u00dcniversitesi M\u00fchendislik Fak\u00fcltesi 25240 Erzurum                                                                                                                                                                                                                                                                                                                                                                                                                                                                                                                                                                                                                                                                                                                                                                                                                                                                                <\/span>\n                                        <\/div>\n                                    <\/div>\n                                <\/div>\n                                <div class=\"col-10 kart-egitim\">\n                                    <h3>E\u011fitim<\/h3>\n                                    <ul>\n\n                                                                                        <li>Doktora, Karadeniz Teknik \u00dcniversitesi, Bilgisayar M\u00fchendisli\u011fi (Dr),  <\/li>\n\n\n                                                                                                <li>Y\u00fcksek Lisans, Atat\u00fcrk \u00dcniversitesi, Bilgisayar M\u00fchendisli\u011fi (Yl) (Tezli), 2014 <\/li>\n\n\n                                                                                                <li>Lisans, Karadeniz Teknik \u00dcniversitesi, Bilgisayar M\u00fchendisli\u011fi B\u00f6l\u00fcm\u00fc, 2010 <\/li>\n\n\n                                                \n                                    <\/ul>\n                                <\/div>\n                                 <!--<div class=\"col-2 qr\">\n                                    <img decoding=\"async\" src=\"https:\/\/chart.googleapis.com\/chart?chs=100x100&amp;cht=qr&amp;chl=BEGIN:VCARD%0AVERSION:3.0%0ATITLE:%0AN:\u015eeyma%20Y\u00fccel Altay%0ATEL;type=WORK:%2B904422311862%0AEMAIL:seyma.yucel@atauni.edu.tr%0AEND:VCARD\"\n                                         class=\"img-fluid qr\">\n                                <\/div>-->\n                            <\/div>\n                        <\/div>\n                    <\/div>\n                <\/div>\n            <\/div>\n\n\n            \t\t<div class=\"elementor-shortcode\"><\/div>\n\t\t\t\t\t\t<\/div>\n\t\t\t\t<\/div>\n\t\t\t\t\t<\/div>\n\t\t<\/div>\n\t\t\t\t\t<\/div>\n\t\t<\/section>\n\t\t\t\t<section class=\"elementor-section elementor-top-section elementor-element elementor-element-e9ca1c7 elementor-section-boxed elementor-section-height-default elementor-section-height-default\" data-id=\"e9ca1c7\" data-element_type=\"section\">\n\t\t\t\t\t\t<div class=\"elementor-container elementor-column-gap-default\">\n\t\t\t\t\t<div class=\"elementor-column elementor-col-100 elementor-top-column elementor-element elementor-element-9010dd7\" data-id=\"9010dd7\" data-element_type=\"column\">\n\t\t\t<div class=\"elementor-widget-wrap elementor-element-populated\">\n\t\t\t\t\t\t<div class=\"elementor-element elementor-element-14ba62d elementor-widget elementor-widget-spacer\" data-id=\"14ba62d\" data-element_type=\"widget\" data-widget_type=\"spacer.default\">\n\t\t\t\t<div class=\"elementor-widget-container\">\n\t\t\t\t\t\t\t<div class=\"elementor-spacer\">\n\t\t\t<div class=\"elementor-spacer-inner\"><\/div>\n\t\t<\/div>\n\t\t\t\t\t\t<\/div>\n\t\t\t\t<\/div>\n\t\t\t\t\t<\/div>\n\t\t<\/div>\n\t\t\t\t\t<\/div>\n\t\t<\/section>\n\t\t\t\t<\/div>\n\t\t","protected":false},"excerpt":{"rendered":"<p>Y\u00f6netim<\/p>\n","protected":false},"author":1,"featured_media":0,"parent":0,"menu_order":0,"comment_status":"closed","ping_status":"closed","template":"elementor_header_footer","meta":{"footnotes":""},"class_list":["post-5662","page","type-page","status-publish","hentry"],"_links":{"self":[{"href":"https:\/\/atauni.edu.tr\/yazilim-muhendisligi\/wp-json\/wp\/v2\/pages\/5662","targetHints":{"allow":["GET"]}}],"collection":[{"href":"https:\/\/atauni.edu.tr\/yazilim-muhendisligi\/wp-json\/wp\/v2\/pages"}],"about":[{"href":"https:\/\/atauni.edu.tr\/yazilim-muhendisligi\/wp-json\/wp\/v2\/types\/page"}],"author":[{"embeddable":true,"href":"https:\/\/atauni.edu.tr\/yazilim-muhendisligi\/wp-json\/wp\/v2\/users\/1"}],"replies":[{"embeddable":true,"href":"https:\/\/atauni.edu.tr\/yazilim-muhendisligi\/wp-json\/wp\/v2\/comments?post=5662"}],"version-history":[{"count":26,"href":"https:\/\/atauni.edu.tr\/yazilim-muhendisligi\/wp-json\/wp\/v2\/pages\/5662\/revisions"}],"predecessor-version":[{"id":6603,"href":"https:\/\/atauni.edu.tr\/yazilim-muhendisligi\/wp-json\/wp\/v2\/pages\/5662\/revisions\/6603"}],"wp:attachment":[{"href":"https:\/\/atauni.edu.tr\/yazilim-muhendisligi\/wp-json\/wp\/v2\/media?parent=5662"}],"curies":[{"name":"wp","href":"https:\/\/api.w.org\/{rel}","templated":true}]}}