{"id":5682,"date":"2021-07-13T10:10:01","date_gmt":"2021-07-13T07:10:01","guid":{"rendered":"https:\/\/portaltest.atauni.edu.tr\/bilgisayar-muhendisligi\/?page_id=5682"},"modified":"2022-04-22T14:13:12","modified_gmt":"2022-04-22T11:13:12","slug":"misyon-vizyon-ve-temel-degerler","status":"publish","type":"page","link":"https:\/\/atauni.edu.tr\/yazilim-muhendisligi\/misyon-vizyon-ve-temel-degerler\/","title":{"rendered":"Misyon, Vizyon ve Temel De\u011ferler"},"content":{"rendered":"\t\t<div data-elementor-type=\"wp-page\" data-elementor-id=\"5682\" class=\"elementor elementor-5682\" data-elementor-post-type=\"page\">\n\t\t\t\t\t\t<section class=\"elementor-section elementor-top-section elementor-element elementor-element-730d320 elementor-section-boxed elementor-section-height-default elementor-section-height-default\" data-id=\"730d320\" data-element_type=\"section\">\n\t\t\t\t\t\t<div class=\"elementor-container elementor-column-gap-default\">\n\t\t\t\t\t<div class=\"elementor-column elementor-col-100 elementor-top-column elementor-element elementor-element-753d0860\" data-id=\"753d0860\" data-element_type=\"column\">\n\t\t\t<div class=\"elementor-widget-wrap\">\n\t\t\t\t\t\t\t<\/div>\n\t\t<\/div>\n\t\t\t\t\t<\/div>\n\t\t<\/section>\n\t\t\t\t<section class=\"elementor-section elementor-top-section elementor-element elementor-element-9be811a elementor-section-boxed elementor-section-height-default elementor-section-height-default\" data-id=\"9be811a\" data-element_type=\"section\">\n\t\t\t\t\t\t<div class=\"elementor-container elementor-column-gap-default\">\n\t\t\t\t\t<div class=\"elementor-column elementor-col-100 elementor-top-column elementor-element elementor-element-1ed847b7\" data-id=\"1ed847b7\" data-element_type=\"column\">\n\t\t\t<div class=\"elementor-widget-wrap elementor-element-populated\">\n\t\t\t\t\t\t<div class=\"elementor-element elementor-element-4ce0d07f elementor-widget elementor-widget-heading\" data-id=\"4ce0d07f\" data-element_type=\"widget\" data-widget_type=\"heading.default\">\n\t\t\t\t<div class=\"elementor-widget-container\">\n\t\t\t\t\t<h2 class=\"elementor-heading-title elementor-size-default\">Misyon, Vizyon ve Temel De\u011ferler<\/h2>\t\t\t\t<\/div>\n\t\t\t\t<\/div>\n\t\t\t\t<div class=\"elementor-element elementor-element-63260862 elementor-widget-divider--view-line elementor-widget elementor-widget-divider\" data-id=\"63260862\" data-element_type=\"widget\" data-widget_type=\"divider.default\">\n\t\t\t\t<div class=\"elementor-widget-container\">\n\t\t\t\t\t\t\t<div class=\"elementor-divider\">\n\t\t\t<span class=\"elementor-divider-separator\">\n\t\t\t\t\t\t<\/span>\n\t\t<\/div>\n\t\t\t\t\t\t<\/div>\n\t\t\t\t<\/div>\n\t\t\t\t\t<\/div>\n\t\t<\/div>\n\t\t\t\t\t<\/div>\n\t\t<\/section>\n\t\t\t\t<section class=\"elementor-section elementor-top-section elementor-element elementor-element-681db8b elementor-section-boxed elementor-section-height-default elementor-section-height-default\" data-id=\"681db8b\" data-element_type=\"section\">\n\t\t\t\t\t\t<div class=\"elementor-container elementor-column-gap-default\">\n\t\t\t\t\t<div class=\"elementor-column elementor-col-100 elementor-top-column elementor-element elementor-element-ad4dac5\" data-id=\"ad4dac5\" data-element_type=\"column\">\n\t\t\t<div class=\"elementor-widget-wrap elementor-element-populated\">\n\t\t\t\t\t\t<div class=\"elementor-element elementor-element-2f96b3d elementor-widget elementor-widget-text-editor\" data-id=\"2f96b3d\" data-element_type=\"widget\" data-widget_type=\"text-editor.default\">\n\t\t\t\t<div class=\"elementor-widget-container\">\n\t\t\t\t\t\t\t\t\t<p><span style=\"color: #000000\">Atat\u00fcrk \u00dcniversitesi Yaz\u0131l\u0131m M\u00fchendisli\u011fi olarak vizyonumuz; ulusal ve uluslararas\u0131 d\u00fczeyde<span style=\"letter-spacing: 0px\">&nbsp;alan\u0131nda \u00f6nc\u00fc, rekabet\u00e7i, yetkin, yenilik\u00e7i ve s\u00fcrekli geli\u015fen sekt\u00f6re ayak uydurmakla kalmay\u0131p ayn\u0131 zamanda sekt\u00f6re y\u00f6n verecek bireyler yeti\u015ftirmektir.<\/span><\/span><\/p>\n<p><span style=\"letter-spacing: 0px;color: #000000\">Misyonumuz; \u00f6zel sekt\u00f6r ihtiya\u00e7lar\u0131n\u0131 kar\u015f\u0131layabilecek teknik bilgiye sahip, ulusal ve uluslararas\u0131 projelerde g\u00f6rev alabilecek nitelikte ve sorumluluk sahibi, alan\u0131yla ilgili g\u00fcncel yakla\u015f\u0131mlara hakim ve gelecekteki sekt\u00f6r\u00fcn nas\u0131l \u015fekillenece\u011fi konusunda \u00f6ng\u00f6r\u00fc sahibi, alan\u0131na gerek teknik a\u00e7\u0131dan gerekse ara\u015ft\u0131rma yakla\u015f\u0131m\u0131 a\u00e7\u0131s\u0131ndan nitelikli katk\u0131lar sa\u011flayan, sosyal, giri\u015fimci ve \u00e7\u00f6z\u00fcm odakl\u0131 bir anlay\u0131\u015fa sahip nitelikli yaz\u0131l\u0131m m\u00fchendisleri ve ara\u015ft\u0131rmac\u0131lar yeti\u015ftirmektir.&nbsp;<\/span><\/p>\t\t\t\t\t\t\t\t<\/div>\n\t\t\t\t<\/div>\n\t\t\t\t\t<\/div>\n\t\t<\/div>\n\t\t\t\t\t<\/div>\n\t\t<\/section>\n\t\t\t\t<section class=\"elementor-section elementor-top-section elementor-element elementor-element-7ae706d elementor-section-boxed elementor-section-height-default elementor-section-height-default\" data-id=\"7ae706d\" data-element_type=\"section\">\n\t\t\t\t\t\t<div class=\"elementor-container elementor-column-gap-default\">\n\t\t\t\t\t<div class=\"elementor-column elementor-col-100 elementor-top-column elementor-element elementor-element-f1bf699\" data-id=\"f1bf699\" data-element_type=\"column\">\n\t\t\t<div class=\"elementor-widget-wrap elementor-element-populated\">\n\t\t\t\t\t\t<div class=\"elementor-element elementor-element-18e3f12 elementor-widget elementor-widget-spacer\" data-id=\"18e3f12\" data-element_type=\"widget\" data-widget_type=\"spacer.default\">\n\t\t\t\t<div class=\"elementor-widget-container\">\n\t\t\t\t\t\t\t<div class=\"elementor-spacer\">\n\t\t\t<div class=\"elementor-spacer-inner\"><\/div>\n\t\t<\/div>\n\t\t\t\t\t\t<\/div>\n\t\t\t\t<\/div>\n\t\t\t\t\t<\/div>\n\t\t<\/div>\n\t\t\t\t\t<\/div>\n\t\t<\/section>\n\t\t\t\t<\/div>\n\t\t","protected":false},"excerpt":{"rendered":"<p>Misyon, Vizyon ve Temel De\u011ferler Atat\u00fcrk \u00dcniversitesi Yaz\u0131l\u0131m M\u00fchendisli\u011fi olarak vizyonumuz; ulusal ve uluslararas\u0131 d\u00fczeyde&nbsp;alan\u0131nda \u00f6nc\u00fc, rekabet\u00e7i, yetkin, yenilik\u00e7i ve s\u00fcrekli geli\u015fen sekt\u00f6re ayak uydurmakla kalmay\u0131p ayn\u0131 zamanda sekt\u00f6re y\u00f6n verecek bireyler yeti\u015ftirmektir. Misyonumuz; \u00f6zel sekt\u00f6r ihtiya\u00e7lar\u0131n\u0131 kar\u015f\u0131layabilecek teknik bilgiye sahip, ulusal ve uluslararas\u0131 projelerde g\u00f6rev alabilecek nitelikte ve sorumluluk sahibi, alan\u0131yla ilgili g\u00fcncel yakla\u015f\u0131mlara [&hellip;]<\/p>\n","protected":false},"author":1,"featured_media":0,"parent":0,"menu_order":0,"comment_status":"closed","ping_status":"closed","template":"elementor_header_footer","meta":{"footnotes":""},"class_list":["post-5682","page","type-page","status-publish","hentry"],"_links":{"self":[{"href":"https:\/\/atauni.edu.tr\/yazilim-muhendisligi\/wp-json\/wp\/v2\/pages\/5682","targetHints":{"allow":["GET"]}}],"collection":[{"href":"https:\/\/atauni.edu.tr\/yazilim-muhendisligi\/wp-json\/wp\/v2\/pages"}],"about":[{"href":"https:\/\/atauni.edu.tr\/yazilim-muhendisligi\/wp-json\/wp\/v2\/types\/page"}],"author":[{"embeddable":true,"href":"https:\/\/atauni.edu.tr\/yazilim-muhendisligi\/wp-json\/wp\/v2\/users\/1"}],"replies":[{"embeddable":true,"href":"https:\/\/atauni.edu.tr\/yazilim-muhendisligi\/wp-json\/wp\/v2\/comments?post=5682"}],"version-history":[{"count":23,"href":"https:\/\/atauni.edu.tr\/yazilim-muhendisligi\/wp-json\/wp\/v2\/pages\/5682\/revisions"}],"predecessor-version":[{"id":6600,"href":"https:\/\/atauni.edu.tr\/yazilim-muhendisligi\/wp-json\/wp\/v2\/pages\/5682\/revisions\/6600"}],"wp:attachment":[{"href":"https:\/\/atauni.edu.tr\/yazilim-muhendisligi\/wp-json\/wp\/v2\/media?parent=5682"}],"curies":[{"name":"wp","href":"https:\/\/api.w.org\/{rel}","templated":true}]}}