{"id":6675,"date":"2022-06-13T12:02:49","date_gmt":"2022-06-13T09:02:49","guid":{"rendered":"https:\/\/birimler.atauni.edu.tr\/yazilim-muhendisligi\/?page_id=6675"},"modified":"2022-06-13T14:09:53","modified_gmt":"2022-06-13T11:09:53","slug":"sikca-sorulan-sorular","status":"publish","type":"page","link":"https:\/\/atauni.edu.tr\/yazilim-muhendisligi\/sikca-sorulan-sorular\/","title":{"rendered":"S\u0131k\u00e7a Sorulan Sorular"},"content":{"rendered":"\t\t<div data-elementor-type=\"wp-page\" data-elementor-id=\"6675\" class=\"elementor elementor-6675\" data-elementor-post-type=\"page\">\n\t\t\t\t\t\t<section class=\"elementor-section elementor-top-section elementor-element elementor-element-e587e4b elementor-section-boxed elementor-section-height-default elementor-section-height-default\" data-id=\"e587e4b\" data-element_type=\"section\">\n\t\t\t\t\t\t<div class=\"elementor-container elementor-column-gap-default\">\n\t\t\t\t\t<div class=\"elementor-column elementor-col-100 elementor-top-column elementor-element elementor-element-a7324ba\" data-id=\"a7324ba\" data-element_type=\"column\">\n\t\t\t<div class=\"elementor-widget-wrap elementor-element-populated\">\n\t\t\t\t\t\t<div class=\"elementor-element elementor-element-4ceb874 elementor-widget elementor-widget-heading\" data-id=\"4ceb874\" data-element_type=\"widget\" data-widget_type=\"heading.default\">\n\t\t\t\t<div class=\"elementor-widget-container\">\n\t\t\t\t\t<h2 class=\"elementor-heading-title elementor-size-default\">S\u0131k\u00e7a Sorulan Sorular<\/h2>\t\t\t\t<\/div>\n\t\t\t\t<\/div>\n\t\t\t\t<div class=\"elementor-element elementor-element-c45a434 elementor-widget-divider--view-line elementor-widget elementor-widget-divider\" data-id=\"c45a434\" data-element_type=\"widget\" data-widget_type=\"divider.default\">\n\t\t\t\t<div class=\"elementor-widget-container\">\n\t\t\t\t\t\t\t<div class=\"elementor-divider\">\n\t\t\t<span class=\"elementor-divider-separator\">\n\t\t\t\t\t\t<\/span>\n\t\t<\/div>\n\t\t\t\t\t\t<\/div>\n\t\t\t\t<\/div>\n\t\t\t\t\t<\/div>\n\t\t<\/div>\n\t\t\t\t\t<\/div>\n\t\t<\/section>\n\t\t\t\t<section class=\"elementor-section elementor-top-section elementor-element elementor-element-d44bfb2 elementor-section-boxed elementor-section-height-default elementor-section-height-default\" data-id=\"d44bfb2\" data-element_type=\"section\">\n\t\t\t\t\t\t<div class=\"elementor-container elementor-column-gap-default\">\n\t\t\t\t\t<div class=\"elementor-column elementor-col-100 elementor-top-column elementor-element elementor-element-87c906e\" data-id=\"87c906e\" data-element_type=\"column\">\n\t\t\t<div class=\"elementor-widget-wrap elementor-element-populated\">\n\t\t\t\t\t\t<div class=\"elementor-element elementor-element-8138ad4 elementor-widget elementor-widget-ova_feature\" data-id=\"8138ad4\" data-element_type=\"widget\" data-widget_type=\"ova_feature.default\">\n\t\t\t\t<div class=\"elementor-widget-container\">\n\t\t\t\t\t\n\t\t\t\t\t<div class=\"ova_feature version_3\">\n\t\t\t<div class=\"items\">\n\t\t\t\t\n\t\t\t\n\t\t\t\t\t\t\t\t\t<h3 class=\"title\">\n\t\t\t\t\t\t<a class=\"second_font\" href=\"#\">\n\t\t\t\t\t\t\tYaz\u0131l\u0131m M\u00fchendisli\u011finin Amac\u0131 Nedir?\t\t\t\t\t\t<\/a>\n\t\t\t\t\t<\/h3>\n\t\t\t\t\n\t\t\t\t\t\t\t\t\t<div class=\"excerpt\">\n\t\t\t\t\t\t<p>\n\t\t\t\t\t\t\tYaz\u0131l\u0131m M\u00fchendisli\u011fi program\u0131n\u0131n temel amac\u0131 sorunlar ve ihtiya\u00e7lar do\u011frultusunda g\u00fcvenli ve verimli yaz\u0131l\u0131m \u00fcr\u00fcnleri \u00fcretebilmek amac\u0131yla, \u00f6ncelikle fizibilite \u00e7al\u0131\u015fmas\u0131 yaparak gereksinimleri ortaya \u00e7\u0131karan, bu gereksinimlere istinaden yaz\u0131l\u0131m \u00fcr\u00fcn\u00fc i\u00e7in bir tasar\u0131m olu\u015fturan, daha sonra bu tasar\u0131m\u0131 \u00e7e\u015fitli teknolojiler ve programlama dilleri ile kodlayan, \u00fcr\u00fcn\u00fcn bir s\u00fcr\u00fcm\u00fc tamamland\u0131ktan sonra \u00fcr\u00fcn\u00fc test ortamlar\u0131 arac\u0131l\u0131\u011f\u0131 ile test ederek yaz\u0131l\u0131m \u00fcr\u00fcn\u00fcn\u00fcn son halini ortaya koyabilen m\u00fchendisler yeti\u015ftirmektir.  \t\t\t\t\t\t<\/p>\n\t\t\t\t\t<\/div>\n\t\t\t\t\n\t\t\t<\/div>\n\t\t<\/div>\n\t\t\t\t\t\t<\/div>\n\t\t\t\t<\/div>\n\t\t\t\t<div class=\"elementor-element elementor-element-19e8897 elementor-widget elementor-widget-ova_feature\" data-id=\"19e8897\" data-element_type=\"widget\" data-widget_type=\"ova_feature.default\">\n\t\t\t\t<div class=\"elementor-widget-container\">\n\t\t\t\t\t\n\t\t\t\t\t<div class=\"ova_feature version_3\">\n\t\t\t<div class=\"items\">\n\t\t\t\t\n\t\t\t\n\t\t\t\t\t\t\t\t\t<h3 class=\"title\">\n\t\t\t\t\t\t<a class=\"second_font\" href=\"#\">\n\t\t\t\t\t\t\tAtat\u00fcrk \u00dcniversitesi Yaz\u0131l\u0131m M\u00fchendisli\u011fi Lisans Program\u0131n\u0131n Kay\u0131t Kabul \u015eartlar\u0131 Nelerdir?\t\t\t\t\t\t<\/a>\n\t\t\t\t\t<\/h3>\n\t\t\t\t\n\t\t\t\t\t\t\t\t\t<div class=\"excerpt\">\n\t\t\t\t\t\t<p>\n\t\t\t\t\t\t\tAtat\u00fcrk \u00dcniversitesi bir devlet \u00fcniversitesi olarak \u00f6\u011frenci kabul\u00fc i\u00e7in \u00f6\u011frencilerin, lise veya dengi bir kurumdan mezun olmalar\u0131 ve \u00d6SYM taraf\u0131ndan her y\u0131l ger\u00e7ekle\u015ftirilen Y\u00fcksek\u00f6\u011fretim Kurumlar\u0131 S\u0131nav\u0131 (YKS) sonras\u0131nda b\u00f6l\u00fcme uygun puan t\u00fcr\u00fcnde yeterli puan\u0131 alarak tercihte bulunmalar\u0131 ile \u00d6SYM taraf\u0131ndan yerle\u015ftirilerek kay\u0131t hakk\u0131 kazanmalar\u0131 gerekir.\t\t\t\t\t\t<\/p>\n\t\t\t\t\t<\/div>\n\t\t\t\t\n\t\t\t<\/div>\n\t\t<\/div>\n\t\t\t\t\t\t<\/div>\n\t\t\t\t<\/div>\n\t\t\t\t\t<\/div>\n\t\t<\/div>\n\t\t\t\t\t<\/div>\n\t\t<\/section>\n\t\t\t\t<section class=\"elementor-section elementor-top-section elementor-element elementor-element-2aaa4ba elementor-section-boxed elementor-section-height-default elementor-section-height-default\" data-id=\"2aaa4ba\" data-element_type=\"section\">\n\t\t\t\t\t\t<div class=\"elementor-container elementor-column-gap-default\">\n\t\t\t\t\t<div class=\"elementor-column elementor-col-100 elementor-top-column elementor-element elementor-element-c378e9c\" data-id=\"c378e9c\" data-element_type=\"column\">\n\t\t\t<div class=\"elementor-widget-wrap elementor-element-populated\">\n\t\t\t\t\t\t<div class=\"elementor-element elementor-element-da1f2bc elementor-widget elementor-widget-ova_feature\" data-id=\"da1f2bc\" data-element_type=\"widget\" data-widget_type=\"ova_feature.default\">\n\t\t\t\t<div class=\"elementor-widget-container\">\n\t\t\t\t\t\n\t\t\t\t\t<div class=\"ova_feature version_3\">\n\t\t\t<div class=\"items\">\n\t\t\t\t\n\t\t\t\n\t\t\t\t\t\t\t\t\t<h3 class=\"title\">\n\t\t\t\t\t\t<a class=\"second_font\" href=\"#\">\n\t\t\t\t\t\t\tAtat\u00fcrk \u00dcniversitesi Yaz\u0131l\u0131m M\u00fchendisli\u011fi Lisans Program\u0131nda \u00d6\u011frencileri Nas\u0131l Bir S\u00fcre\u00e7 Bekliyor?\t\t\t\t\t\t<\/a>\n\t\t\t\t\t<\/h3>\n\t\t\t\t\n\t\t\t\t\t\t\t\t\t<div class=\"excerpt\">\n\t\t\t\t\t\t<p>\n\t\t\t\t\t\t\tYaz\u0131l\u0131m M\u00fchendisli\u011fi \u00f6\u011frencileri ilk iki y\u0131lda temel m\u00fchendislik dersleri al\u0131p, son iki y\u0131lda \u00e7o\u011funlukla yaz\u0131l\u0131m m\u00fchendisli\u011fi temel ta\u015flar\u0131 olan yaz\u0131l\u0131m ihtiya\u00e7lar\u0131n\u0131n analiz edilmesi, yaz\u0131l\u0131m \u00fcretimi, yaz\u0131l\u0131m tasar\u0131m\u0131, bilgisayar donan\u0131m ve mimarisi, programlama dilleri, veri yap\u0131lar\u0131 ve algoritmalar, i\u015fletim sistemleri ve ileti\u015fim a\u011flar\u0131 gibi konularda e\u011fitilmektedirler. \u00d6\u011frenciler yaz\u0131l\u0131m modelleme, ge\u00e7erleme ve do\u011frulama gibi bir\u00e7ok se\u00e7meli dersler ile teknik bilgi birikimlerini geli\u015ftirip, zenginle\u015ftirebilmektedirler. B\u00f6l\u00fcm derslerimiz teorik ve yo\u011fun pratik \u00e7al\u0131\u015fmalarla desteklenmektedir.\t\t\t\t\t\t<\/p>\n\t\t\t\t\t<\/div>\n\t\t\t\t\n\t\t\t<\/div>\n\t\t<\/div>\n\t\t\t\t\t\t<\/div>\n\t\t\t\t<\/div>\n\t\t\t\t\t<\/div>\n\t\t<\/div>\n\t\t\t\t\t<\/div>\n\t\t<\/section>\n\t\t\t\t<section class=\"elementor-section elementor-top-section elementor-element elementor-element-37430f9 elementor-section-boxed elementor-section-height-default elementor-section-height-default\" data-id=\"37430f9\" data-element_type=\"section\">\n\t\t\t\t\t\t<div class=\"elementor-container elementor-column-gap-default\">\n\t\t\t\t\t<div class=\"elementor-column elementor-col-100 elementor-top-column elementor-element elementor-element-3dbd0c5\" data-id=\"3dbd0c5\" data-element_type=\"column\">\n\t\t\t<div class=\"elementor-widget-wrap elementor-element-populated\">\n\t\t\t\t\t\t<div class=\"elementor-element elementor-element-ab3204f elementor-widget elementor-widget-ova_feature\" data-id=\"ab3204f\" data-element_type=\"widget\" data-widget_type=\"ova_feature.default\">\n\t\t\t\t<div class=\"elementor-widget-container\">\n\t\t\t\t\t\n\t\t\t\t\t<div class=\"ova_feature version_3\">\n\t\t\t<div class=\"items\">\n\t\t\t\t\n\t\t\t\n\t\t\t\t\t\t\t\t\t<h3 class=\"title\">\n\t\t\t\t\t\t<a class=\"second_font\" href=\"#\">\n\t\t\t\t\t\t\tBilgisayar M\u00fchendisli\u011fi \u0130le Yaz\u0131l\u0131m M\u00fchendisli\u011fi Aras\u0131ndaki Fark Nedir?\t\t\t\t\t\t<\/a>\n\t\t\t\t\t<\/h3>\n\t\t\t\t\n\t\t\t\t\t\t\t\t\t<div class=\"excerpt\">\n\t\t\t\t\t\t<p>\n\t\t\t\t\t\t\tYaz\u0131l\u0131m M\u00fchendisli\u011fi ve Bilgisayar M\u00fchendisli\u011fi, bilgisayar bilimleri ile \u00e7al\u0131\u015fan iki ayr\u0131 m\u00fchendislik birimidir.\nBirbirlerinden farkl\u0131 olarak bilgisayar m\u00fchendisli\u011fi b\u00f6l\u00fcm\u00fcnde hem yaz\u0131l\u0131m hem de donan\u0131m alanlar\u0131nda \u00e7al\u0131\u015fmalar yap\u0131l\u0131rken, yaz\u0131l\u0131m m\u00fchendisli\u011fi b\u00f6l\u00fcm\u00fcnde \u00f6zellikle yaz\u0131l\u0131m alan\u0131na odaklan\u0131larak yaz\u0131l\u0131m tasarlama, geli\u015ftirme, uygulama, test ve bak\u0131m alanlar\u0131nda \u00e7al\u0131\u015fmalar yap\u0131l\u0131r.\n\t\t\t\t\t\t<\/p>\n\t\t\t\t\t<\/div>\n\t\t\t\t\n\t\t\t<\/div>\n\t\t<\/div>\n\t\t\t\t\t\t<\/div>\n\t\t\t\t<\/div>\n\t\t\t\t<div class=\"elementor-element elementor-element-0e686d3 elementor-widget elementor-widget-ova_feature\" data-id=\"0e686d3\" data-element_type=\"widget\" data-widget_type=\"ova_feature.default\">\n\t\t\t\t<div class=\"elementor-widget-container\">\n\t\t\t\t\t\n\t\t\t\t\t<div class=\"ova_feature version_3\">\n\t\t\t<div class=\"items\">\n\t\t\t\t\n\t\t\t\n\t\t\t\t\t\t\t\t\t<h3 class=\"title\">\n\t\t\t\t\t\t<a class=\"second_font\" href=\"#\">\n\t\t\t\t\t\t\tAtat\u00fcrk \u00dcniversitesi Yaz\u0131l\u0131m M\u00fchendisli\u011fi Lisans Program\u0131n\u0131n Kontenjan Say\u0131s\u0131 Ka\u00e7t\u0131r?\t\t\t\t\t\t<\/a>\n\t\t\t\t\t<\/h3>\n\t\t\t\t\n\t\t\t\t\t\t\t\t\t<div class=\"excerpt\">\n\t\t\t\t\t\t<p>\n\t\t\t\t\t\t\tAtat\u00fcrk \u00dcniversitesi Yaz\u0131l\u0131m M\u00fchendisli\u011fi B\u00f6l\u00fcm\u00fc \u00f6\u011frenci kontenjan say\u0131s\u0131n\u0131 2021-2022 d\u00f6nemi i\u00e7in 60 ki\u015fidir.\t\t\t\t\t\t<\/p>\n\t\t\t\t\t<\/div>\n\t\t\t\t\n\t\t\t<\/div>\n\t\t<\/div>\n\t\t\t\t\t\t<\/div>\n\t\t\t\t<\/div>\n\t\t\t\t\t<\/div>\n\t\t<\/div>\n\t\t\t\t\t<\/div>\n\t\t<\/section>\n\t\t\t\t<section class=\"elementor-section elementor-top-section elementor-element elementor-element-37b6b4e elementor-section-boxed elementor-section-height-default elementor-section-height-default\" data-id=\"37b6b4e\" data-element_type=\"section\">\n\t\t\t\t\t\t<div class=\"elementor-container elementor-column-gap-default\">\n\t\t\t\t\t<div class=\"elementor-column elementor-col-100 elementor-top-column elementor-element elementor-element-7b954dc\" data-id=\"7b954dc\" data-element_type=\"column\">\n\t\t\t<div class=\"elementor-widget-wrap elementor-element-populated\">\n\t\t\t\t\t\t<div class=\"elementor-element elementor-element-ee11b28 elementor-widget elementor-widget-ova_feature\" data-id=\"ee11b28\" data-element_type=\"widget\" data-widget_type=\"ova_feature.default\">\n\t\t\t\t<div class=\"elementor-widget-container\">\n\t\t\t\t\t\n\t\t\t\t\t<div class=\"ova_feature version_3\">\n\t\t\t<div class=\"items\">\n\t\t\t\t\n\t\t\t\n\t\t\t\t\t\t\t\t\t<h3 class=\"title\">\n\t\t\t\t\t\t<a class=\"second_font\" href=\"#\">\n\t\t\t\t\t\t\tB\u00f6l\u00fcm Mezunlar\u0131 Nerelerde \u00c7al\u0131\u015fabilirler?\t\t\t\t\t\t<\/a>\n\t\t\t\t\t<\/h3>\n\t\t\t\t\n\t\t\t\t\t\t\t\t\t<div class=\"excerpt\">\n\t\t\t\t\t\t<p>\n\t\t\t\t\t\t\tYaz\u0131l\u0131m M\u00fchendisli\u011fi program\u0131n\u0131 ba\u015far\u0131 ile tamamlayarak yaz\u0131l\u0131m m\u00fchendisi olarak mezun olan \u00f6\u011frenciler ulusal ve uluslararas\u0131 \u015firketlerde, kurumlarda bili\u015fim teknolojileri, m\u00fchendislik, dan\u0131\u015fmanl\u0131k gibi alanlarda \u00e7al\u0131\u015fabilirler. Ayr\u0131ca lisans e\u011fitiminden sonra y\u00fcksek lisans ve doktora e\u011fitimleri alarak akademik alanda da \u00e7al\u0131\u015fmalar yapabilirler.\t\t\t\t\t\t<\/p>\n\t\t\t\t\t<\/div>\n\t\t\t\t\n\t\t\t<\/div>\n\t\t<\/div>\n\t\t\t\t\t\t<\/div>\n\t\t\t\t<\/div>\n\t\t\t\t\t<\/div>\n\t\t<\/div>\n\t\t\t\t\t<\/div>\n\t\t<\/section>\n\t\t\t\t<section class=\"elementor-section elementor-top-section elementor-element elementor-element-d9310fa elementor-section-boxed elementor-section-height-default elementor-section-height-default\" data-id=\"d9310fa\" data-element_type=\"section\">\n\t\t\t\t\t\t<div class=\"elementor-container elementor-column-gap-default\">\n\t\t\t\t\t<div class=\"elementor-column elementor-col-100 elementor-top-column elementor-element elementor-element-1f1a9da\" data-id=\"1f1a9da\" data-element_type=\"column\">\n\t\t\t<div class=\"elementor-widget-wrap elementor-element-populated\">\n\t\t\t\t\t\t<div class=\"elementor-element elementor-element-66aacd7 elementor-widget elementor-widget-ova_feature\" data-id=\"66aacd7\" data-element_type=\"widget\" data-widget_type=\"ova_feature.default\">\n\t\t\t\t<div class=\"elementor-widget-container\">\n\t\t\t\t\t\n\t\t\t\t\t<div class=\"ova_feature version_3\">\n\t\t\t<div class=\"items\">\n\t\t\t\t\n\t\t\t\n\t\t\t\t\t\t\t\t\t<h3 class=\"title\">\n\t\t\t\t\t\t<a class=\"second_font\" href=\"#\">\n\t\t\t\t\t\t\tYaz\u0131l\u0131m M\u00fchendisli\u011fi Program\u0131nda Hangi Se\u00e7meli Dersler Var?\t\t\t\t\t\t<\/a>\n\t\t\t\t\t<\/h3>\n\t\t\t\t\n\t\t\t\t\t\t\t\t\t<div class=\"excerpt\">\n\t\t\t\t\t\t<p>\n\t\t\t\t\t\t\tAtat\u00fcrk \u00dcniversitesi Yaz\u0131l\u0131m M\u00fchendisli\u011fi program\u0131nda se\u00e7meli dersler, b\u00f6l\u00fcm taraf\u0131ndan belirlenmi\u015f 5 temel alan dahilinde b\u00f6l\u00fcm \u00f6\u011fretim elemanlar\u0131 taraf\u0131ndan d\u00f6nemlik olarak a\u00e7\u0131lacakt\u0131r. Bu 5 temel alan; Veri Bilimi, Siber G\u00fcvenlik, Oyun Geli\u015ftirme, Program\/Yaz\u0131l\u0131m Geli\u015ftirme ve Proje Geli\u015ftirme ve Y\u00f6netimi alanlar\u0131d\u0131r.\t\t\t\t\t\t<\/p>\n\t\t\t\t\t<\/div>\n\t\t\t\t\n\t\t\t<\/div>\n\t\t<\/div>\n\t\t\t\t\t\t<\/div>\n\t\t\t\t<\/div>\n\t\t\t\t<div class=\"elementor-element elementor-element-15cbe5e elementor-widget elementor-widget-ova_feature\" data-id=\"15cbe5e\" data-element_type=\"widget\" data-widget_type=\"ova_feature.default\">\n\t\t\t\t<div class=\"elementor-widget-container\">\n\t\t\t\t\t\n\t\t\t\t\t<div class=\"ova_feature version_3\">\n\t\t\t<div class=\"items\">\n\t\t\t\t\n\t\t\t\n\t\t\t\t\t\t\t\t\t<h3 class=\"title\">\n\t\t\t\t\t\t<a class=\"second_font\" href=\"#\">\n\t\t\t\t\t\t\tD\u00f6nem Derslerinin De\u011ferlendirmesi Ne \u015eekilde Yap\u0131l\u0131r?\t\t\t\t\t\t<\/a>\n\t\t\t\t\t<\/h3>\n\t\t\t\t\n\t\t\t\t\t\t\t\t\t<div class=\"excerpt\">\n\t\t\t\t\t\t<p>\n\t\t\t\t\t\t\tAtat\u00fcrk \u00dcniversitesi \u00d6n Lisans ve Lisans E\u011fitim-\u00d6\u011fretim ve S\u0131nav Y\u00f6netmeli\u011fi 3. Maddeye g\u00f6re \u201c\u00d6\u011frenciler; yar\u0131y\u0131l\/y\u0131l i\u00e7i ara s\u0131nav ve \u00e7al\u0131\u015fmalar\u0131ndan ba\u015fka, yar\u0131y\u0131l\/y\u0131l sonu s\u0131nav\u0131 ile yap\u0131lmas\u0131 halinde b\u00fct\u00fcnleme s\u0131nav\u0131na tabi tutulurlar. Bu takdirde bir dersten yar\u0131y\u0131l\/y\u0131l i\u00e7i \u00e7al\u0131\u015fmalar\u0131n\u0131n birbirlerine g\u00f6re a\u011f\u0131rl\u0131klar\u0131n\u0131n nas\u0131l de\u011ferlendirilece\u011fi ilgili kurullarca karara ba\u011flan\u0131r. Ara s\u0131nav\/s\u0131navlar\u0131n ve varsa laboratuvar ve derse ba\u011fl\u0131 benzeri \u00e7al\u0131\u015fmalar\u0131n, \u00f6dev ve k\u0131sa s\u00fcreli s\u0131navlar\u0131n ortalamas\u0131n\u0131n dersin ham notuna etkisi %30 - %70, yar\u0131y\u0131l\/y\u0131l sonu\/b\u00fct\u00fcnleme s\u0131nav\u0131n\u0131n etkisi ise %30 - %70 aral\u0131\u011f\u0131nda olabilir.\u201d \nBelirtilen aral\u0131klara g\u00f6re ders notu etkisi dersin \u00f6\u011fretim \u00fcyesinin inisiyatifi dahilinde belirlenir.\n\t\t\t\t\t\t<\/p>\n\t\t\t\t\t<\/div>\n\t\t\t\t\n\t\t\t<\/div>\n\t\t<\/div>\n\t\t\t\t\t\t<\/div>\n\t\t\t\t<\/div>\n\t\t\t\t\t<\/div>\n\t\t<\/div>\n\t\t\t\t\t<\/div>\n\t\t<\/section>\n\t\t\t\t<section class=\"elementor-section elementor-top-section elementor-element elementor-element-b113a19 elementor-section-boxed elementor-section-height-default elementor-section-height-default\" data-id=\"b113a19\" data-element_type=\"section\">\n\t\t\t\t\t\t<div class=\"elementor-container elementor-column-gap-default\">\n\t\t\t\t\t<div class=\"elementor-column elementor-col-100 elementor-top-column elementor-element elementor-element-9bafd27\" data-id=\"9bafd27\" data-element_type=\"column\">\n\t\t\t<div class=\"elementor-widget-wrap elementor-element-populated\">\n\t\t\t\t\t\t<div class=\"elementor-element elementor-element-5a80d86 elementor-widget elementor-widget-spacer\" data-id=\"5a80d86\" data-element_type=\"widget\" data-widget_type=\"spacer.default\">\n\t\t\t\t<div class=\"elementor-widget-container\">\n\t\t\t\t\t\t\t<div class=\"elementor-spacer\">\n\t\t\t<div class=\"elementor-spacer-inner\"><\/div>\n\t\t<\/div>\n\t\t\t\t\t\t<\/div>\n\t\t\t\t<\/div>\n\t\t\t\t\t<\/div>\n\t\t<\/div>\n\t\t\t\t\t<\/div>\n\t\t<\/section>\n\t\t\t\t<\/div>\n\t\t","protected":false},"excerpt":{"rendered":"<p>S\u0131k\u00e7a Sorulan Sorular Yaz\u0131l\u0131m M\u00fchendisli\u011finin Amac\u0131 Nedir? Yaz\u0131l\u0131m M\u00fchendisli\u011fi program\u0131n\u0131n temel amac\u0131 sorunlar ve ihtiya\u00e7lar do\u011frultusunda g\u00fcvenli ve verimli yaz\u0131l\u0131m \u00fcr\u00fcnleri \u00fcretebilmek amac\u0131yla, \u00f6ncelikle fizibilite \u00e7al\u0131\u015fmas\u0131 yaparak gereksinimleri ortaya \u00e7\u0131karan, bu gereksinimlere istinaden yaz\u0131l\u0131m \u00fcr\u00fcn\u00fc i\u00e7in bir tasar\u0131m olu\u015fturan, daha sonra bu tasar\u0131m\u0131 \u00e7e\u015fitli teknolojiler ve programlama dilleri ile kodlayan, \u00fcr\u00fcn\u00fcn bir s\u00fcr\u00fcm\u00fc tamamland\u0131ktan sonra [&hellip;]<\/p>\n","protected":false},"author":76,"featured_media":0,"parent":0,"menu_order":0,"comment_status":"closed","ping_status":"closed","template":"","meta":{"footnotes":""},"class_list":["post-6675","page","type-page","status-publish","hentry"],"_links":{"self":[{"href":"https:\/\/atauni.edu.tr\/yazilim-muhendisligi\/wp-json\/wp\/v2\/pages\/6675","targetHints":{"allow":["GET"]}}],"collection":[{"href":"https:\/\/atauni.edu.tr\/yazilim-muhendisligi\/wp-json\/wp\/v2\/pages"}],"about":[{"href":"https:\/\/atauni.edu.tr\/yazilim-muhendisligi\/wp-json\/wp\/v2\/types\/page"}],"author":[{"embeddable":true,"href":"https:\/\/atauni.edu.tr\/yazilim-muhendisligi\/wp-json\/wp\/v2\/users\/76"}],"replies":[{"embeddable":true,"href":"https:\/\/atauni.edu.tr\/yazilim-muhendisligi\/wp-json\/wp\/v2\/comments?post=6675"}],"version-history":[{"count":27,"href":"https:\/\/atauni.edu.tr\/yazilim-muhendisligi\/wp-json\/wp\/v2\/pages\/6675\/revisions"}],"predecessor-version":[{"id":6774,"href":"https:\/\/atauni.edu.tr\/yazilim-muhendisligi\/wp-json\/wp\/v2\/pages\/6675\/revisions\/6774"}],"wp:attachment":[{"href":"https:\/\/atauni.edu.tr\/yazilim-muhendisligi\/wp-json\/wp\/v2\/media?parent=6675"}],"curies":[{"name":"wp","href":"https:\/\/api.w.org\/{rel}","templated":true}]}}