{"id":7286,"date":"2024-12-06T15:10:13","date_gmt":"2024-12-06T12:10:13","guid":{"rendered":"https:\/\/birimler.atauni.edu.tr\/yazilim-muhendisligi\/?page_id=7286"},"modified":"2026-02-13T11:41:59","modified_gmt":"2026-02-13T08:41:59","slug":"imeisyerinde-mesleki-egitim-programi","status":"publish","type":"page","link":"https:\/\/atauni.edu.tr\/yazilim-muhendisligi\/imeisyerinde-mesleki-egitim-programi\/","title":{"rendered":"\u0130ME(\u0130\u015fyerinde Mesleki E\u011fitim Program\u0131)"},"content":{"rendered":"\t\t<div data-elementor-type=\"wp-page\" data-elementor-id=\"7286\" class=\"elementor elementor-7286\" data-elementor-post-type=\"page\">\n\t\t\t\t\t\t<section class=\"elementor-section elementor-top-section elementor-element elementor-element-54803565 elementor-section-boxed elementor-section-height-default elementor-section-height-default\" data-id=\"54803565\" data-element_type=\"section\">\n\t\t\t\t\t\t<div class=\"elementor-container elementor-column-gap-default\">\n\t\t\t\t\t<div class=\"elementor-column elementor-col-100 elementor-top-column elementor-element elementor-element-78d5b4dd\" data-id=\"78d5b4dd\" data-element_type=\"column\">\n\t\t\t<div class=\"elementor-widget-wrap elementor-element-populated\">\n\t\t\t\t\t\t<div class=\"elementor-element elementor-element-af6c5b0 elementor-widget elementor-widget-image\" data-id=\"af6c5b0\" data-element_type=\"widget\" data-widget_type=\"image.default\">\n\t\t\t\t<div class=\"elementor-widget-container\">\n\t\t\t\t\t\t\t\t\t\t\t\t\t\t\t<img fetchpriority=\"high\" decoding=\"async\" width=\"1024\" height=\"576\" src=\"https:\/\/atauni.edu.tr\/yazilim-muhendisligi\/wp-content\/uploads\/sites\/472\/2025\/11\/Isletmede_Mesleki_Egitim-1024x576.jpg\" class=\"attachment-large size-large wp-image-7637\" alt=\"\" srcset=\"https:\/\/atauni.edu.tr\/yazilim-muhendisligi\/wp-content\/uploads\/sites\/472\/2025\/11\/Isletmede_Mesleki_Egitim-1024x576.jpg 1024w, https:\/\/atauni.edu.tr\/yazilim-muhendisligi\/wp-content\/uploads\/sites\/472\/2025\/11\/Isletmede_Mesleki_Egitim-300x169.jpg 300w, https:\/\/atauni.edu.tr\/yazilim-muhendisligi\/wp-content\/uploads\/sites\/472\/2025\/11\/Isletmede_Mesleki_Egitim-768x432.jpg 768w, https:\/\/atauni.edu.tr\/yazilim-muhendisligi\/wp-content\/uploads\/sites\/472\/2025\/11\/Isletmede_Mesleki_Egitim-1536x864.jpg 1536w, https:\/\/atauni.edu.tr\/yazilim-muhendisligi\/wp-content\/uploads\/sites\/472\/2025\/11\/Isletmede_Mesleki_Egitim-600x338.jpg 600w, https:\/\/atauni.edu.tr\/yazilim-muhendisligi\/wp-content\/uploads\/sites\/472\/2025\/11\/Isletmede_Mesleki_Egitim-560x315.jpg 560w, https:\/\/atauni.edu.tr\/yazilim-muhendisligi\/wp-content\/uploads\/sites\/472\/2025\/11\/Isletmede_Mesleki_Egitim.jpg 1920w\" sizes=\"(max-width: 1024px) 100vw, 1024px\" \/>\t\t\t\t\t\t\t\t\t\t\t\t\t\t\t<\/div>\n\t\t\t\t<\/div>\n\t\t\t\t<div class=\"elementor-element elementor-element-349411b elementor-widget elementor-widget-pdfjs_viewer\" data-id=\"349411b\" data-element_type=\"widget\" data-widget_type=\"pdfjs_viewer.default\">\n\t\t\t\t<div class=\"elementor-widget-container\">\n\t\t\t\t\t<iframe src=\"https:\/\/atauni.edu.tr\/yazilim-muhendisligi\/wp-content\/plugins\/pdf-viewer-for-elementor\/assets\/pdfjs\/web\/viewer.html?file=https:\/\/birimler.atauni.edu.tr\/yazilim-muhendisligi\/wp-content\/uploads\/sites\/472\/2025\/11\/Book2-5.pdf&amp;embedded=true\" style=\"display: block; margin-left: auto; margin-right: auto; width: 800px; height: 800px;\" frameborder=\"1\" marginheight=\"0px\" marginwidth=\"0px\" allowfullscreen><\/iframe>\t\t\t\t<\/div>\n\t\t\t\t<\/div>\n\t\t\t\t<div class=\"elementor-element elementor-element-44ad5620 elementor-widget elementor-widget-text-editor\" data-id=\"44ad5620\" data-element_type=\"widget\" data-widget_type=\"text-editor.default\">\n\t\t\t\t<div class=\"elementor-widget-container\">\n\t\t\t\t\t\t\t\t\t<p><strong>Yaz\u0131l\u0131m M\u00fchendisli\u011fi &#8211; \u0130\u015fyerinde Mesleki E\u011fitim Program\u0131<\/strong><\/p>\n<p><!-- \/wp:paragraph --><!-- wp:paragraph --><\/p>\n<p>M\u00fchendislik Fak\u00fcltemiz \u00f6\u011frencilerine teorik bilgilerini ger\u00e7ek i\u015f ortam\u0131nda uygulama f\u0131rsat\u0131 sunan <strong>\u0130\u015fyerinde Mesleki E\u011fitim Program\u0131<\/strong> ile \u00f6\u011frenciler, sekt\u00f6rel deneyim kazan\u0131rken profesyonel ya\u015fam\u0131n gerekliliklerini yerinde \u00f6\u011frenme \u015fans\u0131 yakalayacaklar.<\/p>\n<p><!-- \/wp:paragraph --><!-- wp:heading {\"level\":3} --><\/p>\n<h3 class=\"wp-block-heading\">Program\u0131n Ama\u00e7lar\u0131<\/h3>\n<p><!-- \/wp:heading --><!-- wp:list --><\/p>\n<ul class=\"wp-block-list\">\n<li style=\"list-style-type: none\">\n<ul class=\"wp-block-list\"><!-- wp:list-item --><\/ul>\n<\/li>\n<\/ul>\n<p>\u00a0<\/p>\n<ul class=\"wp-block-list\">\n<li style=\"list-style-type: none\">\n<ul class=\"wp-block-list\">\n<li>\u00d6\u011frencilerin mesleki bilgi ve becerilerini ger\u00e7ek \u015fartlarda geli\u015ftirmelerini sa\u011flamak.<\/li>\n<\/ul>\n<\/li>\n<\/ul>\n<p><!-- \/wp:list-item --><!-- wp:list-item --><\/p>\n<ul class=\"wp-block-list\">\n<li style=\"list-style-type: none\">\n<ul class=\"wp-block-list\">\n<li>Sekt\u00f6rdeki g\u00fcncel uygulamalar\u0131 yerinde deneyimleyerek gelece\u011fe haz\u0131rlanmalar\u0131na destek olmak.<\/li>\n<\/ul>\n<\/li>\n<\/ul>\n<p><!-- \/wp:list-item --><!-- wp:list-item --><\/p>\n<ul class=\"wp-block-list\">\n<li style=\"list-style-type: none\">\n<ul class=\"wp-block-list\">\n<li>\u0130\u015f d\u00fcnyas\u0131 ile \u00f6\u011frenciler aras\u0131nda ba\u011f kurarak istihdam f\u0131rsatlar\u0131n\u0131 art\u0131rmak.<\/li>\n<\/ul>\n<\/li>\n<\/ul>\n<p><!-- \/wp:list-item --><\/p>\n<p><!-- \/wp:list --><!-- wp:heading {\"level\":3} --><\/p>\n<h3 class=\"wp-block-heading\">Program Kapsam\u0131<\/h3>\n<p><!-- \/wp:heading --><!-- wp:list --><\/p>\n<ul class=\"wp-block-list\">\n<li style=\"list-style-type: none\">\n<ul class=\"wp-block-list\"><!-- wp:list-item --><\/ul>\n<\/li>\n<\/ul>\n<p>\u00a0<\/p>\n<ul class=\"wp-block-list\">\n<li style=\"list-style-type: none\">\n<ul class=\"wp-block-list\">\n<li><strong>S\u00fcre<\/strong>: Belirli bir akademik d\u00f6nem boyunca \u00f6\u011frencilerimiz haftan\u0131n belli g\u00fcnlerinde i\u015f yerinde e\u011fitim alacaklar.<\/li>\n<\/ul>\n<\/li>\n<\/ul>\n<p><!-- \/wp:list-item --><!-- wp:list-item --><\/p>\n<ul class=\"wp-block-list\">\n<li style=\"list-style-type: none\">\n<ul class=\"wp-block-list\">\n<li><strong>Alan Se\u00e7imi<\/strong>: \u00d6\u011frenciler, b\u00f6l\u00fcmlerine uygun sekt\u00f6rlerde ve \u00f6nde gelen \u015firketlerde \u0131\u015fba\u015f\u0131 yapma imkan\u0131 bulacak.<\/li>\n<\/ul>\n<\/li>\n<\/ul>\n<p><!-- \/wp:list-item --><!-- wp:list-item --><\/p>\n<ul class=\"wp-block-list\">\n<li style=\"list-style-type: none\">\n<ul class=\"wp-block-list\">\n<li><strong>De\u011ferlendirme<\/strong>: Program s\u00fcrecinde \u00f6\u011frenciler hem akademik hem de i\u015f yeri ment\u00f6rleri taraf\u0131ndan de\u011ferlendirilecektir.<\/li>\n<\/ul>\n<\/li>\n<\/ul>\n<p><!-- \/wp:list-item --><\/p>\n<p><!-- \/wp:list --><!-- wp:heading {\"level\":3} --><\/p>\n<h3 class=\"wp-block-heading\">Kat\u0131l\u0131m Ko\u015fullar\u0131<\/h3>\n<p><!-- \/wp:heading --><!-- wp:list --><\/p>\n<ul class=\"wp-block-list\">\n<li style=\"list-style-type: none\">\n<ul class=\"wp-block-list\"><!-- wp:list-item --><\/ul>\n<\/li>\n<\/ul>\n<p>\u00a0<\/p>\n<ul class=\"wp-block-list\">\n<li style=\"list-style-type: none\">\n<ul class=\"wp-block-list\">\n<li>1- \u0130ME yerle\u015ftirmelerinde 2020 giri\u015fli \u00f6\u011frencilere \u00f6ncelik verilecektir.<br \/>2- AGNO 2.00\u2019dan y\u00fcksek olmal\u0131<br \/>3- \u0130kinci, d\u00f6rd\u00fcnc\u00fc ve alt\u0131nc\u0131 yar\u0131y\u0131llardaki m\u00fcfredat\u0131nda yer alan derslerden devam \u015fart\u0131n\u0131 sa\u011flamad\u0131\u011f\u0131\/almad\u0131\u011f\u0131 dersi olan veya belirtilen yar\u0131y\u0131llarda devam \u015fart\u0131n\u0131 sa\u011flam\u0131\u015f olsa bile \u00fc\u00e7 taneden fazla ba\u015far\u0131s\u0131z dersi olan \u00f6\u011frenciler, \u0130\u015fletmede Mesleki E\u011fitim (\u0130ME) program\u0131na ba\u015fvuru yapamazlar.\u00a0<\/li>\n<\/ul>\n<\/li>\n<\/ul>\n<p><!-- \/wp:list-item --><\/p>\n<p><!-- \/wp:list --><!-- wp:heading {\"level\":3} --><\/p>\n<h3 class=\"wp-block-heading\">Ba\u015fvuru Nas\u0131l Yap\u0131l\u0131r?<\/h3>\n<p><!-- \/wp:heading --><!-- wp:list {\"ordered\":true,\"start\":1} --><\/p>\n<ol class=\"wp-block-list\" start=\"1\">\n<li style=\"list-style-type: none\">\n<ol class=\"wp-block-list\" start=\"1\"><!-- wp:list-item --><\/ol>\n<\/li>\n<\/ol>\n<p>\u00a0<\/p>\n<ol class=\"wp-block-list\" start=\"1\">\n<li style=\"list-style-type: none\">\n<ol class=\"wp-block-list\" start=\"1\">\n<li>Fak\u00fclte\/b\u00f6l\u00fcm web sitesinde yay\u0131nlanan <strong>\u0130\u015fyerinde Mesleki E\u011fitim<\/strong> sayfas\u0131n\u0131 ziyaret edin.<\/li>\n<\/ol>\n<\/li>\n<\/ol>\n<p><!-- \/wp:list-item --><!-- wp:list-item --><\/p>\n<ol class=\"wp-block-list\" start=\"1\">\n<li style=\"list-style-type: none\">\n<ol class=\"wp-block-list\" start=\"1\">\n<li>Duyurulan son ba\u015fvuru tarihine kadar ba\u015fvuru formunu doldurun.<\/li>\n<\/ol>\n<\/li>\n<\/ol>\n<p><!-- \/wp:list-item --><!-- wp:list-item --><\/p>\n<ol class=\"wp-block-list\" start=\"1\">\n<li style=\"list-style-type: none\">\n<ol class=\"wp-block-list\" start=\"1\">\n<li>Gereken belgeleri eksiksiz \u015fekilde teslim edin.<\/li>\n<\/ol>\n<\/li>\n<\/ol>\n<p><!-- \/wp:list-item --><\/p>\n<p><!-- \/wp:list --><!-- wp:paragraph --><\/p>\n<p><strong>Ba\u015fvuru formu i\u00e7in <a href=\"https:\/\/forms.gle\/zF31bE1JjEkyt2dFA\" data-type=\"link\" data-id=\"https:\/\/forms.gle\/zF31bE1JjEkyt2dFA\">t\u0131klay\u0131n<\/a><\/strong><\/p>\n<p><a href=\"https:\/\/birimler.atauni.edu.tr\/yazilim-muhendisligi\/wp-content\/uploads\/sites\/472\/2025\/11\/10-IME-ISYERI-TEMSILCISI-BILGI-FORMU-1.pdf\">IME-ISYERI-TEMSILCISI-BILGI-FORMU<\/a><\/p>\n<p><!-- \/wp:paragraph --><!-- wp:heading {\"level\":3} --><\/p>\n<p><!-- \/wp:heading --><!-- wp:file {\"id\":7287,\"href\":\"https:\/\/birimler.atauni.edu.tr\/yazilim-muhendisligi\/wp-content\/uploads\/sites\/472\/2024\/12\/I\u0307ME-So\u0308zles\u0327mesi.pdf\",\"displayPreview\":true} --><\/p>\n<div class=\"wp-block-file\"><strong><a href=\"https:\/\/birimler.atauni.edu.tr\/yazilim-muhendisligi\/wp-content\/uploads\/sites\/472\/2025\/11\/ime-so\u0308zles\u0327me-1.pdf\">ime So\u0308zles\u0327me<\/a>\u00a0<a id=\"wp-block-file--media-56859b7d-be94-44dc-91ed-219a0dfc5c40\" href=\"https:\/\/birimler.atauni.edu.tr\/yazilim-muhendisligi\/wp-content\/uploads\/sites\/472\/2024\/12\/I\u0307ME-So\u0308zles\u0327mesi.pdf\"><\/a><a class=\"wp-block-file__button wp-element-button\" href=\"https:\/\/birimler.atauni.edu.tr\/yazilim-muhendisligi\/wp-content\/uploads\/sites\/472\/2025\/11\/ime-so\u0308zles\u0327me-1.pdf\" aria-describedby=\"wp-block-file--media-56859b7d-be94-44dc-91ed-219a0dfc5c40\">\u0130ndir<\/a><\/strong><\/div>\n<p><!-- \/wp:file --><!-- wp:file {\"id\":7288,\"href\":\"https:\/\/birimler.atauni.edu.tr\/yazilim-muhendisligi\/wp-content\/uploads\/sites\/472\/2024\/12\/I\u0307s\u0327letmede-Mesleki-Eg\u0306itim-Yo\u0308nergesi-Gu\u0308ncel-\u2013-2023.pdf\",\"displayPreview\":true} --><\/p>\n<div class=\"wp-block-file\"><object class=\"wp-block-file__embed\" style=\"width: 100%;height: 600px\" data=\"https:\/\/birimler.atauni.edu.tr\/yazilim-muhendisligi\/wp-content\/uploads\/sites\/472\/2024\/12\/I\u0307s\u0327letmede-Mesleki-Eg\u0306itim-Yo\u0308nergesi-Gu\u0308ncel-\u2013-2023.pdf\" type=\"application\/pdf\" aria-label=\"I\u0307s\u0327letmede-Mesleki-Eg\u0306itim-Yo\u0308nergesi\"><\/object><a id=\"wp-block-file--media-f5f6dd05-960c-464d-a336-65b469cbb280\" href=\"https:\/\/birimler.atauni.edu.tr\/yazilim-muhendisligi\/wp-content\/uploads\/sites\/472\/2024\/12\/I\u0307s\u0327letmede-Mesleki-Eg\u0306itim-Yo\u0308nergesi-Gu\u0308ncel-\u2013-2023.pdf\">I\u0307s\u0327letmede-Mesleki-Eg\u0306itim-Yo\u0308nergesi<\/a><a class=\"wp-block-file__button wp-element-button\" href=\"https:\/\/birimler.atauni.edu.tr\/yazilim-muhendisligi\/wp-content\/uploads\/sites\/472\/2024\/12\/I\u0307s\u0327letmede-Mesleki-Eg\u0306itim-Yo\u0308nergesi-Gu\u0308ncel-\u2013-2023.pdf\" aria-describedby=\"wp-block-file--media-f5f6dd05-960c-464d-a336-65b469cbb280\">\u0130ndir<\/a><\/div>\n<p><!-- \/wp:file --><!-- wp:file {\"id\":7289,\"href\":\"https:\/\/birimler.atauni.edu.tr\/yazilim-muhendisligi\/wp-content\/uploads\/sites\/472\/2024\/12\/SIK-SORULAN-SORULAR.pdf\",\"displayPreview\":true} --><\/p>\n<div class=\"wp-block-file\"><object class=\"wp-block-file__embed\" style=\"width: 100%;height: 600px\" data=\"https:\/\/birimler.atauni.edu.tr\/yazilim-muhendisligi\/wp-content\/uploads\/sites\/472\/2024\/12\/SIK-SORULAN-SORULAR.pdf\" type=\"application\/pdf\" aria-label=\"SIK-SORULAN-SORULAR\"><\/object><a id=\"wp-block-file--media-92601575-fa81-4551-aaa5-0e30bad01b4a\" href=\"https:\/\/birimler.atauni.edu.tr\/yazilim-muhendisligi\/wp-content\/uploads\/sites\/472\/2024\/12\/SIK-SORULAN-SORULAR.pdf\">SIK-SORULAN-SORULAR<\/a><a class=\"wp-block-file__button wp-element-button\" href=\"https:\/\/birimler.atauni.edu.tr\/yazilim-muhendisligi\/wp-content\/uploads\/sites\/472\/2024\/12\/SIK-SORULAN-SORULAR.pdf\" aria-describedby=\"wp-block-file--media-92601575-fa81-4551-aaa5-0e30bad01b4a\">\u0130ndir<\/a><\/div>\n<p><!-- \/wp:file --><!-- wp:paragraph --><\/p>\n<p><strong>Detayl\u0131 Bilgi ve \u0130leti\u015fim<\/strong> [Web sitesi veya e-posta bilgileri eklenebilir]<\/p>\n<p><!-- \/wp:paragraph --><!-- wp:file {\"id\":7291,\"href\":\"https:\/\/birimler.atauni.edu.tr\/yazilim-muhendisligi\/wp-content\/uploads\/sites\/472\/2024\/12\/ime-kontenjan-ve-firmalar-1.pdf\",\"displayPreview\":true} --><\/p>\n<p><!-- \/wp:file --><!-- wp:heading --><\/p>\n<h2 class=\"wp-block-heading\"><strong>\u0130ME Devam Ederken ve \u0130ME Sonunda Doldurulmas\u0131 Gereken Formlar: <\/strong><\/h2>\n<p><!-- \/wp:heading --><!-- wp:file {\"id\":7292,\"href\":\"https:\/\/birimler.atauni.edu.tr\/yazilim-muhendisligi\/wp-content\/uploads\/sites\/472\/2024\/12\/I\u0307ME-Dosyasi-I\u0307ME-sonunda-doldurulmus\u0327-olan-dosya.docx\"} --><\/p>\n<div class=\"wp-block-file\"><a id=\"wp-block-file--media-99f3bd55-48a0-426d-9cd0-2110e4b97853\" href=\"https:\/\/birimler.atauni.edu.tr\/yazilim-muhendisligi\/wp-content\/uploads\/sites\/472\/2024\/12\/I\u0307ME-Dosyasi-I\u0307ME-sonunda-doldurulmus\u0327-olan-dosya.docx\">I\u0307ME-Dosyasi-I\u0307ME-sonunda-doldurulmus\u0327-olan-dosya<\/a><a class=\"wp-block-file__button wp-element-button\" href=\"https:\/\/birimler.atauni.edu.tr\/yazilim-muhendisligi\/wp-content\/uploads\/sites\/472\/2024\/12\/I\u0307ME-Dosyasi-I\u0307ME-sonunda-doldurulmus\u0327-olan-dosya.docx\" aria-describedby=\"wp-block-file--media-99f3bd55-48a0-426d-9cd0-2110e4b97853\">\u0130ndir<\/a><\/div>\n<p><!-- \/wp:file --><!-- wp:file {\"id\":7293,\"href\":\"https:\/\/birimler.atauni.edu.tr\/yazilim-muhendisligi\/wp-content\/uploads\/sites\/472\/2024\/12\/I\u0307ME-I\u0307s\u0327yeri-Yetkilisi-Deg\u0306erlendirme-Formu.docx\"} --><\/p>\n<div class=\"wp-block-file\"><a id=\"wp-block-file--media-227a4be8-a318-4983-9803-af8bbb94f289\" href=\"https:\/\/birimler.atauni.edu.tr\/yazilim-muhendisligi\/wp-content\/uploads\/sites\/472\/2024\/12\/I\u0307ME-I\u0307s\u0327yeri-Yetkilisi-Deg\u0306erlendirme-Formu.docx\">I\u0307ME-I\u0307s\u0327yeri-Yetkilisi-Deg\u0306erlendirme-Formu<\/a><a class=\"wp-block-file__button wp-element-button\" href=\"https:\/\/birimler.atauni.edu.tr\/yazilim-muhendisligi\/wp-content\/uploads\/sites\/472\/2024\/12\/I\u0307ME-I\u0307s\u0327yeri-Yetkilisi-Deg\u0306erlendirme-Formu.docx\" aria-describedby=\"wp-block-file--media-227a4be8-a318-4983-9803-af8bbb94f289\">\u0130ndir<\/a><\/div>\n<p><!-- \/wp:file --><!-- wp:file {\"id\":7294,\"href\":\"https:\/\/birimler.atauni.edu.tr\/yazilim-muhendisligi\/wp-content\/uploads\/sites\/472\/2024\/12\/I\u0307ME-Haftalik-Rapor-Formu.docx\"} --><\/p>\n<div class=\"wp-block-file\"><a id=\"wp-block-file--media-90ed227a-455d-4235-aa6b-de7a38339ef4\" href=\"https:\/\/birimler.atauni.edu.tr\/yazilim-muhendisligi\/wp-content\/uploads\/sites\/472\/2024\/12\/I\u0307ME-Haftalik-Rapor-Formu.docx\">I\u0307ME-Haftalik-Rapor-Formu<\/a><a class=\"wp-block-file__button wp-element-button\" href=\"https:\/\/birimler.atauni.edu.tr\/yazilim-muhendisligi\/wp-content\/uploads\/sites\/472\/2024\/12\/I\u0307ME-Haftalik-Rapor-Formu.docx\" aria-describedby=\"wp-block-file--media-90ed227a-455d-4235-aa6b-de7a38339ef4\">\u0130ndir<\/a><\/div>\n<p><!-- \/wp:file --><!-- wp:file {\"id\":7295,\"href\":\"https:\/\/birimler.atauni.edu.tr\/yazilim-muhendisligi\/wp-content\/uploads\/sites\/472\/2024\/12\/I\u0307ME-C\u0327alis\u0327ma-Takvimi.docx\"} --><\/p>\n<div class=\"wp-block-file\"><a id=\"wp-block-file--media-96968eaa-2823-4e67-843c-a7a4a1aaec79\" href=\"https:\/\/birimler.atauni.edu.tr\/yazilim-muhendisligi\/wp-content\/uploads\/sites\/472\/2024\/12\/I\u0307ME-C\u0327alis\u0327ma-Takvimi.docx\">I\u0307ME-C\u0327alis\u0327ma-Takvimi<\/a><a class=\"wp-block-file__button wp-element-button\" href=\"https:\/\/birimler.atauni.edu.tr\/yazilim-muhendisligi\/wp-content\/uploads\/sites\/472\/2024\/12\/I\u0307ME-C\u0327alis\u0327ma-Takvimi.docx\" aria-describedby=\"wp-block-file--media-96968eaa-2823-4e67-843c-a7a4a1aaec79\">\u0130ndir<\/a><\/div>\n<p><!-- \/wp:file --><!-- wp:file {\"id\":7296,\"href\":\"https:\/\/birimler.atauni.edu.tr\/yazilim-muhendisligi\/wp-content\/uploads\/sites\/472\/2024\/12\/I\u0307ME-Dersi-Devam-C\u0327izelgesi.docx\"} --><\/p>\n<div class=\"wp-block-file\"><a id=\"wp-block-file--media-ce18d387-0c9a-4f15-b9b7-d266852c52c0\" href=\"https:\/\/birimler.atauni.edu.tr\/yazilim-muhendisligi\/wp-content\/uploads\/sites\/472\/2024\/12\/I\u0307ME-Dersi-Devam-C\u0327izelgesi.docx\">I\u0307ME-Dersi-Devam-C\u0327izelgesi<\/a><a class=\"wp-block-file__button wp-element-button\" href=\"https:\/\/birimler.atauni.edu.tr\/yazilim-muhendisligi\/wp-content\/uploads\/sites\/472\/2024\/12\/I\u0307ME-Dersi-Devam-C\u0327izelgesi.docx\" aria-describedby=\"wp-block-file--media-ce18d387-0c9a-4f15-b9b7-d266852c52c0\">\u0130ndir<\/a><\/div>\n<p><!-- \/wp:file --><!-- wp:file {\"id\":7297,\"href\":\"https:\/\/birimler.atauni.edu.tr\/yazilim-muhendisligi\/wp-content\/uploads\/sites\/472\/2024\/12\/I\u0307ME-Dersi-Devam-C\u0327izelgesi-1.docx\"} --><\/p>\n<div class=\"wp-block-file\"><a id=\"wp-block-file--media-ffa00e24-1e41-4da5-b30c-51e2f65987d0\" href=\"https:\/\/birimler.atauni.edu.tr\/yazilim-muhendisligi\/wp-content\/uploads\/sites\/472\/2024\/12\/I\u0307ME-Dersi-Devam-C\u0327izelgesi-1.docx\">I\u0307ME-Dersi-Devam-C\u0327izelgesi<\/a><a class=\"wp-block-file__button wp-element-button\" href=\"https:\/\/birimler.atauni.edu.tr\/yazilim-muhendisligi\/wp-content\/uploads\/sites\/472\/2024\/12\/I\u0307ME-Dersi-Devam-C\u0327izelgesi-1.docx\" aria-describedby=\"wp-block-file--media-ffa00e24-1e41-4da5-b30c-51e2f65987d0\">\u0130ndir<\/a><\/div>\n<div>\u00a0<\/div>\n<p><!-- \/wp:file --><!-- wp:file {\"id\":7298,\"href\":\"https:\/\/birimler.atauni.edu.tr\/yazilim-muhendisligi\/wp-content\/uploads\/sites\/472\/2024\/12\/I\u0307ME-Deg\u0306erlendirme-Rubrig\u0306i.pdf\",\"displayPreview\":true} --><\/p>\n<p><!-- \/wp:file --><!-- wp:file {\"id\":7299,\"href\":\"https:\/\/birimler.atauni.edu.tr\/yazilim-muhendisligi\/wp-content\/uploads\/sites\/472\/2024\/12\/I\u0307ME-ile-I\u0307Igili-O\u0308nemli-Hususlar.pdf\",\"displayPreview\":true} --><\/p>\n<p><!-- \/wp:file --><\/p>\t\t\t\t\t\t\t\t<\/div>\n\t\t\t\t<\/div>\n\t\t\t\t<div class=\"elementor-element elementor-element-c305e2e elementor-widget elementor-widget-pdfjs_viewer\" data-id=\"c305e2e\" data-element_type=\"widget\" data-widget_type=\"pdfjs_viewer.default\">\n\t\t\t\t<div class=\"elementor-widget-container\">\n\t\t\t\t\t<iframe src=\"https:\/\/atauni.edu.tr\/yazilim-muhendisligi\/wp-content\/plugins\/pdf-viewer-for-elementor\/assets\/pdfjs\/web\/viewer.html?file=https:\/\/birimler.atauni.edu.tr\/yazilim-muhendisligi\/wp-content\/uploads\/sites\/472\/2026\/02\/IME-3.pdf&amp;embedded=true\" style=\"display: block; margin-left: auto; margin-right: auto; width: 800px; height: 1020px;\" frameborder=\"1\" marginheight=\"0px\" marginwidth=\"0px\" allowfullscreen><\/iframe>\t\t\t\t<\/div>\n\t\t\t\t<\/div>\n\t\t\t\t\t<\/div>\n\t\t<\/div>\n\t\t\t\t\t<\/div>\n\t\t<\/section>\n\t\t\t\t<\/div>\n\t\t","protected":false},"excerpt":{"rendered":"<p>Yaz\u0131l\u0131m M\u00fchendisli\u011fi &#8211; \u0130\u015fyerinde Mesleki E\u011fitim Program\u0131 M\u00fchendislik Fak\u00fcltemiz \u00f6\u011frencilerine teorik bilgilerini ger\u00e7ek i\u015f ortam\u0131nda uygulama f\u0131rsat\u0131 sunan \u0130\u015fyerinde Mesleki E\u011fitim Program\u0131 ile \u00f6\u011frenciler, sekt\u00f6rel deneyim kazan\u0131rken profesyonel ya\u015fam\u0131n gerekliliklerini yerinde \u00f6\u011frenme \u015fans\u0131 yakalayacaklar. Program\u0131n Ama\u00e7lar\u0131 \u00a0 \u00d6\u011frencilerin mesleki bilgi ve becerilerini ger\u00e7ek \u015fartlarda geli\u015ftirmelerini sa\u011flamak. Sekt\u00f6rdeki g\u00fcncel uygulamalar\u0131 yerinde deneyimleyerek gelece\u011fe haz\u0131rlanmalar\u0131na destek olmak. [&hellip;]<\/p>\n","protected":false},"author":567,"featured_media":0,"parent":0,"menu_order":0,"comment_status":"closed","ping_status":"closed","template":"","meta":{"footnotes":""},"class_list":["post-7286","page","type-page","status-publish","hentry"],"_links":{"self":[{"href":"https:\/\/atauni.edu.tr\/yazilim-muhendisligi\/wp-json\/wp\/v2\/pages\/7286","targetHints":{"allow":["GET"]}}],"collection":[{"href":"https:\/\/atauni.edu.tr\/yazilim-muhendisligi\/wp-json\/wp\/v2\/pages"}],"about":[{"href":"https:\/\/atauni.edu.tr\/yazilim-muhendisligi\/wp-json\/wp\/v2\/types\/page"}],"author":[{"embeddable":true,"href":"https:\/\/atauni.edu.tr\/yazilim-muhendisligi\/wp-json\/wp\/v2\/users\/567"}],"replies":[{"embeddable":true,"href":"https:\/\/atauni.edu.tr\/yazilim-muhendisligi\/wp-json\/wp\/v2\/comments?post=7286"}],"version-history":[{"count":32,"href":"https:\/\/atauni.edu.tr\/yazilim-muhendisligi\/wp-json\/wp\/v2\/pages\/7286\/revisions"}],"predecessor-version":[{"id":7726,"href":"https:\/\/atauni.edu.tr\/yazilim-muhendisligi\/wp-json\/wp\/v2\/pages\/7286\/revisions\/7726"}],"wp:attachment":[{"href":"https:\/\/atauni.edu.tr\/yazilim-muhendisligi\/wp-json\/wp\/v2\/media?parent=7286"}],"curies":[{"name":"wp","href":"https:\/\/api.w.org\/{rel}","templated":true}]}}