{"id":7332,"date":"2025-02-19T09:40:28","date_gmt":"2025-02-19T06:40:28","guid":{"rendered":"https:\/\/birimler.atauni.edu.tr\/yazilim-muhendisligi\/?page_id=7332"},"modified":"2025-02-19T12:47:25","modified_gmt":"2025-02-19T09:47:25","slug":"dis-paydaslarimiz","status":"publish","type":"page","link":"https:\/\/atauni.edu.tr\/yazilim-muhendisligi\/dis-paydaslarimiz\/","title":{"rendered":"D\u0131\u015f Payda\u015flar\u0131m\u0131z"},"content":{"rendered":"\n<div data-wp-interactive=\"core\/file\" class=\"wp-block-file\"><object data-wp-bind--hidden=\"!state.hasPdfPreview\" hidden class=\"wp-block-file__embed\" data=\"https:\/\/birimler.atauni.edu.tr\/yazilim-muhendisligi\/wp-content\/uploads\/sites\/472\/2025\/02\/dis_paydaslar.pdf\" type=\"application\/pdf\" style=\"width:100%;height:600px\" aria-label=\"dis_paydaslar g\u00f6m\u00fcs\u00fc.\"><\/object><a id=\"wp-block-file--media-bd04d3b6-02fb-4ec1-a7f3-4925c16eee96\" href=\"https:\/\/birimler.atauni.edu.tr\/yazilim-muhendisligi\/wp-content\/uploads\/sites\/472\/2025\/02\/dis_paydaslar.pdf\">dis_paydaslar<\/a><a href=\"https:\/\/birimler.atauni.edu.tr\/yazilim-muhendisligi\/wp-content\/uploads\/sites\/472\/2025\/02\/dis_paydaslar.pdf\" class=\"wp-block-file__button wp-element-button\" download aria-describedby=\"wp-block-file--media-bd04d3b6-02fb-4ec1-a7f3-4925c16eee96\">\u0130ndir<\/a><\/div>\n","protected":false},"excerpt":{"rendered":"","protected":false},"author":638,"featured_media":0,"parent":0,"menu_order":0,"comment_status":"closed","ping_status":"closed","template":"","meta":{"footnotes":""},"class_list":["post-7332","page","type-page","status-publish","hentry"],"_links":{"self":[{"href":"https:\/\/atauni.edu.tr\/yazilim-muhendisligi\/wp-json\/wp\/v2\/pages\/7332","targetHints":{"allow":["GET"]}}],"collection":[{"href":"https:\/\/atauni.edu.tr\/yazilim-muhendisligi\/wp-json\/wp\/v2\/pages"}],"about":[{"href":"https:\/\/atauni.edu.tr\/yazilim-muhendisligi\/wp-json\/wp\/v2\/types\/page"}],"author":[{"embeddable":true,"href":"https:\/\/atauni.edu.tr\/yazilim-muhendisligi\/wp-json\/wp\/v2\/users\/638"}],"replies":[{"embeddable":true,"href":"https:\/\/atauni.edu.tr\/yazilim-muhendisligi\/wp-json\/wp\/v2\/comments?post=7332"}],"version-history":[{"count":4,"href":"https:\/\/atauni.edu.tr\/yazilim-muhendisligi\/wp-json\/wp\/v2\/pages\/7332\/revisions"}],"predecessor-version":[{"id":7343,"href":"https:\/\/atauni.edu.tr\/yazilim-muhendisligi\/wp-json\/wp\/v2\/pages\/7332\/revisions\/7343"}],"wp:attachment":[{"href":"https:\/\/atauni.edu.tr\/yazilim-muhendisligi\/wp-json\/wp\/v2\/media?parent=7332"}],"curies":[{"name":"wp","href":"https:\/\/api.w.org\/{rel}","templated":true}]}}