{"id":7358,"date":"2025-02-19T13:40:52","date_gmt":"2025-02-19T10:40:52","guid":{"rendered":"https:\/\/birimler.atauni.edu.tr\/yazilim-muhendisligi\/?page_id=7358"},"modified":"2025-02-19T17:41:23","modified_gmt":"2025-02-19T14:41:23","slug":"kayitli-ogrenciler","status":"publish","type":"page","link":"https:\/\/atauni.edu.tr\/yazilim-muhendisligi\/kayitli-ogrenciler\/","title":{"rendered":"Kay\u0131tl\u0131 \u00d6\u011frenciler"},"content":{"rendered":"\n<div data-wp-interactive=\"core\/file\" class=\"wp-block-file\"><object data-wp-bind--hidden=\"!state.hasPdfPreview\" hidden class=\"wp-block-file__embed\" data=\"https:\/\/birimler.atauni.edu.tr\/yazilim-muhendisligi\/wp-content\/uploads\/sites\/472\/2025\/02\/Kayitli-Ogrenci.pdf\" type=\"application\/pdf\" style=\"width:100%;height:600px\" aria-label=\"Kay\u0131tl\u0131 \u00d6\u011frenci g\u00f6m\u00fcs\u00fc.\"><\/object><a id=\"wp-block-file--media-76b8568a-4f71-4338-9b1d-8a2cdb78abef\" href=\"https:\/\/birimler.atauni.edu.tr\/yazilim-muhendisligi\/wp-content\/uploads\/sites\/472\/2025\/02\/Kayitli-Ogrenci.pdf\">Kay\u0131tl\u0131 \u00d6\u011frenci<\/a><a href=\"https:\/\/birimler.atauni.edu.tr\/yazilim-muhendisligi\/wp-content\/uploads\/sites\/472\/2025\/02\/Kayitli-Ogrenci.pdf\" class=\"wp-block-file__button wp-element-button\" download aria-describedby=\"wp-block-file--media-76b8568a-4f71-4338-9b1d-8a2cdb78abef\">\u0130ndir<\/a><\/div>\n","protected":false},"excerpt":{"rendered":"","protected":false},"author":638,"featured_media":0,"parent":0,"menu_order":0,"comment_status":"closed","ping_status":"closed","template":"","meta":{"footnotes":""},"class_list":["post-7358","page","type-page","status-publish","hentry"],"_links":{"self":[{"href":"https:\/\/atauni.edu.tr\/yazilim-muhendisligi\/wp-json\/wp\/v2\/pages\/7358","targetHints":{"allow":["GET"]}}],"collection":[{"href":"https:\/\/atauni.edu.tr\/yazilim-muhendisligi\/wp-json\/wp\/v2\/pages"}],"about":[{"href":"https:\/\/atauni.edu.tr\/yazilim-muhendisligi\/wp-json\/wp\/v2\/types\/page"}],"author":[{"embeddable":true,"href":"https:\/\/atauni.edu.tr\/yazilim-muhendisligi\/wp-json\/wp\/v2\/users\/638"}],"replies":[{"embeddable":true,"href":"https:\/\/atauni.edu.tr\/yazilim-muhendisligi\/wp-json\/wp\/v2\/comments?post=7358"}],"version-history":[{"count":2,"href":"https:\/\/atauni.edu.tr\/yazilim-muhendisligi\/wp-json\/wp\/v2\/pages\/7358\/revisions"}],"predecessor-version":[{"id":7369,"href":"https:\/\/atauni.edu.tr\/yazilim-muhendisligi\/wp-json\/wp\/v2\/pages\/7358\/revisions\/7369"}],"wp:attachment":[{"href":"https:\/\/atauni.edu.tr\/yazilim-muhendisligi\/wp-json\/wp\/v2\/media?parent=7358"}],"curies":[{"name":"wp","href":"https:\/\/api.w.org\/{rel}","templated":true}]}}