{"id":7362,"date":"2025-02-19T17:06:25","date_gmt":"2025-02-19T14:06:25","guid":{"rendered":"https:\/\/birimler.atauni.edu.tr\/yazilim-muhendisligi\/?page_id=7362"},"modified":"2025-02-19T17:06:25","modified_gmt":"2025-02-19T14:06:25","slug":"degisim-programlari","status":"publish","type":"page","link":"https:\/\/atauni.edu.tr\/yazilim-muhendisligi\/degisim-programlari\/","title":{"rendered":"De\u011fi\u015fim Programlar\u0131"},"content":{"rendered":"\n<p class=\"has-text-align-left\">\u00d6\u011frencilere belirli bir s\u00fcre boyunca yurti\u00e7inde veya yurtd\u0131\u015f\u0131nda farkl\u0131 bir \u00fcniversitede e\u011fitim alma f\u0131rsat\u0131 sunar. Bu programlar, \u00f6\u011frencilere farkl\u0131 k\u00fclt\u00fcrleri ke\u015ffetme, yabanc\u0131 dil becerilerini geli\u015ftirme ve uluslararas\u0131 akademik deneyim kazanma \u015fans\u0131 verir. En yayg\u0131n \u00f6\u011frenci de\u011fi\u015fim programlar\u0131 aras\u0131nda <strong>Erasmus+<\/strong>, <strong>Mevlana<\/strong> ve <strong>Farabi<\/strong> programlar\u0131 bulunur.<\/p>\n\n\n\n<div class=\"wp-block-group is-vertical is-layout-flex wp-container-core-group-is-layout-8cf370e7 wp-block-group-is-layout-flex\">\n<p class=\"has-text-align-left\">Erasmus Program\u0131 i\u00e7in\u00a0<a href=\"https:\/\/oia.atauni.edu.tr\/new\/erasmus-bilgi\/\" data-type=\"link\" data-id=\"https:\/\/oia.atauni.edu.tr\/new\/erasmus-bilgi\/\">t\u0131klay\u0131n\u0131z<\/a>.<\/p>\n\n\n\n<p class=\"has-text-align-left\">Farabi Program\u0131 i\u00e7in\u00a0<a href=\"https:\/\/oia.atauni.edu.tr\/new\/farabi-bilgi\/\" data-type=\"link\" data-id=\"https:\/\/oia.atauni.edu.tr\/new\/farabi-bilgi\/\">t\u0131klay\u0131n\u0131z<\/a>.<\/p>\n\n\n\n<p class=\"has-text-align-left\">Mevlana Program\u0131 i\u00e7in\u00a0<a href=\"https:\/\/oia.atauni.edu.tr\/new\/mevlana-bilgi\/\" data-type=\"link\" data-id=\"https:\/\/oia.atauni.edu.tr\/new\/mevlana-bilgi\/\">t\u0131klay\u0131n\u0131z<\/a>.<\/p>\n<\/div>\n\n\n\n<p><\/p>\n\n\n\n<p><\/p>\n","protected":false},"excerpt":{"rendered":"<p>\u00d6\u011frencilere belirli bir s\u00fcre boyunca yurti\u00e7inde veya yurtd\u0131\u015f\u0131nda farkl\u0131 bir \u00fcniversitede e\u011fitim alma f\u0131rsat\u0131 sunar. Bu programlar, \u00f6\u011frencilere farkl\u0131 k\u00fclt\u00fcrleri ke\u015ffetme, yabanc\u0131 dil becerilerini geli\u015ftirme ve uluslararas\u0131 akademik deneyim kazanma \u015fans\u0131 verir. En yayg\u0131n \u00f6\u011frenci de\u011fi\u015fim programlar\u0131 aras\u0131nda Erasmus+, Mevlana ve Farabi programlar\u0131 bulunur. Erasmus Program\u0131 i\u00e7in\u00a0t\u0131klay\u0131n\u0131z. Farabi Program\u0131 i\u00e7in\u00a0t\u0131klay\u0131n\u0131z. Mevlana Program\u0131 i\u00e7in\u00a0t\u0131klay\u0131n\u0131z.<\/p>\n","protected":false},"author":638,"featured_media":0,"parent":0,"menu_order":0,"comment_status":"closed","ping_status":"closed","template":"","meta":{"footnotes":""},"class_list":["post-7362","page","type-page","status-publish","hentry"],"_links":{"self":[{"href":"https:\/\/atauni.edu.tr\/yazilim-muhendisligi\/wp-json\/wp\/v2\/pages\/7362","targetHints":{"allow":["GET"]}}],"collection":[{"href":"https:\/\/atauni.edu.tr\/yazilim-muhendisligi\/wp-json\/wp\/v2\/pages"}],"about":[{"href":"https:\/\/atauni.edu.tr\/yazilim-muhendisligi\/wp-json\/wp\/v2\/types\/page"}],"author":[{"embeddable":true,"href":"https:\/\/atauni.edu.tr\/yazilim-muhendisligi\/wp-json\/wp\/v2\/users\/638"}],"replies":[{"embeddable":true,"href":"https:\/\/atauni.edu.tr\/yazilim-muhendisligi\/wp-json\/wp\/v2\/comments?post=7362"}],"version-history":[{"count":1,"href":"https:\/\/atauni.edu.tr\/yazilim-muhendisligi\/wp-json\/wp\/v2\/pages\/7362\/revisions"}],"predecessor-version":[{"id":7363,"href":"https:\/\/atauni.edu.tr\/yazilim-muhendisligi\/wp-json\/wp\/v2\/pages\/7362\/revisions\/7363"}],"wp:attachment":[{"href":"https:\/\/atauni.edu.tr\/yazilim-muhendisligi\/wp-json\/wp\/v2\/media?parent=7362"}],"curies":[{"name":"wp","href":"https:\/\/api.w.org\/{rel}","templated":true}]}}