{"id":7391,"date":"2025-02-27T10:11:42","date_gmt":"2025-02-27T07:11:42","guid":{"rendered":"https:\/\/birimler.atauni.edu.tr\/yazilim-muhendisligi\/?page_id=7391"},"modified":"2025-02-27T10:11:42","modified_gmt":"2025-02-27T07:11:42","slug":"program-egitim-amaclari","status":"publish","type":"page","link":"https:\/\/atauni.edu.tr\/yazilim-muhendisligi\/program-egitim-amaclari\/","title":{"rendered":"Program E\u011fitim Ama\u00e7lar\u0131"},"content":{"rendered":"\n<ol class=\"wp-block-list\">\n<li>Mezunlar\u0131m\u0131z\u0131n, g\u00fc\u00e7l\u00fc bir m\u00fchendislik temeli ve yaz\u0131l\u0131m bilimleri altyap\u0131s\u0131 ile ulusal ve uluslararas\u0131 kurumlarda, yaz\u0131l\u0131m ya\u015fam d\u00f6ng\u00fcs\u00fcn\u00fcn t\u00fcm a\u015famalar\u0131nda uzmanl\u0131k gerektiren \u00e7e\u015fitli roller \u00fcstlenebilmeleri.<\/li>\n\n\n\n<li>Mezunlar\u0131m\u0131z\u0131n, ya\u015fam boyu \u00f6\u011frenme bilinciyle yenilik\u00e7i, ara\u015ft\u0131rma ve geli\u015ftirme (AR-GE) odakl\u0131 yaz\u0131l\u0131m projelerinde etkin \u015fekilde yer almalar\u0131 ve \u00e7ok disiplinli ekiplerde liderlik veya tak\u0131m \u00fcyesi olarak katk\u0131 sa\u011flayabilmeleri.<\/li>\n\n\n\n<li>Mezunlar\u0131m\u0131z\u0131n, yaz\u0131l\u0131m sistemleri ve projelerinde planlama, gereksinim analizi, tasar\u0131m, geli\u015ftirme, entegrasyon, do\u011frulama, test ve bak\u0131m s\u00fcre\u00e7lerinde etkin rol alabilmeleri ve sistematik m\u00fchendislik yakla\u015f\u0131m\u0131n\u0131 benimsemeleri.<\/li>\n\n\n\n<li>Mezunlar\u0131m\u0131z\u0131n, yaz\u0131l\u0131m teknolojilerinde giri\u015fimci olabilmeleri, yenilik\u00e7i \u00e7\u00f6z\u00fcmler geli\u015ftirebilmeleri ve kendi i\u015flerini kurarak sekt\u00f6re y\u00f6n veren bireyler olabilmeleri.<\/li>\n\n\n\n<li>Mezunlar\u0131m\u0131z\u0131n, etik sorumluluk bilinciyle yaz\u0131l\u0131m m\u00fchendisli\u011fi mesle\u011fini icra etmeleri, mesleki standartlara ve yasal d\u00fczenlemelere uyum sa\u011flayarak toplumsal ve \u00e7evresel sorumluluklar\u0131n\u0131 yerine getirebilmeleri.<\/li>\n\n\n\n<li>Mezunlar\u0131m\u0131z\u0131n, yapay zeka, b\u00fcy\u00fck veri, siber g\u00fcvenlik, bulut bili\u015fim ve nesnelerin interneti gibi g\u00fcn\u00fcm\u00fcz\u00fcn \u00f6nc\u00fc yaz\u0131l\u0131m alanlar\u0131nda kendilerini geli\u015ftirerek sekt\u00f6rde rekabet avantaj\u0131 elde edebilmeleri.<\/li>\n\n\n\n<li>Mezunlar\u0131m\u0131z\u0131n, kullan\u0131c\u0131 odakl\u0131 yaz\u0131l\u0131m geli\u015ftirme s\u00fcre\u00e7lerine hakim olmalar\u0131, insan-bilgisayar etkile\u015fimi ilkelerini benimseyerek yenilik\u00e7i ve kullan\u0131c\u0131 dostu \u00e7\u00f6z\u00fcmler \u00fcretebilmeleri.<\/li>\n<\/ol>\n","protected":false},"excerpt":{"rendered":"","protected":false},"author":638,"featured_media":0,"parent":0,"menu_order":0,"comment_status":"closed","ping_status":"closed","template":"","meta":{"footnotes":""},"class_list":["post-7391","page","type-page","status-publish","hentry"],"_links":{"self":[{"href":"https:\/\/atauni.edu.tr\/yazilim-muhendisligi\/wp-json\/wp\/v2\/pages\/7391","targetHints":{"allow":["GET"]}}],"collection":[{"href":"https:\/\/atauni.edu.tr\/yazilim-muhendisligi\/wp-json\/wp\/v2\/pages"}],"about":[{"href":"https:\/\/atauni.edu.tr\/yazilim-muhendisligi\/wp-json\/wp\/v2\/types\/page"}],"author":[{"embeddable":true,"href":"https:\/\/atauni.edu.tr\/yazilim-muhendisligi\/wp-json\/wp\/v2\/users\/638"}],"replies":[{"embeddable":true,"href":"https:\/\/atauni.edu.tr\/yazilim-muhendisligi\/wp-json\/wp\/v2\/comments?post=7391"}],"version-history":[{"count":1,"href":"https:\/\/atauni.edu.tr\/yazilim-muhendisligi\/wp-json\/wp\/v2\/pages\/7391\/revisions"}],"predecessor-version":[{"id":7392,"href":"https:\/\/atauni.edu.tr\/yazilim-muhendisligi\/wp-json\/wp\/v2\/pages\/7391\/revisions\/7392"}],"wp:attachment":[{"href":"https:\/\/atauni.edu.tr\/yazilim-muhendisligi\/wp-json\/wp\/v2\/media?parent=7391"}],"curies":[{"name":"wp","href":"https:\/\/api.w.org\/{rel}","templated":true}]}}