{"id":7397,"date":"2025-02-27T10:26:51","date_gmt":"2025-02-27T07:26:51","guid":{"rendered":"https:\/\/birimler.atauni.edu.tr\/yazilim-muhendisligi\/?page_id=7397"},"modified":"2025-02-27T10:26:51","modified_gmt":"2025-02-27T07:26:51","slug":"program-yeterlilikleri","status":"publish","type":"page","link":"https:\/\/atauni.edu.tr\/yazilim-muhendisligi\/program-yeterlilikleri\/","title":{"rendered":"Program Yeterlilikleri"},"content":{"rendered":"\n<ol class=\"wp-block-list\">\n<li>Yaz\u0131l\u0131m m\u00fchendisli\u011finde kullan\u0131lan modern teknikleri, metodolojileri ve ara\u00e7lar\u0131 kavrayarak, bunlar\u0131n s\u0131n\u0131rlar\u0131n\u0131 ve uygulanabilirli\u011fini detayl\u0131 bir \u015fekilde anlayabilme yetkinli\u011fi.<\/li>\n\n\n\n<li>Bilimsel y\u00f6ntemler kullanarak yaz\u0131l\u0131m geli\u015ftirme s\u00fcre\u00e7lerini derinlemesine analiz etme, yeni bilgi edinme, mevcut bilgileri de\u011ferlendirme ve uygulamada etkin bir \u015fekilde kullanma becerisi.<\/li>\n\n\n\n<li>Algoritmalar, veri yap\u0131lar\u0131, yaz\u0131l\u0131m mimarileri ve modelleme tekniklerini kullanarak karma\u015f\u0131k yaz\u0131l\u0131m sistemlerini tasarlayabilme ve analiz edebilme yetkinli\u011fi.<\/li>\n\n\n\n<li>Eksik veya s\u0131n\u0131rl\u0131 verilere dayanarak yaz\u0131l\u0131m geli\u015ftirme s\u00fcrecinde bilimsel y\u00f6ntemler kullanarak bilgiye ula\u015fma, eksikleri giderme ve farkl\u0131 disiplinlerden gelen verileri b\u00fct\u00fcnle\u015ftirme becerisi.<\/li>\n\n\n\n<li>Yaz\u0131l\u0131m m\u00fchendisli\u011fi problemlerini sistematik bir \u015fekilde analiz etme, \u00e7\u00f6z\u00fcm y\u00f6ntemleri geli\u015ftirme ve yenilik\u00e7i algoritmalar, teknikler veya mimariler uygulama yetkinli\u011fi.<\/li>\n\n\n\n<li>\u00c7ok disiplinli yaz\u0131l\u0131m projelerinde liderlik yapabilme, tak\u0131m \u00e7al\u0131\u015fmas\u0131n\u0131 y\u00f6netme, karma\u015f\u0131k yaz\u0131l\u0131m sistemlerine y\u00f6nelik \u00e7\u00f6z\u00fcmler geli\u015ftirme ve sorumluluk alabilme becerisi.<\/li>\n\n\n\n<li>Yaz\u0131l\u0131m geli\u015ftirme s\u00fcre\u00e7lerinde yeni ve yarat\u0131c\u0131 fikirler ortaya koyma, yenilik\u00e7i sistemler ve \u00fcr\u00fcnler tasarlama becerisi.<\/li>\n\n\n\n<li>Gerekli bilgi ve verileri analiz ederek en uygun yaz\u0131l\u0131m geli\u015ftirme ara\u00e7lar\u0131n\u0131, teknolojilerini ve metodolojilerini se\u00e7me, bu s\u00fcre\u00e7te s\u00fcrekli \u00f6\u011frenme ve geli\u015fim sa\u011flama yetkinli\u011fi.<\/li>\n\n\n\n<li>Yaz\u0131l\u0131m m\u00fchendisli\u011finde yeni ve geli\u015fmekte olan teknolojiler, diller, framework\u2019ler ve metodolojiler hakk\u0131nda bilgi sahibi olma ve gerekti\u011finde bu alanlarda kendini g\u00fcncelleme yetene\u011fi.<\/li>\n\n\n\n<li>Geli\u015ftirilen yaz\u0131l\u0131m \u00e7\u00f6z\u00fcmlerini, teknik ve teknik olmayan payda\u015flara a\u00e7\u0131k, sistematik ve etkili bir \u015fekilde yaz\u0131l\u0131 ve s\u00f6zl\u00fc olarak sunabilme yetkinli\u011fi.<\/li>\n\n\n\n<li>Yaz\u0131l\u0131m m\u00fchendisli\u011fi projelerinin etik, yasal ve sosyal etkilerini kavrayarak, toplum ve \u00e7evreye duyarl\u0131 bir \u015fekilde geli\u015ftirme s\u00fcre\u00e7lerini y\u00f6netme becerisi.<\/li>\n\n\n\n<li>Yaz\u0131l\u0131m geli\u015ftirme s\u00fcre\u00e7lerinde veri g\u00fcvenli\u011fi, etik kurallar ve mesleki standartlara uygun hareket etme bilinci.<\/li>\n<\/ol>\n","protected":false},"excerpt":{"rendered":"","protected":false},"author":638,"featured_media":0,"parent":0,"menu_order":0,"comment_status":"closed","ping_status":"closed","template":"","meta":{"footnotes":""},"class_list":["post-7397","page","type-page","status-publish","hentry"],"_links":{"self":[{"href":"https:\/\/atauni.edu.tr\/yazilim-muhendisligi\/wp-json\/wp\/v2\/pages\/7397","targetHints":{"allow":["GET"]}}],"collection":[{"href":"https:\/\/atauni.edu.tr\/yazilim-muhendisligi\/wp-json\/wp\/v2\/pages"}],"about":[{"href":"https:\/\/atauni.edu.tr\/yazilim-muhendisligi\/wp-json\/wp\/v2\/types\/page"}],"author":[{"embeddable":true,"href":"https:\/\/atauni.edu.tr\/yazilim-muhendisligi\/wp-json\/wp\/v2\/users\/638"}],"replies":[{"embeddable":true,"href":"https:\/\/atauni.edu.tr\/yazilim-muhendisligi\/wp-json\/wp\/v2\/comments?post=7397"}],"version-history":[{"count":2,"href":"https:\/\/atauni.edu.tr\/yazilim-muhendisligi\/wp-json\/wp\/v2\/pages\/7397\/revisions"}],"predecessor-version":[{"id":7400,"href":"https:\/\/atauni.edu.tr\/yazilim-muhendisligi\/wp-json\/wp\/v2\/pages\/7397\/revisions\/7400"}],"wp:attachment":[{"href":"https:\/\/atauni.edu.tr\/yazilim-muhendisligi\/wp-json\/wp\/v2\/media?parent=7397"}],"curies":[{"name":"wp","href":"https:\/\/api.w.org\/{rel}","templated":true}]}}