{"id":7531,"date":"2025-07-28T14:29:42","date_gmt":"2025-07-28T11:29:42","guid":{"rendered":"https:\/\/birimler.atauni.edu.tr\/yazilim-muhendisligi\/?page_id=7531"},"modified":"2025-07-28T15:50:27","modified_gmt":"2025-07-28T12:50:27","slug":"anketler","status":"publish","type":"page","link":"https:\/\/atauni.edu.tr\/yazilim-muhendisligi\/anketler\/","title":{"rendered":"Anketler"},"content":{"rendered":"\t\t<div data-elementor-type=\"wp-page\" data-elementor-id=\"7531\" class=\"elementor elementor-7531\" data-elementor-post-type=\"page\">\n\t\t\t\t\t\t<section class=\"elementor-section elementor-top-section elementor-element elementor-element-98459c5 elementor-section-boxed elementor-section-height-default elementor-section-height-default\" data-id=\"98459c5\" data-element_type=\"section\">\n\t\t\t\t\t\t<div class=\"elementor-container elementor-column-gap-default\">\n\t\t\t\t\t<div class=\"elementor-column elementor-col-100 elementor-top-column elementor-element elementor-element-760af30\" data-id=\"760af30\" data-element_type=\"column\">\n\t\t\t<div class=\"elementor-widget-wrap elementor-element-populated\">\n\t\t\t\t\t\t<div class=\"elementor-element elementor-element-378b6b2 elementor-widget elementor-widget-text-editor\" data-id=\"378b6b2\" data-element_type=\"widget\" data-widget_type=\"text-editor.default\">\n\t\t\t\t<div class=\"elementor-widget-container\">\n\t\t\t\t\t\t\t\t\t<p><strong>15.08.2025 tarihine kadar anketlerin doldurulmas\u0131 \u00f6nemle rica olunur.<\/strong><br \/><a href=\"https:\/\/docs.google.com\/document\/d\/1D90AB9wlbYls3N7gXATwOX9JLdHx-KAD\/edit?usp=sharing&amp;ouid=102812557376348003258&amp;rtpof=true&amp;sd=true\">Ders de\u011ferlendirme anketleri i\u00e7in linke t\u0131klay\u0131n\u0131z.<\/a><br \/><br \/><\/p>\t\t\t\t\t\t\t\t<\/div>\n\t\t\t\t<\/div>\n\t\t\t\t\t<\/div>\n\t\t<\/div>\n\t\t\t\t\t<\/div>\n\t\t<\/section>\n\t\t\t\t<\/div>\n\t\t","protected":false},"excerpt":{"rendered":"<p>15.08.2025 tarihine kadar anketlerin doldurulmas\u0131 \u00f6nemle rica olunur.Ders de\u011ferlendirme anketleri i\u00e7in linke t\u0131klay\u0131n\u0131z.<\/p>\n","protected":false},"author":638,"featured_media":0,"parent":0,"menu_order":0,"comment_status":"closed","ping_status":"closed","template":"","meta":{"footnotes":""},"class_list":["post-7531","page","type-page","status-publish","hentry"],"_links":{"self":[{"href":"https:\/\/atauni.edu.tr\/yazilim-muhendisligi\/wp-json\/wp\/v2\/pages\/7531","targetHints":{"allow":["GET"]}}],"collection":[{"href":"https:\/\/atauni.edu.tr\/yazilim-muhendisligi\/wp-json\/wp\/v2\/pages"}],"about":[{"href":"https:\/\/atauni.edu.tr\/yazilim-muhendisligi\/wp-json\/wp\/v2\/types\/page"}],"author":[{"embeddable":true,"href":"https:\/\/atauni.edu.tr\/yazilim-muhendisligi\/wp-json\/wp\/v2\/users\/638"}],"replies":[{"embeddable":true,"href":"https:\/\/atauni.edu.tr\/yazilim-muhendisligi\/wp-json\/wp\/v2\/comments?post=7531"}],"version-history":[{"count":7,"href":"https:\/\/atauni.edu.tr\/yazilim-muhendisligi\/wp-json\/wp\/v2\/pages\/7531\/revisions"}],"predecessor-version":[{"id":7539,"href":"https:\/\/atauni.edu.tr\/yazilim-muhendisligi\/wp-json\/wp\/v2\/pages\/7531\/revisions\/7539"}],"wp:attachment":[{"href":"https:\/\/atauni.edu.tr\/yazilim-muhendisligi\/wp-json\/wp\/v2\/media?parent=7531"}],"curies":[{"name":"wp","href":"https:\/\/api.w.org\/{rel}","templated":true}]}}