{"id":5638,"date":"2021-07-13T09:49:25","date_gmt":"2021-07-13T06:49:25","guid":{"rendered":"https:\/\/portaltest.atauni.edu.tr\/bilgisayar-muhendisligi\/?page_id=5638"},"modified":"2021-09-13T13:54:39","modified_gmt":"2021-09-13T10:54:39","slug":"tarihce","status":"publish","type":"page","link":"https:\/\/atauni.edu.tr\/yok-burslari-takip-ofisi-koordinatorlugu\/tarihce\/","title":{"rendered":"Tarih\u00e7e"},"content":{"rendered":"\t\t<div data-elementor-type=\"wp-page\" data-elementor-id=\"5638\" class=\"elementor elementor-5638\" data-elementor-post-type=\"page\">\n\t\t\t\t\t\t<section class=\"elementor-section elementor-top-section elementor-element elementor-element-730d320 elementor-section-boxed elementor-section-height-default elementor-section-height-default\" data-id=\"730d320\" data-element_type=\"section\">\n\t\t\t\t\t\t<div class=\"elementor-container elementor-column-gap-default\">\n\t\t\t\t\t<div class=\"elementor-column elementor-col-100 elementor-top-column elementor-element elementor-element-753d0860\" data-id=\"753d0860\" data-element_type=\"column\">\n\t\t\t<div class=\"elementor-widget-wrap\">\n\t\t\t\t\t\t\t<\/div>\n\t\t<\/div>\n\t\t\t\t\t<\/div>\n\t\t<\/section>\n\t\t\t\t<section class=\"elementor-section elementor-top-section elementor-element elementor-element-9be811a elementor-section-boxed elementor-section-height-default elementor-section-height-default\" data-id=\"9be811a\" data-element_type=\"section\">\n\t\t\t\t\t\t<div class=\"elementor-container elementor-column-gap-default\">\n\t\t\t\t\t<div class=\"elementor-column elementor-col-100 elementor-top-column elementor-element elementor-element-1ed847b7\" data-id=\"1ed847b7\" data-element_type=\"column\">\n\t\t\t<div class=\"elementor-widget-wrap elementor-element-populated\">\n\t\t\t\t\t\t<div class=\"elementor-element elementor-element-4ce0d07f elementor-widget elementor-widget-heading\" data-id=\"4ce0d07f\" data-element_type=\"widget\" data-widget_type=\"heading.default\">\n\t\t\t\t<div class=\"elementor-widget-container\">\n\t\t\t\t\t<h2 class=\"elementor-heading-title elementor-size-default\">Tarih\u00e7e<\/h2>\t\t\t\t<\/div>\n\t\t\t\t<\/div>\n\t\t\t\t<div class=\"elementor-element elementor-element-63260862 elementor-widget-divider--view-line elementor-widget elementor-widget-divider\" data-id=\"63260862\" data-element_type=\"widget\" data-widget_type=\"divider.default\">\n\t\t\t\t<div class=\"elementor-widget-container\">\n\t\t\t\t\t\t\t<div class=\"elementor-divider\">\n\t\t\t<span class=\"elementor-divider-separator\">\n\t\t\t\t\t\t<\/span>\n\t\t<\/div>\n\t\t\t\t\t\t<\/div>\n\t\t\t\t<\/div>\n\t\t\t\t\t<\/div>\n\t\t<\/div>\n\t\t\t\t\t<\/div>\n\t\t<\/section>\n\t\t\t\t<section class=\"elementor-section elementor-top-section elementor-element elementor-element-681db8b elementor-section-boxed elementor-section-height-default elementor-section-height-default\" data-id=\"681db8b\" data-element_type=\"section\">\n\t\t\t\t\t\t<div class=\"elementor-container elementor-column-gap-default\">\n\t\t\t\t\t<div class=\"elementor-column elementor-col-100 elementor-top-column elementor-element elementor-element-ad4dac5\" data-id=\"ad4dac5\" data-element_type=\"column\">\n\t\t\t<div class=\"elementor-widget-wrap elementor-element-populated\">\n\t\t\t\t\t\t<div class=\"elementor-element elementor-element-2f96b3d elementor-widget elementor-widget-text-editor\" data-id=\"2f96b3d\" data-element_type=\"widget\" data-widget_type=\"text-editor.default\">\n\t\t\t\t<div class=\"elementor-widget-container\">\n\t\t\t\t\t\t\t\t\t<p>Atat\u00fcrk \u00dcniversitesi Y\u00d6K Burslar\u0131 Takip Ofisi Koordinat\u00f6rl\u00fc\u011f\u00fc&#8217;n\u00fcn tarih\u00e7esi, y\u00fcksek\u00f6\u011fretim kurumlar\u0131nda \u00f6\u011frencilere verilen burs ve desteklerin koordine edilmesiyle ba\u011flant\u0131l\u0131 bir ge\u00e7mi\u015fe sahiptir. Bu ofis, \u00fcniversitelerde \u00f6\u011frenim g\u00f6ren \u00f6\u011frencilerin maddi desteksizlik nedeniyle \u00f6\u011frenimlerini s\u00fcrd\u00fcrmekte zorluk ya\u015famamalar\u0131 ad\u0131na olu\u015fturulmu\u015f bir yap\u0131d\u0131r.<\/p>\n<p>\u00dcniversitelerin geli\u015fimi ve \u00f6\u011frencilere verilen desteklerin artmas\u0131yla birlikte, b\u00f6yle bir ofisin kurulmas\u0131n\u0131n\u5fc5\u8981 oldu\u011fu anla\u015f\u0131lm\u0131\u015ft\u0131r. Ofis, \u00f6\u011frencilerin burslarla ilgili i\u015flemlerini kolayla\u015ft\u0131rarak, \u00f6\u011frenim hayatlar\u0131n\u0131 daha da g\u00fczelle\u015ftirmeyi ama\u00e7lar.<\/p>\n<p>Bu ba\u011flamda, Atat\u00fcrk \u00dcniversitesi Y\u00d6K Burslar\u0131 Takip Ofisi Koordinat\u00f6rl\u00fc\u011f\u00fc&#8217;n\u00fcn kurulmas\u0131, y\u00fcksek\u00f6\u011fretim sisteminde \u00f6\u011frencilere verilen deste\u011fin \u00f6nemli bir par\u00e7as\u0131d\u0131r. \u00d6\u011frencilerin burs ba\u015fvurular\u0131ndan, burslar\u0131n da\u011f\u0131t\u0131lmas\u0131na kadar olan s\u00fcre\u00e7lerin takibini yaparak, i\u015flemlerin sorunsuz ve etkin bir \u015fekilde y\u00fcr\u00fct\u00fclmesini sa\u011flar.<\/p>\n<p>Ofis ayr\u0131ca, \u00f6\u011frencilerin \u00f6\u011frenim hayatlar\u0131 boyunca kar\u015f\u0131la\u015ft\u0131klar\u0131 sorunlara \u00e7\u00f6z\u00fcm \u00fcretmek i\u00e7in \u00e7al\u0131\u015fmalar yapar. \u00d6\u011frencilere rehberlik hizmeti sunarak, burs ba\u015fvuru s\u00fcre\u00e7lerinde onlar\u0131 y\u00f6nlendirir ve destekler.<\/p>\n<p>Sonu\u00e7 olarak, Atat\u00fcrk \u00dcniversitesi Y\u00d6K Burslar\u0131 Takip Ofisi Koordinat\u00f6rl\u00fc\u011f\u00fc&#8217;n\u00fcn tarih\u00e7esi, y\u00fcksek\u00f6\u011fretimdeki \u00f6\u011frenci deste\u011fine katk\u0131da bulunan \u00f6nemli bir giri\u015fimin hikayesidir. \u00d6\u011frencilerin \u00f6\u011frenim hayatlar\u0131n\u0131 desteklemek ve kolayla\u015ft\u0131rmak i\u00e7in var olan bu ofis, e\u011fitim sisteminin temel ta\u015flar\u0131ndan biri olarak kabul edilebilir.<\/p>\t\t\t\t\t\t\t\t<\/div>\n\t\t\t\t<\/div>\n\t\t\t\t\t<\/div>\n\t\t<\/div>\n\t\t\t\t\t<\/div>\n\t\t<\/section>\n\t\t\t\t<\/div>\n\t\t","protected":false},"excerpt":{"rendered":"<p>Tarih\u00e7e Lorem Ipsum Nedir? Lorem Ipsum, dizgi ve bask\u0131 end\u00fcstrisinde kullan\u0131lan m\u0131g\u0131r metinlerdir. Lorem Ipsum, ad\u0131 bilinmeyen bir matbaac\u0131n\u0131n bir hurufat numune kitab\u0131 olu\u015fturmak \u00fczere bir yaz\u0131 galerisini alarak kar\u0131\u015ft\u0131rd\u0131\u011f\u0131 1500&#8217;lerden beri end\u00fcstri standard\u0131 sahte metinler olarak kullan\u0131lm\u0131\u015ft\u0131r. Be\u015fy\u00fcz y\u0131l boyunca varl\u0131\u011f\u0131n\u0131 s\u00fcrd\u00fcrmekle kalmam\u0131\u015f, ayn\u0131 zamanda pek de\u011fi\u015fmeden elektronik dizgiye de s\u0131\u00e7ram\u0131\u015ft\u0131r. 1960&#8217;larda Lorem Ipsum [&hellip;]<\/p>\n","protected":false},"author":1,"featured_media":0,"parent":0,"menu_order":0,"comment_status":"closed","ping_status":"closed","template":"","meta":{"footnotes":""},"class_list":["post-5638","page","type-page","status-publish","hentry"],"_links":{"self":[{"href":"https:\/\/atauni.edu.tr\/yok-burslari-takip-ofisi-koordinatorlugu\/wp-json\/wp\/v2\/pages\/5638","targetHints":{"allow":["GET"]}}],"collection":[{"href":"https:\/\/atauni.edu.tr\/yok-burslari-takip-ofisi-koordinatorlugu\/wp-json\/wp\/v2\/pages"}],"about":[{"href":"https:\/\/atauni.edu.tr\/yok-burslari-takip-ofisi-koordinatorlugu\/wp-json\/wp\/v2\/types\/page"}],"author":[{"embeddable":true,"href":"https:\/\/atauni.edu.tr\/yok-burslari-takip-ofisi-koordinatorlugu\/wp-json\/wp\/v2\/users\/1"}],"replies":[{"embeddable":true,"href":"https:\/\/atauni.edu.tr\/yok-burslari-takip-ofisi-koordinatorlugu\/wp-json\/wp\/v2\/comments?post=5638"}],"version-history":[{"count":22,"href":"https:\/\/atauni.edu.tr\/yok-burslari-takip-ofisi-koordinatorlugu\/wp-json\/wp\/v2\/pages\/5638\/revisions"}],"predecessor-version":[{"id":6127,"href":"https:\/\/atauni.edu.tr\/yok-burslari-takip-ofisi-koordinatorlugu\/wp-json\/wp\/v2\/pages\/5638\/revisions\/6127"}],"wp:attachment":[{"href":"https:\/\/atauni.edu.tr\/yok-burslari-takip-ofisi-koordinatorlugu\/wp-json\/wp\/v2\/media?parent=5638"}],"curies":[{"name":"wp","href":"https:\/\/api.w.org\/{rel}","templated":true}]}}