{"id":5682,"date":"2021-07-21T10:10:00","date_gmt":"2021-07-21T07:10:00","guid":{"rendered":"https:\/\/portaltest.atauni.edu.tr\/bilgisayar-muhendisligi\/?page_id=5682"},"modified":"2022-07-21T12:04:56","modified_gmt":"2022-07-21T09:04:56","slug":"misyon-vizyon-ve-temel-degerler","status":"publish","type":"page","link":"https:\/\/atauni.edu.tr\/yonetim-bilisim-sistemleri-8\/misyon-vizyon-ve-temel-degerler\/","title":{"rendered":"Misyon, Vizyon ve Temel De\u011ferler"},"content":{"rendered":"\t\t<div data-elementor-type=\"wp-page\" data-elementor-id=\"5682\" class=\"elementor elementor-5682\" data-elementor-post-type=\"page\">\n\t\t\t\t\t\t<section class=\"elementor-section elementor-top-section elementor-element elementor-element-9be811a elementor-section-boxed elementor-section-height-default elementor-section-height-default\" data-id=\"9be811a\" data-element_type=\"section\">\n\t\t\t\t\t\t<div class=\"elementor-container elementor-column-gap-default\">\n\t\t\t\t\t<div class=\"elementor-column elementor-col-100 elementor-top-column elementor-element elementor-element-1ed847b7\" data-id=\"1ed847b7\" data-element_type=\"column\">\n\t\t\t<div class=\"elementor-widget-wrap elementor-element-populated\">\n\t\t\t\t\t\t<div class=\"elementor-element elementor-element-4ce0d07f elementor-widget elementor-widget-heading\" data-id=\"4ce0d07f\" data-element_type=\"widget\" data-widget_type=\"heading.default\">\n\t\t\t\t<div class=\"elementor-widget-container\">\n\t\t\t\t\t<h2 class=\"elementor-heading-title elementor-size-default\">Misyon, Vizyon ve Temel De\u011ferler<\/h2>\t\t\t\t<\/div>\n\t\t\t\t<\/div>\n\t\t\t\t<div class=\"elementor-element elementor-element-7dea1fc elementor-widget elementor-widget-text-editor\" data-id=\"7dea1fc\" data-element_type=\"widget\" data-widget_type=\"text-editor.default\">\n\t\t\t\t<div class=\"elementor-widget-container\">\n\t\t\t\t\t\t\t\t\t<p><span style=\"font-family: monospace;font-size: 14.16px\">Y\u00f6netim Bili\u015fim Sistemleri B\u00f6l\u00fcm\u00fcn\u00fcn temel amac\u0131; bili\u015fim sistemlerini kurumlarla bulu\u015fturabilecek, bili\u015fim sistemlerinin kurumsal de\u011ferlerle \u00f6zde\u015fle\u015fmesini ve kurumlar\u0131n stratejik bir de\u011feri olarak kabul g\u00f6rebilmesini sa\u011flayabilecek bili\u015fim sistem y\u00f6neticileri yeti\u015ftirmektir. Bu do\u011frultuda y\u00f6netim bili\u015fim sistemleri b\u00f6l\u00fcm\u00fc a\u015fa\u011f\u0131daki ilkeleri esas kabul etmektedir:<\/span><br style=\"font-family: monospace;font-size: 14.16px\" \/><span style=\"font-family: monospace;font-size: 14.16px\">1. Bili\u015fim sistemlerinin takibinin ve sahada uygulamaya konmas\u0131 ile ilgili esaslar\u0131n kurumsal bak\u0131\u015f a\u00e7\u0131s\u0131yla ger\u00e7ekle\u015ftirilmesi.<\/span><br style=\"font-family: monospace;font-size: 14.16px\" \/><span style=\"font-family: monospace;font-size: 14.16px\">2. Bili\u015fim sistemleri ve bu sistemlerin y\u00f6netimi ile ilgili bilimsel \u00e7al\u0131\u015fmalar\u0131n, Uluslararas\u0131 akademik esaslardan \u00f6d\u00fcn vermeden, \u00e7oklu disiplinli yakla\u015f\u0131mlarla y\u00fcr\u00fct\u00fclmesi.<\/span><br style=\"font-family: monospace;font-size: 14.16px\" \/><span style=\"font-family: monospace;font-size: 14.16px\">3. \u00d6\u011frencilerin, \u00f6\u011fretim elemanlar\u0131n\u0131n, b\u00f6l\u00fcm norm ve de\u011ferlerinin ve stratejilerinin i\u00e7 payda\u015f olarak kabul edilmesinin yan\u0131 s\u0131ra; toplumun t\u00fcm dinamiklerinin, ekonomik ve politik geli\u015fmelerin, bili\u015fim sistemleri ile ilgili yakla\u015f\u0131mlar geli\u015ftiren t\u00fcm sekt\u00f6rlerin ve STKlar\u0131n, T\u00fcrkiye\u2019de ve d\u00fcnyada faaliyet g\u00f6steren di\u011fer YBS programlar\u0131n\u0131n d\u0131\u015f payda\u015f olarak kabul edilmesi ve bunlarla ortak akademik \u00e7al\u0131\u015fmalar\u0131n kaliteden \u00f6d\u00fcn vermeden yerine getirilmesi.<\/span><br style=\"font-family: monospace;font-size: 14.16px\" \/><br style=\"font-family: monospace;font-size: 14.16px\" \/><span style=\"font-family: monospace;font-size: 14.16px\">Y\u00f6netim Bili\u015fim Sistemleri B\u00f6l\u00fcm\u00fcn\u00fcn Vizyon bildirisi;<\/span><br style=\"font-family: monospace;font-size: 14.16px\" \/><br style=\"font-family: monospace;font-size: 14.16px\" \/><span style=\"font-family: monospace;font-size: 14.16px\">Uluslararas\u0131 sahada akademik \u00e7evreler ve sekt\u00f6r temsilcileri taraf\u0131ndan itibar g\u00f6ren bilimsel bir kurum olmak.<\/span><\/p>\t\t\t\t\t\t\t\t<\/div>\n\t\t\t\t<\/div>\n\t\t\t\t<div class=\"elementor-element elementor-element-63260862 elementor-widget-divider--view-line elementor-widget elementor-widget-divider\" data-id=\"63260862\" data-element_type=\"widget\" data-widget_type=\"divider.default\">\n\t\t\t\t<div class=\"elementor-widget-container\">\n\t\t\t\t\t\t\t<div class=\"elementor-divider\">\n\t\t\t<span class=\"elementor-divider-separator\">\n\t\t\t\t\t\t<\/span>\n\t\t<\/div>\n\t\t\t\t\t\t<\/div>\n\t\t\t\t<\/div>\n\t\t\t\t\t<\/div>\n\t\t<\/div>\n\t\t\t\t\t<\/div>\n\t\t<\/section>\n\t\t\t\t<\/div>\n\t\t","protected":false},"excerpt":{"rendered":"<p>Misyon, Vizyon ve Temel De\u011ferler Y\u00f6netim Bili\u015fim Sistemleri B\u00f6l\u00fcm\u00fcn\u00fcn temel amac\u0131; bili\u015fim sistemlerini kurumlarla bulu\u015fturabilecek, bili\u015fim sistemlerinin kurumsal de\u011ferlerle \u00f6zde\u015fle\u015fmesini ve kurumlar\u0131n stratejik bir de\u011feri olarak kabul g\u00f6rebilmesini sa\u011flayabilecek bili\u015fim sistem y\u00f6neticileri yeti\u015ftirmektir. Bu do\u011frultuda y\u00f6netim bili\u015fim sistemleri b\u00f6l\u00fcm\u00fc a\u015fa\u011f\u0131daki ilkeleri esas kabul etmektedir:1. Bili\u015fim sistemlerinin takibinin ve sahada uygulamaya konmas\u0131 ile ilgili esaslar\u0131n kurumsal [&hellip;]<\/p>\n","protected":false},"author":1,"featured_media":0,"parent":0,"menu_order":0,"comment_status":"closed","ping_status":"closed","template":"elementor_header_footer","meta":{"footnotes":""},"class_list":["post-5682","page","type-page","status-publish","hentry"],"_links":{"self":[{"href":"https:\/\/atauni.edu.tr\/yonetim-bilisim-sistemleri-8\/wp-json\/wp\/v2\/pages\/5682","targetHints":{"allow":["GET"]}}],"collection":[{"href":"https:\/\/atauni.edu.tr\/yonetim-bilisim-sistemleri-8\/wp-json\/wp\/v2\/pages"}],"about":[{"href":"https:\/\/atauni.edu.tr\/yonetim-bilisim-sistemleri-8\/wp-json\/wp\/v2\/types\/page"}],"author":[{"embeddable":true,"href":"https:\/\/atauni.edu.tr\/yonetim-bilisim-sistemleri-8\/wp-json\/wp\/v2\/users\/1"}],"replies":[{"embeddable":true,"href":"https:\/\/atauni.edu.tr\/yonetim-bilisim-sistemleri-8\/wp-json\/wp\/v2\/comments?post=5682"}],"version-history":[{"count":15,"href":"https:\/\/atauni.edu.tr\/yonetim-bilisim-sistemleri-8\/wp-json\/wp\/v2\/pages\/5682\/revisions"}],"predecessor-version":[{"id":6212,"href":"https:\/\/atauni.edu.tr\/yonetim-bilisim-sistemleri-8\/wp-json\/wp\/v2\/pages\/5682\/revisions\/6212"}],"wp:attachment":[{"href":"https:\/\/atauni.edu.tr\/yonetim-bilisim-sistemleri-8\/wp-json\/wp\/v2\/media?parent=5682"}],"curies":[{"name":"wp","href":"https:\/\/api.w.org\/{rel}","templated":true}]}}