{"id":5728,"date":"2021-07-13T11:33:38","date_gmt":"2021-07-13T08:33:38","guid":{"rendered":"https:\/\/portaltest.atauni.edu.tr\/bilgisayar-muhendisligi\/?page_id=5728"},"modified":"2021-09-27T09:58:19","modified_gmt":"2021-09-27T06:58:19","slug":"anabilim-dali-tanitimi","status":"publish","type":"page","link":"https:\/\/atauni.edu.tr\/yonetim-bilisim-sistemleri-8\/anabilim-dali-tanitimi\/","title":{"rendered":"Anabilim Dal\u0131 Tan\u0131t\u0131m\u0131"},"content":{"rendered":"\t\t<div data-elementor-type=\"wp-page\" data-elementor-id=\"5728\" class=\"elementor elementor-5728\" data-elementor-post-type=\"page\">\n\t\t\t\t\t\t<section class=\"elementor-section elementor-top-section elementor-element elementor-element-730d320 elementor-section-boxed elementor-section-height-default elementor-section-height-default\" data-id=\"730d320\" data-element_type=\"section\">\n\t\t\t\t\t\t<div class=\"elementor-container elementor-column-gap-default\">\n\t\t\t\t\t<div class=\"elementor-column elementor-col-100 elementor-top-column elementor-element elementor-element-753d0860\" data-id=\"753d0860\" data-element_type=\"column\">\n\t\t\t<div class=\"elementor-widget-wrap\">\n\t\t\t\t\t\t\t<\/div>\n\t\t<\/div>\n\t\t\t\t\t<\/div>\n\t\t<\/section>\n\t\t\t\t<section class=\"elementor-section elementor-top-section elementor-element elementor-element-9be811a elementor-section-boxed elementor-section-height-default elementor-section-height-default\" data-id=\"9be811a\" data-element_type=\"section\">\n\t\t\t\t\t\t<div class=\"elementor-container elementor-column-gap-default\">\n\t\t\t\t\t<div class=\"elementor-column elementor-col-100 elementor-top-column elementor-element elementor-element-1ed847b7\" data-id=\"1ed847b7\" data-element_type=\"column\">\n\t\t\t<div class=\"elementor-widget-wrap elementor-element-populated\">\n\t\t\t\t\t\t<div class=\"elementor-element elementor-element-4ce0d07f elementor-widget elementor-widget-heading\" data-id=\"4ce0d07f\" data-element_type=\"widget\" data-widget_type=\"heading.default\">\n\t\t\t\t<div class=\"elementor-widget-container\">\n\t\t\t\t\t<h2 class=\"elementor-heading-title elementor-size-default\">B\u00f6l\u00fcm Tan\u0131t\u0131m\u0131<\/h2>\t\t\t\t<\/div>\n\t\t\t\t<\/div>\n\t\t\t\t<div class=\"elementor-element elementor-element-63260862 elementor-widget-divider--view-line elementor-widget elementor-widget-divider\" data-id=\"63260862\" data-element_type=\"widget\" data-widget_type=\"divider.default\">\n\t\t\t\t<div class=\"elementor-widget-container\">\n\t\t\t\t\t\t\t<div class=\"elementor-divider\">\n\t\t\t<span class=\"elementor-divider-separator\">\n\t\t\t\t\t\t<\/span>\n\t\t<\/div>\n\t\t\t\t\t\t<\/div>\n\t\t\t\t<\/div>\n\t\t\t\t\t<\/div>\n\t\t<\/div>\n\t\t\t\t\t<\/div>\n\t\t<\/section>\n\t\t\t\t<section class=\"elementor-section elementor-top-section elementor-element elementor-element-681db8b elementor-section-boxed elementor-section-height-default elementor-section-height-default\" data-id=\"681db8b\" data-element_type=\"section\">\n\t\t\t\t\t\t<div class=\"elementor-container elementor-column-gap-default\">\n\t\t\t\t\t<div class=\"elementor-column elementor-col-100 elementor-top-column elementor-element elementor-element-ad4dac5\" data-id=\"ad4dac5\" data-element_type=\"column\">\n\t\t\t<div class=\"elementor-widget-wrap elementor-element-populated\">\n\t\t\t\t\t\t<div class=\"elementor-element elementor-element-2f96b3d elementor-widget elementor-widget-text-editor\" data-id=\"2f96b3d\" data-element_type=\"widget\" data-widget_type=\"text-editor.default\">\n\t\t\t\t<div class=\"elementor-widget-container\">\n\t\t\t\t\t\t\t\t\t<html>\n<body>\n<h2>Anabilim Dal\u0131 Tan\u0131t\u0131m\u0131<\/h2>\n<p>Y\u00f6netim Bili\u015fim Sistemleri anabilim dal\u0131, i\u015fletme ve y\u00f6netim faaliyetlerinde bilgi teknolojilerinin etkin kullan\u0131m\u0131n\u0131 hedefleyen bir disiplinler aras\u0131 aland\u0131r. Bu alan, i\u015fletmelerde veri toplama, i\u015fleme, depolama ve\u5206\u6790 yoluyla karar vermeyi destekleyici sistemlerin geli\u015ftirilmesi ve uygulanmas\u0131n\u0131 kapsar.<\/p>\n<p>Anabilim dal\u0131m\u0131z\u0131n amac\u0131, \u00f6\u011frencilere y\u00f6netim bili\u015fim sistemlerinin temel ilkeleri, teknolojileri ve uygulamalar\u0131 hakk\u0131nda derin bir anlay\u0131\u015f kazand\u0131rmakt\u0131r. Ayr\u0131ca, \u00f6\u011frencilerin kritik d\u00fc\u015f\u00fcnebilmeleri, problemleri \u00e7\u00f6zme yeteneklerini geli\u015ftirebilmeleri ve tak\u0131m \u00e7al\u0131\u015fmas\u0131 yapabilmeleri te\u015fvik edilir.<\/p>\n<p>Program\u0131n i\u00e7eri\u011fi, y\u00f6netim bili\u015fim sistemleri teorisinden uygulamaya kadar \u00e7e\u015fitli konular\u0131 kapsar. Bunlar aras\u0131nda veri taban\u0131 y\u00f6netimi, yaz\u0131l\u0131m geli\u015ftirme, a\u011f ve bilgisayar sistemleri, y\u00f6netim bilgi sistemi tasar\u0131m\u0131 ve uygulamas\u0131 yer al\u0131r.<\/p>\n<p>Mezunlar\u0131m\u0131z, \u00e7e\u015fitli sekt\u00f6rlerde y\u00f6netim bili\u015fim sistemleri alan\u0131nda uzman olarak\t\t\t\t\t\t\t\t<\/div>\n\t\t\t\t<\/div>\n\t\t\t\t\t<\/div>\n\t\t<\/div>\n\t\t\t\t\t<\/div>\n\t\t<\/section>\n\t\t\t\t<\/div>\n\t\t","protected":false},"excerpt":{"rendered":"<p>B\u00f6l\u00fcm Tan\u0131t\u0131m\u0131 Lorem Ipsum Nedir? Lorem Ipsum, dizgi ve bask\u0131 end\u00fcstrisinde kullan\u0131lan m\u0131g\u0131r metinlerdir. Lorem Ipsum, ad\u0131 bilinmeyen bir matbaac\u0131n\u0131n bir hurufat numune kitab\u0131 olu\u015fturmak \u00fczere bir yaz\u0131 galerisini alarak kar\u0131\u015ft\u0131rd\u0131\u011f\u0131 1500&#8217;lerden beri end\u00fcstri standard\u0131 sahte metinler olarak kullan\u0131lm\u0131\u015ft\u0131r. Be\u015fy\u00fcz y\u0131l boyunca varl\u0131\u011f\u0131n\u0131 s\u00fcrd\u00fcrmekle kalmam\u0131\u015f, ayn\u0131 zamanda pek de\u011fi\u015fmeden elektronik dizgiye de s\u0131\u00e7ram\u0131\u015ft\u0131r. 1960&#8217;larda Lorem [&hellip;]<\/p>\n","protected":false},"author":1,"featured_media":0,"parent":0,"menu_order":0,"comment_status":"closed","ping_status":"closed","template":"elementor_header_footer","meta":{"footnotes":""},"class_list":["post-5728","page","type-page","status-publish","hentry"],"_links":{"self":[{"href":"https:\/\/atauni.edu.tr\/yonetim-bilisim-sistemleri-8\/wp-json\/wp\/v2\/pages\/5728","targetHints":{"allow":["GET"]}}],"collection":[{"href":"https:\/\/atauni.edu.tr\/yonetim-bilisim-sistemleri-8\/wp-json\/wp\/v2\/pages"}],"about":[{"href":"https:\/\/atauni.edu.tr\/yonetim-bilisim-sistemleri-8\/wp-json\/wp\/v2\/types\/page"}],"author":[{"embeddable":true,"href":"https:\/\/atauni.edu.tr\/yonetim-bilisim-sistemleri-8\/wp-json\/wp\/v2\/users\/1"}],"replies":[{"embeddable":true,"href":"https:\/\/atauni.edu.tr\/yonetim-bilisim-sistemleri-8\/wp-json\/wp\/v2\/comments?post=5728"}],"version-history":[{"count":9,"href":"https:\/\/atauni.edu.tr\/yonetim-bilisim-sistemleri-8\/wp-json\/wp\/v2\/pages\/5728\/revisions"}],"predecessor-version":[{"id":6145,"href":"https:\/\/atauni.edu.tr\/yonetim-bilisim-sistemleri-8\/wp-json\/wp\/v2\/pages\/5728\/revisions\/6145"}],"wp:attachment":[{"href":"https:\/\/atauni.edu.tr\/yonetim-bilisim-sistemleri-8\/wp-json\/wp\/v2\/media?parent=5728"}],"curies":[{"name":"wp","href":"https:\/\/api.w.org\/{rel}","templated":true}]}}