{"id":5682,"date":"2021-07-13T10:10:01","date_gmt":"2021-07-13T07:10:01","guid":{"rendered":"https:\/\/portaltest.atauni.edu.tr\/bilgisayar-muhendisligi\/?page_id=5682"},"modified":"2026-02-24T11:49:11","modified_gmt":"2026-02-24T08:49:11","slug":"misyon-vizyon-ve-temel-degerler","status":"publish","type":"page","link":"https:\/\/atauni.edu.tr\/yonetim-bilisim-sistemleri-bolumu\/misyon-vizyon-ve-temel-degerler\/","title":{"rendered":"Misyon, Vizyon ve Temel De\u011ferler"},"content":{"rendered":"\t\t<div data-elementor-type=\"wp-page\" data-elementor-id=\"5682\" class=\"elementor elementor-5682\" data-elementor-post-type=\"page\">\n\t\t\t\t\t\t<section class=\"elementor-section elementor-top-section elementor-element elementor-element-730d320 elementor-section-boxed elementor-section-height-default elementor-section-height-default\" data-id=\"730d320\" data-element_type=\"section\">\n\t\t\t\t\t\t<div class=\"elementor-container elementor-column-gap-default\">\n\t\t\t\t\t<div class=\"elementor-column elementor-col-100 elementor-top-column elementor-element elementor-element-753d0860\" data-id=\"753d0860\" data-element_type=\"column\">\n\t\t\t<div class=\"elementor-widget-wrap\">\n\t\t\t\t\t\t\t<\/div>\n\t\t<\/div>\n\t\t\t\t\t<\/div>\n\t\t<\/section>\n\t\t\t\t<section class=\"elementor-section elementor-top-section elementor-element elementor-element-9be811a elementor-section-boxed elementor-section-height-default elementor-section-height-default\" data-id=\"9be811a\" data-element_type=\"section\">\n\t\t\t\t\t\t<div class=\"elementor-container elementor-column-gap-default\">\n\t\t\t\t\t<div class=\"elementor-column elementor-col-100 elementor-top-column elementor-element elementor-element-1ed847b7\" data-id=\"1ed847b7\" data-element_type=\"column\">\n\t\t\t<div class=\"elementor-widget-wrap elementor-element-populated\">\n\t\t\t\t\t\t<div class=\"elementor-element elementor-element-4ce0d07f elementor-widget elementor-widget-heading\" data-id=\"4ce0d07f\" data-element_type=\"widget\" data-widget_type=\"heading.default\">\n\t\t\t\t<div class=\"elementor-widget-container\">\n\t\t\t\t\t<h2 class=\"elementor-heading-title elementor-size-default\">Misyon, Vizyon ve Temel De\u011ferler<\/h2>\t\t\t\t<\/div>\n\t\t\t\t<\/div>\n\t\t\t\t<div class=\"elementor-element elementor-element-63260862 elementor-widget-divider--view-line elementor-widget elementor-widget-divider\" data-id=\"63260862\" data-element_type=\"widget\" data-widget_type=\"divider.default\">\n\t\t\t\t<div class=\"elementor-widget-container\">\n\t\t\t\t\t\t\t<div class=\"elementor-divider\">\n\t\t\t<span class=\"elementor-divider-separator\">\n\t\t\t\t\t\t<\/span>\n\t\t<\/div>\n\t\t\t\t\t\t<\/div>\n\t\t\t\t<\/div>\n\t\t\t\t\t<\/div>\n\t\t<\/div>\n\t\t\t\t\t<\/div>\n\t\t<\/section>\n\t\t\t\t<section class=\"elementor-section elementor-top-section elementor-element elementor-element-681db8b elementor-section-boxed elementor-section-height-default elementor-section-height-default\" data-id=\"681db8b\" data-element_type=\"section\">\n\t\t\t\t\t\t<div class=\"elementor-container elementor-column-gap-default\">\n\t\t\t\t\t<div class=\"elementor-column elementor-col-100 elementor-top-column elementor-element elementor-element-ad4dac5\" data-id=\"ad4dac5\" data-element_type=\"column\">\n\t\t\t<div class=\"elementor-widget-wrap elementor-element-populated\">\n\t\t\t\t\t\t<div class=\"elementor-element elementor-element-2f96b3d elementor-widget elementor-widget-text-editor\" data-id=\"2f96b3d\" data-element_type=\"widget\" data-widget_type=\"text-editor.default\">\n\t\t\t\t<div class=\"elementor-widget-container\">\n\t\t\t\t\t\t\t\t\t<div>\n<p dir=\"ltr\" style=\"line-height: 1.38;margin-top: 0pt;margin-bottom: 0pt\"><span style=\"font-size: 11pt;font-family: Arial,sans-serif;color: #000000;background-color: transparent;font-weight: bold;font-style: normal;font-variant: normal;text-decoration: none;vertical-align: baseline;white-space: pre-wrap\">2. Program E\u011fitim Ama\u00e7lar\u0131<\/span><\/p>\n<p><b id=\"docs-internal-guid-89287325-7fff-a345-3f51-9980e40c16bc\" style=\"font-weight: normal\">&nbsp;<\/b><\/p>\n<p dir=\"ltr\" style=\"line-height: 1.38;margin-top: 0pt;margin-bottom: 0pt\"><span style=\"font-size: 1rem;letter-spacing: 0px\">&nbsp;<\/span><\/p>\n<p dir=\"ltr\" style=\"line-height: 1.38;margin-top: 0pt;margin-bottom: 0pt\"><span style=\"font-size: 11pt;font-family: Arial,sans-serif;color: #000000;background-color: transparent;font-weight: 400;font-style: normal;font-variant: normal;text-decoration: none;vertical-align: baseline;white-space: pre-wrap\">Atat\u00fcrk \u00dcniversitesi \u0130ktisadi ve \u0130dari Bilimler Fak\u00fcltesi Y\u00f6netim Bili\u015fim Sistemleri B\u00f6l\u00fcm\u00fc, Program yeterliliklerini a\u015fa\u011f\u0131daki maddeler \u00e7er\u00e7evesinde ele almaktad\u0131r:<\/span><\/p>\n<p><b style=\"font-weight: normal\">&nbsp;<\/b><\/p>\n<p dir=\"ltr\" style=\"line-height: 1.38;margin-top: 0pt;margin-bottom: 0pt\"><span style=\"font-size: 11pt;font-family: Arial,sans-serif;color: #000000;background-color: transparent;font-weight: 400;font-style: normal;font-variant: normal;text-decoration: none;vertical-align: baseline;white-space: pre-wrap\">a. Proje y\u00f6netimi teknikleri ile bili\u015fim sistemlerinin analizini ve tasar\u0131m\u0131n\u0131 yapar.<\/span><\/p>\n<p dir=\"ltr\" style=\"line-height: 1.38;margin-top: 0pt;margin-bottom: 0pt\"><span style=\"font-size: 11pt;font-family: Arial,sans-serif;color: #000000;background-color: transparent;font-weight: 400;font-style: normal;font-variant: normal;text-decoration: none;vertical-align: baseline;white-space: pre-wrap\">b. \u0130\u015fletme ihtiya\u00e7lar\u0131na y\u00f6nelik uygulamalar geli\u015ftirir.<\/span><\/p>\n<p dir=\"ltr\" style=\"line-height: 1.38;margin-top: 0pt;margin-bottom: 0pt\"><span style=\"font-size: 11pt;font-family: Arial,sans-serif;color: #000000;background-color: transparent;font-weight: 400;font-style: normal;font-variant: normal;text-decoration: none;vertical-align: baseline;white-space: pre-wrap\">c. Y\u00f6neticilerin karar s\u00fcre\u00e7lerine yard\u0131mc\u0131 olacak bilgi birikimine sahip olur.<\/span><\/p>\n<p dir=\"ltr\" style=\"line-height: 1.38;margin-top: 0pt;margin-bottom: 0pt\"><span style=\"font-size: 11pt;font-family: Arial,sans-serif;color: #000000;background-color: transparent;font-weight: 400;font-style: normal;font-variant: normal;text-decoration: none;vertical-align: baseline;white-space: pre-wrap\">d. Veri taban\u0131 tasarlar ve y\u00f6netir.<\/span><\/p>\n<p dir=\"ltr\" style=\"line-height: 1.38;margin-top: 0pt;margin-bottom: 0pt\"><span style=\"font-size: 11pt;font-family: Arial,sans-serif;color: #000000;background-color: transparent;font-weight: 400;font-style: normal;font-variant: normal;text-decoration: none;vertical-align: baseline;white-space: pre-wrap\">e. Kurumsal a\u011flar\u0131 y\u00f6netir.<\/span><\/p>\n<p dir=\"ltr\" style=\"line-height: 1.38;margin-top: 0pt;margin-bottom: 0pt\"><span style=\"font-size: 11pt;font-family: Arial,sans-serif;color: #000000;background-color: transparent;font-weight: 400;font-style: normal;font-variant: normal;text-decoration: none;vertical-align: baseline;white-space: pre-wrap\">f. Yapay zeka teknolojilerini i\u015fletme ama\u00e7lar\u0131na uygular.<\/span><\/p>\n<p dir=\"ltr\" style=\"line-height: 1.38;margin-top: 0pt;margin-bottom: 0pt\"><span style=\"font-size: 11pt;font-family: Arial,sans-serif;color: #000000;background-color: transparent;font-weight: 400;font-style: normal;font-variant: normal;text-decoration: none;vertical-align: baseline;white-space: pre-wrap\">g. \u0130ngilizce bili\u015fim terminolojisine hakim olur.<\/span><\/p>\n<p dir=\"ltr\" style=\"line-height: 1.38;margin-top: 0pt;margin-bottom: 0pt\"><span style=\"font-size: 11pt;font-family: Arial,sans-serif;color: #000000;background-color: transparent;font-weight: 400;font-style: normal;font-variant: normal;text-decoration: none;vertical-align: baseline;white-space: pre-wrap\">h. Bili\u015fim eti\u011fi ve siber g\u00fcvenlik konular\u0131nda yetkinlik sahibi olur.<\/span><\/p>\n<p><b style=\"font-weight: normal\"><\/b><\/p><b style=\"font-weight: normal\">\n<\/b><p><b style=\"font-weight: normal\"><\/b><\/p>\n<p dir=\"ltr\" style=\"line-height: 1.38;margin-top: 0pt;margin-bottom: 0pt\"><span style=\"font-size: 11pt;font-family: Arial,sans-serif;color: #000000;background-color: transparent;font-weight: 400;font-style: normal;font-variant: normal;text-decoration: none;vertical-align: baseline;white-space: pre-wrap\">Atat\u00fcrk \u00dcniversitesi \u0130ktisadi ve \u0130dari Bilimler Fak\u00fcltesi Y\u00f6netim Bili\u015fim Sistemleri B\u00f6l\u00fcm\u00fc, kurumsal yeterliliklerini ise a\u015fa\u011f\u0131daki maddeler \u00e7er\u00e7evesinde ele almaktad\u0131r:<\/span><\/p>\n<p><b style=\"font-weight: normal\">&nbsp;<\/b><\/p>\n<p dir=\"ltr\" style=\"line-height: 1.38;margin-top: 0pt;margin-bottom: 0pt\"><span style=\"font-size: 11pt;font-family: Arial,sans-serif;color: #000000;background-color: transparent;font-weight: 400;font-style: normal;font-variant: normal;text-decoration: none;vertical-align: baseline;white-space: pre-wrap\">a. Alan\u0131yla ili\u015fkili dijital teknolojileri ve ortamlar\u0131 dijital g\u00fcvenlik ve etik kurallar \u00e7er\u00e7evesinde kullanma ve geli\u015ftirme becerisi kazan\u0131r.<\/span><\/p>\n<p dir=\"ltr\" style=\"line-height: 1.38;margin-top: 0pt;margin-bottom: 0pt\"><span style=\"font-size: 11pt;font-family: Arial,sans-serif;color: #000000;background-color: transparent;font-weight: 400;font-style: normal;font-variant: normal;text-decoration: none;vertical-align: baseline;white-space: pre-wrap\">b. Alan\u0131n\u0131n di\u011fer alanlarla ili\u015fkisini kurar ve disiplinleraras\u0131 \u00e7al\u0131\u015fabilme becerisi kazan\u0131r.<\/span><\/p>\n<p dir=\"ltr\" style=\"line-height: 1.38;margin-top: 0pt;margin-bottom: 0pt\"><span style=\"font-size: 11pt;font-family: Arial,sans-serif;color: #000000;background-color: transparent;font-weight: 400;font-style: normal;font-variant: normal;text-decoration: none;vertical-align: baseline;white-space: pre-wrap\">c. Toplumsal sorunlara y\u00f6nelik \u00e7\u00f6z\u00fcmler \u00fcretir ve payla\u015f\u0131r.<\/span><\/p>\n<p dir=\"ltr\" style=\"line-height: 1.38;margin-top: 0pt;margin-bottom: 0pt\"><span style=\"font-size: 11pt;font-family: Arial,sans-serif;color: #000000;background-color: transparent;font-weight: 400;font-style: normal;font-variant: normal;text-decoration: none;vertical-align: baseline;white-space: pre-wrap\">d. Toplumsal ihtiya\u00e7lara y\u00f6nelik giri\u015fimci fikirler (ara\u015ft\u0131rma, sosyal, \u00fcretim vb.) geli\u015ftirir ve uygular.<\/span><\/p>\n<p dir=\"ltr\" style=\"line-height: 1.38;margin-top: 0pt;margin-bottom: 0pt\"><span style=\"font-size: 11pt;font-family: Arial,sans-serif;color: #000000;background-color: transparent;font-weight: 400;font-style: normal;font-variant: normal;text-decoration: none;vertical-align: baseline;white-space: pre-wrap\">e. Uluslararas\u0131 \u00f6l\u00e7ekte alan\u0131yla ili\u015fkili \u00e7al\u0131\u015fmalar\u0131 takip ederek katk\u0131 sa\u011flama ve i\u015fbirli\u011fi yapma amac\u0131yla bir yabanc\u0131 dili kullanma yeterli\u011fi kazan\u0131r.<\/span><\/p>\n<p><b style=\"font-weight: normal\">&nbsp;<\/b><\/p>\n<p dir=\"ltr\" style=\"line-height: 1.38;text-align: justify;margin-top: 12pt;margin-bottom: 12pt\"><span style=\"font-size: 12pt;font-family: Arial,sans-serif;color: #000000;background-color: transparent;font-weight: bold;font-style: normal;font-variant: normal;text-decoration: none;vertical-align: baseline;white-space: pre-wrap\">Misyon:<\/span><span style=\"font-size: 12pt;font-family: Arial,sans-serif;color: #000000;background-color: transparent;font-weight: bold;font-style: normal;font-variant: normal;text-decoration: none;vertical-align: baseline;white-space: pre-wrap\"><br><\/span><span style=\"font-size: 12pt;font-family: Arial,sans-serif;color: #000000;background-color: transparent;font-weight: 400;font-style: normal;font-variant: normal;text-decoration: none;vertical-align: baseline;white-space: pre-wrap\"> Y\u00f6netim Bili\u015fim Sistemleri B\u00f6l\u00fcm\u00fc\u2019n\u00fcn misyonu; y\u00f6netim bilimleri, bilgi teknolojileri ve yapay zek\u00e2 temelli analitik y\u00f6ntemleri disiplinleraras\u0131 bir yakla\u015f\u0131mla b\u00fct\u00fcnle\u015ftirerek, dijital \u00e7a\u011f\u0131n karma\u015f\u0131k problemlerine yenilik\u00e7i, etik ve s\u00fcrd\u00fcr\u00fclebilir \u00e7\u00f6z\u00fcmler \u00fcretebilen bireyler yeti\u015ftirmek ve bu alanlarda nitelikli bilimsel ara\u015ft\u0131rmalar \u00fcretmektir. B\u00f6l\u00fcm, yapay zek\u00e2, veri bilimi ve bilgi sistemlerini operasyonel ve stratejik karar alma s\u00fcre\u00e7leriyle ili\u015fkilendiren g\u00fc\u00e7l\u00fc bir e\u011fitim ve ara\u015ft\u0131rma anlay\u0131\u015f\u0131yla, teknoloji liderli\u011fi yetkinli\u011fine sahip ve toplumsal fayda yaratabilecek mezunlar kazand\u0131rmay\u0131 ama\u00e7lar.<\/span><\/p>\n<p dir=\"ltr\" style=\"line-height: 1.38;text-align: justify;margin-top: 12pt;margin-bottom: 12pt\"><span style=\"font-size: 12pt;font-family: Arial,sans-serif;color: #000000;background-color: transparent;font-weight: bold;font-style: normal;font-variant: normal;text-decoration: none;vertical-align: baseline;white-space: pre-wrap\">Vizyon:<\/span><span style=\"font-size: 12pt;font-family: Arial,sans-serif;color: #000000;background-color: transparent;font-weight: bold;font-style: normal;font-variant: normal;text-decoration: none;vertical-align: baseline;white-space: pre-wrap\"><br><\/span><span style=\"font-size: 12pt;font-family: Arial,sans-serif;color: #000000;background-color: transparent;font-weight: 400;font-style: normal;font-variant: normal;text-decoration: none;vertical-align: baseline;white-space: pre-wrap\"> Y\u00f6netim Bili\u015fim Sistemleri B\u00f6l\u00fcm\u00fcn\u00fcn Vizyonu; ulusal ve uluslararas\u0131 d\u00fczeyde tan\u0131nan ve gelece\u011fin dijital ekonomisine katk\u0131 sa\u011flamada \u00f6nc\u00fc bir b\u00f6l\u00fcm olmakt\u0131r.&nbsp;<\/span><\/p>\n<p><b style=\"font-weight: normal\"><\/b><\/p><b style=\"font-weight: normal\">\n<\/b><p><b style=\"font-weight: normal\"><\/b><\/p>\n<p dir=\"ltr\" style=\"line-height: 1.38;margin-top: 12pt;margin-bottom: 12pt\"><span style=\"font-size: 12pt;font-family: Arial,sans-serif;color: #000000;background-color: transparent;font-weight: bold;font-style: normal;font-variant: normal;text-decoration: none;vertical-align: baseline;white-space: pre-wrap\">Yap\u0131lan de\u011ferlendirmeler, payda\u015f g\u00f6r\u00fc\u015fmeleri ile program \u00f6\u011fretim ama\u00e7lar\u0131 a\u015fa\u011f\u0131daki gibi belirlenmi\u015ftir. <\/span><span style=\"font-size: 12pt;font-family: Arial,sans-serif;color: #000000;background-color: transparent;font-weight: bold;font-style: normal;font-variant: normal;text-decoration: none;vertical-align: baseline;white-space: pre-wrap\"><br><\/span><span style=\"font-size: 12pt;font-family: Arial,sans-serif;color: #000000;background-color: transparent;font-weight: bold;font-style: normal;font-variant: normal;text-decoration: none;vertical-align: baseline;white-space: pre-wrap\"><\/span><\/p>\n<p><\/p>\n<p dir=\"ltr\" style=\"line-height: 1.38;text-indent: -18pt;margin-top: 12pt;margin-bottom: 12pt;padding: 0pt 0pt 0pt 18pt\"><span style=\"font-size: 12pt;font-family: Arial,sans-serif;color: #000000;background-color: transparent;font-weight: 400;font-style: normal;font-variant: normal;text-decoration: none;vertical-align: baseline;white-space: pre-wrap\">1.<\/span><span style=\"font-size: 6.999999999999999pt;font-family: Arial,sans-serif;color: #000000;background-color: transparent;font-weight: 400;font-style: normal;font-variant: normal;text-decoration: none;vertical-align: baseline;white-space: pre-wrap\">&nbsp; <\/span> <span style=\"font-size: 12pt;font-family: Arial,sans-serif;color: #000000;background-color: transparent;font-weight: 400;font-style: normal;font-variant: normal;text-decoration: none;vertical-align: baseline;white-space: pre-wrap\">Y\u00f6netim bilimleri, bilgi teknolojileri ve yapay zek\u00e2 temelli analitik y\u00f6ntemleri b\u00fct\u00fcnc\u00fcl bir yakla\u015f\u0131mla kullanabilen, \u00f6rg\u00fctsel ve y\u00f6netsel problemlere yenilik\u00e7i \u00e7\u00f6z\u00fcmler \u00fcretebilen profesyoneller yeti\u015ftirmek.<\/span><\/p>\n<p dir=\"ltr\" style=\"line-height: 1.38;text-indent: -18pt;margin-top: 12pt;margin-bottom: 12pt;padding: 0pt 0pt 0pt 18pt\"><span style=\"font-size: 12pt;font-family: Arial,sans-serif;color: #000000;background-color: transparent;font-weight: 400;font-style: normal;font-variant: normal;text-decoration: none;vertical-align: baseline;white-space: pre-wrap\">2.<\/span><span style=\"font-size: 6.999999999999999pt;font-family: Arial,sans-serif;color: #000000;background-color: transparent;font-weight: 400;font-style: normal;font-variant: normal;text-decoration: none;vertical-align: baseline;white-space: pre-wrap\">&nbsp; <\/span> <span style=\"font-size: 12pt;font-family: Arial,sans-serif;color: #000000;background-color: transparent;font-weight: 400;font-style: normal;font-variant: normal;text-decoration: none;vertical-align: baseline;white-space: pre-wrap\">Yapay zek\u00e2, veri bilimi ve ak\u0131ll\u0131 bilgi sistemlerinden yararlanarak, dinamik i\u015f ortamlar\u0131nda stratejik ve analitik kararlar alabilen y\u00f6neticiler yeti\u015ftirmek.<\/span><\/p>\n<p dir=\"ltr\" style=\"line-height: 1.38;margin-top: 12pt;margin-bottom: 12pt\"><span style=\"font-size: 12pt;font-family: Arial,sans-serif;color: #000000;background-color: transparent;font-weight: 400;font-style: normal;font-variant: normal;text-decoration: none;vertical-align: baseline;white-space: pre-wrap\">&nbsp;3.<\/span><span style=\"font-size: 6.999999999999999pt;font-family: Arial,sans-serif;color: #000000;background-color: transparent;font-weight: 400;font-style: normal;font-variant: normal;text-decoration: none;vertical-align: baseline;white-space: pre-wrap\">&nbsp; <\/span> <span style=\"font-size: 12pt;font-family: Arial,sans-serif;color: #000000;background-color: transparent;font-weight: 400;font-style: normal;font-variant: normal;text-decoration: none;vertical-align: baseline;white-space: pre-wrap\">Bilimsel ara\u015ft\u0131rma y\u00f6ntemlerini uygulayabilen, bilgi sistemleri ve dijital teknolojiler alanlar\u0131nda ara\u015ft\u0131rma yapabilen ve yenilik\u00e7i \u00e7\u00f6z\u00fcmler geli\u015ftirebilen profesyoneller yeti\u015ftirmek.<\/span><\/p>\n<p dir=\"ltr\" style=\"line-height: 1.38;margin-top: 12pt;margin-bottom: 12pt\"><span style=\"font-size: 12pt;font-family: Arial,sans-serif;color: #000000;background-color: transparent;font-weight: 400;font-style: normal;font-variant: normal;text-decoration: none;vertical-align: baseline;white-space: pre-wrap\">&nbsp;4.<\/span><span style=\"font-size: 6.999999999999999pt;font-family: Arial,sans-serif;color: #000000;background-color: transparent;font-weight: 400;font-style: normal;font-variant: normal;text-decoration: none;vertical-align: baseline;white-space: pre-wrap\">&nbsp; <\/span> <span style=\"font-size: 12pt;font-family: Arial,sans-serif;color: #000000;background-color: transparent;font-weight: 400;font-style: normal;font-variant: normal;text-decoration: none;vertical-align: baseline;white-space: pre-wrap\">Belirsizlik i\u00e7eren i\u015f ortamlar\u0131ndaki operasyonel ve stratejik i\u015f s\u00fcre\u00e7lerini destekleyen bilgi sistemlerini ve yapay zek\u00e2 uygulamalar\u0131n\u0131 geli\u015ftirebilen ve kullanabilen bilgi teknolojileri uzmanlar\u0131 yeti\u015ftirmek.<\/span><\/p>\n<p dir=\"ltr\" style=\"line-height: 1.38;margin-top: 12pt;margin-bottom: 12pt\"><span style=\"font-size: 12pt;font-family: Arial,sans-serif;color: #000000;background-color: transparent;font-weight: 400;font-style: normal;font-variant: normal;text-decoration: none;vertical-align: baseline;white-space: pre-wrap\">&nbsp;5.<\/span><span style=\"font-size: 6.999999999999999pt;font-family: Arial,sans-serif;color: #000000;background-color: transparent;font-weight: 400;font-style: normal;font-variant: normal;text-decoration: none;vertical-align: baseline;white-space: pre-wrap\">&nbsp; <\/span> <span style=\"font-size: 12pt;font-family: Arial,sans-serif;color: #000000;background-color: transparent;font-weight: 400;font-style: normal;font-variant: normal;text-decoration: none;vertical-align: baseline;white-space: pre-wrap\">Yapay zek\u00e2 ve bilgi sistemlerinin etik, hukuki ve toplumsal boyutlar\u0131n\u0131 g\u00f6zeten, s\u00fcrd\u00fcr\u00fclebilirlik ve toplumsal fayda odakl\u0131 yakla\u015f\u0131mlar geli\u015ftirebilen profesyoneller yeti\u015ftirmek.<\/span><\/p>\n<p dir=\"ltr\" style=\"line-height: 1.38;margin-top: 12pt;margin-bottom: 12pt\"><span style=\"font-size: 12pt;font-family: Arial,sans-serif;color: #000000;background-color: transparent;font-weight: 400;font-style: normal;font-variant: normal;text-decoration: none;vertical-align: baseline;white-space: pre-wrap\">&nbsp;6.<\/span><span style=\"font-size: 6.999999999999999pt;font-family: Arial,sans-serif;color: #000000;background-color: transparent;font-weight: 400;font-style: normal;font-variant: normal;text-decoration: none;vertical-align: baseline;white-space: pre-wrap\">&nbsp; <\/span> <span style=\"font-size: 12pt;font-family: Arial,sans-serif;color: #000000;background-color: transparent;font-weight: 400;font-style: normal;font-variant: normal;text-decoration: none;vertical-align: baseline;white-space: pre-wrap\">\u0130leti\u015fim, tak\u0131m \u00e7al\u0131\u015fmas\u0131 ve liderlik becerileri geli\u015fmi\u015f, k\u00fcresel i\u015f d\u00fcnyas\u0131n\u0131n gereksinimlerine uyum sa\u011flayabilen ve teknoloji temelli d\u00f6n\u00fc\u015f\u00fcmlere liderlik edebilecek profesyoneller yeti\u015ftirmek.<\/span><\/p>\n<p><\/p>\n<\/div>\t\t\t\t\t\t\t\t<\/div>\n\t\t\t\t<\/div>\n\t\t\t\t\t<\/div>\n\t\t<\/div>\n\t\t\t\t\t<\/div>\n\t\t<\/section>\n\t\t\t\t<\/div>\n\t\t","protected":false},"excerpt":{"rendered":"<p>Misyon, Vizyon ve Temel De\u011ferler 2. Program E\u011fitim Ama\u00e7lar\u0131 &nbsp; &nbsp; Atat\u00fcrk \u00dcniversitesi \u0130ktisadi ve \u0130dari Bilimler Fak\u00fcltesi Y\u00f6netim Bili\u015fim Sistemleri B\u00f6l\u00fcm\u00fc, Program yeterliliklerini a\u015fa\u011f\u0131daki maddeler \u00e7er\u00e7evesinde ele almaktad\u0131r: &nbsp; a. Proje y\u00f6netimi teknikleri ile bili\u015fim sistemlerinin analizini ve tasar\u0131m\u0131n\u0131 yapar. b. \u0130\u015fletme ihtiya\u00e7lar\u0131na y\u00f6nelik uygulamalar geli\u015ftirir. c. Y\u00f6neticilerin karar s\u00fcre\u00e7lerine yard\u0131mc\u0131 olacak bilgi birikimine [&hellip;]<\/p>\n","protected":false},"author":1,"featured_media":0,"parent":0,"menu_order":0,"comment_status":"closed","ping_status":"closed","template":"elementor_header_footer","meta":{"footnotes":""},"class_list":["post-5682","page","type-page","status-publish","hentry"],"_links":{"self":[{"href":"https:\/\/atauni.edu.tr\/yonetim-bilisim-sistemleri-bolumu\/wp-json\/wp\/v2\/pages\/5682","targetHints":{"allow":["GET"]}}],"collection":[{"href":"https:\/\/atauni.edu.tr\/yonetim-bilisim-sistemleri-bolumu\/wp-json\/wp\/v2\/pages"}],"about":[{"href":"https:\/\/atauni.edu.tr\/yonetim-bilisim-sistemleri-bolumu\/wp-json\/wp\/v2\/types\/page"}],"author":[{"embeddable":true,"href":"https:\/\/atauni.edu.tr\/yonetim-bilisim-sistemleri-bolumu\/wp-json\/wp\/v2\/users\/1"}],"replies":[{"embeddable":true,"href":"https:\/\/atauni.edu.tr\/yonetim-bilisim-sistemleri-bolumu\/wp-json\/wp\/v2\/comments?post=5682"}],"version-history":[{"count":29,"href":"https:\/\/atauni.edu.tr\/yonetim-bilisim-sistemleri-bolumu\/wp-json\/wp\/v2\/pages\/5682\/revisions"}],"predecessor-version":[{"id":7100,"href":"https:\/\/atauni.edu.tr\/yonetim-bilisim-sistemleri-bolumu\/wp-json\/wp\/v2\/pages\/5682\/revisions\/7100"}],"wp:attachment":[{"href":"https:\/\/atauni.edu.tr\/yonetim-bilisim-sistemleri-bolumu\/wp-json\/wp\/v2\/media?parent=5682"}],"curies":[{"name":"wp","href":"https:\/\/api.w.org\/{rel}","templated":true}]}}