{"id":5751,"date":"2021-07-13T12:50:27","date_gmt":"2021-07-13T09:50:27","guid":{"rendered":"https:\/\/portaltest.atauni.edu.tr\/bilgisayar-muhendisligi\/?page_id=5751"},"modified":"2026-02-16T15:09:17","modified_gmt":"2026-02-16T12:09:17","slug":"lisansustu-ders-listesi","status":"publish","type":"page","link":"https:\/\/atauni.edu.tr\/yonetim-bilisim-sistemleri-bolumu\/lisansustu-ders-listesi\/","title":{"rendered":"Ders Listesi"},"content":{"rendered":"<h2 style=\"text-align: center\">Lisans\u00fcst\u00fc Ders Listesi<\/h2>\n\n\n<div data-wp-interactive=\"core\/file\" class=\"wp-block-file\"><object data-wp-bind--hidden=\"!state.hasPdfPreview\" hidden class=\"wp-block-file__embed\" data=\"https:\/\/atauni.edu.tr\/yonetim-bilisim-sistemleri-bolumu\/wp-content\/uploads\/sites\/174\/2026\/02\/YBSLUDersler2026.pdf\" type=\"application\/pdf\" style=\"width:100%;height:800px\" aria-label=\"YBS Lisans\u00fcst\u00fc Dersler 2026 g\u00f6m\u00fcs\u00fc.\"><\/object><a id=\"wp-block-file--media-0615004c-9e7c-4ce3-9fe1-5ec408cf0cf8\" href=\"https:\/\/atauni.edu.tr\/yonetim-bilisim-sistemleri-bolumu\/wp-content\/uploads\/sites\/174\/2026\/02\/YBSLUDersler2026.pdf\">YBS Lisans\u00fcst\u00fc Dersler 2026<\/a><a href=\"https:\/\/atauni.edu.tr\/yonetim-bilisim-sistemleri-bolumu\/wp-content\/uploads\/sites\/174\/2026\/02\/YBSLUDersler2026.pdf\" class=\"wp-block-file__button wp-element-button\" download aria-describedby=\"wp-block-file--media-0615004c-9e7c-4ce3-9fe1-5ec408cf0cf8\">\u0130ndir<\/a><\/div>\n","protected":false},"excerpt":{"rendered":"<p>Lisans\u00fcst\u00fc Ders Listesi<\/p>\n","protected":false},"author":1,"featured_media":0,"parent":0,"menu_order":0,"comment_status":"closed","ping_status":"closed","template":"","meta":{"footnotes":""},"class_list":["post-5751","page","type-page","status-publish","hentry"],"_links":{"self":[{"href":"https:\/\/atauni.edu.tr\/yonetim-bilisim-sistemleri-bolumu\/wp-json\/wp\/v2\/pages\/5751","targetHints":{"allow":["GET"]}}],"collection":[{"href":"https:\/\/atauni.edu.tr\/yonetim-bilisim-sistemleri-bolumu\/wp-json\/wp\/v2\/pages"}],"about":[{"href":"https:\/\/atauni.edu.tr\/yonetim-bilisim-sistemleri-bolumu\/wp-json\/wp\/v2\/types\/page"}],"author":[{"embeddable":true,"href":"https:\/\/atauni.edu.tr\/yonetim-bilisim-sistemleri-bolumu\/wp-json\/wp\/v2\/users\/1"}],"replies":[{"embeddable":true,"href":"https:\/\/atauni.edu.tr\/yonetim-bilisim-sistemleri-bolumu\/wp-json\/wp\/v2\/comments?post=5751"}],"version-history":[{"count":21,"href":"https:\/\/atauni.edu.tr\/yonetim-bilisim-sistemleri-bolumu\/wp-json\/wp\/v2\/pages\/5751\/revisions"}],"predecessor-version":[{"id":7092,"href":"https:\/\/atauni.edu.tr\/yonetim-bilisim-sistemleri-bolumu\/wp-json\/wp\/v2\/pages\/5751\/revisions\/7092"}],"wp:attachment":[{"href":"https:\/\/atauni.edu.tr\/yonetim-bilisim-sistemleri-bolumu\/wp-json\/wp\/v2\/media?parent=5751"}],"curies":[{"name":"wp","href":"https:\/\/api.w.org\/{rel}","templated":true}]}}