{"id":5762,"date":"2021-07-13T12:55:48","date_gmt":"2021-07-13T09:55:48","guid":{"rendered":"https:\/\/portaltest.atauni.edu.tr\/bilgisayar-muhendisligi\/?page_id=5762"},"modified":"2024-05-14T11:37:56","modified_gmt":"2024-05-14T08:37:56","slug":"lisans-ders-listesi","status":"publish","type":"page","link":"https:\/\/atauni.edu.tr\/yonetim-bilisim-sistemleri-bolumu\/lisans-ders-listesi\/","title":{"rendered":"Ders Listesi"},"content":{"rendered":"<h2 style=\"text-align: center\">Lisans Ders Listesi<\/h2>\n<h2 style=\"text-align: center\"><a href=\"http:\/\/birimler.atauni.edu.tr\/yonetim-bilisim-sistemleri-bolumu\/wp-content\/uploads\/sites\/174\/2020\/07\/2022-2023-Mufredatlar-8-1.pdf\">G\u00fcncel Ders Listesi \u0130\u00e7in T\u0131klay\u0131n\u0131z.<\/a><\/h2>\n\n\n<div data-wp-interactive=\"core\/file\" class=\"wp-block-file\"><object data-wp-bind--hidden=\"!state.hasPdfPreview\" hidden class=\"wp-block-file__embed\" data=\"https:\/\/birimler.atauni.edu.tr\/yonetim-bilisim-sistemleri-bolumu\/wp-content\/uploads\/sites\/174\/2024\/05\/2023-2024-Mufredatlar-8-1.pdf\" type=\"application\/pdf\" style=\"width:100%;height:600px\" aria-label=\"2023-2024-Mufredatlar-8-1 g\u00f6m\u00fcs\u00fc.\"><\/object><a id=\"wp-block-file--media-4a0066a8-6852-4a36-9470-582257a87e05\" href=\"https:\/\/birimler.atauni.edu.tr\/yonetim-bilisim-sistemleri-bolumu\/wp-content\/uploads\/sites\/174\/2024\/05\/2023-2024-Mufredatlar-8-1.pdf\">2023-2024-Mufredatlar-8-1<\/a><a href=\"https:\/\/birimler.atauni.edu.tr\/yonetim-bilisim-sistemleri-bolumu\/wp-content\/uploads\/sites\/174\/2024\/05\/2023-2024-Mufredatlar-8-1.pdf\" class=\"wp-block-file__button wp-element-button\" download aria-describedby=\"wp-block-file--media-4a0066a8-6852-4a36-9470-582257a87e05\">\u0130ndir<\/a><\/div>\n","protected":false},"excerpt":{"rendered":"<p>Lisans Ders Listesi G\u00fcncel Ders Listesi \u0130\u00e7in T\u0131klay\u0131n\u0131z.<\/p>\n","protected":false},"author":1,"featured_media":0,"parent":0,"menu_order":0,"comment_status":"closed","ping_status":"closed","template":"elementor_header_footer","meta":{"footnotes":""},"class_list":["post-5762","page","type-page","status-publish","hentry"],"_links":{"self":[{"href":"https:\/\/atauni.edu.tr\/yonetim-bilisim-sistemleri-bolumu\/wp-json\/wp\/v2\/pages\/5762","targetHints":{"allow":["GET"]}}],"collection":[{"href":"https:\/\/atauni.edu.tr\/yonetim-bilisim-sistemleri-bolumu\/wp-json\/wp\/v2\/pages"}],"about":[{"href":"https:\/\/atauni.edu.tr\/yonetim-bilisim-sistemleri-bolumu\/wp-json\/wp\/v2\/types\/page"}],"author":[{"embeddable":true,"href":"https:\/\/atauni.edu.tr\/yonetim-bilisim-sistemleri-bolumu\/wp-json\/wp\/v2\/users\/1"}],"replies":[{"embeddable":true,"href":"https:\/\/atauni.edu.tr\/yonetim-bilisim-sistemleri-bolumu\/wp-json\/wp\/v2\/comments?post=5762"}],"version-history":[{"count":26,"href":"https:\/\/atauni.edu.tr\/yonetim-bilisim-sistemleri-bolumu\/wp-json\/wp\/v2\/pages\/5762\/revisions"}],"predecessor-version":[{"id":6613,"href":"https:\/\/atauni.edu.tr\/yonetim-bilisim-sistemleri-bolumu\/wp-json\/wp\/v2\/pages\/5762\/revisions\/6613"}],"wp:attachment":[{"href":"https:\/\/atauni.edu.tr\/yonetim-bilisim-sistemleri-bolumu\/wp-json\/wp\/v2\/media?parent=5762"}],"curies":[{"name":"wp","href":"https:\/\/api.w.org\/{rel}","templated":true}]}}