{"id":6237,"date":"2022-11-15T13:49:48","date_gmt":"2022-11-15T10:49:48","guid":{"rendered":"https:\/\/birimler.atauni.edu.tr\/yonetim-bilisim-sistemleri-bolumu\/?page_id=6237"},"modified":"2025-04-28T15:47:09","modified_gmt":"2025-04-28T12:47:09","slug":"erasmus","status":"publish","type":"page","link":"https:\/\/atauni.edu.tr\/yonetim-bilisim-sistemleri-bolumu\/erasmus\/","title":{"rendered":"Erasmus"},"content":{"rendered":"\t\t<div data-elementor-type=\"wp-page\" data-elementor-id=\"6237\" class=\"elementor elementor-6237\" data-elementor-post-type=\"page\">\n\t\t\t\t\t\t<section class=\"elementor-section elementor-top-section elementor-element elementor-element-1877d5e3 elementor-section-boxed elementor-section-height-default elementor-section-height-default\" data-id=\"1877d5e3\" data-element_type=\"section\">\n\t\t\t\t\t\t<div class=\"elementor-container elementor-column-gap-default\">\n\t\t\t\t\t<div class=\"elementor-column elementor-col-100 elementor-top-column elementor-element elementor-element-68aa97d7\" data-id=\"68aa97d7\" data-element_type=\"column\">\n\t\t\t<div class=\"elementor-widget-wrap elementor-element-populated\">\n\t\t\t\t\t\t<div class=\"elementor-element elementor-element-18c71261 elementor-widget elementor-widget-text-editor\" data-id=\"18c71261\" data-element_type=\"widget\" data-widget_type=\"text-editor.default\">\n\t\t\t\t<div class=\"elementor-widget-container\">\n\t\t\t\t\t\t\t\t\t<figure class=\"wp-block-table\">\n<table>\n<tbody>\n<tr>\n<td><strong>\u00dcniversite Ad\u0131<\/strong><\/td>\n<td><strong>Web<\/strong><\/td>\n<td><strong>\u00dclke<\/strong><\/td>\n<\/tr>\n<tr>\n<td>State University of Applied Sciences in Glogow<\/td>\n<td><a href=\"http:\/\/www.pwsz.glogow.pl\">www.pwsz.glogow.pl<\/a><\/td>\n<td>Polonya<\/td>\n<\/tr>\n<tr>\n<td>Universita Degli Studi di Perugia<\/td>\n<td><a href=\"https:\/\/www.unipg.it\">https:\/\/www.unipg.it<\/a><\/td>\n<td>\u0130talya\u00a0<\/td>\n<\/tr>\n<tr>\n<td>Universitatea Transilvania Din Brasov<\/td>\n<td><a href=\"http:\/\/www.unitbv.ro\/\">http:\/\/www.unitbv.ro\/<\/a><\/td>\n<td>Romanya<\/td>\n<\/tr>\n<tr>\n<td>Radom Academy of Economicsv<\/td>\n<td><a href=\"http:\/\/wsh.pl\/en\">wsh.pl\/en<\/a><\/td>\n<td>Polonya<\/td>\n<\/tr>\n<\/tbody>\n<\/table>\n<figcaption>Erasmus Program\u0131 dahilinde anla\u015fmal\u0131 \u00fcniversiteler<\/figcaption>\n<\/figure>\n<p><!-- \/wp:table --><!-- wp:paragraph --><\/p>\n<p>Erasmus Koordinat\u00f6r\u00fc:\u00a0<a style=\"font-family: var( --e-global-typography-text-font-family ), Sans-serif;font-weight: var( --e-global-typography-text-font-weight );background-color: #ffffff;font-size: 1rem;letter-spacing: 0px\" href=\"https:\/\/avesis.atauni.edu.tr\/ksahin\" target=\"_blank\" rel=\"noopener\">Ar\u015f.G\u00f6r. \u015eahin G\u00f6ktu\u011f KALDIRIMCI<\/a><\/p>\n<p><!-- \/wp:paragraph --><!-- wp:paragraph --><\/p>\n<p><a href=\"https:\/\/oia.atauni.edu.tr\/new\/erasmus-bilgi\/\">https:\/\/oia.atauni.edu.tr\/new\/erasmus-bilgi\/<\/a><\/p>\n<p><!-- \/wp:paragraph --><\/p>\t\t\t\t\t\t\t\t<\/div>\n\t\t\t\t<\/div>\n\t\t\t\t\t<\/div>\n\t\t<\/div>\n\t\t\t\t\t<\/div>\n\t\t<\/section>\n\t\t\t\t<\/div>\n\t\t","protected":false},"excerpt":{"rendered":"<p>\u00dcniversite Ad\u0131 Web \u00dclke State University of Applied Sciences in Glogow www.pwsz.glogow.pl Polonya Universita Degli Studi di Perugia https:\/\/www.unipg.it \u0130talya\u00a0 Universitatea Transilvania Din Brasov http:\/\/www.unitbv.ro\/ Romanya Radom Academy of Economicsv wsh.pl\/en Polonya Erasmus Program\u0131 dahilinde anla\u015fmal\u0131 \u00fcniversiteler Erasmus Koordinat\u00f6r\u00fc:\u00a0Ar\u015f.G\u00f6r. \u015eahin G\u00f6ktu\u011f KALDIRIMCI https:\/\/oia.atauni.edu.tr\/new\/erasmus-bilgi\/<\/p>\n","protected":false},"author":507,"featured_media":0,"parent":0,"menu_order":0,"comment_status":"closed","ping_status":"closed","template":"","meta":{"footnotes":""},"class_list":["post-6237","page","type-page","status-publish","hentry"],"_links":{"self":[{"href":"https:\/\/atauni.edu.tr\/yonetim-bilisim-sistemleri-bolumu\/wp-json\/wp\/v2\/pages\/6237","targetHints":{"allow":["GET"]}}],"collection":[{"href":"https:\/\/atauni.edu.tr\/yonetim-bilisim-sistemleri-bolumu\/wp-json\/wp\/v2\/pages"}],"about":[{"href":"https:\/\/atauni.edu.tr\/yonetim-bilisim-sistemleri-bolumu\/wp-json\/wp\/v2\/types\/page"}],"author":[{"embeddable":true,"href":"https:\/\/atauni.edu.tr\/yonetim-bilisim-sistemleri-bolumu\/wp-json\/wp\/v2\/users\/507"}],"replies":[{"embeddable":true,"href":"https:\/\/atauni.edu.tr\/yonetim-bilisim-sistemleri-bolumu\/wp-json\/wp\/v2\/comments?post=6237"}],"version-history":[{"count":30,"href":"https:\/\/atauni.edu.tr\/yonetim-bilisim-sistemleri-bolumu\/wp-json\/wp\/v2\/pages\/6237\/revisions"}],"predecessor-version":[{"id":6949,"href":"https:\/\/atauni.edu.tr\/yonetim-bilisim-sistemleri-bolumu\/wp-json\/wp\/v2\/pages\/6237\/revisions\/6949"}],"wp:attachment":[{"href":"https:\/\/atauni.edu.tr\/yonetim-bilisim-sistemleri-bolumu\/wp-json\/wp\/v2\/media?parent=6237"}],"curies":[{"name":"wp","href":"https:\/\/api.w.org\/{rel}","templated":true}]}}