{"id":6244,"date":"2022-11-15T14:47:06","date_gmt":"2022-11-15T11:47:06","guid":{"rendered":"https:\/\/birimler.atauni.edu.tr\/yonetim-bilisim-sistemleri-bolumu\/?page_id=6244"},"modified":"2022-11-17T16:48:19","modified_gmt":"2022-11-17T13:48:19","slug":"mevlana","status":"publish","type":"page","link":"https:\/\/atauni.edu.tr\/yonetim-bilisim-sistemleri-bolumu\/mevlana\/","title":{"rendered":"Mevlana"},"content":{"rendered":"\n<p>Mevlana Koordinat\u00f6r\u00fc: Dr. \u00d6\u011fretim \u00dcyesi Mustafa KESK\u0130NKILI\u00c7<\/p>\n\n\n\n<p><a href=\"https:\/\/oia.atauni.edu.tr\/new\/mevlana-bilgi\/\">https:\/\/oia.atauni.edu.tr\/new\/mevlana-bilgi\/<\/a><\/p>\n","protected":false},"excerpt":{"rendered":"<p>Mevlana Koordinat\u00f6r\u00fc: Dr. \u00d6\u011fretim \u00dcyesi Mustafa KESK\u0130NKILI\u00c7 https:\/\/oia.atauni.edu.tr\/new\/mevlana-bilgi\/<\/p>\n","protected":false},"author":507,"featured_media":0,"parent":0,"menu_order":0,"comment_status":"closed","ping_status":"closed","template":"","meta":{"footnotes":""},"class_list":["post-6244","page","type-page","status-publish","hentry"],"_links":{"self":[{"href":"https:\/\/atauni.edu.tr\/yonetim-bilisim-sistemleri-bolumu\/wp-json\/wp\/v2\/pages\/6244","targetHints":{"allow":["GET"]}}],"collection":[{"href":"https:\/\/atauni.edu.tr\/yonetim-bilisim-sistemleri-bolumu\/wp-json\/wp\/v2\/pages"}],"about":[{"href":"https:\/\/atauni.edu.tr\/yonetim-bilisim-sistemleri-bolumu\/wp-json\/wp\/v2\/types\/page"}],"author":[{"embeddable":true,"href":"https:\/\/atauni.edu.tr\/yonetim-bilisim-sistemleri-bolumu\/wp-json\/wp\/v2\/users\/507"}],"replies":[{"embeddable":true,"href":"https:\/\/atauni.edu.tr\/yonetim-bilisim-sistemleri-bolumu\/wp-json\/wp\/v2\/comments?post=6244"}],"version-history":[{"count":2,"href":"https:\/\/atauni.edu.tr\/yonetim-bilisim-sistemleri-bolumu\/wp-json\/wp\/v2\/pages\/6244\/revisions"}],"predecessor-version":[{"id":6260,"href":"https:\/\/atauni.edu.tr\/yonetim-bilisim-sistemleri-bolumu\/wp-json\/wp\/v2\/pages\/6244\/revisions\/6260"}],"wp:attachment":[{"href":"https:\/\/atauni.edu.tr\/yonetim-bilisim-sistemleri-bolumu\/wp-json\/wp\/v2\/media?parent=6244"}],"curies":[{"name":"wp","href":"https:\/\/api.w.org\/{rel}","templated":true}]}}