{"id":6246,"date":"2022-11-15T14:47:45","date_gmt":"2022-11-15T11:47:45","guid":{"rendered":"https:\/\/birimler.atauni.edu.tr\/yonetim-bilisim-sistemleri-bolumu\/?page_id=6246"},"modified":"2025-06-20T16:24:55","modified_gmt":"2025-06-20T13:24:55","slug":"orhun","status":"publish","type":"page","link":"https:\/\/atauni.edu.tr\/yonetim-bilisim-sistemleri-bolumu\/orhun\/","title":{"rendered":"Orhun"},"content":{"rendered":"\n<p>Orhun Koordinat\u00f6r\u00fc: Do\u00e7. Dr Ahmet K\u00e2mil KABAKU\u015e<\/p>\n\n\n\n<p><a href=\"https:\/\/oia.atauni.edu.tr\/new\/orhun-bilgi\/\">https:\/\/oia.atauni.edu.tr\/new\/orhun-bilgi\/<\/a><\/p>\n","protected":false},"excerpt":{"rendered":"<p>Orhun Koordinat\u00f6r\u00fc: Do\u00e7. Dr Ahmet K\u00e2mil KABAKU\u015e https:\/\/oia.atauni.edu.tr\/new\/orhun-bilgi\/<\/p>\n","protected":false},"author":507,"featured_media":0,"parent":0,"menu_order":0,"comment_status":"closed","ping_status":"closed","template":"","meta":{"footnotes":""},"class_list":["post-6246","page","type-page","status-publish","hentry"],"_links":{"self":[{"href":"https:\/\/atauni.edu.tr\/yonetim-bilisim-sistemleri-bolumu\/wp-json\/wp\/v2\/pages\/6246","targetHints":{"allow":["GET"]}}],"collection":[{"href":"https:\/\/atauni.edu.tr\/yonetim-bilisim-sistemleri-bolumu\/wp-json\/wp\/v2\/pages"}],"about":[{"href":"https:\/\/atauni.edu.tr\/yonetim-bilisim-sistemleri-bolumu\/wp-json\/wp\/v2\/types\/page"}],"author":[{"embeddable":true,"href":"https:\/\/atauni.edu.tr\/yonetim-bilisim-sistemleri-bolumu\/wp-json\/wp\/v2\/users\/507"}],"replies":[{"embeddable":true,"href":"https:\/\/atauni.edu.tr\/yonetim-bilisim-sistemleri-bolumu\/wp-json\/wp\/v2\/comments?post=6246"}],"version-history":[{"count":3,"href":"https:\/\/atauni.edu.tr\/yonetim-bilisim-sistemleri-bolumu\/wp-json\/wp\/v2\/pages\/6246\/revisions"}],"predecessor-version":[{"id":7004,"href":"https:\/\/atauni.edu.tr\/yonetim-bilisim-sistemleri-bolumu\/wp-json\/wp\/v2\/pages\/6246\/revisions\/7004"}],"wp:attachment":[{"href":"https:\/\/atauni.edu.tr\/yonetim-bilisim-sistemleri-bolumu\/wp-json\/wp\/v2\/media?parent=6246"}],"curies":[{"name":"wp","href":"https:\/\/api.w.org\/{rel}","templated":true}]}}